{"id":4,"date":"2022-04-14T09:03:38","date_gmt":"2022-04-14T07:03:38","guid":{"rendered":"https:\/\/scholar.semmelweis.hu\/zsuzsagyorffy\/cv\/"},"modified":"2022-04-23T17:17:50","modified_gmt":"2022-04-23T15:17:50","slug":"cv","status":"publish","type":"page","link":"https:\/\/scholar.semmelweis.hu\/zsuzsagyorffy\/cv\/","title":{"rendered":"CV"},"content":{"rendered":"<p><strong>Dr. Zsuzsa Gy\u0151rffy PhD<\/strong><\/p>\n<p>&nbsp;<\/p>\n<p><strong>CONTACT\u00a0\u00a0\u00a0\u00a0\u00a0\u00a0\u00a0\u00a0\u00a0\u00a0\u00a0\u00a0\u00a0\u00a0\u00a0\u00a0\u00a0\u00a0\u00a0\u00a0\u00a0\u00a0\u00a0\u00a0\u00a0\u00a0\u00a0\u00a0\u00a0\u00a0\u00a0\u00a0\u00a0\u00a0\u00a0\u00a0\u00a0\u00a0\u00a0\u00a0\u00a0\u00a0\u00a0\u00a0\u00a0\u00a0\u00a0\u00a0\u00a0\u00a0\u00a0\u00a0\u00a0\u00a0\u00a0\u00a0\u00a0\u00a0\u00a0\u00a0\u00a0\u00a0\u00a0\u00a0\u00a0\u00a0\u00a0\u00a0\u00a0\u00a0\u00a0\u00a0\u00a0 <\/strong><\/p>\n<p>gyorffy.zsuzsa.mail@gmail.com.<\/p>\n<p>PROFESSIONAL AFFILIATIONS<\/p>\n<p>2002\u2013 Department of Medical Sociology, Institute of Behavioural Sciences, Semmelweis University, Budapest<\/p>\n<p>2017-2019- The Medical Futurist Institute<\/p>\n<p>2018- Head of Medical Sociology Department<\/p>\n<p>2020- 2024: Supervisor of Research Grants: OTKA -FK 134372 E-patients and e-physicians in Hungary: The role and opportunities of digital health solutions in the healthcare system<\/p>\n<p>&nbsp;<\/p>\n<p><strong>EDUCATION AND DEGREES<\/strong><\/p>\n<p>2018<strong>&#8211;<\/strong> Habilitation in Health Sciences<\/p>\n<p>2004\u20132009 Semmelweis University, Budapest, Mental Health Sciences PhD School,<\/p>\n<p>Behavioural Sciences program<\/p>\n<p>&#8211;\u00a0PhD degree in Psychology<\/p>\n<p>1995\u20132000 Lor\u00e1nd E\u00f6tv\u00f6s University, Budapest, Institute of Sociology<\/p>\n<p>&#8211;\u00a0MA degree in Sociology \/ special profession: Human Relations<\/p>\n<p><strong>TEACHING EXPERIENCE<\/strong><\/p>\n<p>2002\u2013 Medical sociology courses (lectures and practices) in English and Hungarian<\/p>\n<p>The basics of digital health\u00a0 &#8211; elective course<\/p>\n<p>PhD lectures and PhD student supervision \/ Semmelweis University Doctoral School No. 4.<\/p>\n<p>Graduate teaching: seminars since 2001 and lectures since 2002 in medical sociology, , in Hungarian and in English.<\/p>\n<p>Postgraduate teaching: lectures in the field of psychology and digital health for healthcare workers.<\/p>\n<p>Leader of CME course on \u201eBurnout prevention via positive psychology techniques.\u201d<\/p>\n<p>Supervisor, opponent and committee member for diploma works and PhD studies.<\/p>\n<p>More than 200 scientific educational lectures for various target group. on digital health, stress- and burnout prevention.<\/p>\n<p><strong>\u00a0<\/strong><\/p>\n<p><strong>MAIN FIELDS OF INTEREST AND RESEARCH PROFILE<\/strong><\/p>\n<p>Digital Health<\/p>\n<p>Social impact of digital transformation<\/p>\n<p>Stress and Burnout of Health Professionals<\/p>\n<p><strong>\u00a0<\/strong><\/p>\n<p><strong>PUBLICATIONS<\/strong><\/p>\n<p>Hirsch index: 15<\/p>\n<p>Total impact factor: 48.117<\/p>\n<p>Independent citations: 924<\/p>\n<p>Author or co-author of 168 scientific paper; over 80 Hungarian and international scientific conference presentation.<\/p>\n<p><a href=\"https:\/\/m2.mtmt.hu\/gui2\/?type=authors&amp;mode=browse&amp;sel=10024073\">List of publications at Hungarian National Scientific Bibliography<\/a><\/p>\n<p><a href=\"https:\/\/scholar.google.hu\/citations?hl=hu&amp;user=kdf1p8UAAAAJ\">Google scholar<\/a><\/p>\n<p>&nbsp;<\/p>\n<p><strong>RESEARCH GRANT<\/strong><\/p>\n<p>2012\u20132015 Hungarian Academy of Sciences (MTA)<\/p>\n<p>&#8211; J\u00e1nos Bolyai Research Fellowship<\/p>\n<p><strong>\u00a0<\/strong><\/p>\n<p><strong>AWARDS<\/strong><\/p>\n<p>2017\u00a0\u00a0\u00a0 \u201cMarkusovszky Prize\u201d for the best published article awarded by the leading<br \/>\nHungarian medical journal \u201cOrvosi Hetilap\u201d<\/p>\n<p>2016\u00a0<strong> \u00a0 <\/strong>MTA Bolyai Plaque<\/p>\n<p>2016\u00a0 \u00a0 Clinical Neuroscience \u201cIdeggy\u00f3gy\u00e1szati Szemle\u201d \/ Editorial Special Award<\/p>\n<p>2015 \u00a0\u00a0 EConsilium Annual Award<\/p>\n<p>2013 \u00a0\u00a0 Elitmed Top 10 most popular scientific paper<\/p>\n<p>2013<strong> \u00a0\u00a0 <\/strong>Hungarian Psychiatric Association Award for the Best Poster Presentation<\/p>\n<p>2010\u00a0\u00a0\u00a0 Hungarian Psychiatric Association Early Career Award<\/p>\n<p>2005\u00a0\u00a0\u00a0 Hungarian Medical Journal \/ Markusovszky Prize<\/p>\n<p>2004\u00a0\u00a0\u00a0 Hungarian Psychiatric Association \/ Award for the Best Poster Presentation<\/p>\n<p>&nbsp;<\/p>\n<p><strong>SKILLS<\/strong><\/p>\n<p>&#8211; English: Hungarian state accredited B2 certificate<\/p>\n<p>&#8211; Statistical analysis in social studies<\/p>\n<p>&#8211; Quantitative and qualitative expert<\/p>\n<p>&nbsp;<\/p>\n<p><strong>TRAINING ACTIVITIES<\/strong><\/p>\n<p>Stress management, burnout prevention, team building, presentation skills, motivational and communication trainings<\/p>\n","protected":false},"excerpt":{"rendered":"<p>Dr. Zsuzsa Gy\u0151rffy PhD &nbsp; CONTACT\u00a0\u00a0\u00a0\u00a0\u00a0\u00a0\u00a0\u00a0\u00a0\u00a0\u00a0\u00a0\u00a0\u00a0\u00a0\u00a0\u00a0\u00a0\u00a0\u00a0\u00a0\u00a0\u00a0\u00a0\u00a0\u00a0\u00a0\u00a0\u00a0\u00a0\u00a0\u00a0\u00a0\u00a0\u00a0\u00a0\u00a0\u00a0\u00a0\u00a0\u00a0\u00a0\u00a0\u00a0\u00a0\u00a0\u00a0\u00a0\u00a0\u00a0\u00a0\u00a0\u00a0\u00a0\u00a0\u00a0\u00a0\u00a0\u00a0\u00a0\u00a0\u00a0\u00a0\u00a0\u00a0\u00a0\u00a0\u00a0\u00a0\u00a0\u00a0\u00a0\u00a0 gyorffy.zsuzsa.mail@gmail.com. PROFESSIONAL AFFILIATIONS 2002\u2013 Department of Medical Sociology, Institute of Behavioural Sciences, Semmelweis University, Budapest 2017-2019- The Medical Futurist Institute 2018- Head of Medical Sociology Department 2020- 2024: Supervisor &hellip;<\/p>\n","protected":false},"author":139,"featured_media":0,"parent":0,"menu_order":0,"comment_status":"closed","ping_status":"closed","template":"","meta":{"footnotes":""},"class_list":["post-4","page","type-page","status-publish","hentry"],"_links":{"self":[{"href":"https:\/\/scholar.semmelweis.hu\/zsuzsagyorffy\/wp-json\/wp\/v2\/pages\/4"}],"collection":[{"href":"https:\/\/scholar.semmelweis.hu\/zsuzsagyorffy\/wp-json\/wp\/v2\/pages"}],"about":[{"href":"https:\/\/scholar.semmelweis.hu\/zsuzsagyorffy\/wp-json\/wp\/v2\/types\/page"}],"author":[{"embeddable":true,"href":"https:\/\/scholar.semmelweis.hu\/zsuzsagyorffy\/wp-json\/wp\/v2\/users\/139"}],"replies":[{"embeddable":true,"href":"https:\/\/scholar.semmelweis.hu\/zsuzsagyorffy\/wp-json\/wp\/v2\/comments?post=4"}],"version-history":[{"count":2,"href":"https:\/\/scholar.semmelweis.hu\/zsuzsagyorffy\/wp-json\/wp\/v2\/pages\/4\/revisions"}],"predecessor-version":[{"id":17,"href":"https:\/\/scholar.semmelweis.hu\/zsuzsagyorffy\/wp-json\/wp\/v2\/pages\/4\/revisions\/17"}],"wp:attachment":[{"href":"https:\/\/scholar.semmelweis.hu\/zsuzsagyorffy\/wp-json\/wp\/v2\/media?parent=4"}],"curies":[{"name":"wp","href":"https:\/\/api.w.org\/{rel}","templated":true}]}}