{"id":3,"date":"2022-04-14T09:03:38","date_gmt":"2022-04-14T07:03:38","guid":{"rendered":"https:\/\/scholar.semmelweis.hu\/zsuzsagyorffy\/elerhetoseg\/"},"modified":"2025-12-24T13:03:49","modified_gmt":"2025-12-24T12:03:49","slug":"elerhetoseg","status":"publish","type":"page","link":"https:\/\/scholar.semmelweis.hu\/zsuzsagyorffy\/elerhetoseg\/","title":{"rendered":"El\u00e9rhet\u0151s\u00e9g"},"content":{"rendered":"<p><strong>Dr. habil. Zsuzsa Gy\u0151rffy PhD<\/strong><br \/>\nassociate professor<\/p>\n<p>Institute of Behavioural Sciences, Semmelweis University<br \/>\nNagyv\u00e1rad square 4.<br \/>\n1089 Budapest, Hungary<br \/>\n<strong>Phone:<\/strong>\u00a0+36 203120506<br \/>\n<strong>Email:<\/strong>\u00a0 <a href=\"mailto:gyorffy.zsuzsa.mail@gmail.com\">gyorffy.zsuzsa.mail@gmail.com<\/a><\/p>\n<p><a href=\"mailto:gyorffy.zsuzsanna@med.semmelweis-univ.hu\">gyorffy.zsuzsanna@semmelweis.hu<\/a><\/p>\n","protected":false},"excerpt":{"rendered":"<p>Dr. habil. Zsuzsa Gy\u0151rffy PhD<br \/>\nassociate professor<br \/>\nInstitute of Behavioural Sciences, Semmelweis University<br \/>\nNagyv\u00e1rad square 4.<br \/>\n1089 Budapest, Hungary<br \/>\nPhone:\u00a0+36 203120506<br \/>\nEmail:\u00a0 <a href=\"mailto:gyorffy.zsuzsa.mail@gmail.com\">gyorffy.zsuzsa.mail@gmail.com<\/a><br \/>\n<a href=\"mailto:gyorffy.zsuzsanna@med.semmelweis-univ.hu\">gyorffy.zsuzsanna@semmelweis.hu<\/a><\/p>\n","protected":false},"author":139,"featured_media":0,"parent":0,"menu_order":0,"comment_status":"closed","ping_status":"closed","template":"","meta":{"footnotes":""},"class_list":["post-3","page","type-page","status-publish","hentry"],"_links":{"self":[{"href":"https:\/\/scholar.semmelweis.hu\/zsuzsagyorffy\/wp-json\/wp\/v2\/pages\/3"}],"collection":[{"href":"https:\/\/scholar.semmelweis.hu\/zsuzsagyorffy\/wp-json\/wp\/v2\/pages"}],"about":[{"href":"https:\/\/scholar.semmelweis.hu\/zsuzsagyorffy\/wp-json\/wp\/v2\/types\/page"}],"author":[{"embeddable":true,"href":"https:\/\/scholar.semmelweis.hu\/zsuzsagyorffy\/wp-json\/wp\/v2\/users\/139"}],"replies":[{"embeddable":true,"href":"https:\/\/scholar.semmelweis.hu\/zsuzsagyorffy\/wp-json\/wp\/v2\/comments?post=3"}],"version-history":[{"count":5,"href":"https:\/\/scholar.semmelweis.hu\/zsuzsagyorffy\/wp-json\/wp\/v2\/pages\/3\/revisions"}],"predecessor-version":[{"id":45,"href":"https:\/\/scholar.semmelweis.hu\/zsuzsagyorffy\/wp-json\/wp\/v2\/pages\/3\/revisions\/45"}],"wp:attachment":[{"href":"https:\/\/scholar.semmelweis.hu\/zsuzsagyorffy\/wp-json\/wp\/v2\/media?parent=3"}],"curies":[{"name":"wp","href":"https:\/\/api.w.org\/{rel}","templated":true}]}}