{"id":3,"date":"2016-05-10T11:39:51","date_gmt":"2016-05-10T09:39:51","guid":{"rendered":"http:\/\/scholar.semmelweis.hu\/zelkoromana\/bemutatkozas\/"},"modified":"2025-11-18T14:48:50","modified_gmt":"2025-11-18T13:48:50","slug":"bemutatkozas","status":"publish","type":"page","link":"https:\/\/scholar.semmelweis.hu\/zelkoromana\/","title":{"rendered":"Bemutatkoz\u00e1s"},"content":{"rendered":"<p><strong>\u00a0<\/strong><strong>Dr. Zelk\u00f3 Rom\u00e1na a Semmelweis Egyetem Egyetemi Gy\u00f3gyszert\u00e1r Gy\u00f3gyszer\u00fcgyi Szervez\u00e9si Int\u00e9zet int\u00e9zetigazgat\u00f3 egyetemi tan\u00e1ra<\/strong><\/p>\n<p>1991-ben szereztem gy\u00f3gyszer\u00e9szi oklevelet a Semmelweis Orvostudom\u00e1nyi Egyetemen. PhD fokozatomat 1996-ban v\u00e9dtem meg, majd 2003-ban gy\u00f3gyszertechnol\u00f3gia ter\u00fcleten habilit\u00e1ltam a Semmelweis Egyetemen. MTA doktori \u00e9rtekez\u00e9semet 2008-ban v\u00e9dtem meg. A gy\u00f3gyszer\u00e9szet t\u00f6bb ter\u00fclet\u00e9n is szereztem szakk\u00e9pes\u00edt\u00e9st (1995-ben gy\u00f3gyszertechnol\u00f3gia, 2004-ben min\u0151s\u00e9gbiztos\u00edt\u00e1s, 2014-ben klinikai gy\u00f3gyszer\u00e9szet \u00e9s gy\u00f3gyszerell\u00e1t\u00e1si gy\u00f3gyszer\u00e9szet ter\u00fcleteken). Diplom\u00e1m megszerz\u00e9se \u00f3ta a Semmelweis Egyetem alkalmaz\u00e1s\u00e1ban \u00e1llok, 1991-2000 k\u00f6z\u00f6tt a Gy\u00f3gyszer\u00e9szeti Int\u00e9zetben, majd 2000-t\u0151l az Egyetemi Gy\u00f3gyszert\u00e1r Gy\u00f3gyszer\u00fcgyi Szervez\u00e9si Int\u00e9zet\u00e9ben l\u00e1ttam el k\u00fcl\u00f6nb\u00f6z\u0151 oktat\u00f3i poz\u00edci\u00f3kat, 2005-t\u0151l az Int\u00e9zet igazgat\u00f3jak\u00e9nt szolg\u00e1lok. Egyetemi tan\u00e1ri kinevez\u00e9semet 2009-ben vettem \u00e1t. K\u00e9t cikluson kereszt\u00fcl (2013-2020) voltam a Semmelweis Egyetem Gy\u00f3gyszer\u00e9sztudom\u00e1nyi Kar\u00e1nak d\u00e9k\u00e1nja, ezt megel\u0151z\u0151en 6 \u00e9vig d\u00e9k\u00e1nhelyettese, 2017-t\u0151l a Gy\u00f3gyszertudom\u00e1nyok Doktori iskola vezet\u0151je. 2003-t\u00f3l az Egyetem Szen\u00e1tus\u00e1nak v\u00e1lasztott tagja, 2007-t\u0151l az Egyetem Gy\u00f3gyszerter\u00e1pi\u00e1s Bizotts\u00e1g\u00e1nak t\u00e1rseln\u00f6ke, 2010-t\u0151l az Egyetem Habilit\u00e1ci\u00f3s Bizotts\u00e1g\u00e1nak tagja vagyok.<\/p>\n<p><strong>Kutat\u00e1si ter\u00fcletem<\/strong> a gy\u00f3gyszerk\u00e9sz\u00edt\u00e9s sor\u00e1n alkalmazott seg\u00e9danyagok \u00f6reged\u00e9s\u00e9nek \u00e9s a gy\u00f3gyszerforma stabilit\u00e1s\u00e1nak vizsg\u00e1lata a m\u00e1sodlagos k\u00e9miai szerkezet v\u00e1ltoz\u00e1s\u00e1nak k\u00f6vet\u00e9s\u00e9vel. Kutat\u00f3csoportommal jelenleg hagyom\u00e1nyos \u00e9s alternat\u00edv kapukon t\u00f6rt\u00e9n\u0151 bevitelre sz\u00e1nt, innovat\u00edv polimer alap\u00fa hat\u00f3anyag-hordoz\u00f3 rendszerek fejleszt\u00e9s\u00e9vel foglalkozom, a betegk\u00f6zpont\u00fa klinikai ter\u00e1pia biztos\u00edt\u00e1s\u00e1ra. Tudom\u00e1nyos foly\u00f3iratcikkeim sz\u00e1ma t\u00f6bb mint 250, ebb\u0151l idegen nyelven gy\u00f3gyszer\u00e9szeti \u00e9s anyagtudom\u00e1nyi foly\u00f3iratokban t\u00f6bb mint 180 k\u00f6zlem\u00e9nyem jelent meg, amelyek impakt faktora meghaladja az 500-at, f\u00fcggetlen id\u00e9zeteinek sz\u00e1ma 3500 feletti. T\u00e9mavezet\u00e9semmel eddig 19 hallgat\u00f3 szerzett PhD fokozatot, jelenleg 3 PhD hallgat\u00f3 munk\u00e1j\u00e1t ir\u00e1ny\u00edtom. Hallgat\u00f3im k\u00f6z\u00fcl t\u00f6bben nyertek el rangos hazai \u00e9s nemzetk\u00f6zi tudom\u00e1nyos d\u00edjakat.<\/p>\n<p><strong>Oktat\u00e1si tev\u00e9kenys\u00e9gem <\/strong>keret\u00e9ben folyamatosan \u00e9s rendszeresen tartok \u00f3rarend szerinti \u00e9s speci\u00e1lis kurzusokon tantermi el\u0151ad\u00e1sokat t\u00f6bb tant\u00e1rgy keret\u00e9ben (gy\u00f3gyszer\u00fcgyi ismeretek, gy\u00f3gyszer\u00e9szi propedeutika, gy\u00f3gyszeripari min\u0151s\u00e9gbiztos\u00edt\u00e1s, nanotechnol\u00f3gia), t\u00f6bb t\u00e9mak\u00f6rre kiterjed\u0151en, magyar \u00e9s angol nyelven. Ebben az egyetemi alapk\u00e9pz\u00e9s mellett szak- \u00e9s tov\u00e1bbk\u00e9pz\u00e9s, szakir\u00e1ny\u00fa tov\u00e1bbk\u00e9pz\u00e9s, valamint doktori k\u00e9pz\u00e9s egyar\u00e1nt szerepel. R\u00e9szt veszek a Z\u00e1r\u00f3vizsga Bizotts\u00e1g, valamint a Szakvizsga Bizotts\u00e1gok munk\u00e1j\u00e1ban.<\/p>\n<p><strong>Szakmai \u00e9s k\u00f6z\u00e9leti tev\u00e9kenys\u00e9g<\/strong>. 2005 \u00f3ta az Acta Pharmaceutica Hungarica gy\u00f3gyszer\u00e9szeti szaklap felel\u0151s szerkeszt\u0151je, 2019-t\u0151l f\u0151szerkeszt\u0151je vagyok. T\u00f6bb nemzetk\u00f6zi foly\u00f3irat szerkeszt\u0151 bizotts\u00e1g\u00e1nak tagja (International Journal of Pharmaceutics, Pharmaceutics). Az MTA K\u00e9miai Doktori Tudom\u00e1nyos Bizotts\u00e1g tagja. 2016. \u00f3ta a BME VBK K\u00e9miai, Bio-, K\u00f6rnyezet- \u00e9s Vegy\u00e9szm\u00e9rn\u00f6ki Tudom\u00e1nyok Habilit\u00e1ci\u00f3s Bizotts\u00e1g \u00e9s Doktori Tan\u00e1cs szavazati jog\u00fa k\u00fcls\u0151 tagja.<\/p>\n<p><strong>D\u00edjak, elismer\u00e9sek<\/strong>. 2003-ban a Semmelweis Egyetem Kiv\u00e1l\u00f3 Oktat\u00f3ja, 2006-ban Sanofi-Aventis Magyar Kutat\u00e1si D\u00edja, 2007-ben az Aesculap Alap\u00edtv\u00e1ny kiv\u00e1l\u00f3 kutat\u00f3i d\u00edja elismer\u00e9sben r\u00e9szes\u00fcltem. 2011-ben Hugonnai Vilma-eml\u00e9k\u00e9remmel, 2014-ben Kempler Kurt-eml\u00e9k\u00e9remmel ismert\u00e9k el tev\u00e9kenys\u00e9gemet. 2020-ban a Semmelweis Egyetem Kiv\u00e1l\u00f3 PhD oktat\u00f3ja d\u00edjat, valamint a 2022-ben a Magyar \u00c9rdemrend Tisztikeresztje kit\u00fcntet\u00e9st, \u00e9s ugyanebben az \u00e9vben a Semmelweis Egyetem Szen\u00e1tusa \u00e1ltal alap\u00edtott Richter Gedeon eml\u00e9k\u00e9rem \u00e9s jutalomd\u00edjat, majd 2024-ben a Magyar Gy\u00f3gyszer\u00e9sztudom\u00e1nyi T\u00e1rsas\u00e1g Kazay Endre Eml\u00e9k\u00e9rem kit\u00fcntet\u00e9sben r\u00e9szes\u00edtett.<\/p>\n<p>&nbsp;<\/p>\n","protected":false},"excerpt":{"rendered":"<p>\u00a0Dr. Zelk\u00f3 Rom\u00e1na a Semmelweis Egyetem Egyetemi Gy\u00f3gyszert\u00e1r Gy\u00f3gyszer\u00fcgyi Szervez\u00e9si Int\u00e9zet int\u00e9zetigazgat\u00f3 egyetemi tan\u00e1ra 1991-ben szereztem gy\u00f3gyszer\u00e9szi oklevelet a Semmelweis Orvostudom\u00e1nyi Egyetemen. PhD fokozatomat 1996-ban v\u00e9dtem meg, majd 2003-ban gy\u00f3gyszertechnol\u00f3gia ter\u00fcleten habilit\u00e1ltam a Semmelweis Egyetemen. &hellip;<\/p>\n","protected":false},"author":72,"featured_media":0,"parent":0,"menu_order":0,"comment_status":"closed","ping_status":"closed","template":"","meta":{"footnotes":""},"class_list":["post-3","page","type-page","status-publish","hentry"],"_links":{"self":[{"href":"https:\/\/scholar.semmelweis.hu\/zelkoromana\/wp-json\/wp\/v2\/pages\/3"}],"collection":[{"href":"https:\/\/scholar.semmelweis.hu\/zelkoromana\/wp-json\/wp\/v2\/pages"}],"about":[{"href":"https:\/\/scholar.semmelweis.hu\/zelkoromana\/wp-json\/wp\/v2\/types\/page"}],"author":[{"embeddable":true,"href":"https:\/\/scholar.semmelweis.hu\/zelkoromana\/wp-json\/wp\/v2\/users\/72"}],"replies":[{"embeddable":true,"href":"https:\/\/scholar.semmelweis.hu\/zelkoromana\/wp-json\/wp\/v2\/comments?post=3"}],"version-history":[{"count":12,"href":"https:\/\/scholar.semmelweis.hu\/zelkoromana\/wp-json\/wp\/v2\/pages\/3\/revisions"}],"predecessor-version":[{"id":48,"href":"https:\/\/scholar.semmelweis.hu\/zelkoromana\/wp-json\/wp\/v2\/pages\/3\/revisions\/48"}],"wp:attachment":[{"href":"https:\/\/scholar.semmelweis.hu\/zelkoromana\/wp-json\/wp\/v2\/media?parent=3"}],"curies":[{"name":"wp","href":"https:\/\/api.w.org\/{rel}","templated":true}]}}