{"id":2,"date":"2016-05-10T11:39:51","date_gmt":"2016-05-10T09:39:51","guid":{"rendered":"http:\/\/scholar.semmelweis.hu\/zelkoromana\/cv\/"},"modified":"2025-11-18T14:29:15","modified_gmt":"2025-11-18T13:29:15","slug":"cv","status":"publish","type":"page","link":"https:\/\/scholar.semmelweis.hu\/zelkoromana\/cv\/","title":{"rendered":"CV"},"content":{"rendered":"<p><span style=\"font-size: 12pt\">DR. ZELK\u00d3 ROM\u00c1NA SZAKMAI \u00c9LETRAJZA<\/span><\/p>\n<p><span style=\"font-size: 12pt\">SZ\u00dcLET\u00c9SI HELY, \u00c9V:<\/span><br \/>\n<span style=\"font-size: 12pt\">Budapest, 1968. m\u00e1jus 16.<\/span><\/p>\n<p><span style=\"font-size: 12pt\">V\u00c9GZETTS\u00c9G, TUDOM\u00c1NYOS FOKOZATOK:<\/span><br \/>\n<span style=\"font-size: 12pt\">1991- gy\u00f3gyszer\u00e9sz oklev\u00e9l (109\/1991)<\/span><br \/>\n<span style=\"font-size: 12pt\">1993- egyetemi doktori fokozat (17\/1992-93)<\/span><br \/>\n<span style=\"font-size: 12pt\">1995- gy\u00f3gyszertechnol\u00f3gus szakk\u00e9pes\u00edt\u00e9s (100\/1995)<\/span><br \/>\n<span style=\"font-size: 12pt\">1996- Ph.D. fokozat (48)<\/span><br \/>\n<span style=\"font-size: 12pt\">2003- habilit\u00e1ci\u00f3 gy\u00f3gyszertechnol\u00f3gia, Semmelweis Egyetem (210)<\/span><br \/>\n<span style=\"font-size: 12pt\">2004- min\u0151s\u00e9gbiztos\u00edt\u00e1s szakk\u00e9pes\u00edt\u00e9s (435\/2004)<\/span><br \/>\n<span style=\"font-size: 12pt\">2008- MTA doktora tudom\u00e1nyos c\u00edm (4748)<\/span><br \/>\n<span style=\"font-size: 12pt\">2014- klinikai gy\u00f3gyszer\u00e9szet szakk\u00e9pes\u00edt\u00e9s (57\/2014)<\/span><br \/>\n<span style=\"font-size: 12pt\">2014- gy\u00f3gyszerell\u00e1t\u00e1si gy\u00f3gyszer\u00e9szet szakk\u00e9pes\u00edt\u00e9s (61\/2014)<\/span><\/p>\n<p><span style=\"font-size: 12pt\">INT\u00c9ZETI TAGS\u00c1G:<\/span><br \/>\n<span style=\"font-size: 12pt\">1991-2000 Semmelweis Orvostudom\u00e1nyi Egyetem, Gy\u00f3gyszer\u00e9szeti Int\u00e9zet egyetemi gyakornok, tan\u00e1rseg\u00e9d, adjunktus<\/span><br \/>\n<span style=\"font-size: 12pt\">2001-2005 Semmelweis Egyetem, Egyetemi Gy\u00f3gyszert\u00e1r Gy\u00f3gyszer\u00fcgyi Szervez\u00e9si Int\u00e9zet, Galenusi Laborat\u00f3rium vezet\u0151je, egyetemi docens<\/span><br \/>\n<span style=\"font-size: 12pt\">2003-2009 GYTK d\u00e9k\u00e1nhelyettes<\/span><br \/>\n<span style=\"font-size: 12pt\">2005-2009 Int\u00e9zetigazgat\u00f3 egyetemi docens<\/span><br \/>\n<span style=\"font-size: 12pt\">2009-Int\u00e9zetigazgat\u00f3 egyetemi tan\u00e1r<\/span><br \/>\n<span style=\"font-size: 12pt\">2013-2020 GYTK d\u00e9k\u00e1n<\/span><br \/>\n<span style=\"font-size: 12pt\">2017-2023 Gy\u00f3gyszertudom\u00e1nyok Doktori Iskola vezet\u0151je<\/span><br \/>\n<span style=\"font-size: 12pt\">2020-GYTK Etikai \u00e9s Fegyelmi Bizotts\u00e1g eln\u00f6ke<\/span><br \/>\n<span style=\"font-size: 12pt\">2023-GYTK Tudom\u00e1nyos \u00e9s Min\u0151s\u00e9gbiztos\u00edt\u00e1si Bizotts\u00e1g tagja<\/span><br \/>\n<span style=\"font-size: 12pt\">2023-Gy\u00f3gyszertudom\u00e1nyok \u00e9s Eg\u00e9szs\u00e9g\u00fcgyi Technol\u00f3gi\u00e1k Tagozat vezet\u0151je, Semmelweis Egyetem Doktori Iskola<\/span><\/p>\n<p><span style=\"font-size: 12pt\">OKTAT\u00c1SI, MENTOR\u00c1L\u00c1SI TEV\u00c9KENYS\u00c9G:<\/span><br \/>\n<span style=\"font-size: 12pt\">1991-2000 Gy\u00f3gyszertechnol\u00f3gia (gy\u00f3gyszer\u00e9szhallgat\u00f3knak magyar \u00e9s angol nyelven), TDK hallgat\u00f3k foglalkoztat\u00e1sa (kutat\u00e1si t\u00e9m\u00e1ban), szakdolgozatok t\u00e9mavezet\u00e9se,<\/span><br \/>\n<span style=\"font-size: 12pt\">Ipari gy\u00f3gyszertechnol\u00f3gia (el\u0151ad\u00e1s tart\u00e1sa magyar \u00e9s angol nyelven)<\/span><br \/>\n<span style=\"font-size: 12pt\">2001-2017 \u201eA min\u0151s\u00e9gbiztos\u00edt\u00e1s gy\u00f3gyszer\u00e9szeti vonatkoz\u00e1sai\u201d Ph.D. kurzus vezet\u00e9se<\/span><br \/>\n<span style=\"font-size: 12pt\">doktori t\u00e9mavezet\u0151, a Semmelweis Egyetem Doktori Iskola t\u00f6rzstagja<\/span><br \/>\n<span style=\"font-size: 12pt\">2001- Gy\u00f3gyszer\u00fcgyi ismeretek (tant\u00e1rgyfelel\u0151s, gy\u00f3gyszer\u00e9szhallgat\u00f3k oktat\u00e1sa magyar \u00e9s angol nyelven, jegyzetk\u00e9sz\u00edt\u00e9s, tank\u00f6nyv\u00edr\u00e1s)<\/span><br \/>\n<span style=\"font-size: 12pt\">2020- Nanotechnol\u00f3gia, Biotechnol\u00f3gia magyar \u00e9s angol nyelv\u0171 el\u0151ad\u00e1sok tart\u00e1sa<\/span><br \/>\n<span style=\"font-size: 12pt\">2001- Szakk\u00e9pz\u00e9si \u00e9s tov\u00e1bbk\u00e9pz\u00e9si el\u0151ad\u00e1sok tart\u00e1sa gy\u00f3gyszer\u00e9szeti min\u0151s\u00e9gbiztos\u00edt\u00e1s, korszer\u0171 hat\u00f3anyag-lead\u00f3 rendszerek, makromolekul\u00e1ris gy\u00f3gyszerhordoz\u00f3 rendszerek, biol\u00f3gia hat\u00f3anyagok gy\u00f3gyszerk\u00e9sz\u00edtm\u00e9ny-fejleszt\u00e9se t\u00e9mak\u00f6r\u00f6kben<\/span><br \/>\n<span style=\"font-size: 12pt\">2010- Kerpel-Fronius \u00d6d\u00f6n Tehets\u00e9ggondoz\u00f3 Program mentora<\/span><br \/>\n<span style=\"font-size: 12pt\">2024- Kerpel-Fronius \u00d6d\u00f6n Tehets\u00e9ggondoz\u00f3 Program Tan\u00e1cs\u00e1nak tagja<\/span><br \/>\n<span style=\"font-size: 12pt\">\u2003<\/span><br \/>\n<span style=\"font-size: 12pt\">TANULM\u00c1NYUTAK:<\/span><br \/>\n<span style=\"font-size: 12pt\">1996-1997 t\u00f6bb \u00f6szt\u00f6nd\u00edjas tanulm\u00e1ny\u00fat<\/span><br \/>\n<span style=\"font-size: 12pt\">Genti Egyetem (Belgium) Gy\u00f3gyszertechnol\u00f3giai Laborat\u00f3rium<\/span><br \/>\n<span style=\"font-size: 12pt\">Kutat\u00e1si t\u00e9ma: Szubsztr\u00e1t-k\u00f6t\u0151anyag interakci\u00f3k vizsg\u00e1lata model-granul\u00e1tum rendszerekben<\/span><br \/>\n<span style=\"font-size: 12pt\">1999- Genti Egyetem, kutat\u00e1si megh\u00edv\u00e1s, 3 h\u00f3nap<\/span><br \/>\n<span style=\"font-size: 12pt\">Kutat\u00e1si t\u00e9ma: Amorf polimer k\u00f6t\u0151anyagok fizikai \u00f6reged\u00e9s\u00e9nek vizsg\u00e1lata az entalpiarelax\u00e1ci\u00f3 k\u00f6vet\u00e9s\u00e9vel<\/span><br \/>\n<span style=\"font-size: 12pt\">Vend\u00e9gel\u0151ad\u00f3i tev\u00e9kenys\u00e9g (k\u00fclf\u00f6ldi)<\/span><br \/>\n<span style=\"font-size: 12pt\">2018- Tesa Labtec GmbH, Langenfeld<\/span><br \/>\n<span style=\"font-size: 12pt\">2019- Queen&#8217;s University Belfast (Megh\u00edv\u00f3: Prof. Dimitrios Lamprou)<\/span><br \/>\n<span style=\"font-size: 12pt\">2019\u2013 Szecsenov Orvostudom\u00e1nyi Egyetem, Moszkva<\/span><br \/>\n<span style=\"font-size: 12pt\">2022\u2013 University Tartu (Megh\u00edv\u00f3: Prof. Karin Kogermann)<\/span><br \/>\n<span style=\"font-size: 12pt\">2025\u2013 Masaryk University, Brno (Megh\u00edv\u00f3: Prof. Karel \u0160mejkal)<\/span><\/p>\n<p><span style=\"font-size: 12pt\">KIT\u00dcNTET\u00c9SEK, ELISMER\u00c9SEK:<\/span><br \/>\n<span style=\"font-size: 12pt\">1994- &#8222;Dr. Mozsonyi S\u00e1ndor Alap\u00edtv\u00e1ny&#8221; p\u00e1ly\u00e1zata oktat\u00f3i kateg\u00f3ria I. d\u00edj <\/span><br \/>\n<span style=\"font-size: 12pt\">1998- Rektori dics\u00e9ret <\/span><br \/>\n<span style=\"font-size: 12pt\">2003- Semmelweis Egyetem Kiv\u00e1l\u00f3 Oktat\u00f3ja <\/span><br \/>\n<span style=\"font-size: 12pt\">2006- Sanofi-Aventis Magyar Kutat\u00e1si D\u00edj <\/span><br \/>\n<span style=\"font-size: 12pt\">2007- Aesculap Alap\u00edtv\u00e1ny kiv\u00e1l\u00f3 kutat\u00f3i d\u00edja <\/span><br \/>\n<span style=\"font-size: 12pt\">2011- Hugonnai Vilma-eml\u00e9k\u00e9rem (Semmelweis Egyetem) <\/span><br \/>\n<span style=\"font-size: 12pt\">2014- Kempler Kurt-eml\u00e9k\u00e9rem (Magyar Gy\u00f3gyszer\u00e9sztudom\u00e1nyi T\u00e1rsas\u00e1g) <\/span><br \/>\n<span style=\"font-size: 12pt\">2020- Semmelweis Egyetem Kiv\u00e1l\u00f3 PhD oktat\u00f3ja <\/span><br \/>\n<span style=\"font-size: 12pt\">2022- Semmelweis Egyetem Richter Gedeon jutalomd\u00edja <\/span><br \/>\n<span style=\"font-size: 12pt\">2022- Magyar \u00c9rdemrend Tisztikeresztje <\/span><br \/>\n<span style=\"font-size: 12pt\">2024- Kazay Endre Eml\u00e9k\u00e9rem (Magyar Gy\u00f3gyszer\u00e9sztudom\u00e1nyi T\u00e1rsas\u00e1g)<\/span><\/p>\n<p><span style=\"font-size: 12pt\">TUDOM\u00c1NYOS SZERVEZETI TAGS\u00c1G:<\/span><br \/>\n<span style=\"font-size: 12pt\">1996-2000 Magyar Gy\u00f3gyszer\u00e9szeti T\u00e1rsas\u00e1g, Gy\u00f3gyszertechnol\u00f3giai Szakoszt\u00e1ly titk\u00e1ra<\/span><br \/>\n<span style=\"font-size: 12pt\">2000- Magyar Gy\u00f3gyszer\u00e9sztudom\u00e1nyi T\u00e1rsas\u00e1g Gy\u00f3gyszertechnol\u00f3giai Szakoszt\u00e1ly vezet\u0151s\u00e9gi tag<\/span><br \/>\n<span style=\"font-size: 12pt\">1996- MTA Szerves \u00e9s Gy\u00f3gyszeranalitikai Munkabizotts\u00e1g tagja<\/span><br \/>\n<span style=\"font-size: 12pt\">1997- MTA Gy\u00f3gyszerk\u00e9miai \u00e9s Gy\u00f3gyszertechnol\u00f3giai Munkabizotts\u00e1g tagja<\/span><br \/>\n<span style=\"font-size: 12pt\">1997- Royal Pharmaceutical Society Pharmaceutical Sciences Group tagja<\/span><br \/>\n<span style=\"font-size: 12pt\">2006- MTA Gy\u00f3gyszer\u00e9sztudom\u00e1nyi Oszt\u00e1lyk\u00f6zi \u00c1lland\u00f3 Bizotts\u00e1g tagja<\/span><br \/>\n<span style=\"font-size: 12pt\">2007- European Pharmacopoeia Commission Member of EXP Working Party<\/span><br \/>\n<span style=\"font-size: 12pt\">(Excipient performance)<\/span><br \/>\n<span style=\"font-size: 12pt\">2008- MGYT Tudom\u00e1nyos \u00e9s Szakmai B\u00edr\u00e1l\u00f3 Bizotts\u00e1g tagja<\/span><\/p>\n<p><span style=\"font-size: 12pt\">FELEL\u0150S SZERKESZT\u0150:<\/span><br \/>\n<span style=\"font-size: 12pt\">2005-2018 Acta Pharmaceutica Hungarica<\/span><\/p>\n<p><span style=\"font-size: 12pt\">F\u0150SZERKESZT\u0150:<\/span><br \/>\n<span style=\"font-size: 12pt\">2019- Acta Pharmaceutica Hungarica<\/span><br \/>\n<span style=\"font-size: 12pt\">\u2003<\/span><br \/>\n<span style=\"font-size: 12pt\">SZERKESZT\u0150BIZOTTS\u00c1GI TAGS\u00c1G:<\/span><br \/>\n<span style=\"font-size: 12pt\">1999-2005 Gy\u00f3gyszer\u00e9szet<\/span><br \/>\n<span style=\"font-size: 12pt\">2000- A VIII. Magyar Gy\u00f3gyszerk\u00f6nyv Szerkeszt\u0151bizotts\u00e1ga K\u00e9miai Albizotts\u00e1g\u00e1nak tagja<\/span><br \/>\n<span style=\"font-size: 12pt\">2004- A FoNo VII. gy\u00f3gyszer\u00e9szi szerkeszt\u0151bizotts\u00e1g\u00e1nak tagja<\/span><br \/>\n<span style=\"font-size: 12pt\">2019- Pharmaceutics<\/span><br \/>\n<span style=\"font-size: 12pt\">https:\/\/www.mdpi.com\/journal\/pharmaceutics\/editors<\/span><br \/>\n<span style=\"font-size: 12pt\">2021-2025 Associate Editor: Heliyon Pharmaceutical Science <\/span><br \/>\n<span style=\"font-size: 12pt\">2023- International Journal of Pharmaceutics<\/span><br \/>\n<span style=\"font-size: 12pt\">https:\/\/www.sciencedirect.com\/journal\/international-journal-of-pharmaceutics\/about\/editorial-board<\/span><br \/>\n<span style=\"font-size: 12pt\">2024- Semmelweis Egyetem (a Semmelweis Egyetem polg\u00e1rainak a lapja) Szerkeszt\u0151bizotts\u00e1g eln\u00f6ke<\/span><\/p>\n<p><span style=\"font-size: 12pt\">SZAKMAI MEGB\u00cdZAT\u00c1SOK:<\/span><br \/>\n<span style=\"font-size: 12pt\">2004-2009 Gy\u00f3gyszerell\u00e1t\u00e1si Gy\u00f3gyszer\u00e9szeti Szakmai Koll\u00e9gium tagja<\/span><br \/>\n<span style=\"font-size: 12pt\">2007- Semmelweis Egyetem Gy\u00f3gyszerter\u00e1pi\u00e1s Bizotts\u00e1g t\u00e1rseln\u00f6ke<\/span><br \/>\n<span style=\"font-size: 12pt\">2009-2011 K\u00f3rh\u00e1zi-Klinikai Gy\u00f3gyszer\u00e9szeti Szakmai Koll\u00e9gium tagja<\/span><br \/>\n<span style=\"font-size: 12pt\">2010- Semmelweis Egyetem Habilit\u00e1ci\u00f3s Bizotts\u00e1g\u00e1nak tagja<\/span><br \/>\n<span style=\"font-size: 12pt\">2011-2017 K\u00f3rh\u00e1zi klinikai gy\u00f3gyszer\u00e9szet szakmai koll\u00e9gium tagozat tagja<\/span><br \/>\n<span style=\"font-size: 12pt\">2012- MTA K\u00e9miai Doktori Tudom\u00e1nyos Bizotts\u00e1g tagja<\/span><br \/>\n<span style=\"font-size: 12pt\">2016- BME VBK K\u00e9miai, Bio-, K\u00f6rnyezet- \u00e9s Vegy\u00e9szm\u00e9rn\u00f6ki Tudom\u00e1nyok Habilit\u00e1ci\u00f3s Bizotts\u00e1g \u00e9s Doktori Tan\u00e1cs teljes jog\u00fa k\u00fcls\u0151 tagja<\/span><br \/>\n<span style=\"font-size: 12pt\">2017-2023 CELSA Research Fund \u00c9rt\u00e9kel\u0151 Bizotts\u00e1g tagja (gy\u00f3gyszer\u00e9szeti tudom\u00e1ny, Leuven)<\/span><\/p>\n<p><span style=\"font-size: 12pt\">K\u00d6Z\u00c9LETI TEV\u00c9KENYS\u00c9G:<\/span><br \/>\n<span style=\"font-size: 12pt\">1999- &#8222;Alap\u00edtv\u00e1ny a Magyarorsz\u00e1gi Gy\u00f3gyszerkutat\u00e1s\u00e9rt&#8221; k\u00f6zhaszn\u00fa szervezet kurat\u00f3rium\u00e1nak titk\u00e1ra, 2022-t\u0151l eln\u00f6ke<\/span><br \/>\n<span style=\"font-size: 12pt\">2007- Dr. R\u00e1cz Istv\u00e1n Alap\u00edtv\u00e1ny\u201d kurat\u00f3rium\u00e1nak tagja<\/span><br \/>\n<span style=\"font-size: 12pt\">2017- 21N\u0151 az Eg\u00e9szs\u00e9g\u00fcgy\u00e9rt Alap\u00edtv\u00e1ny tagja<\/span><br \/>\n<span style=\"font-size: 12pt\">2023- Semmelweis Egyetem Sport Klub \u00dasz\u00e1s Szakoszt\u00e1ly vezet\u0151je<\/span><\/p>\n<p><span style=\"font-size: 12pt\">TUDOM\u00c1NYOS \u00c9RDEKL\u0150D\u00c9S:<\/span><br \/>\n<span style=\"font-size: 12pt\">A gy\u00f3gyszertechnol\u00f3gia ter\u00e9n kifejtett munk\u00e1ss\u00e1gom f\u00f3kusz\u00e1ban a polimer hordoz\u00f3k fizikai \u00f6reged\u00e9se \u00e9s az ezzel \u00f6sszef\u00fcgg\u0151 molekulaszerkezeti v\u00e1ltoz\u00e1sok felt\u00e1r\u00e1sa, valamint szil\u00e1rd gy\u00f3gyszerform\u00e1k mikroszerkezete \u00e9s a hat\u00f3anyag-felszabadul\u00e1s k\u00f6z\u00f6tti \u00f6sszef\u00fcgg\u00e9sek tanulm\u00e1nyoz\u00e1sa \u00e1ll. Innovat\u00edv, szabadalmaztatott polimer alap\u00fa formul\u00e1ci\u00f3kat fejlesztettem, amelyek \u00faj lehet\u0151s\u00e9get nyitnak kedvez\u0151tlen fizikai-k\u00e9miai tulajdons\u00e1g\u00fa hat\u00f3anyagok biohasznos\u00edthat\u00f3s\u00e1g\u00e1nak n\u00f6vel\u00e9s\u00e9re. Els\u0151k\u00e9nt alkalmaztam a pozitron \u00e9lettartam spektroszk\u00f3pi\u00e1t a makromolekul\u00e1ris hordoz\u00f3k \u00e9s gy\u00f3gyszerform\u00e1k mikroszerkezet\u00e9nek vizsg\u00e1lat\u00e1ra, el\u0151seg\u00edtve ezzel a gy\u00f3gyszerforma stabilit\u00e1s\u00e1nak \u00e9rz\u00e9keny, neminvaz\u00edv el\u0151rejelz\u00e9s\u00e9t. Mikro- \u00e9s nanosz\u00e1las polimer gy\u00f3gyszerhordoz\u00f3 rendszerek fejleszt\u00e9s\u00e9t \u00e9s szerkezet-vizsg\u00e1lat\u00e1t v\u00e9gzem \u00f6sszef\u00fcgg\u00e9sben a rendszer funkci\u00f3j\u00e1val \u00e9s stabilit\u00e1s\u00e1val.<\/span><br \/>\n<span style=\"font-size: 12pt\">A fekv\u0151beteg-ell\u00e1t\u00e1s magisztr\u00e1lis gy\u00f3gyszerk\u00e9sz\u00edt\u00e9s\u00e9nek min\u0151s\u00e9g\u00fcgyi kock\u00e1zat\u00e9rt\u00e9kel\u00e9se, beteg-k\u00f6zpont\u00fa ter\u00e1pia fejleszt\u00e9se innovat\u00edv technol\u00f3gi\u00e1kkal, valamint forgalomban lev\u0151 gy\u00f3gyszerk\u00e9sz\u00edtm\u00e9nyek hat\u00f3anyag\u00e1nak \u00fajra pozicion\u00e1l\u00e1sa \u00e1ll az \u00e9rdekl\u0151d\u00e9sem f\u00f3kusz\u00e1ban.<\/span><\/p>\n<p><span style=\"font-size: 12pt\">Publik\u00e1ci\u00f3k: https:\/\/m2.mtmt.hu\/gui2\/?type=authors&amp;mode=browse&amp;sel=authors10002587<\/span><\/p>\n","protected":false},"excerpt":{"rendered":"<p>DR. ZELK\u00d3 ROM\u00c1NA SZAKMAI \u00c9LETRAJZA SZ\u00dcLET\u00c9SI HELY, \u00c9V: Budapest, 1968. m\u00e1jus 16. V\u00c9GZETTS\u00c9G, TUDOM\u00c1NYOS FOKOZATOK: 1991- gy\u00f3gyszer\u00e9sz oklev\u00e9l (109\/1991) 1993- egyetemi doktori fokozat (17\/1992-93) 1995- gy\u00f3gyszertechnol\u00f3gus szakk\u00e9pes\u00edt\u00e9s (100\/1995) 1996- Ph.D. fokozat (48) 2003- habilit\u00e1ci\u00f3 gy\u00f3gyszertechnol\u00f3gia, &hellip;<\/p>\n","protected":false},"author":72,"featured_media":0,"parent":0,"menu_order":0,"comment_status":"closed","ping_status":"closed","template":"","meta":{"footnotes":""},"class_list":["post-2","page","type-page","status-publish","hentry"],"_links":{"self":[{"href":"https:\/\/scholar.semmelweis.hu\/zelkoromana\/wp-json\/wp\/v2\/pages\/2"}],"collection":[{"href":"https:\/\/scholar.semmelweis.hu\/zelkoromana\/wp-json\/wp\/v2\/pages"}],"about":[{"href":"https:\/\/scholar.semmelweis.hu\/zelkoromana\/wp-json\/wp\/v2\/types\/page"}],"author":[{"embeddable":true,"href":"https:\/\/scholar.semmelweis.hu\/zelkoromana\/wp-json\/wp\/v2\/users\/72"}],"replies":[{"embeddable":true,"href":"https:\/\/scholar.semmelweis.hu\/zelkoromana\/wp-json\/wp\/v2\/comments?post=2"}],"version-history":[{"count":11,"href":"https:\/\/scholar.semmelweis.hu\/zelkoromana\/wp-json\/wp\/v2\/pages\/2\/revisions"}],"predecessor-version":[{"id":46,"href":"https:\/\/scholar.semmelweis.hu\/zelkoromana\/wp-json\/wp\/v2\/pages\/2\/revisions\/46"}],"wp:attachment":[{"href":"https:\/\/scholar.semmelweis.hu\/zelkoromana\/wp-json\/wp\/v2\/media?parent=2"}],"curies":[{"name":"wp","href":"https:\/\/api.w.org\/{rel}","templated":true}]}}