{"id":1,"date":"2016-05-10T11:39:51","date_gmt":"2016-05-10T09:39:51","guid":{"rendered":"http:\/\/scholar.semmelweis.hu\/zelkoromana\/elerhetoseg\/"},"modified":"2025-11-18T14:47:36","modified_gmt":"2025-11-18T13:47:36","slug":"elerhetoseg","status":"publish","type":"page","link":"https:\/\/scholar.semmelweis.hu\/zelkoromana\/elerhetoseg\/","title":{"rendered":"El\u00e9rhet\u0151s\u00e9g"},"content":{"rendered":"<h3><strong>Egyetemi Gy\u00f3gyszert\u00e1r Gy\u00f3gyszer\u00fcgyi Szervez\u00e9si Int\u00e9zet<\/strong><\/h3>\n<p>igazgat\u00f3, egyetemi tan\u00e1r<\/p>\n<p><strong>C\u00edm:<\/strong> 1092 Budapest, H\u0151gyes Endre utca 7-9.<br \/>\n<strong>Levelez\u00e9si c\u00edm:<\/strong> 1085 Budapest, \u00dcll\u0151i \u00fat 26.<\/p>\n<p><strong>Telefon:<\/strong> +36 1 476-3600\/53053<\/p>\n<p><strong>Mobil:<\/strong> +36 208259621<br \/>\n<strong>Fax:<\/strong> +36 1 217-0927<\/p>\n","protected":false},"excerpt":{"rendered":"<p>Egyetemi Gy\u00f3gyszert\u00e1r Gy\u00f3gyszer\u00fcgyi Szervez\u00e9si Int\u00e9zet<br \/>\nigazgat\u00f3, egyetemi tan\u00e1r<br \/>\nC\u00edm: 1092 Budapest, H\u0151gyes Endre utca 7-9.<br \/>\nLevelez\u00e9si c\u00edm: 1085 Budapest, \u00dcll\u0151i \u00fat 26.<br \/>\nTelefon: +36 1 476-3600\/53053<br \/>\nMobil: +36 208259621<br \/>\nFax: +36 1 217-0927<\/p>\n","protected":false},"author":72,"featured_media":0,"parent":0,"menu_order":0,"comment_status":"closed","ping_status":"closed","template":"","meta":{"footnotes":""},"class_list":["post-1","page","type-page","status-publish","hentry"],"_links":{"self":[{"href":"https:\/\/scholar.semmelweis.hu\/zelkoromana\/wp-json\/wp\/v2\/pages\/1"}],"collection":[{"href":"https:\/\/scholar.semmelweis.hu\/zelkoromana\/wp-json\/wp\/v2\/pages"}],"about":[{"href":"https:\/\/scholar.semmelweis.hu\/zelkoromana\/wp-json\/wp\/v2\/types\/page"}],"author":[{"embeddable":true,"href":"https:\/\/scholar.semmelweis.hu\/zelkoromana\/wp-json\/wp\/v2\/users\/72"}],"replies":[{"embeddable":true,"href":"https:\/\/scholar.semmelweis.hu\/zelkoromana\/wp-json\/wp\/v2\/comments?post=1"}],"version-history":[{"count":10,"href":"https:\/\/scholar.semmelweis.hu\/zelkoromana\/wp-json\/wp\/v2\/pages\/1\/revisions"}],"predecessor-version":[{"id":50,"href":"https:\/\/scholar.semmelweis.hu\/zelkoromana\/wp-json\/wp\/v2\/pages\/1\/revisions\/50"}],"wp:attachment":[{"href":"https:\/\/scholar.semmelweis.hu\/zelkoromana\/wp-json\/wp\/v2\/media?parent=1"}],"curies":[{"name":"wp","href":"https:\/\/api.w.org\/{rel}","templated":true}]}}