{"id":3,"date":"2015-09-29T08:28:11","date_gmt":"2015-09-29T06:28:11","guid":{"rendered":"http:\/\/scholar.semmelweis.hu\/zalatnaia\/bemutatkozas\/"},"modified":"2025-12-03T10:37:39","modified_gmt":"2025-12-03T09:37:39","slug":"bemutatkozas","status":"publish","type":"page","link":"https:\/\/scholar.semmelweis.hu\/zalatnaia\/","title":{"rendered":"Bemutatkoz\u00e1s"},"content":{"rendered":"<p>&nbsp;<\/p>\n<p>Dr. Zalatnai Attila<\/p>\n<p>patol\u00f3gus, klinikai f\u0151orvos<\/p>\n<p>1977-ben v\u00e9gzett a Semmelweis Orvostudom\u00e1nyi Egyetem \u00c1ltal\u00e1nos Orvoskar\u00e1n, summa cum laude min\u0151s\u00edt\u00e9ssel. Ezt k\u00f6vet\u0151en 5 \u00e9vig a Pest megyei Tan\u00e1cs Semmelweis K\u00f3rh\u00e1z (ma: Szent R\u00f3kus) k\u00f3rbonctani oszt\u00e1ly\u00e1n dolgozott, itt szerezte meg K\u00f3rbonctan-k\u00f3rsz\u00f6vettan szakvizsg\u00e1j\u00e1t (1981). 1983-t\u00f3l kezdve az I. sz. Patol\u00f3giai \u00e9s K\u00eds\u00e9rleti R\u00e1kkutat\u00f3 Int\u00e9zet\u00e9ben dolgozik, 2022-ig mint egyetemi docens, az\u00f3ta mint klinikai f\u0151orvos. 1994-ben szerezte meg PhD fokozat\u00e1t, 2001-ben habilit\u00e1lt. Angol \u00e9s magyar nyelven oktat \u00c1OK \u00e9s FOK hallgat\u00f3kat, 2011-2024 k\u00f6z\u00f6tt a FOK Patol\u00f3gia \u00e9s Or\u00e1lis Patol\u00f3gia tant\u00e1rgyi el\u0151ad\u00f3ja. T\u00f6bb magyar \u00e9s egy angol nyelv\u0171 tank\u00f6nyv szerz\u0151je, ill. t\u00e1rsszerz\u0151je, \u00e9veken kereszt\u00fcl szervez\u0151je volt a nagysiker\u0171 Klinikopatol\u00f3gia k\u00f6telez\u0151en v\u00e1laszthat\u00f3 t\u00e1rgynak. Oktat\u00e1si tev\u00e9kenys\u00e9g\u00e9\u00e9rt t\u00f6bbek k\u00f6z\u00f6tt a SOTE Kiv\u00e1l\u00f3 Dolgoz\u00f3ja, a hallgat\u00f3i Merit-d\u00edj, a Magyar Fels\u0151oktat\u00e1s\u00e9rt Eml\u00e9kplakett kit\u00fcntet\u00e9sekben r\u00e9szes\u00fclt.<\/p>\n<p>Tudom\u00e1nyos \u00e9rdekl\u0151d\u00e9se els\u0151sorban a hum\u00e1n \u00e9s k\u00eds\u00e9rletes m\u00e1j-, valamint hasny\u00e1lmirigyr\u00e1kokra \u00e9s a neuroendocrin daganatokra vonatkozik. Els\u0151k k\u00f6z\u00f6tt kapta meg a Pro Merito Oncologico-Pancreatologica\u00a0 d\u00edjat. Tudom\u00e1nyos k\u00f6zlem\u00e9nyeinek sz\u00e1ma 196, Hirsch-indexe 24, a cit\u00e1ci\u00f3k sz\u00e1ma 1662.\u00a0<\/p>\n","protected":false},"excerpt":{"rendered":"<p>&nbsp; Dr. Zalatnai Attila patol\u00f3gus, klinikai f\u0151orvos 1977-ben v\u00e9gzett a Semmelweis Orvostudom\u00e1nyi Egyetem \u00c1ltal\u00e1nos Orvoskar\u00e1n, summa cum laude min\u0151s\u00edt\u00e9ssel. Ezt k\u00f6vet\u0151en 5 \u00e9vig a Pest megyei Tan\u00e1cs Semmelweis K\u00f3rh\u00e1z (ma: Szent R\u00f3kus) k\u00f3rbonctani oszt\u00e1ly\u00e1n dolgozott, &hellip;<\/p>\n","protected":false},"author":36,"featured_media":0,"parent":0,"menu_order":0,"comment_status":"closed","ping_status":"closed","template":"","meta":{"footnotes":""},"class_list":["post-3","page","type-page","status-publish","hentry"],"_links":{"self":[{"href":"https:\/\/scholar.semmelweis.hu\/zalatnaia\/wp-json\/wp\/v2\/pages\/3"}],"collection":[{"href":"https:\/\/scholar.semmelweis.hu\/zalatnaia\/wp-json\/wp\/v2\/pages"}],"about":[{"href":"https:\/\/scholar.semmelweis.hu\/zalatnaia\/wp-json\/wp\/v2\/types\/page"}],"author":[{"embeddable":true,"href":"https:\/\/scholar.semmelweis.hu\/zalatnaia\/wp-json\/wp\/v2\/users\/36"}],"replies":[{"embeddable":true,"href":"https:\/\/scholar.semmelweis.hu\/zalatnaia\/wp-json\/wp\/v2\/comments?post=3"}],"version-history":[{"count":5,"href":"https:\/\/scholar.semmelweis.hu\/zalatnaia\/wp-json\/wp\/v2\/pages\/3\/revisions"}],"predecessor-version":[{"id":35,"href":"https:\/\/scholar.semmelweis.hu\/zalatnaia\/wp-json\/wp\/v2\/pages\/3\/revisions\/35"}],"wp:attachment":[{"href":"https:\/\/scholar.semmelweis.hu\/zalatnaia\/wp-json\/wp\/v2\/media?parent=3"}],"curies":[{"name":"wp","href":"https:\/\/api.w.org\/{rel}","templated":true}]}}