{"id":2,"date":"2015-09-29T08:28:11","date_gmt":"2015-09-29T06:28:11","guid":{"rendered":"http:\/\/scholar.semmelweis.hu\/zalatnaia\/cv\/"},"modified":"2026-01-16T08:51:43","modified_gmt":"2026-01-16T07:51:43","slug":"cv","status":"publish","type":"page","link":"https:\/\/scholar.semmelweis.hu\/zalatnaia\/cv\/","title":{"rendered":"CV"},"content":{"rendered":"<p><strong>Szem\u00e9lyes adatok:<\/strong><\/p>\n<p>N\u00e9v: \u00a0\u00a0\u00a0Dr. Zalatnai Attila<br \/>\nSz\u00fclet\u00e9s ideje: \u00a0\u00a01952. okt. 1.<br \/>\nSz\u00fclet\u00e9s helye: \u00a0Budapest<\/p>\n<p><strong>V\u00e9gzetts\u00e9g:<\/strong><\/p>\n<ul>\n<li>Diploma:\u00a0\u00a0 SOTE,\u00a0 \u00c1OK, 1977. (Summa cum laude)<\/li>\n<li>Szakvizsga: \u00a0\u00a0K\u00f3rbonctan-K\u00f3rsz\u00f6vettan (1981)<\/li>\n<li>PhD fokozat:\u00a0 1995.<\/li>\n<li>Habilit\u00e1ci\u00f3:\u00a0 2001.<\/li>\n<\/ul>\n<p><strong>Munkahelyek:<\/strong><\/p>\n<ul>\n<li>1977-1982:\u00a0 Pest Megyei Tan\u00e1cs Semmelweis K\u00f3rh\u00e1z, K\u00f3rbonctani Oszt\u00e1ly<\/li>\n<li>1983 \u00f3ta: Semmelweis Egyetem,\u00a0<a href=\"http:\/\/semmelweis.hu\/patologia1\/\">I. sz. Patol\u00f3giai \u00e9s K\u00eds\u00e9rleti R\u00e1kkutat\u00f3 Int\u00e9zet<\/a> (egyetemi docens, majd klinikai\u00a0 f\u0151orvos)<\/li>\n<\/ul>\n<p><strong>Kutat\u00e1si ter\u00fclet\/Szakter\u00fcletek:<\/strong><\/p>\n<ul>\n<li>M\u00e1jcarcinogenesis k\u00eds\u00e9rletes modellekben<\/li>\n<li>Toxicomorfol\u00f3giai vizsg\u00e1latok<\/li>\n<li>Hum\u00e1n \u00e9s k\u00eds\u00e9rletes pancreasr\u00e1k<\/li>\n<li>Multidrug-rezisztencia<\/li>\n<li>Somatostatin-anal\u00f3gok alkalmaz\u00e1sa<\/li>\n<li>Neuroendocrin daganatok<\/li>\n<li>Oralpatol\u00f3gia<\/li>\n<li>Sj\u00f6gren-szindr\u00f3ma<\/li>\n<\/ul>\n<p><strong>\u00a0<\/strong><strong>Oktat\u00e1si tev\u00e9kenys\u00e9g:<\/strong><\/p>\n<p><em>Gradu\u00e1lis oktat\u00e1s<\/em><\/p>\n<ul>\n<li>Tantermi el\u0151ad\u00e1sok patol\u00f3gi\u00e1b\u00f3l (\u00c1OK, III. \u00e9vfolyam) magyar \u00e9s angol nyelven<\/li>\n<li>Bonctermi \u00e9s sz\u00f6vettani gyakorlatok (angol \u00e9s magyar nyelven)<\/li>\n<li>Klinikopatol\u00f3gai kurzusok (2002 &#8211; 2022)<\/li>\n<li>FOK angol \u00e9s magyar nyelv\u0171 Patol\u00f3gia \u00e9s Oralis Patol\u00f3gia tant\u00e1rgyi el\u0151ad\u00f3ja\u00a0 (2011-2022)<\/li>\n<\/ul>\n<p><em>Egyetemi tank\u00f6nyvek:<\/em><\/p>\n<ul style=\"list-style-type: disc\">\n<li>Szende B. (szerk.): Pathologia (3 fejezet)<\/li>\n<li>Kopper L., Schaff Zs. (szerk.): Patol\u00f3gia (1 fejezet)<\/li>\n<li>Tulassay Zs., Matolcsy A. (szerk.): Az onkol\u00f3gia tank\u00f6nyve (2 fejezet)<\/li>\n<li>Zalatnai A.: Gyakorlati patol\u00f3gia (Semmelweis Kiad\u00f3, 2014.)<\/li>\n<li>Zalatnai A: Gyakorlati patol\u00f3gia, 2. kiad. (Semmelweis Kiad\u00f3, 2024.)<\/li>\n<li>Zalatnai A.: Practical Pathology. (Semmelweis Kiad\u00f3, 2024.)<\/li>\n<\/ul>\n<p><em>Posztgradu\u00e1lis oktat\u00e1s<\/em><\/p>\n<ul>\n<li>PhD kurzusok tart\u00e1sa, PhD-v\u00e9d\u00e9sek b\u00edr\u00e1l\u00f3ja, \u00a0titk\u00e1ra<\/li>\n<li>El\u0151ad\u00e1sok \u00e9s gyakorlatok szakvizsga el\u0151tti, k\u00f6telez\u0151\u00a0 felk\u00e9sz\u00edt\u0151 tanfolyamon (Pancreas daganatok)<\/li>\n<\/ul>\n<p><strong>T\u00e1rsas\u00e1gi tags\u00e1gok:<\/strong><\/p>\n<ul>\n<li>Magyar Patol\u00f3gusok T\u00e1rsas\u00e1ga (1980-)<\/li>\n<li>Magyar Onkol\u00f3gusok T\u00e1rsas\u00e1ga (1983- )<\/li>\n<li>Magyar Gastroenterologiai T\u00e1rsas\u00e1g (1985- )<\/li>\n<li>Nemzetk\u00f6zi Pathol\u00f3giai Akad\u00e9mia (IAP) Magyar Divisioja (1996-)<\/li>\n<\/ul>\n<p><strong>Tiszts\u00e9gek:<\/strong><\/p>\n<ul style=\"list-style-type: disc\">\n<li>Nemzetk\u00f6zi Pathologiai Akad\u00e9mia (IAP) Magyar Divisioj\u00e1nak \u00a0titk\u00e1ra\u00a0 (1997-99.)\u00a0<br \/>\n\u00a0 \u00a0 \u00a0 \u00a0 \u00a0 \u00a0 \u00a0 \u00a0 \u00a0 \u00a0 \u00a0 \u00a0 \u00a0 \u00a0 \u00a0 \u00a0 \u00a0 \u00a0 \u00a0 \u00a0 \u00a0 \u00a0 \u00a0 \u00a0 \u00a0 \u00a0 \u00a0 \u00a0 \u00a0 \u00a0 \u00a0 \u00a0 \u00a0 \u00a0 \u00a0 \u00a0 \u00a0 \u00a0 \u00a0 \u00a0-f\u0151titk\u00e1ra (1999 &#8211; 2014)<\/li>\n<li>Patol\u00f3giai Szakmai Koll\u00e9gium tagja (2000-2004)<\/li>\n<li>Magyar Patol\u00f3gusok T\u00e1rsas\u00e1g\u00e1nak vezet\u0151s\u00e9gi tagja (2000-)<\/li>\n<li>Magyar Patol\u00f3gusok T\u00e1rsas\u00e1g\u00e1nak f\u0151titk\u00e1ra (2009-2025)<\/li>\n<\/ul>\n<p><strong>D\u00edjak \u00e9s elismer\u00e9sek:<\/strong><\/p>\n<ul style=\"list-style-type: disc\">\n<li>SOTE Kiv\u00e1l\u00f3 Dolgoz\u00f3ja\u00a0 (1998)<\/li>\n<li>Pro Merito Oncologico-Pancreatologica\u00a0 (1999)<\/li>\n<li>Sz\u00e9chenyi Istv\u00e1n \u00d6szt\u00f6nd\u00edj (2001-2004)<\/li>\n<li>SE Kiv\u00e1l\u00f3 Oktat\u00f3ja (2006)<\/li>\n<li>Magyar Fels\u0151oktat\u00e1s\u00e9rt Eml\u00e9kplakett (2010)<\/li>\n<li>SE Hallgat\u00f3 Merit-d\u00edj (2014)<\/li>\n<li>Genersich Antal D\u00edj (2018)<\/li>\n<\/ul>\n<p><strong>Publik\u00e1ci\u00f3s aktivit\u00e1s:<\/strong><\/p>\n<ul>\n<li>Tudom\u00e1nyos k\u00f6zlem\u00e9nyek sz\u00e1ma: \u00a0196<\/li>\n<li>\u00d6sszes\u00edtett impakt faktor: \u00a0166,472<\/li>\n<li>Id\u00e9zetts\u00e9g: \u00a01664<\/li>\n<li>Hirsch index:\u00a0 24<\/li>\n<\/ul>\n<p><strong>B\u00edr\u00e1l\u00f3i tev\u00e9kenys\u00e9g:<\/strong><\/p>\n<ul>\n<li>Pathology Oncology Research<\/li>\n<li>Anti-Cancer Agents in Medicinal Chemistry<\/li>\n<\/ul>\n<p><strong>Tudom\u00e1nyos el\u0151ad\u00e1sok:<\/strong><\/p>\n<ul>\n<li>Hazai \u00e9s nemzetk\u00f6zi el\u0151ad\u00e1sok sz\u00e1ma:\u00a0 163<\/li>\n<\/ul>\n<p><strong>Nyelvismeret:<\/strong><\/p>\n<ul>\n<li>angol k\u00f6z\u00e9pfok, n\u00e9met alapfok<\/li>\n<\/ul>\n<p><strong>Elnyert p\u00e1ly\u00e1zatok:<\/strong><\/p>\n<ul>\n<li>Hepatocarcinogenesis vizsg\u00e1latok emberi anyagban \u00e9s k\u00eds\u00e9rletes\u00a0modellekben\u00a0 (M-057\/1990. ETT)<\/li>\n<li>A pancreasr\u00e1k hormon\u00e1lis ter\u00e1pi\u00e1ja hum\u00e1n \u00e9s \u00e1llatk\u00eds\u00e9rletes\u00a0rendszerekben\u00a0 (T-01-377\/1993. ETT)<\/li>\n<li>Somatostatin-anal\u00f3gok ter\u00e1pi\u00e1s hat\u00e1s\u00e1nak vizsg\u00e1lata hum\u00e1n\u00a0pancreasr\u00e1k-xenograftokban (T 23697\/1997. OTKA)<\/li>\n<li>Hum\u00e1n pancreasr\u00e1k-xenograftok somatostatin-kezel\u00e9se sor\u00e1n\u00a0bek\u00f6vetkez\u0151 sejtszint\u0171 v\u00e1ltoz\u00e1sok immunhisztok\u00e9miai\u00a0jellemz\u00e9se\u00a0 (Magyar R\u00e1k Alap\u00edtv\u00e1ny p\u00e1ly\u00e1zata, 1997.)<\/li>\n<li>Szintetikus somatostatin-sz\u00e1rmaz\u00e9kok tumorg\u00e1tl\u00f3 hat\u00e1s\u00e1nak\u00a0optimaliz\u00e1l\u00e1sa k\u00eds\u00e9rletes rendszerekben\u00a0 (T 0348997\/2001. OTKA)<\/li>\n<li>Hasny\u00e1lmirigyr\u00e1k multidrog-rezisztenci\u00e1j\u00e1nak reverzi\u00f3ja organikus\u00a0szilikonvegy\u00fcletekkel k\u00eds\u00e9rletes rendszerekben (T 55071\/2006. ETT)<\/li>\n<\/ul>\n<p><strong>Kongresszusszervez\u00e9s:<\/strong><\/p>\n<ul style=\"list-style-type: disc\">\n<li>\u00a0International Academy of Pathology Kongresszusa (1996, Budapest) &#8211;\u00a0Slide Seminar szervez\u0151<\/li>\n<li>\u00a0Magyar Pathologus Tal\u00e1lkoz\u00f3 (1999. Sopron) &#8211; tudom\u00e1nyos bizotts\u00e1g eln\u00f6ke<\/li>\n<li>Magyar Pathologus T\u00e1rs. Kongresszusa (2012. Si\u00f3fok) \u2013 a \u00a0T\u00e1rsas\u00e1g 80 \u00e9ves \u00e9vfordul\u00f3j\u00e1ra ki\u00e1ll\u00edt\u00e1s-szervez\u00e9s<\/li>\n<li>Magyar Pathologus T\u00e1rs. 75. Kongresszusa (2022. Kecskem\u00e9t) \u2013 a \u00a0T\u00e1rsas\u00e1g 90 \u00e9ves \u00e9vfordul\u00f3j\u00e1ra ki\u00e1ll\u00edt\u00e1s-szervez\u00e9s<\/li>\n<\/ul>\n<p><strong>Tanulm\u00e1nyutak:<br \/>\n<\/strong><\/p>\n<ul style=\"list-style-type: disc\">\n<li>Tulane University, Endocrine, Polypeptide and Cancer Institute, New Orleans, USA\u00a0 (Dr. A.V. Schally) (1986-1988)<\/li>\n<li>Moszkvai Szecsenov Egyetem Pathologiai Int\u00e9zete (Dr. Szerov)\u00a0 (1988.)<\/li>\n<li>Institute of Anatomic Pathology, P\u00e1rma, Olaszo. (Dr. C. Bordi)\u00a0 (1999.)<\/li>\n<li>Marosv\u00e1s\u00e1rhelyi Egyetem Patol\u00f3giai Oszt\u00e1lya\u00a0 (Dr. Jung J.)\u00a0 (2002.)<\/li>\n<\/ul>\n<p><strong>\u00a0<\/strong><\/p>\n","protected":false},"excerpt":{"rendered":"<p>Szem\u00e9lyes adatok: N\u00e9v: \u00a0\u00a0\u00a0Dr. Zalatnai Attila Sz\u00fclet\u00e9s ideje: \u00a0\u00a01952. okt. 1. Sz\u00fclet\u00e9s helye: \u00a0Budapest V\u00e9gzetts\u00e9g: Diploma:\u00a0\u00a0 SOTE,\u00a0 \u00c1OK, 1977. (Summa cum laude) Szakvizsga: \u00a0\u00a0K\u00f3rbonctan-K\u00f3rsz\u00f6vettan (1981) PhD fokozat:\u00a0 1995. Habilit\u00e1ci\u00f3:\u00a0 2001. Munkahelyek: 1977-1982:\u00a0 Pest Megyei Tan\u00e1cs &hellip;<\/p>\n","protected":false},"author":36,"featured_media":0,"parent":0,"menu_order":0,"comment_status":"closed","ping_status":"closed","template":"","meta":{"footnotes":""},"class_list":["post-2","page","type-page","status-publish","hentry"],"_links":{"self":[{"href":"https:\/\/scholar.semmelweis.hu\/zalatnaia\/wp-json\/wp\/v2\/pages\/2"}],"collection":[{"href":"https:\/\/scholar.semmelweis.hu\/zalatnaia\/wp-json\/wp\/v2\/pages"}],"about":[{"href":"https:\/\/scholar.semmelweis.hu\/zalatnaia\/wp-json\/wp\/v2\/types\/page"}],"author":[{"embeddable":true,"href":"https:\/\/scholar.semmelweis.hu\/zalatnaia\/wp-json\/wp\/v2\/users\/36"}],"replies":[{"embeddable":true,"href":"https:\/\/scholar.semmelweis.hu\/zalatnaia\/wp-json\/wp\/v2\/comments?post=2"}],"version-history":[{"count":10,"href":"https:\/\/scholar.semmelweis.hu\/zalatnaia\/wp-json\/wp\/v2\/pages\/2\/revisions"}],"predecessor-version":[{"id":43,"href":"https:\/\/scholar.semmelweis.hu\/zalatnaia\/wp-json\/wp\/v2\/pages\/2\/revisions\/43"}],"wp:attachment":[{"href":"https:\/\/scholar.semmelweis.hu\/zalatnaia\/wp-json\/wp\/v2\/media?parent=2"}],"curies":[{"name":"wp","href":"https:\/\/api.w.org\/{rel}","templated":true}]}}