{"id":1,"date":"2015-09-29T08:28:11","date_gmt":"2015-09-29T06:28:11","guid":{"rendered":"http:\/\/scholar.semmelweis.hu\/zalatnaia\/elerhetoseg\/"},"modified":"2026-01-16T08:17:40","modified_gmt":"2026-01-16T07:17:40","slug":"elerhetoseg","status":"publish","type":"page","link":"https:\/\/scholar.semmelweis.hu\/zalatnaia\/elerhetoseg\/","title":{"rendered":"El\u00e9rhet\u0151s\u00e9g"},"content":{"rendered":"<p><b>Dr.\u00a0Zalatnai Attila<br \/>\n<\/b><\/p>\n<p><strong>C\u00edm:<\/strong><br \/>\nSemmelweis Egyetem, Patol\u00f3giai \u00e9s K\u00eds\u00e9rleti R\u00e1kkutat\u00f3 Int\u00e9zet<br \/>\n\u00dcll\u0151i \u00fat 26, Budapest 1085<\/p>\n<p><strong>Telefon:<\/strong><br \/>\n+36-1-215-7300 \/ 54420 mell\u00e9k<br \/>\n06-20-808-2695<\/p>\n<p><strong>e-mail:<\/strong><br \/>\nzalatnai.attila@semmelweis.hu<\/p>\n","protected":false},"excerpt":{"rendered":"<p>Dr.\u00a0Zalatnai Attila<\/p>\n<p>C\u00edm:<br \/>\nSemmelweis Egyetem, Patol\u00f3giai \u00e9s K\u00eds\u00e9rleti R\u00e1kkutat\u00f3 Int\u00e9zet<br \/>\n\u00dcll\u0151i \u00fat 26, Budapest 1085<br \/>\nTelefon:<br \/>\n+36-1-215-7300 \/ 54420 mell\u00e9k<br \/>\n06-20-808-2695<br \/>\ne-mail:<br \/>\nzalatnai.attila@semmelweis.hu<\/p>\n","protected":false},"author":36,"featured_media":0,"parent":0,"menu_order":0,"comment_status":"closed","ping_status":"closed","template":"","meta":{"footnotes":""},"class_list":["post-1","page","type-page","status-publish","hentry"],"_links":{"self":[{"href":"https:\/\/scholar.semmelweis.hu\/zalatnaia\/wp-json\/wp\/v2\/pages\/1"}],"collection":[{"href":"https:\/\/scholar.semmelweis.hu\/zalatnaia\/wp-json\/wp\/v2\/pages"}],"about":[{"href":"https:\/\/scholar.semmelweis.hu\/zalatnaia\/wp-json\/wp\/v2\/types\/page"}],"author":[{"embeddable":true,"href":"https:\/\/scholar.semmelweis.hu\/zalatnaia\/wp-json\/wp\/v2\/users\/36"}],"replies":[{"embeddable":true,"href":"https:\/\/scholar.semmelweis.hu\/zalatnaia\/wp-json\/wp\/v2\/comments?post=1"}],"version-history":[{"count":4,"href":"https:\/\/scholar.semmelweis.hu\/zalatnaia\/wp-json\/wp\/v2\/pages\/1\/revisions"}],"predecessor-version":[{"id":39,"href":"https:\/\/scholar.semmelweis.hu\/zalatnaia\/wp-json\/wp\/v2\/pages\/1\/revisions\/39"}],"wp:attachment":[{"href":"https:\/\/scholar.semmelweis.hu\/zalatnaia\/wp-json\/wp\/v2\/media?parent=1"}],"curies":[{"name":"wp","href":"https:\/\/api.w.org\/{rel}","templated":true}]}}