{"id":3,"date":"2023-05-26T11:27:32","date_gmt":"2023-05-26T09:27:32","guid":{"rendered":"https:\/\/scholar.semmelweis.hu\/valentnedralberteva\/elerhetoseg\/"},"modified":"2023-07-30T14:18:54","modified_gmt":"2023-07-30T12:18:54","slug":"elerhetoseg","status":"publish","type":"page","link":"https:\/\/scholar.semmelweis.hu\/valentnedralberteva\/elerhetoseg\/","title":{"rendered":"El\u00e9rhet\u0151s\u00e9g"},"content":{"rendered":"<div>SEMMELWEIS EGYETEM<\/div>\n<div data-ogsc=\"rgb(35, 47, 97)\">HUM\u00c1NTUDOM\u00c1NYI INT\u00c9ZET<\/div>\n<div data-ogsc=\"rgb(35, 47, 97)\">H-1125 Budapest, K\u00fatv\u00f6lgyi \u00fat 8.<\/div>\n<div data-ogsc=\"rgb(35, 47, 97)\">+36 1 224 157<\/div>\n<p><a href=\"mailto:valentne.albert.eva@semmelweis.hu\"><span data-ogsc=\"rgb(35, 47, 97)\">valentne.albert.eva@semmelweis.hu<\/span><\/a><\/p>\n<p>&nbsp;<\/p>\n","protected":false},"excerpt":{"rendered":"<p>SEMMELWEIS EGYETEM<br \/>\nHUM\u00c1NTUDOM\u00c1NYI INT\u00c9ZET<br \/>\nH-1125 Budapest, K\u00fatv\u00f6lgyi \u00fat 8.<br \/>\n+36 1 224 157<br \/>\n<a href=\"mailto:valentne.albert.eva@semmelweis.hu\">valentne.albert.eva@semmelweis.hu<\/a><br \/>\n&nbsp;<\/p>\n","protected":false},"author":158,"featured_media":0,"parent":0,"menu_order":0,"comment_status":"closed","ping_status":"closed","template":"","meta":{"footnotes":""},"class_list":["post-3","page","type-page","status-publish","hentry"],"_links":{"self":[{"href":"https:\/\/scholar.semmelweis.hu\/valentnedralberteva\/wp-json\/wp\/v2\/pages\/3"}],"collection":[{"href":"https:\/\/scholar.semmelweis.hu\/valentnedralberteva\/wp-json\/wp\/v2\/pages"}],"about":[{"href":"https:\/\/scholar.semmelweis.hu\/valentnedralberteva\/wp-json\/wp\/v2\/types\/page"}],"author":[{"embeddable":true,"href":"https:\/\/scholar.semmelweis.hu\/valentnedralberteva\/wp-json\/wp\/v2\/users\/158"}],"replies":[{"embeddable":true,"href":"https:\/\/scholar.semmelweis.hu\/valentnedralberteva\/wp-json\/wp\/v2\/comments?post=3"}],"version-history":[{"count":2,"href":"https:\/\/scholar.semmelweis.hu\/valentnedralberteva\/wp-json\/wp\/v2\/pages\/3\/revisions"}],"predecessor-version":[{"id":19,"href":"https:\/\/scholar.semmelweis.hu\/valentnedralberteva\/wp-json\/wp\/v2\/pages\/3\/revisions\/19"}],"wp:attachment":[{"href":"https:\/\/scholar.semmelweis.hu\/valentnedralberteva\/wp-json\/wp\/v2\/media?parent=3"}],"curies":[{"name":"wp","href":"https:\/\/api.w.org\/{rel}","templated":true}]}}