{"id":5,"date":"2022-06-30T10:22:31","date_gmt":"2022-06-30T08:22:31","guid":{"rendered":"https:\/\/scholar.semmelweis.hu\/tothzoltan\/bemutatkozas\/"},"modified":"2025-03-10T11:44:19","modified_gmt":"2025-03-10T10:44:19","slug":"bemutatkozas","status":"publish","type":"page","link":"https:\/\/scholar.semmelweis.hu\/tothzoltan\/","title":{"rendered":"Bemutatkoz\u00e1s"},"content":{"rendered":"<p>Dr. T\u00f3th Zolt\u00e1n, okleveles villamosm\u00e9rn\u00f6k \u00e9s m\u00e9rn\u00f6ktan\u00e1r. A Budapesti M\u0171szaki \u00e9s Gazdas\u00e1gtudom\u00e1nyi Egyetemen 2014-ben BSc szinten, majd 2016-ban MSc szinten szerezte m\u00e9rn\u00f6ki \u00e9s 2022-ben tan\u00e1ri diplom\u00e1j\u00e1t. 2021-ben\u00a0<a href=\"https:\/\/doktori.hu\/index.php?menuid=193&amp;lang=HU&amp;vid=23053\">doktor\u00e1lt<\/a>\u00a0villamosm\u00e9rn\u00f6ki tudom\u00e1nyokb\u00f3l.<\/p>\n<p>Els\u0151dleges kutat\u00e1si ter\u00fclete vill\u00e1mv\u00e9delem, villamoss\u00e1g \u00e9lettani hat\u00e1sai, diagnosztika, \u00e9p\u00fcletinformatika \u00e9s orvosi informatika. Szakmai tapasztalatot szerzett tov\u00e1bb\u00e1 IT architektk\u00e9nt, \u00e9s szaktan\u00e1csad\u00f3k\u00e9nt.<\/p>\n<p>2021. \u0151sz\u00e9t\u0151l a Semmelweis Egyetem Digit\u00e1lis Eg\u00e9szs\u00e9gtudom\u00e1nyi Int\u00e9zet\u00e9nek oktat\u00f3ja, ahol az eg\u00e9szs\u00e9g\u00fcgyi szervez\u0151i BSc, gy\u00f3gyszer\u00e9sz \u00e9s fogorvosi k\u00e9pz\u00e9seken oktat, illetve az adattudom\u00e1nyi MSc-n.<\/p>\n","protected":false},"excerpt":{"rendered":"<p>Dr. T\u00f3th Zolt\u00e1n, okleveles villamosm\u00e9rn\u00f6k \u00e9s m\u00e9rn\u00f6ktan\u00e1r. A Budapesti M\u0171szaki \u00e9s Gazdas\u00e1gtudom\u00e1nyi Egyetemen 2014-ben BSc szinten, majd 2016-ban MSc szinten szerezte m\u00e9rn\u00f6ki \u00e9s 2022-ben tan\u00e1ri diplom\u00e1j\u00e1t. 2021-ben\u00a0 <a href=\"https:\/\/doktori.hu\/index.php?menuid=193&amp;lang=HU&amp;vid=23053\">doktor\u00e1lt<\/a> \u00a0villamosm\u00e9rn\u00f6ki tudom\u00e1nyokb\u00f3l. Els\u0151dleges kutat\u00e1si ter\u00fclete vill\u00e1mv\u00e9delem, villamoss\u00e1g \u00e9lettani &hellip;<\/p>\n","protected":false},"author":154,"featured_media":0,"parent":0,"menu_order":0,"comment_status":"closed","ping_status":"closed","template":"","meta":{"footnotes":""},"class_list":["post-5","page","type-page","status-publish","hentry"],"_links":{"self":[{"href":"https:\/\/scholar.semmelweis.hu\/tothzoltan\/wp-json\/wp\/v2\/pages\/5"}],"collection":[{"href":"https:\/\/scholar.semmelweis.hu\/tothzoltan\/wp-json\/wp\/v2\/pages"}],"about":[{"href":"https:\/\/scholar.semmelweis.hu\/tothzoltan\/wp-json\/wp\/v2\/types\/page"}],"author":[{"embeddable":true,"href":"https:\/\/scholar.semmelweis.hu\/tothzoltan\/wp-json\/wp\/v2\/users\/154"}],"replies":[{"embeddable":true,"href":"https:\/\/scholar.semmelweis.hu\/tothzoltan\/wp-json\/wp\/v2\/comments?post=5"}],"version-history":[{"count":4,"href":"https:\/\/scholar.semmelweis.hu\/tothzoltan\/wp-json\/wp\/v2\/pages\/5\/revisions"}],"predecessor-version":[{"id":47,"href":"https:\/\/scholar.semmelweis.hu\/tothzoltan\/wp-json\/wp\/v2\/pages\/5\/revisions\/47"}],"wp:attachment":[{"href":"https:\/\/scholar.semmelweis.hu\/tothzoltan\/wp-json\/wp\/v2\/media?parent=5"}],"curies":[{"name":"wp","href":"https:\/\/api.w.org\/{rel}","templated":true}]}}