{"id":4,"date":"2022-06-30T10:22:31","date_gmt":"2022-06-30T08:22:31","guid":{"rendered":"https:\/\/scholar.semmelweis.hu\/tothzoltan\/cv\/"},"modified":"2025-08-31T18:03:12","modified_gmt":"2025-08-31T16:03:12","slug":"cv","status":"publish","type":"page","link":"https:\/\/scholar.semmelweis.hu\/tothzoltan\/cv\/","title":{"rendered":"CV"},"content":{"rendered":"<h2>Work Experience<\/h2>\n<table style=\"border-collapse: collapse;width: 100%\">\n<tbody>\n<tr>\n<td style=\"width: 17.174797%\">07\/2025 \u2013<\/td>\n<td style=\"width: 82.825203%\"><strong>associate professor, <\/strong>Institute of Digital Health Science, Semmelweis University, Budapest, Hungary<\/td>\n<\/tr>\n<tr>\n<td style=\"width: 17.174796747967477%\">09\/2022 \u2013 06\/2025<\/td>\n<td style=\"width: 82.82520325203252%\"><strong>senior lecturer<\/strong>, Institute of Digital Health Science, Semmelweis University, Budapest, Hungary<\/td>\n<\/tr>\n<tr>\n<td style=\"width: 17.174796747967477%\">09\/2021 \u2013 08\/2022<\/td>\n<td style=\"width: 82.82520325203252%\"><strong>assistant lecturer<\/strong>, Institute of Digital Health Science, Semmelweis University, Budapest, Hungary<\/td>\n<\/tr>\n<tr>\n<td style=\"width: 17.174797%\">09\/2023 \u2013<\/td>\n<td style=\"width: 82.825203%\"><span lang=\"EN-US\"><span lang=\"EN-US\"><strong>senior lecturer, <\/strong>Department of Electric Power Engineering,\u00a0Budapest University of Technology and Economics<\/span><\/span><\/td>\n<\/tr>\n<tr>\n<td style=\"width: 17.174796747967477%\">02\/2022 \u2013 08\/2023<\/td>\n<td style=\"width: 82.82520325203252%\"><span lang=\"EN-US\"><span lang=\"EN-US\"><strong>research fellow<\/strong>, Department of Electric Power Engineering,\u00a0<\/span><\/span><span lang=\"EN-US\">Budapest University of Technology and Economics<\/span><\/td>\n<\/tr>\n<tr>\n<td style=\"width: 17.174796747967477%\">09\/2020 \u2013 01\/2022<\/td>\n<td style=\"width: 82.82520325203252%\"><span lang=\"EN-US\"><strong>assistant research fellow<\/strong>, Department of Electric Power Engineering,\u00a0<\/span><span lang=\"EN-US\">Budapest University of Technology and Economics<\/span><\/td>\n<\/tr>\n<\/tbody>\n<\/table>\n<h2>Education<\/h2>\n<table style=\"border-collapse: collapse;width: 100%\">\n<tbody>\n<tr>\n<td style=\"width: 17.78455284552846%\">09\/2021 \u2013 06\/2022<\/td>\n<td style=\"width: 82.21544715447155%\"><strong>MA<\/strong>\u00a0(summa cum laude) in Teacher of Engineering,\u00a0Budapest University of Technology and Economics, Budapest, Hungary<\/td>\n<\/tr>\n<tr>\n<td style=\"width: 17.78455284552846%\">09\/2016 \u2013 06\/2020<\/td>\n<td style=\"width: 82.21544715447155%\"><strong>PhD<\/strong>\u00a0(summa cum laude) in Electrical Engineering, Budapest University of Technology and Economics, Budapest, Hungary<\/td>\n<\/tr>\n<tr>\n<td style=\"width: 17.78455284552846%\">09\/2014 \u2013 06\/2016<\/td>\n<td style=\"width: 82.21544715447155%\"><strong>MSc<\/strong>\u00a0(summa cum laude), <span lang=\"EN-US\">Budapest University of Technology and Economics, Budapest, Hungary<\/span><\/td>\n<\/tr>\n<tr>\n<td style=\"width: 17.78455284552846%\">09\/2010 \u2013 06\/2014<\/td>\n<td style=\"width: 82.21544715447155%\"><strong>BSc<\/strong>\u00a0(cum laude), <span lang=\"EN-US\">Budapest University of Technology and Economics, Budapest, Hungary<\/span><\/td>\n<\/tr>\n<\/tbody>\n<\/table>\n<h2>Membership in scientific organizations<\/h2>\n<table style=\"border-collapse: collapse;width: 100%;height: 260px\">\n<tbody>\n<tr style=\"height: 33px\">\n<td style=\"width: 17.784552845528456%;height: 33px\">09\/2020 \u2013 01\/2022<\/td>\n<td style=\"width: 82.21544715447155%;height: 33px\">invited member of\u00a0<b>Cooperative Doctoral College<\/b><\/td>\n<\/tr>\n<tr style=\"height: 33px\">\n<td style=\"width: 17.784552845528456%;height: 33px\">02\/2020 \u2013 04\/2025<\/td>\n<td style=\"width: 82.21544715447155%;height: 33px\"><span lang=\"EN-US\">full-member delegated by DOSZ in\u00a0<strong>Dual Training Council<\/strong><\/span><\/td>\n<\/tr>\n<tr style=\"height: 83px\">\n<td style=\"width: 17.784552845528456%;height: 83px\">06\/2019 \u2013 08\/2021<\/td>\n<td style=\"width: 82.21544715447155%;height: 83px\">member delegated by DOSZ in <strong>Hungarian Accreditation Committee <\/strong>(Committee on Natural Sciences)<\/td>\n<\/tr>\n<tr style=\"height: 33px\">\n<td style=\"width: 17.784552845528456%;height: 33px\">09\/2016 \u2013 12\/2019<\/td>\n<td style=\"width: 82.21544715447155%;height: 33px\">representative, president, advisory in\u00a0<b>BME PhD and DLA Student Union<\/b><\/td>\n<\/tr>\n<tr style=\"height: 45px\">\n<td style=\"width: 17.784552845528456%;height: 45px\">09\/2018 \u2013 12\/2021<\/td>\n<td style=\"width: 82.21544715447155%;height: 45px\">board member in <b>Association of Hungarian PhD and DLA Candidates (DOSZ)<\/b><\/td>\n<\/tr>\n<tr style=\"height: 33px\">\n<td style=\"width: 17.784552845528456%;height: 33px\">09\/2013 \u2013<\/td>\n<td style=\"width: 82.21544715447155%;height: 33px\">member, senior in <b>Charles Simonyi College<\/b><span lang=\"EN-US\"><span lang=\"EN-US\"> (Sch\u00f6nherz Electronics Workshop<\/span><span style=\"font-family: inherit;font-size: inherit\">)<\/span><\/span><\/td>\n<\/tr>\n<\/tbody>\n<\/table>\n<h2>Language skills<\/h2>\n<table style=\"border-collapse: collapse;width: 45.73170731707317%\">\n<tbody>\n<tr>\n<td style=\"width: 15.345528455284551%\">German<\/td>\n<td style=\"width: 30.386178861788615%\">B2\/C1<\/td>\n<\/tr>\n<tr>\n<td style=\"width: 15.345528455284551%\">English<\/td>\n<td style=\"width: 30.386178861788615%\">B2<\/td>\n<\/tr>\n<\/tbody>\n<\/table>\n<h2>Research fellowships, grants, and scientific awards<\/h2>\n<table style=\"border-collapse: collapse;width: 100%\">\n<tbody>\n<tr>\n<td style=\"width: 17.784552845528452%\">02\/2016 \u2013 06\/2016\u00a0<\/td>\n<td style=\"width: 82.21544715447155%\">BME VIK Szakmai Kari BME \u00f6szt\u00f6nd\u00edj<\/td>\n<\/tr>\n<tr>\n<td style=\"width: 17.784552845528452%\">02\/2016 \u2013 06\/2016<\/td>\n<td style=\"width: 82.21544715447155%\">BME VIK Villanykari K\u00f6z\u00e9leti \u00f6szt\u00f6nd\u00edj<\/td>\n<\/tr>\n<tr>\n<td style=\"width: 17.784552845528452%\">02\/2017 \u2013 06\/2017\u00a0<\/td>\n<td style=\"width: 82.21544715447155%\">BME EHK Egyetemi k\u00f6z\u00f6ss\u00e9gi \u00f6szt\u00f6nd\u00edj<\/td>\n<\/tr>\n<tr>\n<td style=\"width: 17.784552845528452%\">09\/2018 \u2013 08\/2020<\/td>\n<td style=\"width: 82.21544715447155%\">BME VIK Kari PhD \u00f6szt\u00f6nd\u00edj<\/td>\n<\/tr>\n<tr>\n<td style=\"width: 17.784552845528452%\">03\/2019 \u2013 03\/2019\u00a0<\/td>\n<td style=\"width: 82.21544715447155%\">BME EHK Egyetemi k\u00f6z\u00f6ss\u00e9gi \u00f6szt\u00f6nd\u00edj<\/td>\n<\/tr>\n<tr>\n<td style=\"width: 17.784552845528452%\">09\/2018 \u2013 05\/2019<\/td>\n<td style=\"width: 82.21544715447155%\">BME EDK HK \u00f6szt\u00f6nd\u00edj<\/td>\n<\/tr>\n<tr>\n<td style=\"width: 17.784552845528452%\">09\/2020 \u2013 02\/2020<\/td>\n<td style=\"width: 82.21544715447155%\">\u00daNKP-2020 Doktorv\u00e1rom\u00e1nyosi \u00f6szt\u00f6nd\u00edj<\/td>\n<\/tr>\n<tr>\n<td style=\"width: 17.784553%\">2018<\/td>\n<td style=\"width: 82.215447%\">MEE Nivo award<\/td>\n<\/tr>\n<tr>\n<td style=\"width: 17.784553%\">2023<\/td>\n<td style=\"width: 82.215447%\">MEE Verebely award<\/td>\n<\/tr>\n<\/tbody>\n<\/table>\n<h2>Teaching activities<\/h2>\n<h4>GRADUATE EDUCATION AT SEMMELWEIS UNIVERSITY, BUDAPEST, HUNGARY<\/h4>\n<ul>\n<li>Orvosi informatika (from FOK, 2021\/22\/1)<\/li>\n<li>Informatika (from GYTK, 2021\/22\/1)<\/li>\n<li>Irodai alkalmaz\u00e1sok az eg\u00e9szs\u00e9g\u00fcgyben II. (EKK, 2021\/22\/2)<\/li>\n<li>Tud\u00e1smenedzsment az eg\u00e9szs\u00e9g\u00fcgyben (from EKK, 2021\/22\/2)<\/li>\n<li>Introduction to Python (EKK, MSc, 2024\/2025\/1)<\/li>\n<\/ul>\n<h4>GRADUATE EDUCATION AT Budapest UNIVERSITY of Technology and Economics, BUDAPEST, HUNGARY<\/h4>\n<table style=\"border-collapse: collapse;width: 100%\">\n<tbody>\n<tr>\n<td style=\"width: 21.05576%\">2019 \u2013 2022<\/td>\n<td style=\"width: 78.94424%\"><strong>Laboratory 1.<\/strong> \/BMEVIMIAC12\/<\/td>\n<\/tr>\n<tr>\n<td style=\"width: 21.05576%\">2019 \u2013 2021, 2023-2025<\/td>\n<td style=\"width: 78.94424%\"><strong>Laboratory 2.<\/strong> \/BMEVIMIAC13\/<\/td>\n<\/tr>\n<tr>\n<td style=\"width: 21.05576%\">2018 \u2013 2021, 2023-2025<\/td>\n<td style=\"width: 78.94424%\"><strong>Basics of Programming<\/strong> \/BMEVIEEBA01\/<\/td>\n<\/tr>\n<tr>\n<td style=\"width: 21.05576%\">2016 \u2013 2021, 2023-2025<\/td>\n<td style=\"width: 78.94424%\"><strong>Basics of Programming 2<\/strong> \/BMEVIIIAA00\/<\/td>\n<\/tr>\n<tr>\n<td style=\"width: 21.05576%\">2016 \u2013 2022<\/td>\n<td style=\"width: 78.94424%\"><strong>Lightning protection<\/strong> \/BMEVIVEJV63\/<\/td>\n<\/tr>\n<tr>\n<td style=\"width: 21.05576%\">2016 \u2013 2022<\/td>\n<td style=\"width: 78.94424%\"><strong>Protection against Noise, Vibration, Electrical and Magnetic Fields<\/strong> \/BMEVIVEA021\/<\/td>\n<\/tr>\n<\/tbody>\n<\/table>\n","protected":false},"excerpt":{"rendered":"<p>Work Experience 07\/2025 \u2013 associate professor, Institute of Digital Health Science, Semmelweis University, Budapest, Hungary 09\/2022 \u2013 06\/2025 senior lecturer, Institute of Digital Health Science, Semmelweis University, Budapest, Hungary 09\/2021 \u2013 08\/2022 assistant lecturer, Institute &hellip;<\/p>\n","protected":false},"author":154,"featured_media":0,"parent":0,"menu_order":0,"comment_status":"closed","ping_status":"closed","template":"","meta":{"footnotes":""},"class_list":["post-4","page","type-page","status-publish","hentry"],"_links":{"self":[{"href":"https:\/\/scholar.semmelweis.hu\/tothzoltan\/wp-json\/wp\/v2\/pages\/4"}],"collection":[{"href":"https:\/\/scholar.semmelweis.hu\/tothzoltan\/wp-json\/wp\/v2\/pages"}],"about":[{"href":"https:\/\/scholar.semmelweis.hu\/tothzoltan\/wp-json\/wp\/v2\/types\/page"}],"author":[{"embeddable":true,"href":"https:\/\/scholar.semmelweis.hu\/tothzoltan\/wp-json\/wp\/v2\/users\/154"}],"replies":[{"embeddable":true,"href":"https:\/\/scholar.semmelweis.hu\/tothzoltan\/wp-json\/wp\/v2\/comments?post=4"}],"version-history":[{"count":23,"href":"https:\/\/scholar.semmelweis.hu\/tothzoltan\/wp-json\/wp\/v2\/pages\/4\/revisions"}],"predecessor-version":[{"id":52,"href":"https:\/\/scholar.semmelweis.hu\/tothzoltan\/wp-json\/wp\/v2\/pages\/4\/revisions\/52"}],"wp:attachment":[{"href":"https:\/\/scholar.semmelweis.hu\/tothzoltan\/wp-json\/wp\/v2\/media?parent=4"}],"curies":[{"name":"wp","href":"https:\/\/api.w.org\/{rel}","templated":true}]}}