{"id":3,"date":"2022-06-30T10:22:31","date_gmt":"2022-06-30T08:22:31","guid":{"rendered":"https:\/\/scholar.semmelweis.hu\/tothzoltan\/elerhetoseg\/"},"modified":"2022-06-30T16:39:38","modified_gmt":"2022-06-30T14:39:38","slug":"elerhetoseg","status":"publish","type":"page","link":"https:\/\/scholar.semmelweis.hu\/tothzoltan\/elerhetoseg\/","title":{"rendered":"El\u00e9rhet\u0151s\u00e9g"},"content":{"rendered":"<p><strong>Dr. Zolt\u00e1n T\u00d3TH, MEd, PhD<\/strong><br \/>senior lecturer<\/p>\n<p>Semmelweis University<br \/>Faculty of Public Services<br \/>Institute of Digital Health Science<\/p>\n<p>Ferenc t\u00e9r 15.<br \/>1094 Budapest, Hungary<br \/><strong>Email:<\/strong>\u00a0 <a href=\"mailto:toth.zoltan2@semmelweis-univ.hu\">toth.zoltan2@semmelweis-univ.hu<\/a><\/p>\n","protected":false},"excerpt":{"rendered":"<p>Dr. Zolt\u00e1n T\u00d3TH, MEd, PhDsenior lecturer<br \/>\nSemmelweis UniversityFaculty of Public ServicesInstitute of Digital Health Science<br \/>\nFerenc t\u00e9r 15.1094 Budapest, HungaryEmail:\u00a0 <a href=\"mailto:toth.zoltan2@semmelweis-univ.hu\">toth.zoltan2@semmelweis-univ.hu<\/a><\/p>\n","protected":false},"author":154,"featured_media":0,"parent":0,"menu_order":0,"comment_status":"closed","ping_status":"closed","template":"","meta":{"footnotes":""},"class_list":["post-3","page","type-page","status-publish","hentry"],"_links":{"self":[{"href":"https:\/\/scholar.semmelweis.hu\/tothzoltan\/wp-json\/wp\/v2\/pages\/3"}],"collection":[{"href":"https:\/\/scholar.semmelweis.hu\/tothzoltan\/wp-json\/wp\/v2\/pages"}],"about":[{"href":"https:\/\/scholar.semmelweis.hu\/tothzoltan\/wp-json\/wp\/v2\/types\/page"}],"author":[{"embeddable":true,"href":"https:\/\/scholar.semmelweis.hu\/tothzoltan\/wp-json\/wp\/v2\/users\/154"}],"replies":[{"embeddable":true,"href":"https:\/\/scholar.semmelweis.hu\/tothzoltan\/wp-json\/wp\/v2\/comments?post=3"}],"version-history":[{"count":2,"href":"https:\/\/scholar.semmelweis.hu\/tothzoltan\/wp-json\/wp\/v2\/pages\/3\/revisions"}],"predecessor-version":[{"id":27,"href":"https:\/\/scholar.semmelweis.hu\/tothzoltan\/wp-json\/wp\/v2\/pages\/3\/revisions\/27"}],"wp:attachment":[{"href":"https:\/\/scholar.semmelweis.hu\/tothzoltan\/wp-json\/wp\/v2\/media?parent=3"}],"curies":[{"name":"wp","href":"https:\/\/api.w.org\/{rel}","templated":true}]}}