{"id":3,"date":"2015-06-12T12:49:52","date_gmt":"2015-06-12T10:49:52","guid":{"rendered":"http:\/\/scholar.semmelweis.hu\/telkesgabor\/bemutatkozas\/"},"modified":"2026-02-14T16:42:08","modified_gmt":"2026-02-14T15:42:08","slug":"bemutatkozas","status":"publish","type":"page","link":"https:\/\/scholar.semmelweis.hu\/telkesgabor\/","title":{"rendered":"Bemutatkoz\u00e1s"},"content":{"rendered":"<p>Seb\u00e9sz, gasztroenterol\u00f3gus, transzplant\u00e1ci\u00f3s seb\u00e9sz szakorvos vagyok.<\/p>\n<p>Jelenleg a Semmelweis Egyetem Seb\u00e9szeti, Transzplant\u00e1ci\u00f3s \u00e9s Gasztroenterol\u00f3giai Klinik\u00e1j\u00e1n dolgozom klinikai f\u0151orvosk\u00e9nt.\u00a0<\/p>\n<p>A Semmelweis Egyetem ezen a n\u00e9ven 1993-2021 k\u00f6z\u00f6tt l\u00e9tezett Transzplant\u00e1ci\u00f3s \u00e9s Seb\u00e9szeti Klinik\u00e1j\u00e1nak\u00a0 \u00a0\u201ealap\u00edt\u00f3\u201d munkat\u00e1rsa vagyok.\u00a0 Az int\u00e9zet 2021. okt\u00f3ber\u00e9t\u0151l beolvadt a t\u00e1rsklinik\u00e1ba, \u00e9s jelenleg Seb\u00e9szeti, Transzplant\u00e1ci\u00f3s \u00e9s Gasztroenterol\u00f3giai Klinikak\u00e9nt \u00fczemel. \u00c1ltal\u00e1nos seb\u00e9szeti m\u0171t\u00e9teket, ezen bel\u00fcl is kiemelten laparoscopos vastagb\u00e9lm\u0171t\u00e9teket v\u00e9gzek. A transzplant\u00e1ci\u00f3s profilb\u00f3l a donorseb\u00e9szetet, a vese- \u00e9s a kombin\u00e1lt vese-hasny\u00e1lmirigy \u00e1t\u00fcltet\u00e9st v\u00e9gzem. Az Eurotransplant Pancreas Advisory Comittee (EPAC) magyar tagja vagyok.<\/p>\n<p>Seb\u00e9szet, gasztroenterol\u00f3gia, \u00e9s eur\u00f3pai transzplant\u00e1ci\u00f3s seb\u00e9szet (UEMS) szakvizsg\u00e1m van.<\/p>\n<p><a href=\"https:\/\/sanbermedical.hu\/\">Mag\u00e1nell\u00e1t\u00e1sban<\/a> seb\u00e9szeti \u00e9s gasztroenterol\u00f3giai rendel\u00e9sem van, itt rutinszer\u0171en v\u00e9gzek gyomor \u00e9s vastagb\u00e9lt\u00fckr\u00f6z\u00e9seket, v\u00e9gb\u00e9l t\u00fckr\u00f6z\u00e9st, aranyerek gy\u0171r\u0171z\u00e9s\u00e9t, illetve m\u00f3dom van ambul\u00e1ns kism\u0171t\u00e9tek v\u00e9gz\u00e9s\u00e9re.\u00a0<\/p>\n<p>&nbsp;<\/p>\n","protected":false},"excerpt":{"rendered":"<p>Seb\u00e9sz, gasztroenterol\u00f3gus, transzplant\u00e1ci\u00f3s seb\u00e9sz szakorvos vagyok. Jelenleg a Semmelweis Egyetem Seb\u00e9szeti, Transzplant\u00e1ci\u00f3s \u00e9s Gasztroenterol\u00f3giai Klinik\u00e1j\u00e1n dolgozom klinikai f\u0151orvosk\u00e9nt.\u00a0 A Semmelweis Egyetem ezen a n\u00e9ven 1993-2021 k\u00f6z\u00f6tt l\u00e9tezett Transzplant\u00e1ci\u00f3s \u00e9s Seb\u00e9szeti Klinik\u00e1j\u00e1nak\u00a0 \u00a0\u201ealap\u00edt\u00f3\u201d munkat\u00e1rsa vagyok.\u00a0 Az &hellip;<\/p>\n","protected":false},"author":32,"featured_media":0,"parent":0,"menu_order":0,"comment_status":"closed","ping_status":"closed","template":"","meta":{"footnotes":""},"class_list":["post-3","page","type-page","status-publish","hentry"],"_links":{"self":[{"href":"https:\/\/scholar.semmelweis.hu\/telkesgabor\/wp-json\/wp\/v2\/pages\/3"}],"collection":[{"href":"https:\/\/scholar.semmelweis.hu\/telkesgabor\/wp-json\/wp\/v2\/pages"}],"about":[{"href":"https:\/\/scholar.semmelweis.hu\/telkesgabor\/wp-json\/wp\/v2\/types\/page"}],"author":[{"embeddable":true,"href":"https:\/\/scholar.semmelweis.hu\/telkesgabor\/wp-json\/wp\/v2\/users\/32"}],"replies":[{"embeddable":true,"href":"https:\/\/scholar.semmelweis.hu\/telkesgabor\/wp-json\/wp\/v2\/comments?post=3"}],"version-history":[{"count":18,"href":"https:\/\/scholar.semmelweis.hu\/telkesgabor\/wp-json\/wp\/v2\/pages\/3\/revisions"}],"predecessor-version":[{"id":187,"href":"https:\/\/scholar.semmelweis.hu\/telkesgabor\/wp-json\/wp\/v2\/pages\/3\/revisions\/187"}],"wp:attachment":[{"href":"https:\/\/scholar.semmelweis.hu\/telkesgabor\/wp-json\/wp\/v2\/media?parent=3"}],"curies":[{"name":"wp","href":"https:\/\/api.w.org\/{rel}","templated":true}]}}