{"id":2,"date":"2015-06-12T12:49:52","date_gmt":"2015-06-12T10:49:52","guid":{"rendered":"http:\/\/scholar.semmelweis.hu\/telkesgabor\/cv\/"},"modified":"2025-10-05T11:21:06","modified_gmt":"2025-10-05T09:21:06","slug":"cv","status":"publish","type":"page","link":"https:\/\/scholar.semmelweis.hu\/telkesgabor\/cv\/","title":{"rendered":"CV"},"content":{"rendered":"<p><strong>Munkahelyek:<\/strong> 2021- Semmelweis Egyetem, Seb\u00e9szeti, Transzplant\u00e1ci\u00f3s \u00e9s Gasztroenterol\u00f3giai Klinika (<a href=\"https:\/\/semmelweis.hu\/sebeszet\/\" target=\"_blank\" rel=\"noopener\">ST\u00e9G<\/a>), Transzplant\u00e1ci\u00f3s \u00e9s Seb\u00e9szeti R\u00e9szleg<\/p>\n<p>1993- 2021 Semmelweis Egyetem, <a href=\"https:\/\/semmelweis.hu\/transzplant\/\" target=\"_blank\" rel=\"noopener noreferrer\">Transzplant\u00e1ci\u00f3s \u00e9s Seb\u00e9szeti Klinika<\/a><\/p>\n<p>1991-1993 Mer\u00e9nyi Guszt\u00e1v K\u00f3rh\u00e1z, Traumatol\u00f3giai Oszt\u00e1ly, k\u00f6zben seb\u00e9szeti gyakorlat a SE I. sz. Seb\u00e9szeti Klinik\u00e1n<\/p>\n<p>1990-1991 Semmelweis Egyetem, I. sz. Patol\u00f3giai \u00e9s K\u00eds\u00e9rleti R\u00e1kkutat\u00f3 Int\u00e9zet, k\u00f6zben sorkatonai szolg\u00e1lat<\/p>\n<p>1984-1990 Semmelweis Orvostudom\u00e1nyi Egyetem, \u00c1ltal\u00e1nos Orvostudom\u00e1nyi Kar<\/p>\n<p>1983-1984 Heim P\u00e1l Gyermekk\u00f3rh\u00e1z, Seb\u00e9szeti Oszt\u00e1ly, m\u0171t\u0151sseg\u00e9d \u00a0<\/p>\n<p><strong>Ph.D., szakvizsg\u00e1k, diploma:<\/strong><\/p>\n<p>2009 <a href=\"http:\/\/docplayer.hu\/15689575-Helicobacter-pylori-a-vesetranszplantacio-elott-es-utan.html\" target=\"_blank\" rel=\"noopener noreferrer\">Ph.D.<\/a>, <a href=\"https:\/\/semmelweis.hu\/phd\/\" target=\"_blank\" rel=\"noopener noreferrer\">Semmelweis Egyetem Doktori Iskola<\/a>,<\/p>\n<p>2009 European Diploma of Transplantation Surgery, <a href=\"https:\/\/www.uemssurg.org\/divisions\/transplantation\/transplant-surgery\/fellows\" target=\"_blank\" rel=\"noopener noreferrer\">U.E.M.S.<\/a><\/p>\n<p>1999 gasztroenterol\u00f3gia,<\/p>\n<p>1994 seb\u00e9szet,<\/p>\n<p>1990 Semmelweis Orvostudom\u00e1nyi Egyetem, \u00e1ltal\u00e1nos orvosi diploma \u201esumma cum laude\u201d<\/p>\n<p>1990 szakdolgozat: \u201eAz \u00e9l\u0151donoros vesetranszplant\u00e1ci\u00f3 eredm\u00e9nyei\u201d \u00a0<\/p>\n<p><strong>K\u00e9pzetts\u00e9gek, tanulm\u00e1nyok:<\/strong><\/p>\n<p>2016 Colorectal mini fellowship, Porto<\/p>\n<p>2015 bels\u0151 auditor k\u00e9pz\u00e9s 16\/2015, (MSZ EN ISO 9001, <a href=\"http:\/\/www.hbcs.hu\/uploads\/jogszabaly\/2969\/fajlok\/EMMI_kozlemeny_Egeszsegugyi_%20Standardok.pdf\" target=\"_blank\" rel=\"noopener noreferrer\">MEES standardok<\/a>, <a href=\"https:\/\/adwareresearch.com\/\" target=\"_blank\" rel=\"noopener noreferrer\">AdWare Research Fejleszt\u0151 \u00e9s Tan\u00e1csad\u00f3 Kft.<\/a><\/p>\n<p>2011 SE Klinikai Oktat\u00f3csoport \u201eHalad\u00f3 laparoszk\u00f3pia\u201d tov\u00e1bbk\u00e9pz\u0151 tanfolyama 2009 laparoscopos vastagb\u00e9l seb\u00e9szet tanfolyam<\/p>\n<p>2005 1st European Donor Surgery Masterclass, Leiden, <a href=\"https:\/\/esot.org\/\" target=\"_blank\" rel=\"noopener noreferrer\">ESOT<\/a><\/p>\n<p>2003 10. <a href=\"https:\/\/www.walter-brendel-kolleg.de\/\" target=\"_blank\" rel=\"noopener noreferrer\">Walter-Brendel-Kolleg<\/a> f\u00fcr Transplantationsmedizin, Wildbad Kreuth<\/p>\n<p>1999 <a href=\"https:\/\/www.ema.europa.eu\/en\/ich-e6-r2-good-clinical-practice\" target=\"_blank\" rel=\"noopener noreferrer\">GCP, Good Clinical Practice<\/a> k\u00e9pz\u00e9s<\/p>\n<p>1998\/99 Hesperis Course (European College of Transplantation)<\/p>\n<p>1996 laparoscopos fundoplicatio tanfolyam<\/p>\n<p>1994 3 h\u00f3napos gyakorlat Szeksz\u00e1rdon, a megyei k\u00f3rh\u00e1zban laparoscopos tanfolyam, DOTE K\u00eds\u00e9rletes Seb\u00e9szeti Int\u00e9zet \u00a0<\/p>\n<p><strong>Szakmai tapasztalat: <\/strong> A Semmelweis Egyetem Transzplant\u00e1ci\u00f3s \u00e9s Seb\u00e9szeti Klinik\u00e1j\u00e1nak megalakul\u00e1sa (1993) \u00f3ta \u201ealap\u00edt\u00f3\u201d munkat\u00e1rsa vagyok,\u00a0 klinikai f\u0151orvos, a transzplant\u00e1ci\u00f3s oszt\u00e1ly vezet\u0151je. Az Eurotransplant Pancreas Advisory Comitte (EPAC) magyar k\u00e9pvisel\u0151je vagyok 2024t\u0151l. \u00c1ltal\u00e1nos seb\u00e9szk\u00e9nt\u00a0 epe, gyomor, vastagb\u00e9l, mell\u00e9kvese,\u00a0 mell\u00e9kpajzsmirigy m\u0171t\u00e9teket, valamint nephrectomi\u00e1kat v\u00e9gzek. A Baross utcai klinik\u00e1n 2013-ban \u00e9n vezettem be a colorectalis m\u0171t\u00e9tek laparoscopos v\u00e9gz\u00e9s\u00e9t. A transzplant\u00e1ci\u00f3s profilb\u00f3l a donorseb\u00e9szetet, valamint a vese- \u00e9s a kombin\u00e1lt hasny\u00e1lmirigy-vese\u00e1t\u00fcltet\u00e9st v\u00e9gzem. Rendszeresen v\u00e9gzek vesebetegek r\u00e9sz\u00e9re shunt m\u0171t\u00e9teket a dial\u00edzis kezel\u00e9shez. R\u00e9szt veszek a multidiszciplin\u00e1ris onkoteam munk\u00e1j\u00e1ban. \u00a0<\/p>\n<p><strong>T<\/strong><strong>udom\u00e1nyos munk\u00e1ss\u00e1g:<\/strong> Tudom\u00e1nyos munk\u00e1m els\u0151sorban a szerv\u00e1t\u00fcltet\u00e9ssel kapcsolatos. Egyetemi szakdolgozatomban Magyarorsz\u00e1gon els\u0151k\u00e9nt dolgoztam fel az \u00e9l\u0151donoros vese\u00e1t\u00fcltet\u00e9sek eredm\u00e9nyeit.<\/p>\n<p>Klinik\u00e1nk anyag\u00e1ban els\u0151k\u00e9nt vizsg\u00e1ltam a vese\u00e1t\u00fcltet\u00e9s ut\u00e1ni terhess\u00e9g\/gyermekv\u00e1llal\u00e1s eseteit.<\/p>\n<p>Visszat\u00e9r\u0151en foglalkoztam egyes ritka betegs\u00e9gek (sclerosis tuberosa, VACTERL asszoszi\u00e1ci\u00f3, porphyria, Prototheca fert\u0151z\u00e9s) \u00e9s a transzplant\u00e1ci\u00f3 kapcsolat\u00e1val.<\/p>\n<p><a href=\"http:\/\/docplayer.hu\/15689575-Helicobacter-pylori-a-vesetranszplantacio-elott-es-utan.html\" target=\"_blank\" rel=\"noopener noreferrer\">PhD<\/a> munk\u00e1mban kimutattam a Helicobacter pylori \u00e9s a HLA-DR12-es antig\u00e9n kapcsolat\u00e1t, \u00e9s sz\u00e1mszer\u0171s\u00edtettem a transzplant\u00e1ci\u00f3 jelentette kock\u00e1zatot peptikus fek\u00e9lybetegs\u00e9g kialakul\u00e1s\u00e1ra.<\/p>\n<p>Munkacsoportunk k\u00f6zlem\u00e9nyei t\u00f6bb nemzetk\u00f6zi szakmai aj\u00e1nl\u00e1sba is beker\u00fcltek.<\/p>\n<p>Tudom\u00e1nyos munk\u00e1m harmadik ir\u00e1nya a vese\u00e1t\u00fcltet\u00e9s klinikum\u00e1val, seb\u00e9szi megold\u00e1saival \u00e9s eredm\u00e9nyeivel foglalkozik. Vizsg\u00e1ltam egy \u00faj, az akut veseel\u00e9gtelens\u00e9gre jellemz\u0151 biomarker, az NGAL lehets\u00e9ges predikt\u00edv szerep\u00e9t vese\u00e1t\u00fcltet\u00e9s ut\u00e1n.<\/p>\n<p>Vizsg\u00e1ltam \u00e9s \u00f6sszehasonl\u00edtottam a primer \u00e9s tercier vesetranszplant\u00e1ci\u00f3k eredm\u00e9nyeit. Foglalkoztam az elker\u00fclhetetlen \u00e9jszakai m\u0171t\u00e9tek eredm\u00e9nyeivel, valamint az ureter anastomosis technik\u00e1kkal.<\/p>\n<p>Eredm\u00e9nyeimet hazai \u00e9s k\u00fclf\u00f6ldi kongresszusokon, magyar illetve angol nyelv\u0171 prezent\u00e1ci\u00f3kban \u00e9s \u00a0\u00a0<a href=\"https:\/\/scholar.semmelweis.hu\/telkesgabor\/publikaciok\/\" target=\"_blank\" rel=\"noopener noreferrer\">k\u00f6zlem\u00e9nyekben<\/a> ismertettem.<\/p>\n<p>A <a href=\"https:\/\/semmelweis.hu\/phd\/doktori-iskolak\/elmeleti-orvostudomanyok\/\" target=\"_blank\" rel=\"noopener noreferrer\">Semmelweis Egyetem Elm\u00e9leti \u00e9s Transzl\u00e1ci\u00f3s Orvostudom\u00e1nyok Doktori Iskola<\/a> 1\/4-es programj\u00e1ban h\u00e1rom akkredit\u00e1lt <a href=\"https:\/\/semmelweis.hu\/phd\/doktori-iskolak\/doktori-iskolak-temai\/\" target=\"_blank\" rel=\"noopener noreferrer\">t\u00e9m\u00e1ban<\/a> vagyok Ph. D. t\u00e9mavezet\u0151. \u00a0<\/p>\n<p><strong>D\u00edjak:\u00a0\u00a0\u00a0\u00a0\u00a0\u00a0\u00a0\u00a0\u00a0\u00a0\u00a0\u00a0 <\/strong> 2016-ban Rektori dics\u00e9ret 2000-ben Fiatal Seb\u00e9szek Angol Nyelv\u0171 Kazuisztikai F\u00f3rum\u00e1n \u201eDics\u00e9ret\u201d<\/p>\n<p>1988-ban rektori p\u00e1ly\u00e1zat pathol\u00f3gi\u00e1b\u00f3l, I. d\u00edj, \u201eColorectalis carcinom\u00e1k k\u00fcl\u00f6n\u00f6s \u00a0\u00a0\u00a0\u00a0\u00a0\u00a0\u00a0\u00a0\u00a0\u00a0 tekintettel a metastasis k\u00e9pz\u00e9sre\u201d. <strong>\u00a0<\/strong><\/p>\n<p><strong>Posztgradu\u00e1lis k\u00e9pz\u00e9s<\/strong><\/p>\n<p>2020-t\u00f3l a skill tr\u00e9ningek elm\u00e9leti \u00e9s gyakorlati oktat\u00f3ja vagyok<\/p>\n<p>2017 \u00f3ta a szakorvosi szintentart\u00f3 tanfolyamon,<\/p>\n<p>2016 \u00f3ta a szakvizsga el\u0151k\u00e9sz\u00edt\u0151 tanfolyamon is tartok el\u0151ad\u00e1sokat.<\/p>\n<p>Szakorvos jel\u00f6ltek mentora illetve tutora vagyok. <strong>\u00a0<\/strong><\/p>\n<p><strong>Gradu\u00e1lis oktat\u00e1s: <\/strong> Mind magyar (1995), mind angol (2010) nyelven rendszeresen el\u0151ad\u00e1sokat tartok \u00e9s gyakorlatokat vezetek. N\u00e9met \u00e9s angol nyelven is tartottam el\u0151ad\u00e1st transzplant\u00e1ci\u00f3s speci\u00e1l koll\u00e9giumon.<\/p>\n<p>1993-2007 k\u00f6z\u00f6tt az Eg\u00e9szs\u00e9g\u00fcgyi F\u0151iskola dietetikai k\u00e9pz\u00e9s\u00e9ben a Seb\u00e9szet t\u00e1rgyat oktattam. T\u00f6bb magyar \u00e9s angol nyelv\u0171 szakdolgozat t\u00e9mavezet\u0151je vagyok, \u00e9s sz\u00e1mtalan dolgozat, rektori p\u00e1ly\u00e1zat b\u00edr\u00e1l\u00f3ja voltam, mind magyar, mind angol nyelven. Rendszeresen r\u00e9szt veszek az angol nyelv\u0171 egyetemi z\u00e1r\u00f3vizsg\u00e1n, valamint a TDK konferenci\u00e1k b\u00edr\u00e1l\u00f3 bizotts\u00e1g\u00e1ban. \u00a0<\/p>\n<p><strong>Szakmai t\u00e1rsas\u00e1gok:<\/strong> <a href=\"https:\/\/mst.hu\/info.aspx?sp=100\" target=\"_blank\" rel=\"noopener noreferrer\">Magyar Seb\u00e9sz T\u00e1rsas\u00e1g<\/a> <a href=\"http:\/\/www.transzplant.hu\/info.aspx?sp=1\" target=\"_blank\" rel=\"noopener noreferrer\">Magyar Transzplant\u00e1ci\u00f3s T\u00e1rsas\u00e1g<\/a> <a href=\"https:\/\/esot.org\/\" target=\"_blank\" rel=\"noopener noreferrer\">European Society of Organ Transplantation (ESOT)<\/a>. \u00a0<\/p>\n<p><strong>K\u00fclf\u00f6ldi munka, tanulm\u00e1ny\u00fat: <\/strong> 2008-2009 Cardiff-ban (UK) 6 h\u00f3napot dolgoztam \u201elocum consultant transplant surgeon\u201d poz\u00edci\u00f3ban, a University Hospital of Wales-ben.<\/p>\n<p>1999 3 h\u00f3napos \u00f6szt\u00f6nd\u00edj Freiburgban, az Albert- Ludwigs- Universit\u00e4t, <a href=\"http:\/\/www.transplantationszentrum-freiburg.de\/\">transzplant\u00e1ci\u00f3s oszt\u00e1ly\u00e1n<\/a>, el\u0151tte<\/p>\n<p>1996 3 hetes tanulm\u00e1ny\u00fat ugyanitt 1989 4 hetes seb\u00e9szet gyakorlat Veron\u00e1ban, Patologica Chirurgica \u00a0<\/p>\n<p><strong>Egy\u00e9b<\/strong>: Min\u0151s\u00e9gbiztos\u00edt\u00e1si vezet\u0151 voltam 2014-2018 k\u00f6z\u00f6tt. Klinik\u00e1nk 2015-ben megkapta az ISO 9001 tan\u00fas\u00edtv\u00e1nyt.<\/p>\n<p><a href=\"https:\/\/mensa.hu\/\" target=\"_blank\" rel=\"noopener noreferrer\"><strong>Mensa HungarIQa<\/strong><\/a> tags\u00e1g. <strong>\u00a0<\/strong><\/p>\n","protected":false},"excerpt":{"rendered":"<p>Munkahelyek: 2021- Semmelweis Egyetem, Seb\u00e9szeti, Transzplant\u00e1ci\u00f3s \u00e9s Gasztroenterol\u00f3giai Klinika ( <a href=\"https:\/\/semmelweis.hu\/sebeszet\/\" target=\"_blank\" rel=\"noopener\">ST\u00e9G<\/a> ), Transzplant\u00e1ci\u00f3s \u00e9s Seb\u00e9szeti R\u00e9szleg 1993- 2021 Semmelweis Egyetem, <a href=\"https:\/\/semmelweis.hu\/transzplant\/\" target=\"_blank\" rel=\"noopener noreferrer\">Transzplant\u00e1ci\u00f3s \u00e9s Seb\u00e9szeti Klinika<\/a> 1991-1993 Mer\u00e9nyi Guszt\u00e1v K\u00f3rh\u00e1z, Traumatol\u00f3giai Oszt\u00e1ly, k\u00f6zben seb\u00e9szeti gyakorlat a SE I. sz. Seb\u00e9szeti Klinik\u00e1n 1990-1991 &hellip;<\/p>\n","protected":false},"author":32,"featured_media":0,"parent":0,"menu_order":0,"comment_status":"closed","ping_status":"closed","template":"","meta":{"footnotes":""},"class_list":["post-2","page","type-page","status-publish","hentry"],"_links":{"self":[{"href":"https:\/\/scholar.semmelweis.hu\/telkesgabor\/wp-json\/wp\/v2\/pages\/2"}],"collection":[{"href":"https:\/\/scholar.semmelweis.hu\/telkesgabor\/wp-json\/wp\/v2\/pages"}],"about":[{"href":"https:\/\/scholar.semmelweis.hu\/telkesgabor\/wp-json\/wp\/v2\/types\/page"}],"author":[{"embeddable":true,"href":"https:\/\/scholar.semmelweis.hu\/telkesgabor\/wp-json\/wp\/v2\/users\/32"}],"replies":[{"embeddable":true,"href":"https:\/\/scholar.semmelweis.hu\/telkesgabor\/wp-json\/wp\/v2\/comments?post=2"}],"version-history":[{"count":22,"href":"https:\/\/scholar.semmelweis.hu\/telkesgabor\/wp-json\/wp\/v2\/pages\/2\/revisions"}],"predecessor-version":[{"id":174,"href":"https:\/\/scholar.semmelweis.hu\/telkesgabor\/wp-json\/wp\/v2\/pages\/2\/revisions\/174"}],"wp:attachment":[{"href":"https:\/\/scholar.semmelweis.hu\/telkesgabor\/wp-json\/wp\/v2\/media?parent=2"}],"curies":[{"name":"wp","href":"https:\/\/api.w.org\/{rel}","templated":true}]}}