{"id":1,"date":"2015-06-12T12:49:52","date_gmt":"2015-06-12T10:49:52","guid":{"rendered":"http:\/\/scholar.semmelweis.hu\/telkesgabor\/elerhetoseg\/"},"modified":"2026-02-14T16:39:04","modified_gmt":"2026-02-14T15:39:04","slug":"elerhetoseg","status":"publish","type":"page","link":"https:\/\/scholar.semmelweis.hu\/telkesgabor\/elerhetoseg\/","title":{"rendered":"El\u00e9rhet\u0151s\u00e9g"},"content":{"rendered":"<p>K\u00f6zfinansz\u00edrozott\u00a0 ell\u00e1t\u00e1sban id\u0151pontk\u00e9r\u00e9s: 06 20\/825-9090. 1082 \u00dcll\u0151i \u00fat 78.<\/p>\n<p>Mag\u00e1n ell\u00e1t\u00e1sban proktol\u00f3giai, gasztroenterol\u00f3giai \u00e9s seb\u00e9szeti rendel\u00e9sem: <a href=\"https:\/\/sanbermedical.hu\/index.php?oldal=online_bejelentkezes\" target=\"_blank\" rel=\"noopener\">SanBer Medical.<\/a><\/p>\n<p>&nbsp;<\/p>\n<p>&nbsp;<\/p>\n","protected":false},"excerpt":{"rendered":"<p>K\u00f6zfinansz\u00edrozott\u00a0 ell\u00e1t\u00e1sban id\u0151pontk\u00e9r\u00e9s: 06 20\/825-9090. 1082 \u00dcll\u0151i \u00fat 78.<br \/>\nMag\u00e1n ell\u00e1t\u00e1sban proktol\u00f3giai, gasztroenterol\u00f3giai \u00e9s seb\u00e9szeti rendel\u00e9sem: <a href=\"https:\/\/sanbermedical.hu\/index.php?oldal=online_bejelentkezes\" target=\"_blank\" rel=\"noopener\">SanBer Medical.<\/a><br \/>\n&nbsp;<br \/>\n&nbsp;<\/p>\n","protected":false},"author":32,"featured_media":0,"parent":0,"menu_order":0,"comment_status":"closed","ping_status":"closed","template":"","meta":{"footnotes":""},"class_list":["post-1","page","type-page","status-publish","hentry"],"_links":{"self":[{"href":"https:\/\/scholar.semmelweis.hu\/telkesgabor\/wp-json\/wp\/v2\/pages\/1"}],"collection":[{"href":"https:\/\/scholar.semmelweis.hu\/telkesgabor\/wp-json\/wp\/v2\/pages"}],"about":[{"href":"https:\/\/scholar.semmelweis.hu\/telkesgabor\/wp-json\/wp\/v2\/types\/page"}],"author":[{"embeddable":true,"href":"https:\/\/scholar.semmelweis.hu\/telkesgabor\/wp-json\/wp\/v2\/users\/32"}],"replies":[{"embeddable":true,"href":"https:\/\/scholar.semmelweis.hu\/telkesgabor\/wp-json\/wp\/v2\/comments?post=1"}],"version-history":[{"count":22,"href":"https:\/\/scholar.semmelweis.hu\/telkesgabor\/wp-json\/wp\/v2\/pages\/1\/revisions"}],"predecessor-version":[{"id":185,"href":"https:\/\/scholar.semmelweis.hu\/telkesgabor\/wp-json\/wp\/v2\/pages\/1\/revisions\/185"}],"wp:attachment":[{"href":"https:\/\/scholar.semmelweis.hu\/telkesgabor\/wp-json\/wp\/v2\/media?parent=1"}],"curies":[{"name":"wp","href":"https:\/\/api.w.org\/{rel}","templated":true}]}}