{"id":5,"date":"2025-04-25T11:33:23","date_gmt":"2025-04-25T09:33:23","guid":{"rendered":"https:\/\/scholar.semmelweis.hu\/telbalint\/bemutatkozas\/"},"modified":"2025-04-25T11:33:23","modified_gmt":"2025-04-25T09:33:23","slug":"bemutatkozas","status":"publish","type":"page","link":"https:\/\/scholar.semmelweis.hu\/telbalint\/","title":{"rendered":"Bemutatkoz\u00e1s"},"content":{"rendered":"<p>Ide javasoljuk egy szem\u00e9lyes bemutatkoz\u00e1s ad\u00e1s\u00e1t, ami nem azonos \u00a0a CV-vel!<\/p>\n<p>A honlap szerkeszt\u00e9s\u00e9hez, a men\u00fc \u00e1talak\u00edt\u00e1s\u00e1hoz, \u00faj oldalak, men\u00fcpontok l\u00e9trehoz\u00e1s\u00e1hoz seg\u00edts\u00e9g tal\u00e1lhat\u00f3 ezen a mintahonlapon:\u00a0<a href=\"http:\/\/scholar.semmelweis.hu\/minta\" target=\"_blank\" rel=\"noopener\">http:\/\/scholar.semmelweis.hu\/minta<\/a><\/p>\n<div>Szem\u00e9lyes honlapja a Semmelweis Scholar honlaprendszerben jelenleg m\u00e9g nem nyilv\u00e1nosan l\u00e1that\u00f3\u00a0\u00e1llapotban van. Amint tartalommal t\u00f6lt\u00f6tte meg a honlapj\u00e1t, \u00d6n is nyilv\u00e1noss\u00e1 teheti a weboldalt. Ehhez bel\u00e9p\u00e9s ut\u00e1n\u00a0a honlapj\u00e1nak nyit\u00f3lapj\u00e1ra kell kattintani \u00e9s a jobb oldali s\u00e1v tetej\u00e9n az \u00e1llapot jelz\u0151 bokszban be kell pip\u00e1lni a &#8222;Nyilv\u00e1nos&#8221; opci\u00f3t, majd\u00a0a Honlap k\u00f6zz\u00e9t\u00e9tele gombra kell kattintani.<\/div>\n<div><\/div>\n<div>A honlapj\u00e1nak szerkeszt\u0151 fel\u00fclet\u00e9re b\u00e1rmikor a <a href=\"http:\/\/scholar.semmelweis.hu\/\">Semmelweis Scholar <\/a>nyit\u00f3lapj\u00e1n tal\u00e1lhat\u00f3 <a href=\"http:\/\/scholar.semmelweis.hu\/wp-admin\">Bel\u00e9p\u00e9s<\/a> gombbal\u00a0tud bel\u00e9pni.<\/div>\n<div><\/div>\n<p>Ez a sz\u00f6veg teljes eg\u00e9sz\u00e9ben t\u00f6r\u00f6lhet\u0151, ehhez kattintson az oldal tetej\u00e9n tal\u00e1lhat\u00f3 &#8222;Oldal szerkeszt\u00e9se&#8221; linkre (csak <a href=\"\/wp-admin\">bel\u00e9pve<\/a> l\u00e1that\u00f3)!<\/p>\n<p>J\u00f3 munk\u00e1t!<\/p>\n","protected":false},"excerpt":{"rendered":"<p>Ide javasoljuk egy szem\u00e9lyes bemutatkoz\u00e1s ad\u00e1s\u00e1t, ami nem azonos \u00a0a CV-vel! A honlap szerkeszt\u00e9s\u00e9hez, a men\u00fc \u00e1talak\u00edt\u00e1s\u00e1hoz, \u00faj oldalak, men\u00fcpontok l\u00e9trehoz\u00e1s\u00e1hoz seg\u00edts\u00e9g tal\u00e1lhat\u00f3 ezen a mintahonlapon:\u00a0 <a href=\"http:\/\/scholar.semmelweis.hu\/minta\" target=\"_blank\" rel=\"noopener\">http:\/\/scholar.semmelweis.hu\/minta<\/a> Szem\u00e9lyes honlapja a Semmelweis Scholar honlaprendszerben jelenleg m\u00e9g nem &hellip;<\/p>\n","protected":false},"author":1,"featured_media":0,"parent":0,"menu_order":0,"comment_status":"closed","ping_status":"closed","template":"","meta":{"footnotes":""},"class_list":["post-5","page","type-page","status-publish","hentry"],"_links":{"self":[{"href":"https:\/\/scholar.semmelweis.hu\/telbalint\/wp-json\/wp\/v2\/pages\/5"}],"collection":[{"href":"https:\/\/scholar.semmelweis.hu\/telbalint\/wp-json\/wp\/v2\/pages"}],"about":[{"href":"https:\/\/scholar.semmelweis.hu\/telbalint\/wp-json\/wp\/v2\/types\/page"}],"author":[{"embeddable":true,"href":"https:\/\/scholar.semmelweis.hu\/telbalint\/wp-json\/wp\/v2\/users\/1"}],"replies":[{"embeddable":true,"href":"https:\/\/scholar.semmelweis.hu\/telbalint\/wp-json\/wp\/v2\/comments?post=5"}],"version-history":[{"count":0,"href":"https:\/\/scholar.semmelweis.hu\/telbalint\/wp-json\/wp\/v2\/pages\/5\/revisions"}],"wp:attachment":[{"href":"https:\/\/scholar.semmelweis.hu\/telbalint\/wp-json\/wp\/v2\/media?parent=5"}],"curies":[{"name":"wp","href":"https:\/\/api.w.org\/{rel}","templated":true}]}}