{"id":4,"date":"2025-04-25T11:33:23","date_gmt":"2025-04-25T09:33:23","guid":{"rendered":"https:\/\/scholar.semmelweis.hu\/telbalint\/cv\/"},"modified":"2025-04-25T11:33:23","modified_gmt":"2025-04-25T09:33:23","slug":"cv","status":"publish","type":"page","link":"https:\/\/scholar.semmelweis.hu\/telbalint\/cv\/","title":{"rendered":"CV"},"content":{"rendered":"<p>\u00d6n\u00e9letrajz, lehet\u0151leg sz\u00f6vegesen (nem felt\u00f6lt\u00f6tt f\u00e1jl form\u00e1ban).<\/p>\n<p>Haszn\u00e1lja sz\u00fcks\u00e9g szerint a form\u00e1z\u00e1s adta lehet\u0151s\u00e9geket (felsorol\u00e1sok, kiemel\u00e9sek, t\u00e1bl\u00e1zatok).<\/p>\n<p>Ez a sz\u00f6veg teljes eg\u00e9sz\u00e9ben t\u00f6r\u00f6lhet\u0151, ehhez kattintson az oldal tetej\u00e9n tal\u00e1lhat\u00f3 &#8222;Oldal szerkeszt\u00e9se&#8221; linkre (csak <a href=\"\/wp-admin\">bel\u00e9pve<\/a> l\u00e1that\u00f3)!<\/p>\n","protected":false},"excerpt":{"rendered":"<p>\u00d6n\u00e9letrajz, lehet\u0151leg sz\u00f6vegesen (nem felt\u00f6lt\u00f6tt f\u00e1jl form\u00e1ban).<br \/>\nHaszn\u00e1lja sz\u00fcks\u00e9g szerint a form\u00e1z\u00e1s adta lehet\u0151s\u00e9geket (felsorol\u00e1sok, kiemel\u00e9sek, t\u00e1bl\u00e1zatok).<br \/>\nEz a sz\u00f6veg teljes eg\u00e9sz\u00e9ben t\u00f6r\u00f6lhet\u0151, ehhez kattintson az oldal tetej\u00e9n tal\u00e1lhat\u00f3 &#8222;Oldal szerkeszt\u00e9se&#8221; linkre (csak <a href=\"\/wp-admin\">bel\u00e9pve<\/a> l\u00e1that\u00f3)!<\/p>\n","protected":false},"author":1,"featured_media":0,"parent":0,"menu_order":0,"comment_status":"closed","ping_status":"closed","template":"","meta":{"footnotes":""},"class_list":["post-4","page","type-page","status-publish","hentry"],"_links":{"self":[{"href":"https:\/\/scholar.semmelweis.hu\/telbalint\/wp-json\/wp\/v2\/pages\/4"}],"collection":[{"href":"https:\/\/scholar.semmelweis.hu\/telbalint\/wp-json\/wp\/v2\/pages"}],"about":[{"href":"https:\/\/scholar.semmelweis.hu\/telbalint\/wp-json\/wp\/v2\/types\/page"}],"author":[{"embeddable":true,"href":"https:\/\/scholar.semmelweis.hu\/telbalint\/wp-json\/wp\/v2\/users\/1"}],"replies":[{"embeddable":true,"href":"https:\/\/scholar.semmelweis.hu\/telbalint\/wp-json\/wp\/v2\/comments?post=4"}],"version-history":[{"count":0,"href":"https:\/\/scholar.semmelweis.hu\/telbalint\/wp-json\/wp\/v2\/pages\/4\/revisions"}],"wp:attachment":[{"href":"https:\/\/scholar.semmelweis.hu\/telbalint\/wp-json\/wp\/v2\/media?parent=4"}],"curies":[{"name":"wp","href":"https:\/\/api.w.org\/{rel}","templated":true}]}}