{"id":4,"date":"2022-03-30T10:18:09","date_gmt":"2022-03-30T08:18:09","guid":{"rendered":"https:\/\/scholar.semmelweis.hu\/szocskamiklos\/cv\/"},"modified":"2025-10-20T14:51:39","modified_gmt":"2025-10-20T12:51:39","slug":"cv","status":"publish","type":"page","link":"https:\/\/scholar.semmelweis.hu\/szocskamiklos\/cv\/","title":{"rendered":"CV"},"content":{"rendered":"<h2 style=\"text-align: justify\">Dr. Sz\u00f3cska Mikl\u00f3s<\/h2>\n<p style=\"text-align: justify\">Orvos, egyetemi tan\u00e1r, a Semmelweis Egyetem Eg\u00e9szs\u00e9g\u00fcgyi Menedzserk\u00e9pz\u0151 K\u00f6zpontj\u00e1nak igazgat\u00f3ja, az Eg\u00e9szs\u00e9g\u00fcgyi K\u00f6zszolg\u00e1lati Kar d\u00e9k\u00e1nja, az Eg\u00e9szs\u00e9g\u00fcgyi Menedzserk\u00e9pz\u0151 K\u00f6zpont vezet\u0151je \u00e9s alap\u00edt\u00f3ja.<\/p>\n<h4 style=\"text-align: justify\"><strong>Szakmai tapasztalat:<\/strong> \u00a0<\/h4>\n<p style=\"text-align: justify\"><b>2024 \u2013 jelenleg<\/b><br \/>\ntudom\u00e1nyos munkat\u00e1rs (senior fellow)<br \/>\nMossavar-Rahmani Center for Business and Government, Harvard Kennedy School<\/p>\n<p style=\"text-align: justify\"><strong>2019 \u2013 2025<\/strong><br \/>\nd\u00e9k\u00e1n<br \/>\nSemmelweis Egyetem \u2013 Eg\u00e9szs\u00e9g\u00fcgyi K\u00f6zszolg\u00e1lati Kar, Budapest<\/p>\n<p style=\"text-align: justify\"><strong>2015 \u2013 2022<\/strong><br \/>\nint\u00e9zetvezet\u0151, mb. igazgat\u00f3<br \/>\nSemmelweis Egyetem \u2013 Digit\u00e1lis Eg\u00e9szs\u00e9gtudom\u00e1nyi Int\u00e9zet, Budapest<\/p>\n<p style=\"text-align: justify\"><strong>2014 \u2013 jelenleg<\/strong><br \/>\nigazgat\u00f3<br \/>\nSemmelweis Egyetem &#8211; Eg\u00e9szs\u00e9g\u00fcgyi Menedzserk\u00e9pz\u0151 K\u00f6zpont, Budapest<\/p>\n<p style=\"text-align: justify\"><strong>2010 \u2013 2014<\/strong><br \/>\nT\u00e1rsadalmi Infrastrukt\u00fara Operat\u00edv Program &#8211; Monitoring Bizotts\u00e1g Eln\u00f6ke Nemzeti Er\u0151forr\u00e1s majd Emberi Er\u0151forr\u00e1sok Miniszt\u00e9riuma, Budapest<\/p>\n<p style=\"text-align: justify\"><strong>2000 \u2013 2010<\/strong><br \/>\nmegb\u00edzott vezet\u0151<br \/>\nSemmelweis Egyetem &#8211; Eg\u00e9szs\u00e9g\u00fcgyi Menedzserk\u00e9pz\u0151 K\u00f6zpont, Budapest<\/p>\n<p style=\"text-align: justify\"><strong>1998 \u2013 1999<\/strong><br \/>\nA p\u00e9nzt\u00e1r fels\u0151vezet\u00e9s\u00e9nek szervezetfejleszt\u00e9ssel foglalkoz\u00f3 tan\u00e1csad\u00f3ja<br \/>\nOrsz\u00e1gos Eg\u00e9szs\u00e9gbiztos\u00edt\u00e1si P\u00e9nzt\u00e1r, Budapest<\/p>\n<p style=\"text-align: justify\"><strong>1995 \u2013 2000<\/strong><br \/>\nigazgat\u00f3helyettes<br \/>\nSemmelweis Egyetem &#8211; Eg\u00e9szs\u00e9g\u00fcgyi Menedzserk\u00e9pz\u0151 K\u00f6zpont, Budapest<\/p>\n<p style=\"text-align: justify\"><strong>1993\u20131994<\/strong><br \/>\na k\u00f6zigazgat\u00e1si \u00e1llamtitk\u00e1r Eg\u00e9szs\u00e9gbiztos\u00edt\u00e1s \u00d6nkorm\u00e1nyzat Eln\u00f6ks\u00e9g\u00e9vel kapcsolatos \u00fcgyekben illet\u00e9kes tan\u00e1csad\u00f3ja<br \/>\nN\u00e9pj\u00f3l\u00e9ti Miniszt\u00e9rium k\u00f6zigazgat\u00e1si \u00e1llamtitk\u00e1ri hivatala, Budapest<\/p>\n<p style=\"text-align: justify\"><strong>1992\u20131993<\/strong><br \/>\naz Orsz\u00e1ggy\u0171l\u00e9s \u00e1ltal v\u00e1lasztott fel\u00fcgyel\u0151bizotts\u00e1gi tag<br \/>\nEg\u00e9szs\u00e9gbiztos\u00edt\u00e1si Alap fel\u00fcgyel\u0151bizotts\u00e1ga, Budapest<\/p>\n<p style=\"text-align: justify\"><strong>1991\u20131995<\/strong><br \/>\nprojektvezet\u0151<br \/>\nSemmelweis Egyetem &#8211; Eg\u00e9szs\u00e9g\u00fcgyi Menedzserk\u00e9pz\u0151 K\u00f6zpont, Budapest<\/p>\n<h4 style=\"text-align: justify\"><strong>Tanulm\u00e1nyok:<\/strong> \u00a0<\/h4>\n<p style=\"text-align: justify\"><strong>2005\u20132008<\/strong><br \/>\nPhD &#8211; Fenntarthat\u00f3 v\u00e1ltoz\u00e1sok vezet\u00e9s\u00e9nek felt\u00e9telei a magyar eg\u00e9szs\u00e9g\u00fcgyi szervezetekben<br \/>\nSemmelweis Egyetem, Budapest<\/p>\n<p style=\"text-align: justify\"><strong>1997\u20131998<\/strong><br \/>\nMaster of Public Administration<br \/>\nHarvard University, John F. Kennedy School of Government<\/p>\n<p style=\"text-align: justify\"><strong>1983\u20131989<\/strong><br \/>\n\u00e1ltal\u00e1nos orvos<br \/>\nSemmelweis Orvostudom\u00e1nyi Egyetem, Budapest<\/p>\n<div style=\"text-align: justify\">\n<h4><strong>Nyelvtud\u00e1s:<\/strong> \u00a0<\/h4>\n<p><strong>Anyanyelv:<\/strong> magyar<\/p>\n<h5>Idegen nyelvek<\/h5>\n<ul>\n<li>\n<p><strong>angol: C1<br \/>\n<\/strong>\u00c1NYB Angol fels\u0151fok\u00fa, C t\u00edpus\u00fa nyelvvizsga, sz.: 22884, 1994 TOEFL, 633 pont, 1997, 670 pont, 2000<\/p>\n<\/li>\n<li>\n<p><strong>orosz: A2<br \/>\n<\/strong>Egyetemi z\u00e1r\u00f3vizsga 1984\/85 I. f\u00e9.<\/p>\n<\/li>\n<li>\n<p><strong>n\u00e9met: A2<br \/>\n<\/strong>Egyetemi z\u00e1r\u00f3vizsga 1986\/87 II. f\u00e9.<\/p>\n<\/li>\n<\/ul>\n<\/div>\n<div style=\"text-align: justify\">\u00a0<\/div>\n<div style=\"text-align: justify\">\n<h4><strong>Kommunik\u00e1ci\u00f3s k\u00e9szs\u00e9gek<\/strong><\/h4>\n<\/div>\n<div style=\"text-align: justify\">\n<ul>\n<li>Fels\u0151vezet\u0151i \u00e9s \u00e1llami vezet\u0151i nemzetk\u00f6zi szint\u0171 kommunik\u00e1ci\u00f3s k\u00e9szs\u00e9gek;<\/li>\n<li>El\u0151ad\u00f3i \u00e9s interakt\u00edv oktat\u00e1shoz sz\u00fcks\u00e9ges fels\u0151szint\u0171 kommunik\u00e1ci\u00f3s k\u00e9szs\u00e9gek;<\/li>\n<li>Szervezetfejleszt\u00e9si, v\u00e1ltoztat\u00e1svezet\u00e9si programokhoz, szak\u00e9rt\u0151i \u00e9s tan\u00e1csad\u00f3i munk\u00e1hoz sz\u00fcks\u00e9ges fels\u0151szint\u0171 facilit\u00e1tori \u00e9s programvezet\u0151i kommunik\u00e1ci\u00f3s k\u00e9szs\u00e9gek.<\/li>\n<\/ul>\n<\/div>\n<div style=\"text-align: justify\">\n<h4><strong>Szervez\u00e9si\/vezet\u0151i k\u00e9szs\u00e9gek<\/strong><\/h4>\n<\/div>\n<div style=\"text-align: justify\">\n<p>Komplex rendszerek vezet\u00e9s\u00e9hez \u00e9s \u00e1talak\u00edt\u00e1s\u00e1hoz sz\u00fcks\u00e9ges fels\u0151vezet\u0151i k\u00e9szs\u00e9gek.<\/p>\n<\/div>\n<div style=\"text-align: justify\">\n<h4><strong>Munk\u00e1val kapcsolatos k\u00e9szs\u00e9gek<\/strong><\/h4>\n<\/div>\n<div style=\"text-align: justify\">\n<p>Eg\u00e9szs\u00e9g\u00fcgyi oktat\u00e1si, k\u00f6zigazgat\u00e1si, \u00e1llami int\u00e9zm\u00e9nyrendszerben zajl\u00f3 szakmai munk\u00e1hoz kapcsol\u00f3d\u00f3 szakter\u00fcleti ismeretek, valamint ezek fels\u0151vezet\u0151i munkav\u00e9gz\u00e9s\u00e9hez kapcsol\u00f3d\u00f3 ismeretek.<\/p>\n<\/div>\n<div style=\"text-align: justify\">\n<h4><strong>Egy\u00e9b k\u00e9szs\u00e9gek<\/strong><\/h4>\n<\/div>\n<div style=\"text-align: justify\">\n<ul>\n<li>Csapatmunka.<\/li>\n<li>Komplex tev\u00e9kenys\u00e9g-portf\u00f3li\u00f3 teljes\u00edtm\u00e9ny menedzsment rendszer\u00e9nek kialak\u00edt\u00e1sa \u00e9s m\u0171k\u00f6dtet\u00e9se valamint menedzsment control rendszer kialak\u00edt\u00e1sa, m\u0171k\u00f6dtet\u00e9se.<\/li>\n<li>Adatb\u00e1ny\u00e1szathoz \u00e9s h\u00e1l\u00f3zatelemz\u00e9sekhez kapcsol\u00f3d\u00f3 fels\u0151vezet\u0151i ismeretek.<\/li>\n<\/ul>\n<\/div>\n<div style=\"text-align: justify\">\n<h4><strong>Tags\u00e1gok:<\/strong><\/h4>\n<\/div>\n<div>\n<ul style=\"text-align: justify\">\n<li>2018 \u2013 jelenleg: European Health Forum Gastein &#8211; Board Member, Gastein<\/li>\n<li>2016 \u2013 jelenleg: EIT Health &#8211;\u00a0 Supervisory Board Member, M\u00fcnchen<\/li>\n<li>2016 \u2013 jelenleg: EIT Health Innostar &#8211; Supervisory Board Member, Budapest<\/li>\n<li>2007 \u2013 2010: \u00a0EUHPN (European Health Property Network) &#8211; Board Member, Amsterdam<\/li>\n<li>2005 \u2013 2010: EHMA (European Health Management Association) \u2013 Board Member, Br\u00fcsszel<\/li>\n<\/ul>\n<p style=\"text-align: justify\"><a href=\"https:\/\/m2.mtmt.hu\/gui2\/?type=authors&amp;mode=browse&amp;sel=authors10024209\">List of publications (MTMT)<\/a><\/p>\n<\/div>\n","protected":false},"excerpt":{"rendered":"<p>Dr. Sz\u00f3cska Mikl\u00f3s Orvos, egyetemi tan\u00e1r, a Semmelweis Egyetem Eg\u00e9szs\u00e9g\u00fcgyi Menedzserk\u00e9pz\u0151 K\u00f6zpontj\u00e1nak igazgat\u00f3ja, az Eg\u00e9szs\u00e9g\u00fcgyi K\u00f6zszolg\u00e1lati Kar d\u00e9k\u00e1nja, az Eg\u00e9szs\u00e9g\u00fcgyi Menedzserk\u00e9pz\u0151 K\u00f6zpont vezet\u0151je \u00e9s alap\u00edt\u00f3ja. Szakmai tapasztalat: \u00a0 2024 \u2013 jelenleg tudom\u00e1nyos munkat\u00e1rs (senior fellow) &hellip;<\/p>\n","protected":false},"author":133,"featured_media":0,"parent":0,"menu_order":0,"comment_status":"closed","ping_status":"closed","template":"","meta":{"footnotes":""},"class_list":["post-4","page","type-page","status-publish","hentry"],"_links":{"self":[{"href":"https:\/\/scholar.semmelweis.hu\/szocskamiklos\/wp-json\/wp\/v2\/pages\/4"}],"collection":[{"href":"https:\/\/scholar.semmelweis.hu\/szocskamiklos\/wp-json\/wp\/v2\/pages"}],"about":[{"href":"https:\/\/scholar.semmelweis.hu\/szocskamiklos\/wp-json\/wp\/v2\/types\/page"}],"author":[{"embeddable":true,"href":"https:\/\/scholar.semmelweis.hu\/szocskamiklos\/wp-json\/wp\/v2\/users\/133"}],"replies":[{"embeddable":true,"href":"https:\/\/scholar.semmelweis.hu\/szocskamiklos\/wp-json\/wp\/v2\/comments?post=4"}],"version-history":[{"count":46,"href":"https:\/\/scholar.semmelweis.hu\/szocskamiklos\/wp-json\/wp\/v2\/pages\/4\/revisions"}],"predecessor-version":[{"id":109,"href":"https:\/\/scholar.semmelweis.hu\/szocskamiklos\/wp-json\/wp\/v2\/pages\/4\/revisions\/109"}],"wp:attachment":[{"href":"https:\/\/scholar.semmelweis.hu\/szocskamiklos\/wp-json\/wp\/v2\/media?parent=4"}],"curies":[{"name":"wp","href":"https:\/\/api.w.org\/{rel}","templated":true}]}}