{"id":3,"date":"2022-03-30T10:18:09","date_gmt":"2022-03-30T08:18:09","guid":{"rendered":"https:\/\/scholar.semmelweis.hu\/szocskamiklos\/elerhetoseg\/"},"modified":"2025-10-16T13:11:03","modified_gmt":"2025-10-16T11:11:03","slug":"elerhetoseg","status":"publish","type":"page","link":"https:\/\/scholar.semmelweis.hu\/szocskamiklos\/elerhetoseg\/","title":{"rendered":"El\u00e9rhet\u0151s\u00e9g"},"content":{"rendered":"<h4><strong>dr. Sz\u00f3cska Mikl\u00f3s<\/strong><\/h4>\n<p><strong>C\u00edm:<\/strong> Eg\u00e9szs\u00e9g\u00fcgyi Menedzserk\u00e9pz\u0151 K\u00f6zpont <br \/>\n1125 Budapest, K\u00fatv\u00f6lgyi \u00fat 2.<\/p>\n<p><strong>Telefon:<\/strong> +36 1 488 7600 <br \/>\nBels\u0151 mell\u00e9k: 57600<\/p>\n<p><strong>E-mail:<\/strong> <a href=\"mailto:szocska.miklos@emk.semmelweis.hu\" target=\"_blank\" rel=\"noopener\">szocska.miklos@emk.semmelweis.hu<\/a><\/p>\n","protected":false},"excerpt":{"rendered":"<p>dr. Sz\u00f3cska Mikl\u00f3s<br \/>\nC\u00edm: Eg\u00e9szs\u00e9g\u00fcgyi Menedzserk\u00e9pz\u0151 K\u00f6zpont<br \/>\n1125 Budapest, K\u00fatv\u00f6lgyi \u00fat 2.<br \/>\nTelefon: +36 1 488 7600<br \/>\nBels\u0151 mell\u00e9k: 57600<br \/>\nE-mail: <a href=\"mailto:szocska.miklos@emk.semmelweis.hu\" target=\"_blank\" rel=\"noopener\">szocska.miklos@emk.semmelweis.hu<\/a><\/p>\n","protected":false},"author":133,"featured_media":0,"parent":0,"menu_order":0,"comment_status":"closed","ping_status":"closed","template":"","meta":{"footnotes":""},"class_list":["post-3","page","type-page","status-publish","hentry"],"_links":{"self":[{"href":"https:\/\/scholar.semmelweis.hu\/szocskamiklos\/wp-json\/wp\/v2\/pages\/3"}],"collection":[{"href":"https:\/\/scholar.semmelweis.hu\/szocskamiklos\/wp-json\/wp\/v2\/pages"}],"about":[{"href":"https:\/\/scholar.semmelweis.hu\/szocskamiklos\/wp-json\/wp\/v2\/types\/page"}],"author":[{"embeddable":true,"href":"https:\/\/scholar.semmelweis.hu\/szocskamiklos\/wp-json\/wp\/v2\/users\/133"}],"replies":[{"embeddable":true,"href":"https:\/\/scholar.semmelweis.hu\/szocskamiklos\/wp-json\/wp\/v2\/comments?post=3"}],"version-history":[{"count":7,"href":"https:\/\/scholar.semmelweis.hu\/szocskamiklos\/wp-json\/wp\/v2\/pages\/3\/revisions"}],"predecessor-version":[{"id":106,"href":"https:\/\/scholar.semmelweis.hu\/szocskamiklos\/wp-json\/wp\/v2\/pages\/3\/revisions\/106"}],"wp:attachment":[{"href":"https:\/\/scholar.semmelweis.hu\/szocskamiklos\/wp-json\/wp\/v2\/media?parent=3"}],"curies":[{"name":"wp","href":"https:\/\/api.w.org\/{rel}","templated":true}]}}