{"id":15,"date":"2022-04-13T09:53:00","date_gmt":"2022-04-13T07:53:00","guid":{"rendered":"https:\/\/scholar.semmelweis.hu\/szocskamiklos\/?page_id=15"},"modified":"2025-03-18T08:26:42","modified_gmt":"2025-03-18T07:26:42","slug":"publikaciok","status":"publish","type":"page","link":"https:\/\/scholar.semmelweis.hu\/szocskamiklos\/publikaciok\/","title":{"rendered":"Publik\u00e1ci\u00f3k"},"content":{"rendered":"<div class=\"keretes w-100\">\n<p>Publik\u00e1ci\u00f3s lista az <a href=\"https:\/\/m2.mtmt.hu\/gui2\/?type=authors&amp;mode=browse&amp;sel=authors10024209\">MTMT adatb\u00e1zis<\/a> alapj\u00e1n<\/p>\n<p>MTMT k\u00f6zlem\u00e9ny \u00e9s id\u00e9z\u0151 <a href=\"https:\/\/m2.mtmt.hu\/gui2\/?type=authors&amp;mode=browse&amp;sel=10024209&amp;view=pubTable\">\u00f6sszefoglal\u00f3 t\u00e1bl\u00e1zat<\/a> \u00a0<\/p>\n<\/div>\n<h4><strong>V\u00e1logatott publik\u00e1ci\u00f3k:<\/strong><\/h4>\n<ol>\n<li>\n<p>Abbafati, C. ; Machado, D.B. ; Cislaghi, B. ; Salman, O.M. ; Karanikolos, M. ; McKee, M. ; Abbas, K.M. ; Brady, O.J. ; Larson, H.J. ; Trias-Llim\u00f3s, S. et al. Five insights from the Global Burden of Disease Study 2019 LANCET 396 : 10258 pp. 1135-1159. , 25 p. (2020)<\/p>\n<\/li>\n<li>\n<p>Vos, Theo ; Lim, Stephen S ; Abbafati, Cristiana ; Abbas, Kaja M ; Abbasi, Mohammad ; Abbasifard, Mitra ; Abbasi-Kangevari, Mohsen ; Abbastabar, Hedayat ; Abd-Allah, Foad ; Abdelalim, Ahmed et al. Global burden of 369 diseases and injuries in 204 countries and territories, 1990\u20132019: a systematic analysis for the Global Burden of Disease Study 2019 LANCET 396 : 10258 pp. 1204-1222. , 19 p. (2020)<\/p>\n<\/li>\n<li>\n<p>Girasek, Edmond ; Sz\u00f3cska, Mikl\u00f3s ; Kov\u00e1cs, Eszter ; Ga\u00e1l, P\u00e9ter The role of controllable lifestyle in the choise of specialisation among Hungarian medical doctors BMC MEDICAL EDUCATION 17 : 1 Paper: 204 , 7 p. (2017)<\/p>\n<\/li>\n<li>\n<p>Kov\u00e1cs, R\u00e9ka ; Girasek, Edmond ; Kov\u00e1cs, Eszter ; Aszal\u00f3s, Zolt\u00e1n ; Eke, Edit ; Rag\u00e1ny, K\u00e1roly ; Cserh\u00e1ti, Zolt\u00e1n ; Sz\u00f3cska, Mikl\u00f3s Managing intra-EU mobility\u2014do WHO principles of ethical recruitment have relevance? HUMAN RESOURCES FOR HEALTH 15 : 1 Paper: 78 , 8 p. (2017)<\/p>\n<\/li>\n<li>\n<p>Girasek, E ; Kov\u00e1cs, E ; Aszal\u00f3s, Z ; Eke, E ; Rag\u00e1ny, K ; Kov\u00e1cs, R ; Cserh\u00e1ti, Z ; Sz\u00f3cska, M Headcount and FTE data in the European health workforce monitoring and planning process HUMAN RESOURCES FOR HEALTH 14 Paper: 42 , 7 p. (2016)<\/p>\n<\/li>\n<li>\n<p>Eke, E ; Girasek, E ; Sz\u00f3cska, M From melting pot to laboratory of change in central Europe: Hungary and health workforce migration In: Wismar, M; Maier, C B; Glinos, I A; Dussault, G; Figueras, J (szerk.) Health professional mobilty and health systems : Evidence from17 European countries Copenhagen, D\u00e1nia : World Health Organization, European Observatory on Health Systems and Policies (2011) 595 p. pp. 365-394.<\/p>\n<\/li>\n<li>\n<p>Girasek, E; Moln\u00e1r, R ; Eke, E ; Sz\u00f3cska, M The medical career choice motivations-Results from a Hungarian study CENTRAL EUROPEAN JOURNAL OF MEDICINE 6 : 4 pp. 502-509. , 8 p. (2011)<\/p>\n<\/li>\n<li>\n<p>Girasek, E ; Eke, E ; Sz\u00f3cska, M Analysis of a survey on young doctors&#8217; willingness to work in rural Hungary HUMAN RESOURCES FOR HEALTH 8 Paper: 13 (2010)<\/p>\n<\/li>\n<li>\n<p>Gaal, P ; Belli, P C ; McKee, M ; Sz\u00f3cska, M Informal payments for health care: Definitions, distinctions, and dilemmas JOURNAL OF HEALTH POLITICS POLICY AND LAW 31 : 2 pp. 251-293. , 43 p. (2006)<\/p>\n<\/li>\n<li>\n<p>Sz\u00f3cska, M K ; R\u00e9thelyi, J M ; Normand, C Managing healthcare reform in Hungary: Challenges and opportunities BRITISH MEDICAL JOURNAL (BMJ) 331 : 7510 pp. 231-233. , 3 p. (2005) \u00a0<\/p>\n<\/li>\n<\/ol>\n","protected":false},"excerpt":{"rendered":"<p>Publik\u00e1ci\u00f3s lista az <a href=\"https:\/\/m2.mtmt.hu\/gui2\/?type=authors&amp;mode=browse&amp;sel=authors10024209\">MTMT adatb\u00e1zis<\/a> alapj\u00e1n MTMT k\u00f6zlem\u00e9ny \u00e9s id\u00e9z\u0151 <a href=\"https:\/\/m2.mtmt.hu\/gui2\/?type=authors&amp;mode=browse&amp;sel=10024209&amp;view=pubTable\">\u00f6sszefoglal\u00f3 t\u00e1bl\u00e1zat<\/a> \u00a0 V\u00e1logatott publik\u00e1ci\u00f3k: Abbafati, C. ; Machado, D.B. ; Cislaghi, B. ; Salman, O.M. ; Karanikolos, M. ; McKee, M. ; Abbas, K.M. ; Brady, O.J. ; &hellip;<\/p>\n","protected":false},"author":133,"featured_media":0,"parent":0,"menu_order":0,"comment_status":"closed","ping_status":"closed","template":"","meta":{"footnotes":""},"class_list":["post-15","page","type-page","status-publish","hentry"],"_links":{"self":[{"href":"https:\/\/scholar.semmelweis.hu\/szocskamiklos\/wp-json\/wp\/v2\/pages\/15"}],"collection":[{"href":"https:\/\/scholar.semmelweis.hu\/szocskamiklos\/wp-json\/wp\/v2\/pages"}],"about":[{"href":"https:\/\/scholar.semmelweis.hu\/szocskamiklos\/wp-json\/wp\/v2\/types\/page"}],"author":[{"embeddable":true,"href":"https:\/\/scholar.semmelweis.hu\/szocskamiklos\/wp-json\/wp\/v2\/users\/133"}],"replies":[{"embeddable":true,"href":"https:\/\/scholar.semmelweis.hu\/szocskamiklos\/wp-json\/wp\/v2\/comments?post=15"}],"version-history":[{"count":19,"href":"https:\/\/scholar.semmelweis.hu\/szocskamiklos\/wp-json\/wp\/v2\/pages\/15\/revisions"}],"predecessor-version":[{"id":98,"href":"https:\/\/scholar.semmelweis.hu\/szocskamiklos\/wp-json\/wp\/v2\/pages\/15\/revisions\/98"}],"wp:attachment":[{"href":"https:\/\/scholar.semmelweis.hu\/szocskamiklos\/wp-json\/wp\/v2\/media?parent=15"}],"curies":[{"name":"wp","href":"https:\/\/api.w.org\/{rel}","templated":true}]}}