{"id":3,"date":"2015-06-15T08:11:17","date_gmt":"2015-06-15T06:11:17","guid":{"rendered":"http:\/\/scholar.semmelweis.hu\/szirmaiagnes\/bemutatkozas\/"},"modified":"2025-03-18T13:14:41","modified_gmt":"2025-03-18T12:14:41","slug":"bemutatkozas","status":"publish","type":"page","link":"https:\/\/scholar.semmelweis.hu\/szirmaiagnes\/","title":{"rendered":"Bemutatkoz\u00e1s"},"content":{"rendered":"<p>Prof. Dr. Szirmai \u00c1gnes egyetemi tan\u00e1r vagyok. Szakvizsg\u00e1im: f\u00fcl- orr- g\u00e9gegy\u00f3gy\u00e1szat, neurol\u00f3gia, audiol\u00f3gia. 42 \u00e9ve dolgozom a Semmelweis Egyetem F\u00fcl-orr-g\u00e9g\u00e9szeti \u00e9s Fej-nyakseb\u00e9szeti Klinik\u00e1n, \u00a0 1989 \u00f3ta az Otoneurol\u00f3giai (egyens\u00falyvizsg\u00e1l\u00f3) r\u00e9szleg vezet\u0151je vagyok. \u00c1ltal\u00e1nos f\u00fcl-orr-g\u00e9g\u00e9szeti tev\u00e9kenys\u00e9gem mellett a sz\u00e9d\u00fcl\u00e9s nemzetk\u00f6zileg is elismert szak\u00e9rt\u0151je vagyok. Tudom\u00e1nyos (PhD) fokozatomat is a kering\u00e9szavarok okozta sz\u00e9d\u00fcl\u00e9s t\u00e9mak\u00f6rben szereztem meg 2002-ben.<\/p>\n<p>2022-ben habilit\u00e1ltam a Semmelweis Egyetemen, 2023-ban egyetemi tan\u00e1ri kinevez\u00e9st kaptam. Tud\u00e1somat magyar \u00e9s angol nyelven adom tov\u00e1bb mind orvostanhallgat\u00f3knak, mind v\u00e9gzett orvosoknak, rendszeres tov\u00e1bbk\u00e9pz\u00e9s keret\u00e9ben. <span style=\"font-size: 1rem;\">Sz\u00e1mos Egyes\u00fcletnek, tudom\u00e1nyos t\u00e1rsas\u00e1gnak vagyok tagja, illetve tiszts\u00e9gvisel\u0151je, ezek <\/span><a style=\"background-color: #ffffff; font-size: 1rem;\" href=\"https:\/\/scholar.semmelweis.hu\/szirmaiagnes\/cv\/\">\u00f6n\u00e9letrajzomban<\/a><span style=\"font-size: 1rem;\"> olvashat\u00f3k.<\/span><\/p>\n<p>Az \u00e1ltalam vezetett otoneurol\u00f3giai szakambulanci\u00e1n a sz\u00e9d\u00fcl\u0151 betegek komplex kivizsg\u00e1l\u00e1sa, rendszeres gondoz\u00e1sa, \u00e9s rehabilit\u00e1ci\u00f3ja t\u00f6rt\u00e9nik. \u00c9vente t\u00f6bb mint ezer beteg fordul meg a rendel\u00e9semen az orsz\u00e1g minden ter\u00fclet\u00e9r\u0151l. Ezen k\u00edv\u00fcl mag\u00e1nrendel\u00e9seimen is l\u00e1tok el betegeket, t\u00f6bb mint 40 \u00e9ves tapasztalatomat itt is a betegek szolg\u00e1lat\u00e1ba \u00e1ll\u00edtva.<\/p>\n","protected":false},"excerpt":{"rendered":"<p>Prof. Dr. Szirmai \u00c1gnes egyetemi tan\u00e1r vagyok. Szakvizsg\u00e1im: f\u00fcl- orr- g\u00e9gegy\u00f3gy\u00e1szat, neurol\u00f3gia, audiol\u00f3gia. 42 \u00e9ve dolgozom a Semmelweis Egyetem F\u00fcl-orr-g\u00e9g\u00e9szeti \u00e9s Fej-nyakseb\u00e9szeti Klinik\u00e1n, \u00a0 1989 \u00f3ta az Otoneurol\u00f3giai (egyens\u00falyvizsg\u00e1l\u00f3) r\u00e9szleg vezet\u0151je vagyok. \u00c1ltal\u00e1nos f\u00fcl-orr-g\u00e9g\u00e9szeti tev\u00e9kenys\u00e9gem &hellip;<\/p>\n","protected":false},"author":37,"featured_media":0,"parent":0,"menu_order":0,"comment_status":"closed","ping_status":"closed","template":"","meta":{"footnotes":""},"class_list":["post-3","page","type-page","status-publish","hentry"],"_links":{"self":[{"href":"https:\/\/scholar.semmelweis.hu\/szirmaiagnes\/wp-json\/wp\/v2\/pages\/3"}],"collection":[{"href":"https:\/\/scholar.semmelweis.hu\/szirmaiagnes\/wp-json\/wp\/v2\/pages"}],"about":[{"href":"https:\/\/scholar.semmelweis.hu\/szirmaiagnes\/wp-json\/wp\/v2\/types\/page"}],"author":[{"embeddable":true,"href":"https:\/\/scholar.semmelweis.hu\/szirmaiagnes\/wp-json\/wp\/v2\/users\/37"}],"replies":[{"embeddable":true,"href":"https:\/\/scholar.semmelweis.hu\/szirmaiagnes\/wp-json\/wp\/v2\/comments?post=3"}],"version-history":[{"count":7,"href":"https:\/\/scholar.semmelweis.hu\/szirmaiagnes\/wp-json\/wp\/v2\/pages\/3\/revisions"}],"predecessor-version":[{"id":40,"href":"https:\/\/scholar.semmelweis.hu\/szirmaiagnes\/wp-json\/wp\/v2\/pages\/3\/revisions\/40"}],"wp:attachment":[{"href":"https:\/\/scholar.semmelweis.hu\/szirmaiagnes\/wp-json\/wp\/v2\/media?parent=3"}],"curies":[{"name":"wp","href":"https:\/\/api.w.org\/{rel}","templated":true}]}}