{"id":1,"date":"2015-06-15T08:11:17","date_gmt":"2015-06-15T06:11:17","guid":{"rendered":"http:\/\/scholar.semmelweis.hu\/szirmaiagnes\/elerhetoseg\/"},"modified":"2025-03-18T13:23:18","modified_gmt":"2025-03-18T12:23:18","slug":"elerhetoseg","status":"publish","type":"page","link":"https:\/\/scholar.semmelweis.hu\/szirmaiagnes\/elerhetoseg\/","title":{"rendered":"El\u00e9rhet\u0151s\u00e9g"},"content":{"rendered":"<h4><strong>Dr. Szirmai \u00c1gnes<\/strong><\/h4>\n<p>E-mail: <a href=\"mailto:szirmai.agnes@med.semmelweis-univ.hu\">szirmai.agnes@semmelweis.hu<\/a><\/p>\n<p><strong>F\u00fcl-Orr-G\u00e9g\u00e9szeti \u00e9s Fej-Nyakseb\u00e9szeti Klinika<\/strong><\/p>\n<p>Telefon: 06-1-3342-384\/52343 <br \/>\nMobiltelefon: 06-20-951-7226 <br \/>\nBetegek sz\u00e1m\u00e1ra id\u0151pontk\u00e9r\u00e9s: 06-20-825-8712<\/p>\n","protected":false},"excerpt":{"rendered":"<p>Dr. Szirmai \u00c1gnes<br \/>\nE-mail: <a href=\"mailto:szirmai.agnes@med.semmelweis-univ.hu\">szirmai.agnes@semmelweis.hu<\/a><br \/>\nF\u00fcl-Orr-G\u00e9g\u00e9szeti \u00e9s Fej-Nyakseb\u00e9szeti Klinika<br \/>\nTelefon: 06-1-3342-384\/52343<br \/>\nMobiltelefon: 06-20-951-7226<br \/>\nBetegek sz\u00e1m\u00e1ra id\u0151pontk\u00e9r\u00e9s: 06-20-825-8712<\/p>\n","protected":false},"author":37,"featured_media":0,"parent":0,"menu_order":0,"comment_status":"closed","ping_status":"closed","template":"","meta":{"footnotes":""},"class_list":["post-1","page","type-page","status-publish","hentry"],"_links":{"self":[{"href":"https:\/\/scholar.semmelweis.hu\/szirmaiagnes\/wp-json\/wp\/v2\/pages\/1"}],"collection":[{"href":"https:\/\/scholar.semmelweis.hu\/szirmaiagnes\/wp-json\/wp\/v2\/pages"}],"about":[{"href":"https:\/\/scholar.semmelweis.hu\/szirmaiagnes\/wp-json\/wp\/v2\/types\/page"}],"author":[{"embeddable":true,"href":"https:\/\/scholar.semmelweis.hu\/szirmaiagnes\/wp-json\/wp\/v2\/users\/37"}],"replies":[{"embeddable":true,"href":"https:\/\/scholar.semmelweis.hu\/szirmaiagnes\/wp-json\/wp\/v2\/comments?post=1"}],"version-history":[{"count":10,"href":"https:\/\/scholar.semmelweis.hu\/szirmaiagnes\/wp-json\/wp\/v2\/pages\/1\/revisions"}],"predecessor-version":[{"id":42,"href":"https:\/\/scholar.semmelweis.hu\/szirmaiagnes\/wp-json\/wp\/v2\/pages\/1\/revisions\/42"}],"wp:attachment":[{"href":"https:\/\/scholar.semmelweis.hu\/szirmaiagnes\/wp-json\/wp\/v2\/media?parent=1"}],"curies":[{"name":"wp","href":"https:\/\/api.w.org\/{rel}","templated":true}]}}