{"id":3,"date":"2016-05-17T08:19:14","date_gmt":"2016-05-17T06:19:14","guid":{"rendered":"http:\/\/scholar.semmelweis.hu\/szijartoattila\/bemutatkozas\/"},"modified":"2025-11-24T13:41:38","modified_gmt":"2025-11-24T12:41:38","slug":"bemutatkozas","status":"publish","type":"page","link":"https:\/\/scholar.semmelweis.hu\/szijartoattila\/","title":{"rendered":"Bemutatkoz\u00e1s"},"content":{"rendered":"<p>Dr. <strong>Szij\u00e1rt\u00f3 Attila<\/strong> 1976-ban sz\u00fcletett Budapesten. 2001-ben szerzett <strong>orvosi diplom\u00e1t summa cum laude min\u0151s\u00edt\u00e9ssel<\/strong> a <strong>Semmelweis Egyetem \u00c1ltal\u00e1nos Orvostudom\u00e1nyi Kar\u00e1n<\/strong>, ahol az\u00f3ta is dolgozik. 2020 \u00f3ta a <strong>Seb\u00e9szeti, Transzplant\u00e1ci\u00f3s \u00e9s Gasztroenterol\u00f3giai Klinika igazgat\u00f3ja \u00e9s tansz\u00e9kvezet\u0151 egyetemi tan\u00e1ra<\/strong>.<\/p>\n<p>Tudom\u00e1nyos p\u00e1lyafut\u00e1s\u00e1t a <strong>m\u00e1jseb\u00e9szet \u00e9s az ischaemi\u00e1s-reperf\u00fazi\u00f3s k\u00e1rosod\u00e1sok<\/strong> kutat\u00e1sa alapozta meg. <strong>PhD-fokozat\u00e1t<\/strong> 2007-ben, <strong>habilit\u00e1ci\u00f3j\u00e1t<\/strong> 2015-ben szerezte meg, 2016-ban pedig a <strong>Magyar Tudom\u00e1nyos Akad\u00e9mia doktora<\/strong> lett. 2019-ben az <strong>Eg\u00e9szs\u00e9g\u00fcgyi Menedzserk\u00e9pz\u0151 K\u00f6zpontban<\/strong> szerzett <strong>okleveles eg\u00e9szs\u00e9g\u00fcgyi menedzser MSc-diplom\u00e1t<\/strong> kiv\u00e1l\u00f3 min\u0151s\u00edt\u00e9ssel, er\u0151s\u00edtve vezet\u0151i \u00e9s int\u00e9zm\u00e9nyfejleszt\u0151 szerep\u00e9t.<\/p>\n<p>Szakmai \u00e9rdekl\u0151d\u00e9se a <strong>hepatobili\u00e1ris \u00e9s pancreas-seb\u00e9szet<\/strong>, valamint az ezekhez kapcsol\u00f3d\u00f3 <strong>molekul\u00e1ris \u00e9s mikrocirkul\u00e1ci\u00f3s kutat\u00e1sok<\/strong> ir\u00e1ny\u00e1ba mutat. Nemzetk\u00f6zi tapasztalatait t\u00f6bbek k\u00f6z\u00f6tt <strong>Jap\u00e1nban, a Kyotoi Egyetem m\u00e1jseb\u00e9szeti \u00e9s transzplant\u00e1ci\u00f3s k\u00f6zpontj\u00e1ban<\/strong> szerezte 2011\u20132012 k\u00f6z\u00f6tt, a <strong>Matsumae Alap\u00edtv\u00e1ny \u00f6szt\u00f6nd\u00edjasak\u00e9nt<\/strong>.<br \/>\nEzen k\u00edv\u00fcl hosszabb szakmai tanulm\u00e1nyutakat tett <strong>Londonban, Amszterdamban<\/strong>, ahol a modern seb\u00e9szeti technol\u00f3gi\u00e1k \u00e9s a minim\u00e1lisan invaz\u00edv elj\u00e1r\u00e1sok nemzetk\u00f6zi gyakorlat\u00e1t tanulm\u00e1nyozta.<\/p>\n<p>Klinikai munk\u00e1ss\u00e1ga mellett a <strong>tehets\u00e9ggondoz\u00e1s<\/strong> elk\u00f6telezett h\u00edve. 2018 \u00f3ta a <strong>Semmelweis Egyetem Tudom\u00e1nyos Di\u00e1kk\u00f6ri Tan\u00e1cs\u00e1nak eln\u00f6ke<\/strong>, 2023-t\u00f3l pedig a <strong>Doktori Iskola Operat\u00edv Orvostudom\u00e1nyi Tagozat\u00e1nak vezet\u0151je<\/strong>. Eddig <strong>tizenegy doktorandusza szerzett PhD-fokozatot<\/strong>, t\u00f6bb mint sz\u00e1z TDK-hallgat\u00f3 \u00e9s sz\u00e1mos fiatal rezidens munk\u00e1j\u00e1t mentor\u00e1lta. K\u00e9t tan\u00edtv\u00e1nya <strong>Pro Scientia Arany\u00e9rem<\/strong> d\u00edjat nyert, \u00e9s sokan k\u00f6z\u00fcl\u00fck az akad\u00e9miai \u00e9letben vagy a klinikai seb\u00e9szetben folytatj\u00e1k sikeresen p\u00e1ly\u00e1jukat. Munk\u00e1j\u00e1t 2021-ben a <strong>Mestertan\u00e1r Arany\u00e9remmel<\/strong> ismert\u00e9k el.<\/p>\n<p>A fiatal seb\u00e9szgener\u00e1ci\u00f3k t\u00e1mogat\u00e1sa \u00e9rdek\u00e9ben <strong>alap\u00edt\u00f3ja volt a Fiatal Seb\u00e9szek Szekci\u00f3j\u00e1nak (FiSeSz)<\/strong>, amelyet h\u00e1rom \u00e9ven \u00e1t eln\u00f6kk\u00e9nt is vezetett. Ezzel megteremtette a hazai seb\u00e9szk\u00e9pz\u00e9s egyik legakt\u00edvabb, szakmailag is meghat\u00e1roz\u00f3 k\u00f6z\u00f6ss\u00e9g\u00e9t, amelynek kongresszusait \u00e9s szakmai rendezv\u00e9nyeit t\u00f6bb \u00e9ven kereszt\u00fcl \u0151 szervezte.<\/p>\n<p>A hazai \u00e9s nemzetk\u00f6zi tudom\u00e1nyos \u00e9let akt\u00edv szerepl\u0151jek\u00e9nt <strong>sz\u00e1mos kongresszus eln\u00f6ke \u00e9s szervez\u0151je<\/strong> volt, k\u00f6zt\u00fck a <strong>Magyar Seb\u00e9szt\u00e1rsas\u00e1g, a Magyar Gasztroenterol\u00f3giai T\u00e1rsas\u00e1g, az Orsz\u00e1gos Tudom\u00e1nyos Di\u00e1kk\u00f6ri Konferencia<\/strong> rendezv\u00e9nyein. Emellett a <strong>Semmelweis Egyetem \u201eTransplant Today\u201d<\/strong> \u00e9s <strong>Bari\u00e1triai Seb\u00e9szeti Konferenciasorozat\u00e1nak, illetve <\/strong>a <strong>European Society for Surgical Research <\/strong>kongresszus\u00e1nak is rendszeres eln\u00f6ke.<\/p>\n<p>Tudom\u00e1nyos publik\u00e1ci\u00f3inak sz\u00e1ma meghaladja a <strong>150-et<\/strong>, hivatkoz\u00e1sai sz\u00e1ma t\u00f6bb mint <strong>1300<\/strong>, <strong>Hirsch-indexe 21<\/strong>. Szerz\u0151k\u00e9nt \u00e9s szerkeszt\u0151k\u00e9nt <strong>9 k\u00f6nyvfejezet \u00e9s 3 szakk\u00f6nyv<\/strong> f\u0171z\u0151dik a nev\u00e9hez, amelyek a seb\u00e9szet, a k\u00eds\u00e9rletes orvostudom\u00e1ny \u00e9s a robotseb\u00e9szet ter\u00fclet\u00e9n ny\u00fajtanak \u00e1tfog\u00f3 szakmai ismereteket.<\/p>\n<p>Kutat\u00e1si programjai \u2013 k\u00f6zt\u00fck <strong>OTKA<\/strong>, <strong>GINOP<\/strong> \u00e9s <strong>Bolyai-\u00f6szt\u00f6nd\u00edjas<\/strong> projektek \u2013 a \u00a0m\u00e1jregener\u00e1ci\u00f3, a prehabilit\u00e1ci\u00f3 \u00e9s a seb\u00e9szeti iszk\u00e9mia v\u00e9delmi mechanizmusainak ter\u00fclet\u00e9n hoztak \u00faj eredm\u00e9nyeket.<\/p>\n<p>A <strong>robotseb\u00e9szet magyarorsz\u00e1gi \u00fatt\u00f6r\u0151jek\u00e9nt<\/strong> 2022-ben \u0151 v\u00e9gezte el az els\u0151 hazai, seb\u00e9szeti indik\u00e1ci\u00f3j\u00fa <strong>robotassziszt\u00e1lt m\u0171t\u00e9tet<\/strong>, ezzel \u00faj korszakot nyitva a magyar seb\u00e9szet t\u00f6rt\u00e9net\u00e9ben. Ma a <strong>Semmelweis Egyetem Robotseb\u00e9szeti Programj\u00e1nak vezet\u0151je<\/strong>, \u00e9s az innovat\u00edv technol\u00f3gi\u00e1k klinikai, oktat\u00e1si \u00e9s kutat\u00e1si integr\u00e1ci\u00f3j\u00e1nak hazai k\u00e9pvisel\u0151je.<\/p>\n<p>Dr. Szij\u00e1rt\u00f3 Attila a <strong>Magyar Seb\u00e9szt\u00e1rsas\u00e1g megv\u00e1lasztott eln\u00f6ke<\/strong>, 2025-t\u0151l pedig a <strong>Magyar Seb\u00e9szet<\/strong> c\u00edm\u0171 foly\u00f3irat <strong>f\u0151szerkeszt\u0151je<\/strong>. A nemzetk\u00f6zi szakmai k\u00f6z\u00e9letben a <strong>UEMS HPB Surgery<\/strong> magyar deleg\u00e1ltja, a <strong>Jap\u00e1n\u2013Magyar\u2013Lengyel Seb\u00e9sz T\u00e1rsas\u00e1g<\/strong> magyar tagozat\u00e1nak eln\u00f6ke, valamint sz\u00e1mos eur\u00f3pai seb\u00e9szeti t\u00e1rsas\u00e1g \u2013 k\u00f6zt\u00fck az <strong>IHPBA<\/strong>, az <strong>ESA<\/strong> \u00e9s az <strong>ESSR<\/strong> \u2013 akt\u00edv tagja, kor\u00e1bban n\u00e9melyek aleln\u00f6ke \u00e9s kincst\u00e1rnoka.<\/p>\n<p>Egyetemi megb\u00edz\u00e1sai k\u00f6z\u00fcl kiemelkedik, hogy tagja a <strong>Semmelweis Egyetem Szen\u00e1tus\u00e1nak<\/strong>, a <strong>Habilit\u00e1ci\u00f3s Bizotts\u00e1gnak<\/strong>, az <strong>Egyetemi Tudom\u00e1nyos Tan\u00e1csnak<\/strong>, valamint a <strong>Doktori Tan\u00e1csnak<\/strong>. 2021 \u00f3ta vezeti az egyetem <strong>Robotseb\u00e9szeti Programj\u00e1t<\/strong>, \u00e9s eln\u00f6ke a <strong>Seb\u00e9szeti Gr\u00e9miumnak<\/strong> is.<\/p>\n<p>Szakmai \u00e9s tudom\u00e1nyos munk\u00e1j\u00e1t t\u00f6bb mint h\u00fasz elismer\u00e9s k\u00eds\u00e9ri, k\u00f6zt\u00fck a <strong>Jendrassik Ern\u0151-eml\u00e9k\u00e9rem<\/strong>, a <strong>Pro Universitate \u00c9rdemrend<\/strong>, valamint 2025-ben a <strong>Markusovszky-eml\u00e9kplakett<\/strong>.<\/p>\n<p>&nbsp;<\/p>\n","protected":false},"excerpt":{"rendered":"<p>Dr. Szij\u00e1rt\u00f3 Attila 1976-ban sz\u00fcletett Budapesten. 2001-ben szerzett orvosi diplom\u00e1t summa cum laude min\u0151s\u00edt\u00e9ssel a Semmelweis Egyetem \u00c1ltal\u00e1nos Orvostudom\u00e1nyi Kar\u00e1n, ahol az\u00f3ta is dolgozik. 2020 \u00f3ta a Seb\u00e9szeti, Transzplant\u00e1ci\u00f3s \u00e9s Gasztroenterol\u00f3giai Klinika igazgat\u00f3ja \u00e9s tansz\u00e9kvezet\u0151 &hellip;<\/p>\n","protected":false},"author":170,"featured_media":0,"parent":0,"menu_order":0,"comment_status":"closed","ping_status":"closed","template":"","meta":{"footnotes":""},"class_list":["post-3","page","type-page","status-publish","hentry"],"_links":{"self":[{"href":"https:\/\/scholar.semmelweis.hu\/szijartoattila\/wp-json\/wp\/v2\/pages\/3"}],"collection":[{"href":"https:\/\/scholar.semmelweis.hu\/szijartoattila\/wp-json\/wp\/v2\/pages"}],"about":[{"href":"https:\/\/scholar.semmelweis.hu\/szijartoattila\/wp-json\/wp\/v2\/types\/page"}],"author":[{"embeddable":true,"href":"https:\/\/scholar.semmelweis.hu\/szijartoattila\/wp-json\/wp\/v2\/users\/170"}],"replies":[{"embeddable":true,"href":"https:\/\/scholar.semmelweis.hu\/szijartoattila\/wp-json\/wp\/v2\/comments?post=3"}],"version-history":[{"count":2,"href":"https:\/\/scholar.semmelweis.hu\/szijartoattila\/wp-json\/wp\/v2\/pages\/3\/revisions"}],"predecessor-version":[{"id":59,"href":"https:\/\/scholar.semmelweis.hu\/szijartoattila\/wp-json\/wp\/v2\/pages\/3\/revisions\/59"}],"wp:attachment":[{"href":"https:\/\/scholar.semmelweis.hu\/szijartoattila\/wp-json\/wp\/v2\/media?parent=3"}],"curies":[{"name":"wp","href":"https:\/\/api.w.org\/{rel}","templated":true}]}}