{"id":2,"date":"2016-05-17T08:19:14","date_gmt":"2016-05-17T06:19:14","guid":{"rendered":"http:\/\/scholar.semmelweis.hu\/szijartoattila\/cv\/"},"modified":"2025-11-26T15:54:54","modified_gmt":"2025-11-26T14:54:54","slug":"cv","status":"publish","type":"page","link":"https:\/\/scholar.semmelweis.hu\/szijartoattila\/cv\/","title":{"rendered":"CV"},"content":{"rendered":"<p><strong>Klinikai munka:<\/strong><\/p>\n<p>2008-ban seb\u00e9szet szakvizsg\u00e1t szerzett kiv\u00e1l\u00f3an megfelelt min\u0151s\u00edt\u00e9ssel.\u00a0\u00c9rdekl\u0151d\u00e9si ter\u00fclete a m\u00e1j, epe \u00e9s hasny\u00e1lmirigy megbeteged\u00e9sek seb\u00e9szete; j\u00e1rtass\u00e1got szerzett percutan epe\u00fati intrervenci\u00f3k \u00e9s ter\u00e1pi\u00e1s endoszk\u00f3pos ell\u00e1t\u00e1sok ter\u00e9n. Sz\u00e1mos r\u00f6videbb k\u00fclf\u00f6ldi tanulm\u00e1ny\u00fat (Pelikan Center \u2013 Basingstoke, Egyes\u00fclt Kir\u00e1lys\u00e1g; St Mark\u2019s Hospital London) mellett hosszabb id\u0151t t\u00f6lt\u00f6tt Jap\u00e1nban ahol a kyotoi egyetem m\u00e1jseb\u00e9szeti \u00e9s transzplant\u00e1ci\u00f3s centrum\u00e1ban fellow-k\u00e9nt dolgozott. Jelenleg onkol\u00f3gia szakk\u00e9pz\u00e9sben vesz r\u00e9szt.<\/p>\n<p><strong>Tudom\u00e1nyos tev\u00e9kenys\u00e9g:<\/strong><\/p>\n<p>Seb\u00e9szeti szakk\u00e9pz\u00e9se alatt tov\u00e1bbfolytatta, egyetemi tanulm\u00e1nyai sor\u00e1n\u00a0megkezdett preklinikai, experiment\u00e1lis kutat\u00e1sait, melynek eredm\u00e9nyek\u00e9nt 2007-ben Ph.D. fokozatot szerzett summa cum laude min\u0151s\u00edt\u00e9ssel \u201eAz ischaemi\u00e1s tolerancia n\u00f6vel\u00e9s\u00e9nek lehet\u0151s\u00e9gei a m\u00e1jseb\u00e9szetben\u201d c\u00edmmel. 2015-ben habilit\u00e1lt a Semmelwei Egyetem.<\/p>\n<p>Klinikai munk\u00e1ja mellett az I. sz. Seb\u00e9szeti Klinik\u00e1n mentor\u00e1val \u00fajra\u00e9lesztette a K\u00eds\u00e9rletes Seb\u00e9szeti R\u00e9szleget, melynek 2003-t\u00f3l vezet\u0151je. Kutat\u00e1si ter\u00fclete seb\u00e9szeti k\u00f3r\u00e1llapotok patofiziol\u00f3gia vizsg\u00e1lata, ezen bel\u00fcl is k\u00fcl\u00f6n hangs\u00falyt kapott az ischaemi\u00e1s \u00e9s reperf\u00fazi\u00f3s k\u00f3r\u00e1llapot, illetve ezen k\u00f3rfolyamatokat befoly\u00e1sol\u00f3 kond\u00edcion\u00e1l\u00e1si technik\u00e1k vizsg\u00e1lata. A klinik\u00e1n m\u0171k\u00f6d\u0151 \u00e9rseb\u00e9szeti munkacsoporttal val\u00f3 szoros egy\u00fcttm\u0171k\u00f6d\u00e9s eredm\u00e9nyk\u00e9nt az als\u00f3 v\u00e9gtagi kritikus ischaeami\u00e1s folyamatok tanulm\u00e1nyoz\u00e1s\u00e1ra mind k\u00eds\u00e9rletes, mind klinikai vonalon k\u00fcl\u00f6n hangs\u00falyt fektetett. Seb\u00e9szeti \u00e9rdekl\u0151d\u00e9si ter\u00fclet\u00e9nek megfelel\u0151en a m\u00e1jseb\u00e9szeti \u00e9s regener\u00e1ci\u00f3s vizsg\u00e1latok k\u00e9pezt\u00e9k \u00e9s k\u00e9pzik munkacsoportj\u00e1nak f\u0151bb kutat\u00e1si ir\u00e1nyvonal\u00e1t.<\/p>\n<p>Kutat\u00f3munk\u00e1j\u00e1nak elismer\u00e9sek\u00e9nt 2014. m\u00e1jus\u00e1ban a Europen Society for Surgical Research 49. nemzetk\u00f6zi kongresszus\u00e1nak eln\u00f6ke volt. Szerkeszt\u0151bizotts\u00e1gi tags\u00e1gai: European Surgical Research; Frontiers in Surgery. Sz\u00e1mos hazai (SE, Szegedi Tudom\u00e1nyegyetem, MTA-TTK) \u00e9s nemzetk\u00f6zi (Aachen, J\u00e9na, Amsterdam, Br\u00e9ma) kollabor\u00e1ci\u00f3t tart fenn. \u00d6sszesen: 183 (124 hazai \u00e9s 59 nemzetk\u00f6zi) el\u0151ad\u00e1s els\u0151 \u00e9s t\u00e1rsszerz\u0151je.\u00a0 K\u00f6zlem\u00e9nyeink sz\u00e1ma 57, \u00f6sszes\u00edtett impakt faktora: 79,8; hivatkoz\u00e1sainak sz\u00e1ma 350, Hirsch indexe: 10. Sz\u00e1mos hazai \u00e9s nemzetk\u00f6zi d\u00edj, p\u00e1ly\u00e1zat nyertese, kiemelend\u0151: MTA \u2013 Bolyai J\u00e1nos Kutat\u00e1si \u00d6szt\u00f6nd\u00edj; Dr. Reg\u00f6ly-M\u00e9rei J\u00e1nos Alap\u00edtv\u00e1ny nyertese, SE \u2013 Merit-d\u00edj, Pro optimo merito in pancreato-oncologica.<\/p>\n<p>Publik\u00e1ci\u00f3s adatokat \u00f6sszefoglal\u00f3 t\u00e1bl\u00e1zat: <a href=\"https:\/\/vm.mtmt.hu\/search\/tmtosztaly.php?lang=0&amp;vanlink=1&amp;ponton=&amp;AuthorID=10001995&amp;pub=1\">itt<\/a><\/p>\n<p>MTMT adatb\u00e1zisban fellehet\u0151 publik\u00e1ci\u00f3s lista: <a href=\"https:\/\/vm.mtmt.hu\/\/search\/slist.php?lang=0&amp;top10=0&amp;AuthorID=10001995\">itt<\/a><\/p>\n<p><strong>Oktat\u00f3i tev\u00e9kenys\u00e9ge:<\/strong><\/p>\n<p>Rendszeresen tart el\u0151ad\u00e1sokat \u00e9s gyakorlatokat magyar \u00e9s angol nyelven, a \u201eGondolkod\u00f3 Seb\u00e9szet\u201d kurzus vezet\u0151je. Eddig 84\u00a0TDK hallgat\u00f3 t\u00e9mavezet\u0151je, akik eredm\u00e9nyei k\u00f6z\u00e9 sorolhat\u00f3:54\u00a0el\u0151ad\u00e1s (40\u00a0d\u00edjazott) SE TDK Konferenci\u00e1j\u00e1n;\u00a014\u00a0(ebb\u0151l\u00a08\u00a0d\u00edjazott) OTDK r\u00e9szv\u00e9tel,\u00a021\u00a0nemzetk\u00f6zi TDK konferencia r\u00e9szv\u00e9tel. 23\u00a0rektori p\u00e1lyamunka \u00e9s 39\u00a0szakdolgozat;\u00a06\u00a0Semmelweis egyetemi kiv\u00e1l\u00f3 di\u00e1kk\u00f6r\u00f6s \u00e9s 2 MTA \u2013 Pro Scientia Arany\u00e9rem d\u00edjazott hallgat\u00f3 t\u00e9mavezet\u0151je. 2010-t\u0151l a SE Tudom\u00e1nyos Di\u00e1kk\u00f6ri Tan\u00e1cs\u00e1nak tagja; oktat\u00f3i munk\u00e1ja elismer\u00e9sek\u00e9nt kiv\u00e1l\u00f3 TDK hallgat\u00f3 nevel\u0151 kit\u00fcntet\u00e9st kapott. Jelenleg a SE Doktori Iskol\u00e1j\u00e1ban 3 k\u00fcl\u00f6nb\u00f6z\u0151 t\u00e9m\u00e1ban ind\u00edtott k\u00e9pz\u00e9s kapcs\u00e1n 3 v\u00e9gzett, n\u00e9gy 2015-ben fokozatot szerz\u0151 \u00e9s tov\u00e1bbi 2 PhD hallgat\u00f3 t\u00e9mavezet\u0151je.<\/p>\n<p><strong>Szakmai t\u00e1rsas\u00e1gi \u00e9s szakmapolitikai tev\u00e9kenys\u00e9ge:\u00a0<\/strong><\/p>\n<p>Kutat\u00e1si tev\u00e9kenys\u00e9ge mellett k\u00fcl\u00f6n\u00f6s hangs\u00falyt fektet a szakorvosk\u00e9pz\u00e9s min\u0151s\u00e9g\u00e9nek fejleszt\u00e9s\u00e9re, mely ind\u00edttat\u00e1sb\u00f3l koll\u00e9g\u00e1ival megalap\u00edtotta a Fiatal Seb\u00e9szek Szekci\u00f3j\u00e1t (FiSeSz), melynek 3 \u00e9ve eln\u00f6ke \u00e9s ezzel az \u00e9ves kongresszusok eln\u00f6ke is egyben. A FiSeSz t\u00e1mogat\u00e1s\u00e1ra l\u00e9trej\u00f6tt alap\u00edtv\u00e1ny kurat\u00f3rium\u00e1nak eln\u00f6ke. Mentori feladatokat l\u00e1t el jelenleg 3 seb\u00e9szeti szakorvosk\u00e9pz\u00e9sben r\u00e9szt vev\u0151 koll\u00e9ga kapcs\u00e1n. A Semmelweis Egyetem Klinikai Bizotts\u00e1g\u00e1nak tagja. Sz\u00e1mos (\u00f6sszesen 15) hazai \u00e9s nemzetk\u00f6zi t\u00e1rsas\u00e1g tagja, melyek k\u00f6z\u00fcl vezet\u0151s\u00e9gi (Magyar Gasztroenterol\u00f3giai T\u00e1rsas\u00e1g, FIGAMU), illetve tisztvisel\u0151i szerepet t\u00f6lt be a Magyar Seb\u00e9sz T\u00e1rsas\u00e1gban p\u00e9nzt\u00e1rosk\u00e9nt, a FiSeSz eln\u00f6kek\u00e9nt, az ESSR aleln\u00f6kek\u00e9nt.\u00a0 Az Interacademical Medical Panel (IAMP) \u2013 Young Physician Leadership szekci\u00f3ja alumni tagj\u00e1nak v\u00e1lasztott\u00e1k 2014-ben.<\/p>\n<p>R\u00e9szletes CV let\u00f6lthet\u0151: <a href=\"http:\/\/semmelweis.hu\/kiserletimuto\/files\/2015\/12\/AttilaSZIJARTO_CV_HUN_2016_07_18.pdf\">innen.<\/a><\/p>\n","protected":false},"excerpt":{"rendered":"<p>Klinikai munka: 2008-ban seb\u00e9szet szakvizsg\u00e1t szerzett kiv\u00e1l\u00f3an megfelelt min\u0151s\u00edt\u00e9ssel.\u00a0\u00c9rdekl\u0151d\u00e9si ter\u00fclete a m\u00e1j, epe \u00e9s hasny\u00e1lmirigy megbeteged\u00e9sek seb\u00e9szete; j\u00e1rtass\u00e1got szerzett percutan epe\u00fati intrervenci\u00f3k \u00e9s ter\u00e1pi\u00e1s endoszk\u00f3pos ell\u00e1t\u00e1sok ter\u00e9n. Sz\u00e1mos r\u00f6videbb k\u00fclf\u00f6ldi tanulm\u00e1ny\u00fat (Pelikan Center \u2013 Basingstoke, &hellip;<\/p>\n","protected":false},"author":170,"featured_media":0,"parent":0,"menu_order":0,"comment_status":"closed","ping_status":"closed","template":"","meta":{"footnotes":""},"class_list":["post-2","page","type-page","status-publish","hentry"],"_links":{"self":[{"href":"https:\/\/scholar.semmelweis.hu\/szijartoattila\/wp-json\/wp\/v2\/pages\/2"}],"collection":[{"href":"https:\/\/scholar.semmelweis.hu\/szijartoattila\/wp-json\/wp\/v2\/pages"}],"about":[{"href":"https:\/\/scholar.semmelweis.hu\/szijartoattila\/wp-json\/wp\/v2\/types\/page"}],"author":[{"embeddable":true,"href":"https:\/\/scholar.semmelweis.hu\/szijartoattila\/wp-json\/wp\/v2\/users\/170"}],"replies":[{"embeddable":true,"href":"https:\/\/scholar.semmelweis.hu\/szijartoattila\/wp-json\/wp\/v2\/comments?post=2"}],"version-history":[{"count":20,"href":"https:\/\/scholar.semmelweis.hu\/szijartoattila\/wp-json\/wp\/v2\/pages\/2\/revisions"}],"predecessor-version":[{"id":65,"href":"https:\/\/scholar.semmelweis.hu\/szijartoattila\/wp-json\/wp\/v2\/pages\/2\/revisions\/65"}],"wp:attachment":[{"href":"https:\/\/scholar.semmelweis.hu\/szijartoattila\/wp-json\/wp\/v2\/media?parent=2"}],"curies":[{"name":"wp","href":"https:\/\/api.w.org\/{rel}","templated":true}]}}