{"id":1,"date":"2016-05-17T08:19:14","date_gmt":"2016-05-17T06:19:14","guid":{"rendered":"http:\/\/scholar.semmelweis.hu\/szijartoattila\/elerhetoseg\/"},"modified":"2025-11-24T13:49:23","modified_gmt":"2025-11-24T12:49:23","slug":"elerhetoseg","status":"publish","type":"page","link":"https:\/\/scholar.semmelweis.hu\/szijartoattila\/elerhetoseg\/","title":{"rendered":"El\u00e9rhet\u0151s\u00e9gek"},"content":{"rendered":"<div>Seb\u00e9szeti, Transzplant\u00e1ci\u00f3s \u00e9s Gasztroenterol\u00f3giai Klinika \/ Department of Surgery, Transplantation and Gastroenterology<br \/>\nSemmelweis Egyetem\/ Semmelweis University<br \/>\n\u00dcll\u00f6i \u00fat 78\u00a0 Budapest H-1082 HUNGARY<br \/>\nPhone: <a href=\"tel:%2B36-20-825-89-25\">+36-20-825-89-25<\/a><\/div>\n<div>Email: szijarto.attila@semmelweis.hu<\/div>\n<div>\u00a0<\/div>\n","protected":false},"excerpt":{"rendered":"<p>Seb\u00e9szeti, Transzplant\u00e1ci\u00f3s \u00e9s Gasztroenterol\u00f3giai Klinika \/ Department of Surgery, Transplantation and Gastroenterology<br \/>\nSemmelweis Egyetem\/ Semmelweis University<br \/>\n\u00dcll\u00f6i \u00fat 78\u00a0 Budapest H-1082 HUNGARY<br \/>\nPhone: <a href=\"tel:%2B36-20-825-89-25\">+36-20-825-89-25<\/a><br \/>\nEmail: szijarto.attila@semmelweis.hu<br \/>\n\u00a0<\/p>\n","protected":false},"author":170,"featured_media":0,"parent":0,"menu_order":0,"comment_status":"closed","ping_status":"closed","template":"","meta":{"footnotes":""},"class_list":["post-1","page","type-page","status-publish","hentry"],"_links":{"self":[{"href":"https:\/\/scholar.semmelweis.hu\/szijartoattila\/wp-json\/wp\/v2\/pages\/1"}],"collection":[{"href":"https:\/\/scholar.semmelweis.hu\/szijartoattila\/wp-json\/wp\/v2\/pages"}],"about":[{"href":"https:\/\/scholar.semmelweis.hu\/szijartoattila\/wp-json\/wp\/v2\/types\/page"}],"author":[{"embeddable":true,"href":"https:\/\/scholar.semmelweis.hu\/szijartoattila\/wp-json\/wp\/v2\/users\/170"}],"replies":[{"embeddable":true,"href":"https:\/\/scholar.semmelweis.hu\/szijartoattila\/wp-json\/wp\/v2\/comments?post=1"}],"version-history":[{"count":9,"href":"https:\/\/scholar.semmelweis.hu\/szijartoattila\/wp-json\/wp\/v2\/pages\/1\/revisions"}],"predecessor-version":[{"id":63,"href":"https:\/\/scholar.semmelweis.hu\/szijartoattila\/wp-json\/wp\/v2\/pages\/1\/revisions\/63"}],"wp:attachment":[{"href":"https:\/\/scholar.semmelweis.hu\/szijartoattila\/wp-json\/wp\/v2\/media?parent=1"}],"curies":[{"name":"wp","href":"https:\/\/api.w.org\/{rel}","templated":true}]}}