{"id":5,"date":"2022-05-23T10:43:17","date_gmt":"2022-05-23T08:43:17","guid":{"rendered":"https:\/\/scholar.semmelweis.hu\/szalardyorsolya\/bemutatkozas\/"},"modified":"2026-01-06T15:48:23","modified_gmt":"2026-01-06T14:48:23","slug":"bemutatkozas","status":"publish","type":"page","link":"https:\/\/scholar.semmelweis.hu\/szalardyorsolya\/","title":{"rendered":"Introduction"},"content":{"rendered":"<h4><strong>Orsolya Szal\u00e1rdy, PhD<\/strong><\/h4>\n<p><strong>E-mail:<\/strong> <a href=\"mailto:szalardy.orsolya@semmelweis.hu\">szalardy.orsolya@semmelweis.hu<\/a><br \/>\n<strong>Nationality:<\/strong> Hungarian<\/p>\n<h4><strong>Education:<\/strong><\/h4>\n<ul>\n<li>2009-2016 PhD in Psychology, <br \/>\nBudapest University of Technology and Economics (BME), Faculty of Natural Sciences, Department of Cognitive Science,<br \/>\n<em>Thesis (2016): Percept-inducing and percept-stabilizing cues of auditory stream segregation<\/em><\/li>\n<li>2011-2013 MSc in Agricultural Engineering, <br \/>\nSzent Istv\u00e1n University, Faculty of Agricultural and Environmental Sciences<\/li>\n<li>2004-2009 MSc in Biological Science, <br \/>\nUniversity of Szeged, Faculty of Science and Informatics, majoring in biology<\/li>\n<\/ul>\n<h4><strong>Professional experience:<\/strong><\/h4>\n<ul>\n<li>2018-\u00a0Research fellow, Semmelweis University, Faculty of Medicine, Institute of Behavioural Sciences<\/li>\n<li>2016-2022 Research fellow, Institute of Cognitive Neuroscience and Psychology, Research Centre for Natural Sciences, Hungarian Academy of Sciences, Budapest, Hungary<\/li>\n<li>2009-2016 Junior research fellow, Institute of Cognitive Neuroscience and Psychology, Research Centre for Natural Sciences, Hungarian Academy of Sciences, Budapest, Hungary<\/li>\n<\/ul>\n<h4><strong>Research interests:<\/strong><\/h4>\n<ul>\n<li>Sleep macro- and microstructural features and their role in shaping the developing brain<\/li>\n<li>Psychophysical and EEG markers of auditory perception and the functional brain networks underlying them<\/li>\n<\/ul>\n<h4><strong>Language skills:<\/strong><\/h4>\n<ul>\n<li>Hungarian (native)<\/li>\n<li>English (fluent)<\/li>\n<li>Italian (elementary)<\/li>\n<\/ul>\n<h4><strong>Teaching:<\/strong><\/h4>\n<ul>\n<li>2021- Semmelweis University, Sleep and Chronobiology<\/li>\n<li>2021- Semmelweis University, Dental Psychology<\/li>\n<li>2020- Semmelweis University, Medical Psychology<\/li>\n<li>2020- Semmelweis University, Electrophysiological analysis of sleep-wake states PhD course<\/li>\n<li>2010-2011 P\u00e1zm\u00e1ny P\u00e9ter Catholic University, Faculty of Humanities, Department of Psychology, practice on General Psychology<\/li>\n<li>2011 Budapest University of Technology and Economics, Faculty of Natural Sciences, Department of Cognitive Science, lectures on Introduction to Cognitive Neuroscience<\/li>\n<\/ul>\n<div class=\"keretes w-100\"><strong>Publication list:\u00a0<a href=\"https:\/\/m2.mtmt.hu\/gui2\/?type=authors&amp;mode=browse&amp;sel=10017954\" target=\"_blank\" rel=\"noopener\">https:\/\/m2.mtmt.hu\/gui2\/?type=authors&amp;mode=browse&amp;sel=10017954<\/a><\/strong><\/div>\n<p>&nbsp;<\/p>\n","protected":false},"excerpt":{"rendered":"<p>Orsolya Szal\u00e1rdy, PhD E-mail: <a href=\"mailto:szalardy.orsolya@semmelweis.hu\">szalardy.orsolya@semmelweis.hu<\/a> Nationality: Hungarian Education: 2009-2016 PhD in Psychology, Budapest University of Technology and Economics (BME), Faculty of Natural Sciences, Department of Cognitive Science, Thesis (2016): Percept-inducing and percept-stabilizing cues of auditory stream &hellip;<\/p>\n","protected":false},"author":148,"featured_media":0,"parent":0,"menu_order":0,"comment_status":"closed","ping_status":"closed","template":"","meta":{"footnotes":""},"class_list":["post-5","page","type-page","status-publish","hentry"],"_links":{"self":[{"href":"https:\/\/scholar.semmelweis.hu\/szalardyorsolya\/wp-json\/wp\/v2\/pages\/5"}],"collection":[{"href":"https:\/\/scholar.semmelweis.hu\/szalardyorsolya\/wp-json\/wp\/v2\/pages"}],"about":[{"href":"https:\/\/scholar.semmelweis.hu\/szalardyorsolya\/wp-json\/wp\/v2\/types\/page"}],"author":[{"embeddable":true,"href":"https:\/\/scholar.semmelweis.hu\/szalardyorsolya\/wp-json\/wp\/v2\/users\/148"}],"replies":[{"embeddable":true,"href":"https:\/\/scholar.semmelweis.hu\/szalardyorsolya\/wp-json\/wp\/v2\/comments?post=5"}],"version-history":[{"count":6,"href":"https:\/\/scholar.semmelweis.hu\/szalardyorsolya\/wp-json\/wp\/v2\/pages\/5\/revisions"}],"predecessor-version":[{"id":27,"href":"https:\/\/scholar.semmelweis.hu\/szalardyorsolya\/wp-json\/wp\/v2\/pages\/5\/revisions\/27"}],"wp:attachment":[{"href":"https:\/\/scholar.semmelweis.hu\/szalardyorsolya\/wp-json\/wp\/v2\/media?parent=5"}],"curies":[{"name":"wp","href":"https:\/\/api.w.org\/{rel}","templated":true}]}}