{"id":3,"date":"2016-05-10T13:00:30","date_gmt":"2016-05-10T11:00:30","guid":{"rendered":"http:\/\/scholar.semmelweis.hu\/szalaitamasdomotor\/bemutatkozas\/"},"modified":"2025-03-17T18:53:41","modified_gmt":"2025-03-17T17:53:41","slug":"bemutatkozas","status":"publish","type":"page","link":"https:\/\/scholar.semmelweis.hu\/szalaitamasdomotor\/","title":{"rendered":"Bemutatkoz\u00e1s"},"content":{"rendered":"<p><span class=\"xr_s3\"><span class=\"xr_tj xr_s1\">Dr. Szalai Tam\u00e1s D\u00f6m\u00f6t\u00f6r vagyok, feln\u0151tt klinikai szakpszichol\u00f3gus, kr\u00edzistan\u00e1csad\u00f3 szakpszichol\u00f3gus, p\u00e1r- \u00e9s csal\u00e1dterapeuta. Klinikai \u00e9s<\/span> <span class=\"xr_tj xr_s1\">eg\u00e9szs\u00e9gpszichol\u00f3gia MA szakir\u00e1nyon v\u00e9geztem kit\u00fcntet\u00e9ses min\u0151s\u00edt\u00e9ssel, majd az ELTE kr\u00edzistan\u00e1csad\u00e1s szakir\u00e1ny\u00e1n, illetve a P\u00e9csi Tudom\u00e1nyegyetemen feln\u0151tt klinikai- \u00e9s ment\u00e1lhigi\u00e9niai szakpszichol\u00f3gusk\u00e9nt v\u00e9geztem, kiv\u00e1l\u00f3an megfelelt eredm\u00e9nyekkel. <\/span><\/span><span class=\"xr_tj xr_s1\" style=\"font-size: 1rem\">Doktori fokozatomat a Semmelweis Egyetem Ment\u00e1lis Eg\u00e9szs\u00e9gtudom\u00e1nyok Doktori<\/span><span style=\"font-size: 1rem\">\u00a0<\/span><span class=\"xr_tj xr_s1\" style=\"font-size: 1rem\">Iskol\u00e1j\u00e1ban szereztem, kutat\u00e1si t\u00e9m\u00e1m a k\u00f6t\u0151d\u00e9s \u00e9s az ev\u00e9szavarok kapcsolata volt. <\/span><span class=\"xr_tj xr_s1\" style=\"font-size: 1rem\">Ter\u00e1pi\u00e1s m\u00f3dszerekk\u00e9nt <\/span><span class=\"xr_tj xr_s1\" style=\"font-size: 1rem\">neurolingvisztikus programoz\u00e1st, relax\u00e1ci\u00f3t, Williams \u00c9letk\u00e9szs\u00e9geket, medi\u00e1ci\u00f3t, EMDR \u00e9s IPT alapokat, illetve a legmeghat\u00e1roz\u00f3bban p\u00e1r-\u00e9s csal\u00e1dter\u00e1pi\u00e1t<\/span> <span class=\"xr_tj xr_s1\" style=\"font-size: 1rem\">tanultam.\u00a0<\/span><\/p>\n<p><span class=\"xr_s3\"><span class=\"xr_tj xr_s1\">P\u00e1lyakazd\u0151k\u00e9nt \u00f6<\/span><span class=\"xr_tj xr_s1\">t k\u00f6z\u00e9piskol\u00e1nak voltam pszichol\u00f3gusa. Kor\u00e1bbi munkahelyeimb\u0151l fakad\u00f3an g<\/span><span class=\"xr_tj xr_s1\">yakorlattal rendelkezem\u00a0<\/span> <span class=\"xr_tj xr_s1\">internetes tan\u00e1csad\u00e1sban, pszichi\u00e1triai k\u00f6zegeben, id\u0151skori probl\u00e9m\u00e1k, stresszkezel\u0151 \u00e9s versenyfelk\u00e9sz\u00edt\u0151 tr\u00e9ningek, valamint eg\u00e9szs\u00e9gfejleszt\u00e9s \u00e9s<\/span>\u00a0<span class=\"xr_tj xr_s1\">pszichoszomatikus probl\u00e9m\u00e1k ter\u00e9n. A Nemzeti Rehabilit\u00e1ci\u00f3s \u00e9s Szoci\u00e1lis Hivatal\u00a0<\/span> <span class=\"xr_tj xr_s1\">pszichol\u00f3gus szak\u00e9rt\u0151jek\u00e9nt \u00e9s a Nemzeti Drogmegel\u0151z\u00e9si Int\u00e9zet tan\u00e1csad\u00f3jak\u00e9nt\u00a0<\/span> <span class=\"xr_tj xr_s1\">dolgoztam. H\u00e1l\u00e1s vagyok, hogy 15 \u00e9ve<\/span><\/span><span class=\"xr_tj xr_s1\" style=\"font-size: 1rem\">\u00a0<\/span><span class=\"xr_tj xr_s1\" style=\"font-size: 1rem\">rendszerszeml\u00e9let\u0171 p\u00e1r- \u00e9s csal\u00e1dter\u00e1pi\u00e1val foglalkozhatok.<\/span><\/p>\n<p><span class=\"xr_s3\" style=\"font-size: 1rem\"><span class=\"xr_tj xr_s1\">A Semmelweis Egyetemen 2013 \u00f3ta dolgozom, <\/span><span class=\"xr_tj xr_s1\">az angol orvosi pszichol\u00f3gia munkacsoport vezet\u0151je vagyok,\u00a0<\/span><\/span><span class=\"xr_tj xr_s1\" style=\"font-size: 1rem\">orvosi\u00a0<\/span><span style=\"font-size: 1rem\">\u00a0<\/span><span class=\"xr_tj xr_s1\" style=\"font-size: 1rem\">pszichol\u00f3gi\u00e1t \u00e9s orvosi kommunik\u00e1ci\u00f3t tan\u00edtok angolul \u00e9s magyarul, <\/span><span class=\"xr_tj xr_s1\" style=\"font-size: 1rem\">kor\u00e1bban az ev\u00e9szavar kutat\u00f3csoport \u00e9s a pszichoszomatika kurzus vezet\u0151je voltam. Klinikai ir\u00e1nyults\u00e1gom munk\u00e1m legalapvet\u0151bb r\u00e9sze, a Pszichoszomatikus\u00a0<\/span> <span class=\"xr_tj xr_s1\" style=\"font-size: 1rem\">Szakrendel\u0151ben ev\u00e9szavarban, szorong\u00e1sos \u00e9s pszichoszomatikus zavarokban szenved\u0151k r\u00e9sz\u00e9re tartok egy\u00e9ni, csal\u00e1d- \u00e9s csoportter\u00e1pi\u00e1kat.\u00a0\u00a0<\/span><\/p>\n<p><span class=\"xr_s3\"><span class=\"xr_tj xr_s1\">Renegeteg szakmai \u00e9s szem\u00e9lyes helyzetben tapasztaltam, hogy valami az emberek\u00a0<\/span> <span class=\"xr_tj xr_s1\">k\u00f6z\u00f6tt romlik el vagy javul\u00a0 meg, amit\u0151l igaz\u00e1n \u00e1talakul az \u00e9let &#8211; \u00e9s elvesz\u00fcnk vagy\u00a0<\/span> <span class=\"xr_tj xr_s1\">boldogs\u00e1g j\u00e1r \u00e1t minket. Ez\u00e9rt a rendszerszeml\u00e9let \u00e9s a k\u00f6z\u00f6s m\u0171k\u00f6d\u00e9s \u00e9s egy\u00fctt\u00e9l\u00e9s\u00a0<\/span> <span class=\"xr_tj xr_s1\">kibontakoztat\u00e1sa form\u00e1lja munk\u00e1m alapj\u00e1t. Szeretem a k\u00e9t-h\u00e1rom szem\u00e9ly k\u00f6zt l\u00e9trej\u00f6v\u0151\u00a0<\/span> <span class=\"xr_tj xr_s1\">atmoszf\u00e9r\u00e1t, a besz\u00e9lget\u00e9s k\u00f6zels\u00e9g\u00e9t, a kreat\u00edv \u00e9s megfontolt jelenl\u00e9tet, a megold\u00e1s fel\u00e9\u00a0<\/span> <span class=\"xr_tj xr_s1\">seg\u00edt\u0151 feladatokat.\u00a0<\/span><span class=\"xr_tj xr_s1\">Hiszek az \u00e9let \u00e9s a kapcsolatok fejl\u0151d\u00e9s\u00e9ben. Tudom, hogy \u00e9rdemes szemben\u00e9zni\u00a0<\/span> <span class=\"xr_tj xr_s1\">magunkkal, \u00e9s elrendezni a m\u00faltat, megpr\u00f3b\u00e1lva a legjobbat kihozni a lehet\u0151s\u00e9geinkb\u0151l. <\/span><span class=\"xr_tj xr_s1\">Fontos el\u0151hozni az \u00e9rz\u00e9seinket, \u00e9s azokat megosztva kapcsolatt\u00e1 tenni a kapcsolatot. Mindez <\/span><span class=\"xr_tj xr_s1\">n\u00e9ha nem egyszer\u0171, de ha megt\u00f6rt\u00e9nik, \u00e9p\u00edt\u0151k\u00f6veink vannak. Ha c\u00e9lt tal\u00e1lunk, \u00e9s vannak\u00a0<\/span> <span class=\"xr_tj xr_s1\">t\u00e1rsaink az \u00fatra, a legt\u00f6bb gondot meg tudjuk oldani: hogy egyed\u00fcl \u00e9s egy\u00fctt is igaz\u00e1n j\u00f3l\u00a0<\/span> <span class=\"xr_tj xr_s1\">\u00e9rezz\u00fck magunkat.<\/span><\/span><\/p>\n","protected":false},"excerpt":{"rendered":"<p>Dr. Szalai Tam\u00e1s D\u00f6m\u00f6t\u00f6r vagyok, feln\u0151tt klinikai szakpszichol\u00f3gus, kr\u00edzistan\u00e1csad\u00f3 szakpszichol\u00f3gus, p\u00e1r- \u00e9s csal\u00e1dterapeuta. Klinikai \u00e9s eg\u00e9szs\u00e9gpszichol\u00f3gia MA szakir\u00e1nyon v\u00e9geztem kit\u00fcntet\u00e9ses min\u0151s\u00edt\u00e9ssel, majd az ELTE kr\u00edzistan\u00e1csad\u00e1s szakir\u00e1ny\u00e1n, illetve a P\u00e9csi Tudom\u00e1nyegyetemen feln\u0151tt klinikai- \u00e9s ment\u00e1lhigi\u00e9niai szakpszichol\u00f3gusk\u00e9nt &hellip;<\/p>\n","protected":false},"author":74,"featured_media":0,"parent":0,"menu_order":0,"comment_status":"closed","ping_status":"closed","template":"","meta":{"footnotes":""},"class_list":["post-3","page","type-page","status-publish","hentry"],"_links":{"self":[{"href":"https:\/\/scholar.semmelweis.hu\/szalaitamasdomotor\/wp-json\/wp\/v2\/pages\/3"}],"collection":[{"href":"https:\/\/scholar.semmelweis.hu\/szalaitamasdomotor\/wp-json\/wp\/v2\/pages"}],"about":[{"href":"https:\/\/scholar.semmelweis.hu\/szalaitamasdomotor\/wp-json\/wp\/v2\/types\/page"}],"author":[{"embeddable":true,"href":"https:\/\/scholar.semmelweis.hu\/szalaitamasdomotor\/wp-json\/wp\/v2\/users\/74"}],"replies":[{"embeddable":true,"href":"https:\/\/scholar.semmelweis.hu\/szalaitamasdomotor\/wp-json\/wp\/v2\/comments?post=3"}],"version-history":[{"count":6,"href":"https:\/\/scholar.semmelweis.hu\/szalaitamasdomotor\/wp-json\/wp\/v2\/pages\/3\/revisions"}],"predecessor-version":[{"id":24,"href":"https:\/\/scholar.semmelweis.hu\/szalaitamasdomotor\/wp-json\/wp\/v2\/pages\/3\/revisions\/24"}],"wp:attachment":[{"href":"https:\/\/scholar.semmelweis.hu\/szalaitamasdomotor\/wp-json\/wp\/v2\/media?parent=3"}],"curies":[{"name":"wp","href":"https:\/\/api.w.org\/{rel}","templated":true}]}}