{"id":1,"date":"2016-05-10T13:00:30","date_gmt":"2016-05-10T11:00:30","guid":{"rendered":"http:\/\/scholar.semmelweis.hu\/szalaitamasdomotor\/elerhetoseg\/"},"modified":"2025-03-17T16:55:25","modified_gmt":"2025-03-17T15:55:25","slug":"elerhetoseg","status":"publish","type":"page","link":"https:\/\/scholar.semmelweis.hu\/szalaitamasdomotor\/elerhetoseg\/","title":{"rendered":"El\u00e9rhet\u0151s\u00e9g"},"content":{"rendered":"<p>Telefon: +36705247157<\/p>\n<p>E-mail: szalai.domotor@gmail.com, szalai.tamas@semmelweis.hu<\/p>\n<p>&nbsp;<\/p>\n","protected":false},"excerpt":{"rendered":"<p>Telefon: +36705247157<br \/>\nE-mail: szalai.domotor@gmail.com, szalai.tamas@semmelweis.hu<br \/>\n&nbsp;<\/p>\n","protected":false},"author":74,"featured_media":0,"parent":0,"menu_order":0,"comment_status":"closed","ping_status":"closed","template":"","meta":{"footnotes":""},"class_list":["post-1","page","type-page","status-publish","hentry"],"_links":{"self":[{"href":"https:\/\/scholar.semmelweis.hu\/szalaitamasdomotor\/wp-json\/wp\/v2\/pages\/1"}],"collection":[{"href":"https:\/\/scholar.semmelweis.hu\/szalaitamasdomotor\/wp-json\/wp\/v2\/pages"}],"about":[{"href":"https:\/\/scholar.semmelweis.hu\/szalaitamasdomotor\/wp-json\/wp\/v2\/types\/page"}],"author":[{"embeddable":true,"href":"https:\/\/scholar.semmelweis.hu\/szalaitamasdomotor\/wp-json\/wp\/v2\/users\/74"}],"replies":[{"embeddable":true,"href":"https:\/\/scholar.semmelweis.hu\/szalaitamasdomotor\/wp-json\/wp\/v2\/comments?post=1"}],"version-history":[{"count":2,"href":"https:\/\/scholar.semmelweis.hu\/szalaitamasdomotor\/wp-json\/wp\/v2\/pages\/1\/revisions"}],"predecessor-version":[{"id":19,"href":"https:\/\/scholar.semmelweis.hu\/szalaitamasdomotor\/wp-json\/wp\/v2\/pages\/1\/revisions\/19"}],"wp:attachment":[{"href":"https:\/\/scholar.semmelweis.hu\/szalaitamasdomotor\/wp-json\/wp\/v2\/media?parent=1"}],"curies":[{"name":"wp","href":"https:\/\/api.w.org\/{rel}","templated":true}]}}