{"id":5,"date":"2022-06-27T17:07:55","date_gmt":"2022-06-27T15:07:55","guid":{"rendered":"https:\/\/scholar.semmelweis.hu\/susanszkyanna\/bemutatkozas\/"},"modified":"2026-01-29T09:59:57","modified_gmt":"2026-01-29T08:59:57","slug":"bemutatkozas","status":"publish","type":"page","link":"https:\/\/scholar.semmelweis.hu\/susanszkyanna\/","title":{"rendered":"Bemutatkoz\u00e1s"},"content":{"rendered":"<h6><span style=\"font-size: 18pt;\"><strong>dr. Sus\u00e1nszky Anna<\/strong><\/span><br \/>\n<span style=\"font-size: 18pt;\">egyetemi adjunktus<\/span><\/h6>\n<div class=\"keretes w-100\">\n<h3>El\u00e9rhet\u0151s\u00e9gek:\u00a0<\/h3>\n<p>Lev\u00e9lc\u00edm: Semmelweis Egyetem, Magatart\u00e1studom\u00e1nyi Int\u00e9zet<br \/>\n1089 Budapest, Nagyv\u00e1rad t\u00e9r 4. <br \/>\nTelefon: +36 1 210 2953, fax: +36 1 210 2955<br \/>\nE-mail: susanszky.anna@semmelweis.hu<br \/>\nsusanszky.anna@gmail.com<\/p>\n<\/div>\n<h3>V\u00e9gzetts\u00e9g:<\/h3>\n<p>2002. Kultur\u00e1lis antropol\u00f3gus kutat\u00f3, vizu\u00e1lis kult\u00fara tan\u00e1r <br \/>\n\u00a0 \u00a0 \u00a0 \u00a0 \u00a0 Miskolci Egyetem, Kultur\u00e1lis \u00e9s vizu\u00e1lis antropol\u00f3gia szak<br \/>\n2020. PhD fokozat, Semmelweis Egyetem, Ment\u00e1lis Eg\u00e9szs\u00e9gtudom\u00e1nyok Doktori Iskola<\/p>\n<h3>Egy\u00e9b k\u00e9pzetts\u00e9gek:<\/h3>\n<p>2012. Mesepedag\u00f3gus<br \/>\n\u00a0 \u00a0 \u00a0 \u00a0 \u00a0 Mesepedag\u00f3gia- Nevel\u00e9s \u00e9s oktat\u00e1s mes\u00e9kkel (A program feln\u0151ttk\u00e9pz\u00e9si nyilv\u00e1ntart\u00e1si sz\u00e1ma: 00733-2012) <br \/>\n2014. Alkot\u00f3-fejleszt\u0151 Metamorphoses- meseterapeuta <br \/>\n\u00a0 \u00a0 \u00a0 \u00a0 \u00a0 Meseter\u00e1pia k\u00e9pz\u00e9s 120 \u00f3ra (SE-TK\/2013.I.\/00117, SE-TK\/2013.II\/00256, SE-TK\/2014.I.\/00090) <br \/>\n2019. 200 \u00f3r\u00e1s Csal\u00e1dter\u00e1pia elm\u00e9leti \u00e9s m\u00f3dszertani alapk\u00e9pz\u00e9s \u00e9s szuperv\u00edzi\u00f3s szakasz (2017\/19\/TF\/200\/Budapest)<br \/>\n2021. Williams \u00c9letk\u00e9szs\u00e9gek okleveles facilit\u00e1tor (pedag\u00f3gus \u00e9s di\u00e1k W\u00c9K specializ\u00e1ci\u00f3val)<\/p>\n<h3>Nyelvismeret:<\/h3>\n<p>2003. angol k\u00f6z\u00e9pfok <br \/>\n2016. n\u00e9met alapfok<\/p>\n<h3>Munkahelyek:<\/h3>\n<p>2002-2004 Semmelweis Egyetem, Magatart\u00e1studom\u00e1nyi Int\u00e9zet, antropol\u00f3gia csoport, egyetemi gyakornok<br \/>\n2008- Semmelweis Egyetem, Magatart\u00e1studom\u00e1nyi Int\u00e9zet, szociol\u00f3gia csoport, egyetemi tan\u00e1rseg\u00e9d<br \/>\n2022- Semmelweis Egyetem, Magatart\u00e1studom\u00e1nyi Int\u00e9zet, szociol\u00f3gia csoport, egyetemi adjunktus<\/p>\n<h3>Oktat\u00e1s:<\/h3>\n<p><strong>Gradu\u00e1lis k\u00e9pz\u00e9s:<\/strong> <br \/>\n2002- orvosi antropol\u00f3gia, orvosi szociol\u00f3gia (\u00c1OK, GYOK, FOK) <br \/>\n2010- \u201eA reprodukci\u00f3 kultur\u00e1lis k\u00fcl\u00f6nbs\u00e9gei\u201d c. szabadon v\u00e1laszthat\u00f3 t\u00e1rgy vezet\u00e9se<br \/>\n2022- \u201eStresszkezel\u00e9s elm\u00e9lete \u00e9s gyakorlata\u201d c. szabadon v\u00e1laszthat\u00f3 t\u00e1rgy, csoportvezet\u0151<\/p>\n<p><strong>CME k\u00e9pz\u00e9s:<\/strong><br \/>\n2013- Az orvos-beteg kapcsolat kultur\u00e1lis saj\u00e1toss\u00e1gai. Alkalmazott klinikai orvosi antropol\u00f3gia<\/p>\n<p><strong>Egy\u00e9b tev\u00e9kenys\u00e9g:<br \/>\n<\/strong>2024- Csoportvezet\u0151 tan\u00e1r, szuperv\u00edzor a Mentor programban<\/p>\n<h3>Publik\u00e1ci\u00f3k:<\/h3>\n<p><a href=\"https:\/\/m2.mtmt.hu\/gui2\/?type=authors&amp;mode=browse&amp;sel=10035527\" target=\"_blank\" rel=\"noopener\">https:\/\/m2.mtmt.hu\/gui2\/?type=authors&amp;mode=browse&amp;sel=10035527<\/a><\/p>\n<p>&nbsp;<\/p>\n","protected":false},"excerpt":{"rendered":"<p>dr. Sus\u00e1nszky Anna egyetemi adjunktus El\u00e9rhet\u0151s\u00e9gek:\u00a0 Lev\u00e9lc\u00edm: Semmelweis Egyetem, Magatart\u00e1studom\u00e1nyi Int\u00e9zet 1089 Budapest, Nagyv\u00e1rad t\u00e9r 4. Telefon: +36 1 210 2953, fax: +36 1 210 2955 E-mail: susanszky.anna@semmelweis.hu susanszky.anna@gmail.com V\u00e9gzetts\u00e9g: 2002. Kultur\u00e1lis antropol\u00f3gus kutat\u00f3, vizu\u00e1lis &hellip;<\/p>\n","protected":false},"author":153,"featured_media":0,"parent":0,"menu_order":0,"comment_status":"closed","ping_status":"closed","template":"","meta":{"footnotes":""},"class_list":["post-5","page","type-page","status-publish","hentry"],"_links":{"self":[{"href":"https:\/\/scholar.semmelweis.hu\/susanszkyanna\/wp-json\/wp\/v2\/pages\/5"}],"collection":[{"href":"https:\/\/scholar.semmelweis.hu\/susanszkyanna\/wp-json\/wp\/v2\/pages"}],"about":[{"href":"https:\/\/scholar.semmelweis.hu\/susanszkyanna\/wp-json\/wp\/v2\/types\/page"}],"author":[{"embeddable":true,"href":"https:\/\/scholar.semmelweis.hu\/susanszkyanna\/wp-json\/wp\/v2\/users\/153"}],"replies":[{"embeddable":true,"href":"https:\/\/scholar.semmelweis.hu\/susanszkyanna\/wp-json\/wp\/v2\/comments?post=5"}],"version-history":[{"count":3,"href":"https:\/\/scholar.semmelweis.hu\/susanszkyanna\/wp-json\/wp\/v2\/pages\/5\/revisions"}],"predecessor-version":[{"id":27,"href":"https:\/\/scholar.semmelweis.hu\/susanszkyanna\/wp-json\/wp\/v2\/pages\/5\/revisions\/27"}],"wp:attachment":[{"href":"https:\/\/scholar.semmelweis.hu\/susanszkyanna\/wp-json\/wp\/v2\/media?parent=5"}],"curies":[{"name":"wp","href":"https:\/\/api.w.org\/{rel}","templated":true}]}}