{"id":2,"date":"2017-05-23T11:29:26","date_gmt":"2017-05-23T09:29:26","guid":{"rendered":"http:\/\/scholar.semmelweis.hu\/spatandras\/cv\/"},"modified":"2025-09-18T14:22:41","modified_gmt":"2025-09-18T12:22:41","slug":"cv","status":"publish","type":"page","link":"https:\/\/scholar.semmelweis.hu\/spatandras\/cv\/","title":{"rendered":"CV"},"content":{"rendered":"<p><strong>Andr\u00e1s Sp\u00e4t, MD, PhD<\/strong><\/p>\n<p>Professor Emeritus<\/p>\n<p>Member of the Hungarian Academy of Sciences<\/p>\n<p>Member of Academia Europaea<\/p>\n<p>&nbsp;<\/p>\n<p>&nbsp;<\/p>\n<p>&nbsp;<\/p>\n<p>Department of Physiology<\/p>\n<p>Faculty of Medicine<\/p>\n<p>Semmelweis University<\/p>\n<p>&nbsp;<\/p>\n<p>Location: Budapest IX., T\u0171zolt\u00f3 u. 37-47.<\/p>\n<p>Mailing address: H-1428 Budapest, PO Box 2, Hungary<\/p>\n<p>e-mail: <a href=\"mailto:Spat@eok.sote.hu\">Spat@eok.sote.hu<\/a> , Spat@t-online.hu<\/p>\n<p><strong>\u00a0<\/strong><\/p>\n<p><strong>\u00a0<\/strong><\/p>\n<p><strong>Curriculum Vitae of Dr. Andr\u00e1s Sp\u00e4t<\/strong><\/p>\n<p>Born: Budapest, Hungary, 7 November 1940<\/p>\n<p>University studies:<br \/>\n1958-1964: Budapest (presently Semmelweis) University Medical School, Budapest<\/p>\n<p>Degrees:<\/p>\n<p>1964: Doctor of Medicine<br \/>\n1975: Candidate of Sciences (corresponds to Ph.D.)<br \/>\n1982: Doctor of Sciences (in Medicine)<br \/>\n1993: Corresponding member of the Hungarian Academy of Sciences<br \/>\n1998: Full member of the Hungarian Academy of Sciences<br \/>\n1999: Member of the Academia Europaea<\/p>\n<p>Jobs, positions:<\/p>\n<p>in the Dept. of Physiology, Semmelweis University, Budapest:<\/p>\n<p>1960-1962: research student<br \/>\n1962-1964: instructor<br \/>\nsince 1964: staff member (assistant professor, lecturer, senior lecturer)<br \/>\n1986-2010: Professor of Physiology<br \/>\n1995-2005: Head of Department<br \/>\n2010-: Professor Emeritus<\/p>\n<p>Teaching activity in the Semmelweis University:<\/p>\n<p>1962-1995: laboratory courses in Physiology<br \/>\n1967-2017: lectures on Physiology<br \/>\n1982-1995: supervisor of the laboratory courses in Physiology<br \/>\n1990-2000: Chairman of the Union of Research Students<br \/>\n1993-2007: head of the \u2018Cellular and Molecular Physiology\u2019 PhD Program<\/p>\n<p>Scientific publications (as on 30 May 2018)<\/p>\n<p>4 university textbooks (coauthor)<br \/>\n2 monographies (in Hungarian)<br \/>\n5 monography chapters (in English)<br \/>\n120 publications in recognized scientific journals (in English)<\/p>\n<p>Cumulative impact factor: before 1975: \u00bb 26.5, since 1975: 430<\/p>\n<p>Citations: &gt; 5500<\/p>\n<p>Hirsch index: 37<\/p>\n<p>Prizes and awards:<\/p>\n<p>1967: Decoration for University Studies (donated by the Minister of Education)<br \/>\n1973: G\u00e9za Farkas Prize of the Hungarian Physiological Society<br \/>\n1980: research prize donated by the President of the Hungarian Academy of Sciences<br \/>\n1982: Decoration for Life Saving (donated by the Hungarian Government)<br \/>\n1987: &#8222;Academy Prize&#8221; of the Hungarian Academy of Sciences<br \/>\n1992: Albert Szent-Gy\u00f6rgyi Prize (donated by the Minister of Education)<br \/>\n1992: European Medal of the Society for Endocrinology (U.K.)<br \/>\n1995: Arnold Ipolyi Award (National Science Foundation)<br \/>\n1996: Semmelweis Memorial Award (Semmelweis University, Budapest)<br \/>\n1997: Honoris Causa Pro Scientia Gold Medal (National Council of Scientific Research Students)<br \/>\n1998: P\u00e9ter P\u00e1zm\u00e1ny Award for University Teaching (Pro Renovanda Cultura Hungariae)<br \/>\n2002: Leo Szil\u00e1rd Award (ALCOA Foundation and Hungarian Higher Education and Research Foundation)<br \/>\n2002: Batthy\u00e1ny-Strattman Prize (Minister of Health)<br \/>\n2004: Sz\u00e9chenyi Prize (President of the Republic)<br \/>\n2007: Fogarty Scholar<\/p>\n<p>Positions abroad:<\/p>\n<p>1968-1969: Institute for Experimental Hormone Research, University of Copenhagen, Copenhagen, Denmark (Prof. Ejgil Bojesen, 6 months)<br \/>\n1984-1985: ECFMG Fellow: Dept. of Pharmacology, Medical College of Virginia, Richmond, VA (Prof. R.P. Rubin, 1 year)<br \/>\n1989-1990: Professeur Invit\u00e9 Louis Jeantet, Institute of Clinical Biochemistry, University of Geneva, Geneva, Switzerland (Prof. C.B. Wollheim, 1 year)<\/p>\n<p>Professors who were members of Sp\u00e4t\u2019s team<\/p>\n<p>Balla Tam\u00e1s (NIH, Bethesda MD)<br \/>\nCzirj\u00e1k G\u00e1bor<br \/>\nEnyedi P\u00e9ter<br \/>\nFazekas \u00c1rp\u00e1d<br \/>\nHajn\u00f3czky Gy\u00f6rgy (Philadelphia, PA)<br \/>\nHunyady L\u00e1szl\u00f3<br \/>\nLudwig Endre<br \/>\nRoh\u00e0cs Tibor (New Jersey)<br \/>\nSarkadi Bal\u00e1zs<br \/>\nSzab\u00f3 B\u00e9la (Freiburg)<br \/>\nSzabadkai Gy\u00f6rgy (London)<br \/>\nV\u00e0rnai P\u00e9ter<\/p>\n<p>Members of the Hungarian Academy of Sciences who were members of Sp\u00e4t\u2019s team<\/p>\n<p>Bal\u00e1zs Sarkadi<br \/>\nL\u00e1szl\u00f3 Hunyady<br \/>\nTam\u00e1s Balla<br \/>\nGy\u00f6rgy Hajn\u00f3czky<\/p>\n<p>Scientific committees and editorial boards:<\/p>\n<p>1969-1993: Editorial Board of the Journal of Steroid Biochemistry and Molecular Biology<br \/>\n1991-1996: chairman of the Section of Physiological Sciences of the (Hungarian) National Science Foundation<br \/>\n1991-2004: chairman of the Endocrinological Committee of the (Hungarian) Council for Medical Research<br \/>\n1993-1997: Executive Committee of the Association of the European Journal of Endocrinology<br \/>\n1996-1998: Board of the University Research and Development Grants<br \/>\n1997-2010: chairman of the Habilitation Committee of the Semmelweis University<br \/>\n1997-2006: vice-president of the National PhD and Habilitation Committee<br \/>\n1997 &#8211; : Editorial Board of Magyar Tudom\u00e1ny<br \/>\n1998 &#8211; : Editorial Board of Acta Physiologica Acad. Sci. hung.<br \/>\n2004-2009 : Editorial Board of Physiological Reviews<br \/>\n2005 &#8211; : Editorial Board of Cell Calcium<\/p>\n<p>Specific scientific interest: molecular endocrinology, signal transduction<\/p>\n<p>Scientific activity:<\/p>\n<p>1962-1963: demonstration of the effect of aldosterone on intestinal sodium and potassium transport<br \/>\n1964-1969: studies on the role of the kidney in the control of aldosterone secretion in the rat<br \/>\n1970-1974: demonstration of the aldosterone secretory effect of prostaglandins<br \/>\n1971-1973: development of a protein binding assay for corticosterone, first application of aldosterone RIA in rat experiments<br \/>\n1974-1981: studies on the role of prostaglandins in the control of aldosterone secretion, analysis of the role of angiotensin II, potassium and ACTH in the induction of hyperaldosteronism in the sodium-depleted rat<br \/>\n1981-1985: demonstration of the role of calmodulin in glomerulosa cells, description of calcium compartments in glomerulosa cells, analysis of the effects of angiotensin II on phosphoinositide and calcium metabolism in glomerulosa cells, demonstration of the aldosterone stimulatory action of vasopressin<br \/>\n1985-1987: development of the technique of high specific activity labelling of inositol 1,4,5-trisphosphate (IP3), description and characterization of IP3 receptors in permeabilized cells and subcellular fractions from several tissues (hepatocytes, polymorphonuclears and liver, pituitary, adrenal cortex, resp.), description of the interaction of IP3 and IP4 in pituitary microsomes<br \/>\n1987-1989: demonstration of Na+\/H+ and Na+\/Ca2+ antiporters in glomerulosa cells, studies on Ca2+ influx mechanisms in glomerulosa cells<br \/>\n1990-1992: analysis of the mechanism of depolarization and its role in the induction of Ca2+ influx in angiotensin-stimulated glomerulosa cells; demonstration of the activation of mitochondrial metabolism by cytoplasmic Ca2+ signal in intact<br \/>\n1990-1993: intracellular localization of IP3 receptor, characterization of various subtypes of IP3 receptor in glomerulosa cells<br \/>\n1992-1994: demonstration of Ca2+ &#8211; induced formation of NAD(P)H in intact cells<br \/>\n1993-1995: characterization of Ca2+ channel subtypes in glomerulosa cells<br \/>\n1993-: studies on mitochondrial Ca2+ uptake and on the effect of Ca2+ signal on mitochondrial metabolism<br \/>\n2013-2015: control of cAMP formation in mitochondria<br \/>\n2015- : effect of mitochondrial cAMP on mitochondrial calcium metabolism<\/p>\n<p>Publications: https:\/\/vm.mtmt.hu\/search\/slist.php?lang=0&amp;AuthorID=10000514<\/p>\n<p>last updated: September 2025<\/p>\n<p>&nbsp;<\/p>\n","protected":false},"excerpt":{"rendered":"<p>Andr\u00e1s Sp\u00e4t, MD, PhD Professor Emeritus Member of the Hungarian Academy of Sciences Member of Academia Europaea &nbsp; &nbsp; &nbsp; Department of Physiology Faculty of Medicine Semmelweis University &nbsp; Location: Budapest IX., T\u0171zolt\u00f3 u. 37-47. &hellip;<\/p>\n","protected":false},"author":94,"featured_media":0,"parent":0,"menu_order":0,"comment_status":"closed","ping_status":"closed","template":"","meta":{"footnotes":""},"class_list":["post-2","page","type-page","status-publish","hentry"],"_links":{"self":[{"href":"https:\/\/scholar.semmelweis.hu\/spatandras\/wp-json\/wp\/v2\/pages\/2"}],"collection":[{"href":"https:\/\/scholar.semmelweis.hu\/spatandras\/wp-json\/wp\/v2\/pages"}],"about":[{"href":"https:\/\/scholar.semmelweis.hu\/spatandras\/wp-json\/wp\/v2\/types\/page"}],"author":[{"embeddable":true,"href":"https:\/\/scholar.semmelweis.hu\/spatandras\/wp-json\/wp\/v2\/users\/94"}],"replies":[{"embeddable":true,"href":"https:\/\/scholar.semmelweis.hu\/spatandras\/wp-json\/wp\/v2\/comments?post=2"}],"version-history":[{"count":13,"href":"https:\/\/scholar.semmelweis.hu\/spatandras\/wp-json\/wp\/v2\/pages\/2\/revisions"}],"predecessor-version":[{"id":66,"href":"https:\/\/scholar.semmelweis.hu\/spatandras\/wp-json\/wp\/v2\/pages\/2\/revisions\/66"}],"wp:attachment":[{"href":"https:\/\/scholar.semmelweis.hu\/spatandras\/wp-json\/wp\/v2\/media?parent=2"}],"curies":[{"name":"wp","href":"https:\/\/api.w.org\/{rel}","templated":true}]}}