{"id":4,"date":"2020-11-12T08:18:54","date_gmt":"2020-11-12T07:18:54","guid":{"rendered":"https:\/\/scholar.semmelweis.hu\/somorjainoemi\/cv\/"},"modified":"2026-01-06T15:52:45","modified_gmt":"2026-01-06T14:52:45","slug":"cv","status":"publish","type":"page","link":"https:\/\/scholar.semmelweis.hu\/somorjainoemi\/cv\/","title":{"rendered":"CV"},"content":{"rendered":"<h5>Munkahelyem<\/h5>\n<p>Semmelweis Egyetem Magatart\u00e1studom\u00e1nyi Int\u00e9zet K\u00f6nyvt\u00e1r 1994-<\/p>\n<h5>Oklev\u00e9l<\/h5>\n<p>ELTE Informatikus k\u00f6nyvt\u00e1ros 2007.<\/p>\n<h5>Szakmai t\u00e1rsas\u00e1gi tags\u00e1gok<\/h5>\n<ul>\n<li>\n<p>Selye T\u00e1rsas\u00e1g 1995-<\/p>\n<\/li>\n<li>\n<p>H\u00e1l\u00f3zat az \u00d6ngyilkoss\u00e1g Megel\u0151z\u00e9s\u00e9rt, tag 2011-<\/p>\n<\/li>\n<li>\n<p>Magyar K\u00f6nyvt\u00e1rosok Egyes\u00fclete, tag 2019-<\/p>\n<\/li>\n<li>\n<p>IFLA LGBTQ+ Users Special Interest Group, (2025-t\u0151l a megnevez\u00e9s: IFLA LGBTQ Matters Section), tag 2016-<\/p>\n<\/li>\n<li>\n<p>K\u00f6nyvt\u00e1ri LMBTQ Munkacsoport, alap\u00edt\u00f3 tag, 2022-<\/p>\n<\/li>\n<li>\n<p>Magyar LMBT Medicina T\u00e1rsas\u00e1g, tag 2023-<\/p>\n<\/li>\n<\/ul>\n<p><strong>Publik\u00e1ci\u00f3k el\u00e9rhet\u0151s\u00e9ge<\/strong> a <a href=\"https:\/\/m2.mtmt.hu\/gui2\/?type=authors&amp;mode=browse&amp;sel=authors10022607\">Magyar Tudom\u00e1nyos M\u0171vek T\u00e1ra adatb\u00e1zisban<\/a>.\u00a0<\/p>\n<p>&nbsp;<\/p>\n<p>&nbsp;<\/p>\n<p>&nbsp;<\/p>\n","protected":false},"excerpt":{"rendered":"<p>Munkahelyem Semmelweis Egyetem Magatart\u00e1studom\u00e1nyi Int\u00e9zet K\u00f6nyvt\u00e1r 1994- Oklev\u00e9l ELTE Informatikus k\u00f6nyvt\u00e1ros 2007. Szakmai t\u00e1rsas\u00e1gi tags\u00e1gok Selye T\u00e1rsas\u00e1g 1995- H\u00e1l\u00f3zat az \u00d6ngyilkoss\u00e1g Megel\u0151z\u00e9s\u00e9rt, tag 2011- Magyar K\u00f6nyvt\u00e1rosok Egyes\u00fclete, tag 2019- IFLA LGBTQ+ Users Special Interest Group, &hellip;<\/p>\n","protected":false},"author":107,"featured_media":0,"parent":0,"menu_order":0,"comment_status":"closed","ping_status":"closed","template":"","meta":{"footnotes":""},"class_list":["post-4","page","type-page","status-publish","hentry"],"_links":{"self":[{"href":"https:\/\/scholar.semmelweis.hu\/somorjainoemi\/wp-json\/wp\/v2\/pages\/4"}],"collection":[{"href":"https:\/\/scholar.semmelweis.hu\/somorjainoemi\/wp-json\/wp\/v2\/pages"}],"about":[{"href":"https:\/\/scholar.semmelweis.hu\/somorjainoemi\/wp-json\/wp\/v2\/types\/page"}],"author":[{"embeddable":true,"href":"https:\/\/scholar.semmelweis.hu\/somorjainoemi\/wp-json\/wp\/v2\/users\/107"}],"replies":[{"embeddable":true,"href":"https:\/\/scholar.semmelweis.hu\/somorjainoemi\/wp-json\/wp\/v2\/comments?post=4"}],"version-history":[{"count":11,"href":"https:\/\/scholar.semmelweis.hu\/somorjainoemi\/wp-json\/wp\/v2\/pages\/4\/revisions"}],"predecessor-version":[{"id":37,"href":"https:\/\/scholar.semmelweis.hu\/somorjainoemi\/wp-json\/wp\/v2\/pages\/4\/revisions\/37"}],"wp:attachment":[{"href":"https:\/\/scholar.semmelweis.hu\/somorjainoemi\/wp-json\/wp\/v2\/media?parent=4"}],"curies":[{"name":"wp","href":"https:\/\/api.w.org\/{rel}","templated":true}]}}