{"id":3,"date":"2020-11-12T08:18:54","date_gmt":"2020-11-12T07:18:54","guid":{"rendered":"https:\/\/scholar.semmelweis.hu\/somorjainoemi\/elerhetoseg\/"},"modified":"2025-11-19T15:38:36","modified_gmt":"2025-11-19T14:38:36","slug":"elerhetoseg","status":"publish","type":"page","link":"https:\/\/scholar.semmelweis.hu\/somorjainoemi\/elerhetoseg\/","title":{"rendered":"El\u00e9rhet\u0151s\u00e9g"},"content":{"rendered":"<p>Semmelweis Egyetem Magatart\u00e1studom\u00e1nyi Int\u00e9zet Harkai Schiller P\u00e1l K\u00f6nyvt\u00e1r<\/p>\n<p>1089 Budapest VIII. Nagyv\u00e1rad t\u00e9r 4. 20.emelet 2009.<\/p>\n<p>somorjai.noemi@semmelweis.hu<\/p>\n<p>Virtu\u00e1lis nyitvatart\u00e1s 0-24 \u00f3r\u00e1ban a fenti emailc\u00edmen<\/p>\n<p>&nbsp;<\/p>\n<p>&nbsp;<\/p>\n","protected":false},"excerpt":{"rendered":"<p>Semmelweis Egyetem Magatart\u00e1studom\u00e1nyi Int\u00e9zet Harkai Schiller P\u00e1l K\u00f6nyvt\u00e1r<br \/>\n1089 Budapest VIII. Nagyv\u00e1rad t\u00e9r 4. 20.emelet 2009.<br \/>\nsomorjai.noemi@semmelweis.hu<br \/>\nVirtu\u00e1lis nyitvatart\u00e1s 0-24 \u00f3r\u00e1ban a fenti emailc\u00edmen<br \/>\n&nbsp;<br \/>\n&nbsp;<\/p>\n","protected":false},"author":107,"featured_media":0,"parent":0,"menu_order":0,"comment_status":"closed","ping_status":"closed","template":"","meta":{"footnotes":""},"class_list":["post-3","page","type-page","status-publish","hentry"],"_links":{"self":[{"href":"https:\/\/scholar.semmelweis.hu\/somorjainoemi\/wp-json\/wp\/v2\/pages\/3"}],"collection":[{"href":"https:\/\/scholar.semmelweis.hu\/somorjainoemi\/wp-json\/wp\/v2\/pages"}],"about":[{"href":"https:\/\/scholar.semmelweis.hu\/somorjainoemi\/wp-json\/wp\/v2\/types\/page"}],"author":[{"embeddable":true,"href":"https:\/\/scholar.semmelweis.hu\/somorjainoemi\/wp-json\/wp\/v2\/users\/107"}],"replies":[{"embeddable":true,"href":"https:\/\/scholar.semmelweis.hu\/somorjainoemi\/wp-json\/wp\/v2\/comments?post=3"}],"version-history":[{"count":5,"href":"https:\/\/scholar.semmelweis.hu\/somorjainoemi\/wp-json\/wp\/v2\/pages\/3\/revisions"}],"predecessor-version":[{"id":27,"href":"https:\/\/scholar.semmelweis.hu\/somorjainoemi\/wp-json\/wp\/v2\/pages\/3\/revisions\/27"}],"wp:attachment":[{"href":"https:\/\/scholar.semmelweis.hu\/somorjainoemi\/wp-json\/wp\/v2\/media?parent=3"}],"curies":[{"name":"wp","href":"https:\/\/api.w.org\/{rel}","templated":true}]}}