{"id":3,"date":"2015-09-24T10:20:49","date_gmt":"2015-09-24T08:20:49","guid":{"rendered":"http:\/\/scholar.semmelweis.hu\/sebestyena\/bemutatkozas\/"},"modified":"2026-01-08T14:12:44","modified_gmt":"2026-01-08T13:12:44","slug":"bemutatkozas","status":"publish","type":"page","link":"https:\/\/scholar.semmelweis.hu\/sebestyena\/","title":{"rendered":"Bemutatkoz\u00e1s"},"content":{"rendered":"<p style=\"text-align: justify\">Egyetemi tanulm\u00e1nyaim sor\u00e1n csatlakoztam Kopper L\u00e1szl\u00f3 professzor munkacsoportj\u00e1hoz, a Patol\u00f3gia Int\u00e9zetben zajl\u00f3 tudom\u00e1nyos kutat\u00e1sokhoz. Onkol\u00f3giai t\u00e9mak\u00f6rben el\u0151bb a lymphom\u00e1k proteoglik\u00e1n expresszi\u00f3j\u00e1val, majd anti-apoptotikus mechanizmusaival \u00e9s ebben a jel\u00e1tviteli \u00fatvonalak szab\u00e1lyoz\u00e1si zavaraival foglalkoztam. Ezt k\u00f6vet\u0151en k\u00fcl\u00f6nb\u00f6z\u0151 daganatsejtek TGFb- illetve ter\u00e1pia rezisztenci\u00e1j\u00e1t \u00e9s ennek h\u00e1tter\u00e9ben az mTOR kin\u00e1z aktivit\u00e1s zavar\u00e1nak jel\u00e1tviteli hat\u00e1sait kezdtem kutatni. Ennek kapcs\u00e1n csatlakoztam a daganatok metabolikus heterogenit\u00e1s\u00e1nak vizsg\u00e1lat\u00e1hoz, a metabolikus v\u00e1ltoz\u00e1sok tumorbiol\u00f3giai \u00e9s immunol\u00f3giai vizsg\u00e1lat\u00e1val. Ezen bel\u00fcl a k\u00e9t k\u00fcl\u00f6nb\u00f6z\u0151 mTOR komplex tumorsejtek metabolikus alkalmazkod\u00e1s\u00e1t befoly\u00e1sol\u00f3 hat\u00e1sainak, a metabolikus szimbi\u00f3zis heterogenit\u00e1s\u00e1nak, illetve az el\u0151bbiek tumor ellenes immunmetabolikus hat\u00e1sainak tanulm\u00e1nyoz\u00e1sa a f\u0151 c\u00e9lunk. Munkacsoportom \u00e9s az Int\u00e9zet Tumorbiol\u00f3gia, Sejt- \u00e9s Sz\u00f6vetteny\u00e9szt\u0151 Laborat\u00f3rium\u00e1nak ir\u00e1ny\u00edt\u00e1sa mellett az oktat\u00e1sban is szerepet v\u00e1llalok, orvos \u00e9s fogorvos hallgat\u00f3k immunol\u00f3gia oktat\u00e1s\u00e1ban veszek r\u00e9szt. A Patol\u00f3gia \u00e9s R\u00e1kkutat\u00f3 Int\u00e9zetben els\u0151sorban TDK \u00e9s PhD hallgat\u00f3k tudom\u00e1nyos munk\u00e1j\u00e1t seg\u00edtem.<\/p>\n","protected":false},"excerpt":{"rendered":"<p>Egyetemi tanulm\u00e1nyaim sor\u00e1n csatlakoztam Kopper L\u00e1szl\u00f3 professzor munkacsoportj\u00e1hoz, a Patol\u00f3gia Int\u00e9zetben zajl\u00f3 tudom\u00e1nyos kutat\u00e1sokhoz. Onkol\u00f3giai t\u00e9mak\u00f6rben el\u0151bb a lymphom\u00e1k proteoglik\u00e1n expresszi\u00f3j\u00e1val, majd anti-apoptotikus mechanizmusaival \u00e9s ebben a jel\u00e1tviteli \u00fatvonalak szab\u00e1lyoz\u00e1si zavaraival foglalkoztam. Ezt k\u00f6vet\u0151en k\u00fcl\u00f6nb\u00f6z\u0151 &hellip;<\/p>\n","protected":false},"author":36,"featured_media":0,"parent":0,"menu_order":0,"comment_status":"closed","ping_status":"closed","template":"","meta":{"footnotes":""},"class_list":["post-3","page","type-page","status-publish","hentry"],"_links":{"self":[{"href":"https:\/\/scholar.semmelweis.hu\/sebestyena\/wp-json\/wp\/v2\/pages\/3"}],"collection":[{"href":"https:\/\/scholar.semmelweis.hu\/sebestyena\/wp-json\/wp\/v2\/pages"}],"about":[{"href":"https:\/\/scholar.semmelweis.hu\/sebestyena\/wp-json\/wp\/v2\/types\/page"}],"author":[{"embeddable":true,"href":"https:\/\/scholar.semmelweis.hu\/sebestyena\/wp-json\/wp\/v2\/users\/36"}],"replies":[{"embeddable":true,"href":"https:\/\/scholar.semmelweis.hu\/sebestyena\/wp-json\/wp\/v2\/comments?post=3"}],"version-history":[{"count":4,"href":"https:\/\/scholar.semmelweis.hu\/sebestyena\/wp-json\/wp\/v2\/pages\/3\/revisions"}],"predecessor-version":[{"id":33,"href":"https:\/\/scholar.semmelweis.hu\/sebestyena\/wp-json\/wp\/v2\/pages\/3\/revisions\/33"}],"wp:attachment":[{"href":"https:\/\/scholar.semmelweis.hu\/sebestyena\/wp-json\/wp\/v2\/media?parent=3"}],"curies":[{"name":"wp","href":"https:\/\/api.w.org\/{rel}","templated":true}]}}