{"id":1,"date":"2015-09-24T10:20:48","date_gmt":"2015-09-24T08:20:48","guid":{"rendered":"http:\/\/scholar.semmelweis.hu\/sebestyena\/elerhetoseg\/"},"modified":"2026-01-08T14:21:37","modified_gmt":"2026-01-08T13:21:37","slug":"elerhetoseg","status":"publish","type":"page","link":"https:\/\/scholar.semmelweis.hu\/sebestyena\/elerhetoseg\/","title":{"rendered":"El\u00e9rhet\u0151s\u00e9g"},"content":{"rendered":"<p><b>Dr. Sebesty\u00e9n Anna<\/b><\/p>\n<p><strong>C\u00edm:<\/strong> <br \/>\nSemmelweis Egyetem, Patol\u00f3giai \u00e9s K\u00eds\u00e9rleti R\u00e1kkutat\u00f3 Int\u00e9zet <br \/>\n1085 Budapest, \u00dcll\u0151i \u00fat 26.<\/p>\n<p><strong>Telefon:<\/strong> <br \/>\n+36-1-459-1500 \/ 54474 mell\u00e9k<\/p>\n<p><strong>e-mail:<\/strong> <br \/>\nsebestyen.anna@semmelweis.hu<\/p>\n<p>&nbsp;<\/p>\n","protected":false},"excerpt":{"rendered":"<p>Dr. Sebesty\u00e9n Anna<br \/>\nC\u00edm:<br \/>\nSemmelweis Egyetem, Patol\u00f3giai \u00e9s K\u00eds\u00e9rleti R\u00e1kkutat\u00f3 Int\u00e9zet<br \/>\n1085 Budapest, \u00dcll\u0151i \u00fat 26.<br \/>\nTelefon:<br \/>\n+36-1-459-1500 \/ 54474 mell\u00e9k<br \/>\ne-mail:<br \/>\nsebestyen.anna@semmelweis.hu<br \/>\n&nbsp;<\/p>\n","protected":false},"author":36,"featured_media":0,"parent":0,"menu_order":0,"comment_status":"closed","ping_status":"closed","template":"","meta":{"footnotes":""},"class_list":["post-1","page","type-page","status-publish","hentry"],"_links":{"self":[{"href":"https:\/\/scholar.semmelweis.hu\/sebestyena\/wp-json\/wp\/v2\/pages\/1"}],"collection":[{"href":"https:\/\/scholar.semmelweis.hu\/sebestyena\/wp-json\/wp\/v2\/pages"}],"about":[{"href":"https:\/\/scholar.semmelweis.hu\/sebestyena\/wp-json\/wp\/v2\/types\/page"}],"author":[{"embeddable":true,"href":"https:\/\/scholar.semmelweis.hu\/sebestyena\/wp-json\/wp\/v2\/users\/36"}],"replies":[{"embeddable":true,"href":"https:\/\/scholar.semmelweis.hu\/sebestyena\/wp-json\/wp\/v2\/comments?post=1"}],"version-history":[{"count":5,"href":"https:\/\/scholar.semmelweis.hu\/sebestyena\/wp-json\/wp\/v2\/pages\/1\/revisions"}],"predecessor-version":[{"id":34,"href":"https:\/\/scholar.semmelweis.hu\/sebestyena\/wp-json\/wp\/v2\/pages\/1\/revisions\/34"}],"wp:attachment":[{"href":"https:\/\/scholar.semmelweis.hu\/sebestyena\/wp-json\/wp\/v2\/media?parent=1"}],"curies":[{"name":"wp","href":"https:\/\/api.w.org\/{rel}","templated":true}]}}