{"id":2,"date":"2015-07-28T07:21:14","date_gmt":"2015-07-28T05:21:14","guid":{"rendered":"http:\/\/scholar.semmelweis.hu\/rajnaihajnalka\/cv\/"},"modified":"2019-10-02T10:43:31","modified_gmt":"2019-10-02T08:43:31","slug":"cv","status":"publish","type":"page","link":"https:\/\/scholar.semmelweis.hu\/rajnaihajnalka\/cv\/","title":{"rendered":"CV"},"content":{"rendered":"<p><em><strong>SZAKMAI TAPASZTALAT<\/strong><\/em><\/p>\n<p><em><strong>Jelenleg Egyetemi adjunktus<\/strong><\/em><\/p>\n<p>Semmelweis Egyetem, I. Patol\u00f3giai \u00e9s K\u00eds\u00e9rleti R\u00e1kkutat\u00f3 Int\u00e9zet<br \/>\n26, \u00dcll\u0151i \u00fat, H-1085 Budapest (Magyarorsz\u00e1g)<\/p>\n<p>Hematopatol\u00f3giai \u00e9s neuropatol\u00f3giai tev\u00e9kenys\u00e9g<\/p>\n<p>Gradu\u00e1lis \u00e9s postgradu\u00e1lis\u00a0oktat\u00e1s, tantermi el\u0151ad\u00e1sok magyar, angol \u00e9s n\u00e9met nyelven<\/p>\n<p><strong><em>2015.11.18 \u00a0Patol\u00f3gus szakvizsga<\/em><\/strong><\/p>\n<p><em><strong>2011. 09. 01.\u2013 2015.11.18\u00a0 \u00a0 \u00a0 \u00a0 \u00a0 \u00a0 \u00a0 Rezidens<\/strong><\/em><\/p>\n<p>Semmelweis Egyetem, I. Patol\u00f3giai \u00e9s K\u00eds\u00e9rleti R\u00e1kkutat\u00f3 Int\u00e9zet<br \/>\n26, \u00dcll\u0151i \u00fat, H-1085 Budapest (Magyarorsz\u00e1g)<\/p>\n<p><em><strong>TANULM\u00c1NYOK<\/strong><\/em><\/p>\n<p><em><strong>2008. 09. 01.\u20132011. 08. 31. \u00a0 \u00a0PhD Hallgat\u00f3<\/strong><\/em><\/p>\n<p>Semmelweis Egyetem, Patol\u00f3giai Tudom\u00e1nyok Doktori Iskola<\/p>\n<p><em><strong>2002. 09. 01.\u20132008. 05. 31. \u00a0 \u00a0\u00c1ltal\u00e1nos Orvos<\/strong><\/em><\/p>\n<p>Semmelweis Egyetem, \u00c1ltal\u00e1nos Orvostudom\u00e1nyi Kar<\/p>\n<p><em><strong>Tanfolyamok \u00e9s szemin\u00e1riumok:<\/strong><\/em><\/p>\n<p>2018.03.13-03.16. EUROCNS CME Training Course &#8216;Basic Course in Neuropathology&#8217;, Aachen<\/p>\n<p>2016.10.12-10.14 EUROCNS CME Training Course &#8216;Tumors of the Central Nervous System&#8217;, Amsterdam\u200b<\/p>\n<p>2013.05.19-2013.05.25 Open Medical Institute Salzburg Medical Seminars Pathology, Salzburg<\/p>\n<p><strong><em>P\u00e1ly\u00e1zatok \u00e9s \u00f6szt\u00f6nd\u00edjak:<\/em><\/strong><\/p>\n<p>2018. szeptember-december EURO-CNS \u00d6szt\u00f6nd\u00edj, Klinisches Institut f\u00fcr Neurologie, MedUni Wien, Austria<\/p>\n<p>2013.05.19-05.25 Cleveland Clinic Seminar in Salzburg &#8222;Pathology&#8221;<\/p>\n<p>2007\/2008 Erasmus p\u00e1ly\u00e1zat, Leipzig, Germany<br \/>\nChirurgische Klinik und Poliklinik II, Visceral-, Transplantations-, Thorax- \u00a0und Gef\u00e4\u00dfchirurgie 2007.10.10-11.02<br \/>\nHerzzentrum Leipzig GmbH &#8211; Universit\u00e4tsklinik,Klinik f\u00fcr Herzchirurgie 2007.11.05-11.09<br \/>\nMedizinische Klinik und Poliklinik I \/ Pneumologie 2007.11.12-2008.01.04<br \/>\n2007\/2008 \u201eLions Programm Medizinstudenten ohne Grenzen 2007.\u201d \u00a0p\u00e1ly\u00e1zat Wien, Austria<br \/>\nSt. Anna Kinderspital, Oncology Departmant 2007.08.06-08.31<\/p>\n<p><strong><em>Tudom\u00e1nyos di\u00e1kk\u00f6ri munka:<\/em><\/strong><\/p>\n<p>I. Patol\u00f3giai \u00e9s K\u00eds\u00e9rleti R\u00e1kkutat\u00f3 Int\u00e9zet, Semmelweis Egyetem 2005-2008, (T\u00e9mavezet\u0151: Dr. Matolcsy Andras)<\/p>\n<p><strong><em>Oktat\u00e1si tapasztalat:<\/em><\/strong><\/p>\n<p>2015 &#8211; Postgradu\u00e1lis oktat\u00e1s, I. Patol\u00f3giai \u00e9s K\u00eds\u00e9rleti R\u00e1kkutat\u00f3 Int\u00e9zet,Semmelweis Egyetem<br \/>\n2011- Magyar, angol \u00e9s n\u00e9met nyelv\u0171 gyakorlatok \u00e9s el\u0151ad\u00e1sok tart\u00e1sa, I. Patol\u00f3giai \u00e9s K\u00eds\u00e9rleti R\u00e1kkutat\u00f3 Int\u00e9zet,Semmelweis Egyetem<br \/>\n2005-2007 Demonstr\u00e1tor, I. Patol\u00f3giai \u00e9s K\u00eds\u00e9rleti R\u00e1kkutat\u00f3 Int\u00e9zet, Semmelweis Egyetem<\/p>\n<p><strong><em>D\u00edjak \u00e9s kit\u00fcntet\u00e9sek:<\/em><\/strong><\/p>\n<p>2015 Kelemen Endre d\u00edj<\/p>\n<p>2008 Semmelweis Egyetem Kiv\u00e1l\u00f3 Di\u00e1kk\u00f6r\u00f6se D\u00edj<\/p>\n<p>2008 Rektori p\u00e1lyamunka I. d\u00edj<\/p>\n<p>2007 Haynal Imre eml\u00e9k\u00e9rem<\/p>\n<p>2007 Rektori p\u00e1lyamunka I. d\u00edj<\/p>\n<p>2006 Genersich Antal d\u00edj<\/p>\n","protected":false},"excerpt":{"rendered":"<p>SZAKMAI TAPASZTALAT Jelenleg Egyetemi adjunktus Semmelweis Egyetem, I. Patol\u00f3giai \u00e9s K\u00eds\u00e9rleti R\u00e1kkutat\u00f3 Int\u00e9zet 26, \u00dcll\u0151i \u00fat, H-1085 Budapest (Magyarorsz\u00e1g) Hematopatol\u00f3giai \u00e9s neuropatol\u00f3giai tev\u00e9kenys\u00e9g Gradu\u00e1lis \u00e9s postgradu\u00e1lis\u00a0oktat\u00e1s, tantermi el\u0151ad\u00e1sok magyar, angol \u00e9s n\u00e9met nyelven 2015.11.18 \u00a0Patol\u00f3gus &hellip;<\/p>\n","protected":false},"author":47,"featured_media":0,"parent":0,"menu_order":0,"comment_status":"closed","ping_status":"closed","template":"","meta":{"footnotes":""},"class_list":["post-2","page","type-page","status-publish","hentry"],"_links":{"self":[{"href":"https:\/\/scholar.semmelweis.hu\/rajnaihajnalka\/wp-json\/wp\/v2\/pages\/2"}],"collection":[{"href":"https:\/\/scholar.semmelweis.hu\/rajnaihajnalka\/wp-json\/wp\/v2\/pages"}],"about":[{"href":"https:\/\/scholar.semmelweis.hu\/rajnaihajnalka\/wp-json\/wp\/v2\/types\/page"}],"author":[{"embeddable":true,"href":"https:\/\/scholar.semmelweis.hu\/rajnaihajnalka\/wp-json\/wp\/v2\/users\/47"}],"replies":[{"embeddable":true,"href":"https:\/\/scholar.semmelweis.hu\/rajnaihajnalka\/wp-json\/wp\/v2\/comments?post=2"}],"version-history":[{"count":12,"href":"https:\/\/scholar.semmelweis.hu\/rajnaihajnalka\/wp-json\/wp\/v2\/pages\/2\/revisions"}],"predecessor-version":[{"id":69,"href":"https:\/\/scholar.semmelweis.hu\/rajnaihajnalka\/wp-json\/wp\/v2\/pages\/2\/revisions\/69"}],"wp:attachment":[{"href":"https:\/\/scholar.semmelweis.hu\/rajnaihajnalka\/wp-json\/wp\/v2\/media?parent=2"}],"curies":[{"name":"wp","href":"https:\/\/api.w.org\/{rel}","templated":true}]}}