{"id":1,"date":"2015-07-28T07:21:11","date_gmt":"2015-07-28T05:21:11","guid":{"rendered":"http:\/\/scholar.semmelweis.hu\/rajnaihajnalka\/elerhetoseg\/"},"modified":"2025-03-25T09:43:06","modified_gmt":"2025-03-25T08:43:06","slug":"elerhetoseg","status":"publish","type":"page","link":"https:\/\/scholar.semmelweis.hu\/rajnaihajnalka\/elerhetoseg\/","title":{"rendered":"El\u00e9rhet\u0151s\u00e9g"},"content":{"rendered":"<p>Dr. Rajnai Hajnalka<\/p>\n<p><strong>C\u00edm:<\/strong><\/p>\n<p>Semmelweis Egyetem, Patol\u00f3giai \u00e9s K\u00eds\u00e9rleti R\u00e1kkutat\u00f3 Int\u00e9zet<br \/>\n\u00dcll\u0151i \u00fat 26, Budapest 1085<\/p>\n<p><strong>Telefon:<\/strong><br \/>\n+36-1-215-7300 \/ 54435 mell\u00e9k<\/p>\n<p><strong>e-mail:<\/strong><br \/>\nrajnai.hajnalka@semmelweis.hu<\/p>\n<p>&nbsp;<\/p>\n[contact-form][contact-field label=&#8217;N\u00e9v&#8217; type=&#8217;name&#8217; required=&#8217;1&#8217;\/][contact-field label=&#8217;Email&#8217; type=&#8217;email&#8217; required=&#8217;1&#8217;\/][contact-field label=&#8217;Honlap&#8217; type=&#8217;url&#8217;\/][contact-field label=&#8217;\u00dczenet&#8217; type=&#8217;textarea&#8217;\/][\/contact-form]\n<p>&nbsp;<\/p>\n<p>&nbsp;<\/p>\n<p>&nbsp;<\/p>\n<p>&nbsp;<\/p>\n<p>&nbsp;<\/p>\n","protected":false},"excerpt":{"rendered":"<p>Dr. Rajnai Hajnalka C\u00edm: Semmelweis Egyetem, Patol\u00f3giai \u00e9s K\u00eds\u00e9rleti R\u00e1kkutat\u00f3 Int\u00e9zet \u00dcll\u0151i \u00fat 26, Budapest 1085 Telefon: +36-1-215-7300 \/ 54435 mell\u00e9k e-mail: rajnai.hajnalka@semmelweis.hu &nbsp; [contact-form][contact-field label=&#8217;N\u00e9v&#8217; type=&#8217;name&#8217; required=&#8217;1&#8217;\/][contact-field label=&#8217;Email&#8217; type=&#8217;email&#8217; required=&#8217;1&#8217;\/][contact-field label=&#8217;Honlap&#8217; type=&#8217;url&#8217;\/][contact-field label=&#8217;\u00dczenet&#8217; type=&#8217;textarea&#8217;\/][\/contact-form] &hellip;<\/p>\n","protected":false},"author":47,"featured_media":0,"parent":0,"menu_order":0,"comment_status":"closed","ping_status":"closed","template":"","meta":{"footnotes":""},"class_list":["post-1","page","type-page","status-publish","hentry"],"_links":{"self":[{"href":"https:\/\/scholar.semmelweis.hu\/rajnaihajnalka\/wp-json\/wp\/v2\/pages\/1"}],"collection":[{"href":"https:\/\/scholar.semmelweis.hu\/rajnaihajnalka\/wp-json\/wp\/v2\/pages"}],"about":[{"href":"https:\/\/scholar.semmelweis.hu\/rajnaihajnalka\/wp-json\/wp\/v2\/types\/page"}],"author":[{"embeddable":true,"href":"https:\/\/scholar.semmelweis.hu\/rajnaihajnalka\/wp-json\/wp\/v2\/users\/47"}],"replies":[{"embeddable":true,"href":"https:\/\/scholar.semmelweis.hu\/rajnaihajnalka\/wp-json\/wp\/v2\/comments?post=1"}],"version-history":[{"count":11,"href":"https:\/\/scholar.semmelweis.hu\/rajnaihajnalka\/wp-json\/wp\/v2\/pages\/1\/revisions"}],"predecessor-version":[{"id":72,"href":"https:\/\/scholar.semmelweis.hu\/rajnaihajnalka\/wp-json\/wp\/v2\/pages\/1\/revisions\/72"}],"wp:attachment":[{"href":"https:\/\/scholar.semmelweis.hu\/rajnaihajnalka\/wp-json\/wp\/v2\/media?parent=1"}],"curies":[{"name":"wp","href":"https:\/\/api.w.org\/{rel}","templated":true}]}}