{"id":3,"date":"2015-10-21T16:15:55","date_gmt":"2015-10-21T14:15:55","guid":{"rendered":"http:\/\/scholar.semmelweis.hu\/raczg\/bemutatkozas\/"},"modified":"2015-10-24T09:21:56","modified_gmt":"2015-10-24T07:21:56","slug":"bemutatkozas","status":"publish","type":"page","link":"https:\/\/scholar.semmelweis.hu\/raczg\/","title":{"rendered":"Bemutatkoz\u00e1s"},"content":{"rendered":"<p>Dr. R\u00e1cz Gergely 1971. okt\u00f3ber 16-\u00e1n sz\u00fcletett Budapesten.<\/p>\n<p>1978-1986-ig az Ady Endre \u00c1ltal\u00e1nos Iskol\u00e1ba j\u00e1rt, majd 1989-1990-ig k\u00f6z\u00e9piskolai tanulm\u00e1nyait a budapesti Piarista Gimn\u00e1ziumban folytatta.<\/p>\n<p>1990-1992 k\u00f6z\u00f6tt a Kert\u00e9szeti \u00e9s \u00c9lelmiszeripari Egyetem Tart\u00f3s\u00edt\u00f3 \u00e9s \u00c9lelmiszeripari Kar\u00e1n hallgat\u00f3. 1991-ben felv\u00e9telt nyer a Semmelweis Orvostudom\u00e1nyi Egyetemre. \u00c1ltal\u00e1nos orvosi diplom\u00e1j\u00e1t itt 1998-ban szerzi meg cum laude min\u0151s\u00edt\u00e9ssel. Medikusk\u00e9nt sz\u00e1mos k\u00fclf\u00f6ldi tanulm\u00e1ny\u00faton j\u00e1r, t\u00f6bbek k\u00f6z\u00f6tt Angli\u00e1ban, Olaszorsz\u00e1gban \u00e9s Mexik\u00f3ban.<\/p>\n<p>1999-2001 a Semmelweis Egyetem <em>Eg\u00e9szs\u00e9g\u00fcgyi szakmenedzser <\/em>szakir\u00e1ny\u00fa tov\u00e1bbk\u00e9pz\u00e9si programj\u00e1ban hallgat\u00f3 \u00e9s kap szakoklevelet, majd 2014-ben eleget tesz az Eg\u00e9szs\u00e9g\u00fcgyi menedzser mesterk\u00e9pz\u00e9s bolognai rendszer szerinti MSc (Master of Science) k\u00f6vetelm\u00e9nyeknek. Diplomamunk\u00e1j\u00e1t 2001-ben telepatol\u00f3gi\u00e1b\u00f3l, 2014-ben \u00a0a patol\u00f3giai logisztika moderniz\u00e1ci\u00f3j\u00e1b\u00f3l \u00edrja.<\/p>\n<p>A Semmelweis Egyetem I.sz. Patol\u00f3giai \u00e9s K\u00eds\u00e9rleti R\u00e1kkutat\u00f3 Int\u00e9zet\u00e9vel 1994 \u00f3ta van szoros kapcsolatban. \u00a01994-t\u0151l 1998-ig itt d\u00edjas demonstr\u00e1tor \u00e9s tudom\u00e1nyos di\u00e1kk\u00f6ri tev\u00e9kenys\u00e9get folytat. Kutat\u00f3munk\u00e1j\u00e1t Szende B\u00e9la professzor apoptosis munkacsoportj\u00e1ban kezdi, dr. Szegedi Zsolt ir\u00e1ny\u00edt\u00e1sa alatt. T\u00e9m\u00e1ja a neurodegenerat\u00edv megbeteged\u00e9sek programozott sejthal\u00e1l szeml\u00e9let\u0171 \u00e1llatk\u00eds\u00e9rletes modellez\u00e9se, melyb\u0151l 1998-ban a TDK konferenci\u00e1n II. helyez\u00e9st \u00e9rt el.<\/p>\n<p>1998-2001 k\u00f6z\u00f6tt a SE Doktori Iskola levelez\u0151 hallgat\u00f3ja, egy\u00fattal a SE I.sz. Patol\u00f3gia \u00e9s SE K\u00f6zeg\u00e9szs\u00e9gtani Int\u00e9zet k\u00f6z\u00f6s INCO-Copernicus projectj\u00e9ben PhD hallgat\u00f3. Ekkor kezd el foglalkozni a v\u00edztiszt\u00edt\u00e1si reakci\u00f3mell\u00e9kterm\u00e9kek potenci\u00e1lis mutag\u00e9n, genotoxicus \u00e9s karcinog\u00e9n hat\u00e1s\u00e1nak vizsg\u00e1lat\u00e1val.<\/p>\n<p>2015-ban a fenti kutat\u00e1si t\u00e9m\u00e1b\u00f3l PhD fokozatot szerez, summa cum laude min\u0151s\u00edt\u00e9ssel.<\/p>\n<p>Ezzel p\u00e1rhuzamosan 2000-2005 k\u00f6z\u00f6tt a Semmelweis Egyetem I.sz. Patol\u00f3giai \u00e9s K\u00eds\u00e9rleti R\u00e1kkutat\u00f3 Int\u00e9zet\u00e9ben egyetemi gyakornok, 2005-ben szakvizsg\u00e1t tesz k\u00f3rbonctan- \u00e9s k\u00f3rsz\u00f6vettanb\u00f3l, majd kinevezik egyetemi tan\u00e1rseg\u00e9dnek. Ez id\u0151 alatt folyamatosan r\u00e9szt vesz a gradu\u00e1lis orvos \u00e9s fogorvos k\u00e9pz\u00e9sben, oktat\u00e1sban. Rendszeresen tart bonctermi \u00e9s sz\u00f6vettani gyakorlatokat magyar \u00e9s angol nyelven az \u00c1ltal\u00e1nos- \u00e9s Fogorvos tudom\u00e1nyi Karon, valamint tantermi el\u0151ad\u00e1st a Fogorvos Tudom\u00e1nyi karon magyar \u00e9s angol nyelven.<\/p>\n<p>2004-t\u0151l l\u00e1tja el az Int\u00e9zetben a tanulm\u00e1nyi felel\u0151si feladatokat, valamint 2007-t\u0151l az Int\u00e9zet bonctermi \u00e9s tetemt\u00e1rol\u00f3 r\u00e9szleg\u00e9nek vezet\u0151 szakorvosa, itt a rezidensek \u00e9s a boncmesterek szakmai fel\u00fcgyel\u0151je.<\/p>\n<p>Az \u00f6sszegy\u0171lt tapasztalatok alapj\u00e1n 2014-ben \u00e1t\u00edrja az OKJ-\u00e9s boncmester k\u00e9pz\u00e9s kompetencia krit\u00e9riumait a GYEMSZI felk\u00e9r\u00e9s\u00e9re. Jelenleg e szab\u00e1lyoz\u00e1s alapj\u00e1n folyik a boncmester k\u00e9pz\u00e9s Magyarorsz\u00e1gon.<\/p>\n<p>Eredm\u00e9nyes, p\u00e9ldamutat\u00f3 oktat\u00e1si tev\u00e9kenys\u00e9ge elismer\u00e9sek\u00e9nt 2007-ben eg\u00e9szs\u00e9g\u00fcgyi miniszteri dics\u00e9retben r\u00e9szes\u00fclt, szakmai munk\u00e1j\u00e1\u00e9rt 2011-ben rektori dics\u00e9ret kit\u00fcntet\u00e9st kapott.<\/p>\n","protected":false},"excerpt":{"rendered":"<p>Dr. R\u00e1cz Gergely 1971. okt\u00f3ber 16-\u00e1n sz\u00fcletett Budapesten. 1978-1986-ig az Ady Endre \u00c1ltal\u00e1nos Iskol\u00e1ba j\u00e1rt, majd 1989-1990-ig k\u00f6z\u00e9piskolai tanulm\u00e1nyait a budapesti Piarista Gimn\u00e1ziumban folytatta. 1990-1992 k\u00f6z\u00f6tt a Kert\u00e9szeti \u00e9s \u00c9lelmiszeripari Egyetem Tart\u00f3s\u00edt\u00f3 \u00e9s \u00c9lelmiszeripari Kar\u00e1n &hellip;<\/p>\n","protected":false},"author":1,"featured_media":0,"parent":0,"menu_order":0,"comment_status":"closed","ping_status":"closed","template":"","meta":{"footnotes":""},"class_list":["post-3","page","type-page","status-publish","hentry"],"_links":{"self":[{"href":"https:\/\/scholar.semmelweis.hu\/raczg\/wp-json\/wp\/v2\/pages\/3"}],"collection":[{"href":"https:\/\/scholar.semmelweis.hu\/raczg\/wp-json\/wp\/v2\/pages"}],"about":[{"href":"https:\/\/scholar.semmelweis.hu\/raczg\/wp-json\/wp\/v2\/types\/page"}],"author":[{"embeddable":true,"href":"https:\/\/scholar.semmelweis.hu\/raczg\/wp-json\/wp\/v2\/users\/1"}],"replies":[{"embeddable":true,"href":"https:\/\/scholar.semmelweis.hu\/raczg\/wp-json\/wp\/v2\/comments?post=3"}],"version-history":[{"count":1,"href":"https:\/\/scholar.semmelweis.hu\/raczg\/wp-json\/wp\/v2\/pages\/3\/revisions"}],"predecessor-version":[{"id":9,"href":"https:\/\/scholar.semmelweis.hu\/raczg\/wp-json\/wp\/v2\/pages\/3\/revisions\/9"}],"wp:attachment":[{"href":"https:\/\/scholar.semmelweis.hu\/raczg\/wp-json\/wp\/v2\/media?parent=3"}],"curies":[{"name":"wp","href":"https:\/\/api.w.org\/{rel}","templated":true}]}}