{"id":1,"date":"2015-10-21T16:15:55","date_gmt":"2015-10-21T14:15:55","guid":{"rendered":"http:\/\/scholar.semmelweis.hu\/raczg\/elerhetoseg\/"},"modified":"2025-03-17T13:53:56","modified_gmt":"2025-03-17T12:53:56","slug":"elerhetoseg","status":"publish","type":"page","link":"https:\/\/scholar.semmelweis.hu\/raczg\/elerhetoseg\/","title":{"rendered":"El\u00e9rhet\u0151s\u00e9g"},"content":{"rendered":"<p><b>Dr.\u00a0R\u00e1cz Gergely<\/b><\/p>\n<p><strong>C\u00edm:<\/strong> Semmelweis Egyetem, Patol\u00f3giai \u00e9s K\u00eds\u00e9rleti R\u00e1kkutat\u00f3 Int\u00e9zet<\/p>\n<p><span style=\"font-size: 1rem\">1<\/span><span style=\"font-size: 1rem\">085 <\/span><span style=\"font-size: 1rem\">Budapest, <\/span><span style=\"font-size: 1rem\">\u00dcll\u0151i \u00fat 26.<\/span><\/p>\n<p><strong style=\"font-size: 1rem\">Telefon:<\/strong><span style=\"font-size: 1rem\"> +36-1-215-7300 \/ 54424 mell\u00e9k<\/span><\/p>\n<p><strong>e-mail:<\/strong> <a href=\"mailto:bodor.csaba1@med.semmelweis-univ.hu\">racz.gergely@semmelweis.hu<\/a> \u00a0<\/p>\n","protected":false},"excerpt":{"rendered":"<p>Dr.\u00a0R\u00e1cz Gergely<br \/>\nC\u00edm: Semmelweis Egyetem, Patol\u00f3giai \u00e9s K\u00eds\u00e9rleti R\u00e1kkutat\u00f3 Int\u00e9zet<br \/>\n1085 Budapest, \u00dcll\u0151i \u00fat 26.<br \/>\nTelefon: +36-1-215-7300 \/ 54424 mell\u00e9k<br \/>\ne-mail: <a href=\"mailto:bodor.csaba1@med.semmelweis-univ.hu\">racz.gergely@semmelweis.hu<\/a> \u00a0<\/p>\n","protected":false},"author":65,"featured_media":0,"parent":0,"menu_order":0,"comment_status":"closed","ping_status":"closed","template":"","meta":{"footnotes":""},"class_list":["post-1","page","type-page","status-publish","hentry"],"_links":{"self":[{"href":"https:\/\/scholar.semmelweis.hu\/raczg\/wp-json\/wp\/v2\/pages\/1"}],"collection":[{"href":"https:\/\/scholar.semmelweis.hu\/raczg\/wp-json\/wp\/v2\/pages"}],"about":[{"href":"https:\/\/scholar.semmelweis.hu\/raczg\/wp-json\/wp\/v2\/types\/page"}],"author":[{"embeddable":true,"href":"https:\/\/scholar.semmelweis.hu\/raczg\/wp-json\/wp\/v2\/users\/65"}],"replies":[{"embeddable":true,"href":"https:\/\/scholar.semmelweis.hu\/raczg\/wp-json\/wp\/v2\/comments?post=1"}],"version-history":[{"count":6,"href":"https:\/\/scholar.semmelweis.hu\/raczg\/wp-json\/wp\/v2\/pages\/1\/revisions"}],"predecessor-version":[{"id":23,"href":"https:\/\/scholar.semmelweis.hu\/raczg\/wp-json\/wp\/v2\/pages\/1\/revisions\/23"}],"wp:attachment":[{"href":"https:\/\/scholar.semmelweis.hu\/raczg\/wp-json\/wp\/v2\/media?parent=1"}],"curies":[{"name":"wp","href":"https:\/\/api.w.org\/{rel}","templated":true}]}}