{"id":4,"date":"2025-10-21T20:16:22","date_gmt":"2025-10-21T18:16:22","guid":{"rendered":"https:\/\/scholar.semmelweis.hu\/pillingjanos\/cv\/"},"modified":"2025-10-21T20:17:09","modified_gmt":"2025-10-21T18:17:09","slug":"cv","status":"publish","type":"page","link":"https:\/\/scholar.semmelweis.hu\/pillingjanos\/cv\/","title":{"rendered":"CV"},"content":{"rendered":"<h1>SZAKMAI \u00d6N\u00c9LETRAJZ<\/h1>\n<p><strong>DR. <\/strong><strong>PILLING J\u00c1NOS, PhD<\/strong><\/p>\n<p><strong>\u00a0<\/strong><\/p>\n<p><strong>Munkahely: <\/strong>Semmelweis Egyetem, Magatart\u00e1studom\u00e1nyi Int\u00e9zet<\/p>\n<p><strong>Egyetemi fokozat:<\/strong> egyetemi docens<\/p>\n<p><strong>Foglalkoz\u00e1s:<\/strong> pszichi\u00e1ter<\/p>\n<p><strong>\u00a0<\/strong><\/p>\n<p><strong>\u00a0<\/strong><strong>Sz\u00fclettem:<\/strong> 1969. janu\u00e1r 3-\u00e1n, Ny\u00edregyh\u00e1z\u00e1n.<\/p>\n<p>&nbsp;<\/p>\n<p><strong>Iskolai v\u00e9gzetts\u00e9gek<\/strong><\/p>\n<ul>\n<li>Debreceni Orvostudom\u00e1nyi Egyetem (1987-1993): \u00e1lt. orvosi diploma, summa cum laude min\u0151s\u00edt\u00e9ssel<\/li>\n<li>K\u00f6lcsey Ferenc Eg\u00e9szs\u00e9g\u00fcgyi Szakk\u00f6z\u00e9piskola, Ny\u00edregyh\u00e1za (1983-1987): \u00e1ltal\u00e1nos \u00e1pol\u00f3i \u00e9s asszisztensi k\u00e9pes\u00edt\u00e9s<\/li>\n<\/ul>\n<p>&nbsp;<\/p>\n<p><strong>Szakk\u00e9pes\u00edt\u00e9s:<\/strong> pszichi\u00e1ter szakorvos<\/p>\n<p><strong>Tudom\u00e1nyos fokozat:<\/strong> PhD. (2013. 11. 16-t\u00f3l)<\/p>\n<p>PhD disszert\u00e1ci\u00f3 c\u00edme: A gy\u00e1sz hat\u00e1sa a testi \u00e9s a lelki eg\u00e9szs\u00e9gi \u00e1llapotra.<\/p>\n<p>&nbsp;<\/p>\n<p><strong>Tov\u00e1bbk\u00e9pz\u00e9sek<\/strong><\/p>\n<ul>\n<li>Hipnoterapeuta k\u00e9pz\u00e9s. Id\u0151tartama: 200 \u00f3ra. Szervez\u0151: Integrat\u00edv Pszichoter\u00e1pi\u00e1s Egyes\u00fclet;<\/li>\n<li>Csal\u00e1dter\u00e1pi\u00e1s alaptanfolyam. K\u00e9pz\u00e9s id\u0151tartama: 200 \u00f3ra. Szervez\u0151: Magyar Csal\u00e1dter\u00e1pi\u00e1s Egyes\u00fclet<\/li>\n<\/ul>\n<p>&nbsp;<\/p>\n<p><strong>Nyelvismeret<\/strong><\/p>\n<ul>\n<li>Angol: k\u00f6z\u00e9pfok\u00fa, komplex nyelvvizsga<\/li>\n<li>Lov\u00e1ri: k\u00f6z\u00e9pfok\u00fa, komplex nyelvvizsga<\/li>\n<\/ul>\n<p><strong>\u00a0<\/strong><\/p>\n<p><strong>Munkahelyek<\/strong><\/p>\n<ul>\n<li>SOTE (2000-t\u0151l: Semmelweis Egyetem) Magatart\u00e1studom\u00e1nyi Int\u00e9zet (1997. IX. 1-t\u0151l)<\/li>\n<\/ul>\n<p>Munkater\u00fclet: orvosi kommunik\u00e1ci\u00f3 oktat\u00e1sa, a pszichoter\u00e1pi\u00e1s ambulancia munk\u00e1j\u00e1ban val\u00f3 r\u00e9szv\u00e9tel. A kommunik\u00e1ci\u00f3 csoport vezet\u0151je: 2001 j\u00fanius\u00e1t\u00f3l. \u00a0Oktat\u00e1si igazgat\u00f3helyettes: 2017. szeptember 1-t\u0151l.<\/p>\n<ul>\n<li>Jahn Ferenc D\u00e9l-pesti K\u00f3rh\u00e1z &#8211; Rendel\u0151int\u00e9zet IV. Pszichi\u00e1tria (1995 VI 1 &#8211; 1997 VIII. 31) Munkater\u00fclet: \u00e1ltal\u00e1nos pszichi\u00e1tria<\/li>\n<li>Magyar Hospice Alap\u00edtv\u00e1ny (1994 III 1 &#8211; 1995 V 31) Munkater\u00fclet: termin\u00e1lis \u00e1llapot\u00fa betegek h\u00e1zigondoz\u00e1sa.<\/li>\n<li>Vadaskerti Alap\u00edtv\u00e1nyi K\u00f3rh\u00e1z \u00e9s Szakambulancia (1993 X 1 &#8211; 1994 II 28) Munkater\u00fclet: gyermekpszichi\u00e1tria<\/li>\n<\/ul>\n<p>&nbsp;<\/p>\n<p><strong>Tags\u00e1g szakmai szervezetekn\u00e9l<\/strong><\/p>\n<ul>\n<li>Magyar Szexu\u00e1lis Medicina T\u00e1rsas\u00e1g\u00a0(eln\u00f6k: 2018- 2023. Eln\u00f6ks\u00e9gi tag: 2023-)<\/li>\n<li>Magyar Pszichi\u00e1triai T\u00e1rsas\u00e1g (1992 \u00f3ta; 2006-t\u00f3l vezet\u0151s\u00e9gi tagja vagyok)<\/li>\n<li>Napfogyatkoz\u00e1s Egyes\u00fclet (2001-es alakul\u00e1s\u00e1t\u00f3l 2011-ig eln\u00f6ke, 2011-t\u0151l eln\u00f6ks\u00e9gi tagja vagyok)<\/li>\n<li>Magyar Hospice Egyes\u00fclet (1995-2001 k\u00f6z\u00f6tt titk\u00e1ra is voltam)<\/li>\n<li>Selye J\u00e1nos Eg\u00e9szs\u00e9gl\u00e9lektani T\u00e1rsas\u00e1g (1998 \u00f3ta)<\/li>\n<li>Magyar Csal\u00e1dter\u00e1pi\u00e1s Egyes\u00fclet (2004 \u00f3ta)<\/li>\n<li>Magyar Kommunik\u00e1ci\u00f3tudom\u00e1nyi T\u00e1rsas\u00e1g (alap\u00edt\u00f3 tag, 2005)<\/li>\n<li>Magyar Eg\u00e9szs\u00e9gkommunik\u00e1ci\u00f3s Egyes\u00fclet (tag, 2010 \u00f3ta)<\/li>\n<li>Ter\u00e1pi\u00e1s Egy\u00fcttm\u0171k\u00f6d\u00e9s\u00e9rt Egyes\u00fclet (alap\u00edt\u00f3 tag, 2011)<\/li>\n<\/ul>\n<p>&nbsp;<\/p>\n<p><strong>Oktat\u00e1si tapasztalatok:<\/strong><\/p>\n<ul>\n<li>Orvosi kommunik\u00e1ci\u00f3 el\u0151ad\u00e1sok \u00e9s gyakorlatok tart\u00e1sa a gradu\u00e1lis \u00e9s a posztgradu\u00e1lis orvosk\u00e9pz\u00e9sben: 1997 \u00f3ta, rendszeresen, oktat\u00e1si id\u0151szakban heti rendszeress\u00e9ggel<\/li>\n<li>Hospice k\u00e9pz\u00e9seken el\u0151ad\u00e1sok tart\u00e1sa, kommunik\u00e1ci\u00f3s csoportok vezet\u00e9se: 1991 \u00f3ta, rendszeresen, \u00e9vente t\u00f6bb k\u00e9pz\u00e9sen<\/li>\n<li>El\u0151ad\u00e1sok gy\u00e1szr\u00f3l sz\u00f3l\u00f3 k\u00e9pz\u00e9seken: 1997 \u00f3ta, rendszeresen, \u00e9vente t\u00f6bb k\u00e9pz\u00e9sen<\/li>\n<li>El\u0151ad\u00e1sok egy\u00e9b rendezv\u00e9nyeken kommunik\u00e1ci\u00f3s \u00e9s tanatol\u00f3giai t\u00e9mak\u00f6r\u00f6kben: a fentieken k\u00edv\u00fcl \u00e9vente kb. 60-80 tov\u00e1bbi el\u0151ad\u00e1s<\/li>\n<li>Tr\u00e9ningek: rendszeresen, els\u0151sorban orvosi kommunik\u00e1ci\u00f3, stresszkezel\u00e9si, vezet\u0151i k\u00e9szs\u00e9gfejleszt\u00e9si, konfliktus- \u00e9s agresszi\u00f3kezel\u00e9si, \u00fcgyf\u00e9lszolg\u00e1lati \u00e9s outplacement ter\u00fcleteken.<\/li>\n<li>a posztgradu\u00e1lis orvosk\u00e9pz\u00e9sek (CME k\u00e9pz\u00e9sek) int\u00e9zeti koordin\u00e1tora vagyok: 2005 \u00f3ta<\/li>\n<li>a posztgradu\u00e1lis orvosk\u00e9pz\u00e9s keretein bel\u00fcl \u00e9vente k\u00e9t alkalommal megszervezem a rezidensek k\u00f6telez\u0151 t\u00f6rzsk\u00e9pz\u00e9s\u00e9nek orvosi kommunik\u00e1ci\u00f3 blokkj\u00e1t<\/li>\n<\/ul>\n<p><strong>\u00a0<\/strong><\/p>\n<p><strong>Publik\u00e1ci\u00f3k: 135 <\/strong>(r\u00e9szletezve a publik\u00e1ci\u00f3s list\u00e1ban)<\/p>\n<ul>\n<li>18 k\u00f6nyv (ebb\u0151l els\u0151 szerz\u0151s: 14; tank\u00f6nyv: 11)<\/li>\n<li>65 k\u00f6nyvfejezet (els\u0151 szerz\u0151s: 59)<\/li>\n<li>49 foly\u00f3iratcikk (els\u0151 szerz\u0151s: 28)<\/li>\n<li>1 doktori disszert\u00e1ci\u00f3<\/li>\n<li>2 bibliogr\u00e1fia (els\u0151 szerz\u0151s: 2)<\/li>\n<\/ul>\n<p>Hirsch index: 10<\/p>\n<p>&nbsp;<\/p>\n<p><strong>Foly\u00f3iratok szerkeszt\u00e9se<\/strong><\/p>\n<ul>\n<li>Alap\u00edt\u00f3ja, 1997-2001 k\u00f6z\u00f6tt szerkeszt\u0151je, 2002 \u00f3ta szerkeszt\u0151bizotts\u00e1gi tagja vagyok a Khar\u00f3n &#8211; Thanatol\u00f3giai Szemle c\u00edm\u0171 foly\u00f3iratnak.<\/li>\n<li>Alap\u00edt\u00f3ja, 1997-2001 k\u00f6z\u00f6tt szerkeszt\u0151je voltam a Hospice H\u00edrek c\u00edm\u0171 lapnak.<\/li>\n<li>1999-2009 k\u00f6z\u00f6tt szerkeszt\u0151je, 2010 \u00f3ta szerkeszt\u0151bizotts\u00e1gi tagja vagyok a Ment\u00e1lhigi\u00e9n\u00e9 \u00e9s Pszichoszomatika c\u00edm\u0171 foly\u00f3iratnak.<\/li>\n<li>Alakul\u00e1sa, 2004 \u00f3ta szerkeszt\u0151bizotts\u00e1gi tagja vagyok az Uroonkol\u00f3gia c\u00edm\u0171 foly\u00f3iratnak.<\/li>\n<\/ul>\n<p>&nbsp;<\/p>\n<p><strong>Filmek<\/strong><\/p>\n<ul>\n<li>&#8222;Befogad \u00e9s kitasz\u00edt a vil\u00e1g&#8221;. Dokumentumfilm (2013). Rendezte: Skrabski Fruzsina. A filmben szak\u00e9rt\u0151 szerepl\u0151k\u00e9nt vettem r\u00e9szt. Bemutat\u00f3: Duna TV, 2014 febru\u00e1r 3, valamint \u00c1trium mozi, Budapest, 2014. \u00e1prilis 3.<\/li>\n<li>\u201eMeghaltam \u00e9s \u00e9lek\u201d. Dokumentumfilm a hal\u00e1lk\u00f6zeli \u00e9lm\u00e9nyekr\u0151l.<\/li>\n<\/ul>\n<p>Rendezte: M. Topits Judit. Bemutat\u00f3k: MTV 2, 1996. december 15, valamint: 28. Magyar Filmszemle, Budapest, M\u0171v\u00e9sz mozi, 1997. febru\u00e1r 7-11. (A film elk\u00e9sz\u00edt\u00e9s\u00e9ben egyr\u00e9szt forgat\u00f3k\u00f6nyv \u00edr\u00f3k\u00e9nt, m\u00e1sr\u00e9szt \u2013 mint szerepl\u0151 \u2013 szak\u00e9rt\u0151k\u00e9nt vettem r\u00e9szt)<\/p>\n<ul>\n<li>\u201eIsmerd meg \u00f6nmagad!\u201d A Baraka Alap\u00edtv\u00e1ny oktat\u00f3 videofilmje k\u00f6z\u00e9piskol\u00e1sok sz\u00e1m\u00e1ra. A filmben a sz\u00fclet\u00e9sr\u0151l \u00e9s hal\u00e1lr\u00f3l sz\u00f3l\u00f3 r\u00e9sz egyik szak\u00e9rt\u0151jek\u00e9nt szerepelek.<\/li>\n<\/ul>\n<p>&nbsp;<\/p>\n<p><strong>D\u00edjak, kit\u00fcntet\u00e9sek:<\/strong><\/p>\n<ul>\n<li>Richter \u00e9rdem\u00e9rem, az \u00e9v leghat\u00e9konyabb betegkommunik\u00e1ci\u00f3j\u00e1t folytat\u00f3 szakorvosa k\u00fcl\u00f6nd\u00edj, 2025<\/li>\n<li>Semmelweis Egyetem Kiv\u00e1l\u00f3 Dologoz\u00f3ja, 2025.<\/li>\n<li>Magyar Fels\u0151oktat\u00e1s\u00e9rt Eml\u00e9kplakett, 2015<\/li>\n<li>&#8222;A konferencia legjobb f\u00e9rfi el\u0151ad\u00f3ja&#8221; d\u00edj az ISO 9000 F\u00f3rum XX. Nemzeti Konferencia r\u00e9sztvev\u0151inek szavazatai alapj\u00e1n. Balatonalm\u00e1di, 2013. szeptember 12.<\/li>\n<li>Polcz Alaine eml\u00e9kplakett. Magyar Hospice-Palliat\u00edv Egyes\u00fclet IX. Orsz\u00e1gos Kongresszusa, Ny\u00edregyh\u00e1za, 2010. m\u00e1jus 21.<\/li>\n<li>Eg\u00e9szs\u00e9g\u00fcgyi, szoci\u00e1lis \u00e9s csal\u00e1d\u00fcgyi miniszteri dics\u00e9ret: Semmelweis Nap, 2004. j\u00falius 1.<\/li>\n<li>A szekci\u00f3 legjobb el\u0151ad\u00f3j\u00e1nak d\u00edja: <em>Pilling J\u00e1nos<\/em> \u201eB\u00e1nat\u00e1ban meghasad a sz\u00edve\u201d. Megbeteged\u00e9si \u00e9s hal\u00e1loz\u00e1si ar\u00e1nyok a gy\u00e1sz id\u0151szak\u00e1ban. PhD Tudom\u00e1nyos Napok, Semmelweis Egyetem, Budapest, 2009. m\u00e1rcius 30-31.<\/li>\n<li>A legjobb 35 \u00e9ven aluli el\u0151ad\u00f3 d\u00edja:<em> Pilling J\u00e1nos<\/em>: Az orvos szorong\u00e1sa a haldokl\u00f3 beteg\u00e1gy\u00e1n\u00e1l. Magyar Pszichi\u00e1triai T\u00e1rsas\u00e1g VI. V\u00e1ndorgy\u0171l\u00e9se, Si\u00f3fok, 1997. febr. 19-22.<\/li>\n<li>A Magyar Aneszteziol\u00f3giai \u00e9s Intenz\u00edv Ter\u00e1pi\u00e1s T\u00e1rsas\u00e1g k\u00fcl\u00f6nd\u00edja:<em> Pilling J\u00e1nos<\/em>: A hal\u00e1lk\u00f6zeli \u00e9lm\u00e9nyek modellje: a ketamin hat\u00e1sa. El\u0151ad\u00e1s az Orsz\u00e1gos Tudom\u00e1nyos Di\u00e1kk\u00f6ri Konferenci\u00e1n, Budapest, 1992. \u00a0\u00e1pr. 24.<\/li>\n<\/ul>\n<p>&nbsp;<\/p>\n<p>&nbsp;<\/p>\n<p>&nbsp;<\/p>\n<p>&nbsp;<\/p>\n<p>&nbsp;<\/p>\n","protected":false},"excerpt":{"rendered":"<p>SZAKMAI \u00d6N\u00c9LETRAJZ DR. PILLING J\u00c1NOS, PhD \u00a0 Munkahely: Semmelweis Egyetem, Magatart\u00e1studom\u00e1nyi Int\u00e9zet Egyetemi fokozat: egyetemi docens Foglalkoz\u00e1s: pszichi\u00e1ter \u00a0 \u00a0Sz\u00fclettem: 1969. janu\u00e1r 3-\u00e1n, Ny\u00edregyh\u00e1z\u00e1n. &nbsp; Iskolai v\u00e9gzetts\u00e9gek Debreceni Orvostudom\u00e1nyi Egyetem (1987-1993): \u00e1lt. orvosi diploma, summa &hellip;<\/p>\n","protected":false},"author":129,"featured_media":0,"parent":0,"menu_order":0,"comment_status":"closed","ping_status":"closed","template":"","meta":{"footnotes":""},"class_list":["post-4","page","type-page","status-publish","hentry"],"_links":{"self":[{"href":"https:\/\/scholar.semmelweis.hu\/pillingjanos\/wp-json\/wp\/v2\/pages\/4"}],"collection":[{"href":"https:\/\/scholar.semmelweis.hu\/pillingjanos\/wp-json\/wp\/v2\/pages"}],"about":[{"href":"https:\/\/scholar.semmelweis.hu\/pillingjanos\/wp-json\/wp\/v2\/types\/page"}],"author":[{"embeddable":true,"href":"https:\/\/scholar.semmelweis.hu\/pillingjanos\/wp-json\/wp\/v2\/users\/129"}],"replies":[{"embeddable":true,"href":"https:\/\/scholar.semmelweis.hu\/pillingjanos\/wp-json\/wp\/v2\/comments?post=4"}],"version-history":[{"count":7,"href":"https:\/\/scholar.semmelweis.hu\/pillingjanos\/wp-json\/wp\/v2\/pages\/4\/revisions"}],"predecessor-version":[{"id":37,"href":"https:\/\/scholar.semmelweis.hu\/pillingjanos\/wp-json\/wp\/v2\/pages\/4\/revisions\/37"}],"wp:attachment":[{"href":"https:\/\/scholar.semmelweis.hu\/pillingjanos\/wp-json\/wp\/v2\/media?parent=4"}],"curies":[{"name":"wp","href":"https:\/\/api.w.org\/{rel}","templated":true}]}}