{"id":6,"date":"2015-03-03T09:45:45","date_gmt":"2015-03-03T09:45:45","guid":{"rendered":"http:\/\/scholar.semmelweis.hu\/petheogabor\/?page_id=6"},"modified":"2015-06-24T10:30:26","modified_gmt":"2015-06-24T10:30:26","slug":"bemutatkozas","status":"publish","type":"page","link":"https:\/\/scholar.semmelweis.hu\/petheogabor\/","title":{"rendered":"Bemutatkoz\u00e1s"},"content":{"rendered":"<p>Dr. Pethe\u0151 G\u00e1bor L\u00e1szl\u00f3 Ph.D.<\/p>\n<p>Egyetemi docens<\/p>\n<p>Semmelweis Egyetem \u00c9lettani Int\u00e9zet<\/p>\n","protected":false},"excerpt":{"rendered":"<p>Dr. Pethe\u0151 G\u00e1bor L\u00e1szl\u00f3 Ph.D.<br \/>\nEgyetemi docens<br \/>\nSemmelweis Egyetem \u00c9lettani Int\u00e9zet<\/p>\n","protected":false},"author":3,"featured_media":0,"parent":0,"menu_order":0,"comment_status":"closed","ping_status":"closed","template":"","meta":{"footnotes":""},"class_list":["post-6","page","type-page","status-publish","hentry"],"_links":{"self":[{"href":"https:\/\/scholar.semmelweis.hu\/petheogabor\/wp-json\/wp\/v2\/pages\/6"}],"collection":[{"href":"https:\/\/scholar.semmelweis.hu\/petheogabor\/wp-json\/wp\/v2\/pages"}],"about":[{"href":"https:\/\/scholar.semmelweis.hu\/petheogabor\/wp-json\/wp\/v2\/types\/page"}],"author":[{"embeddable":true,"href":"https:\/\/scholar.semmelweis.hu\/petheogabor\/wp-json\/wp\/v2\/users\/3"}],"replies":[{"embeddable":true,"href":"https:\/\/scholar.semmelweis.hu\/petheogabor\/wp-json\/wp\/v2\/comments?post=6"}],"version-history":[{"count":10,"href":"https:\/\/scholar.semmelweis.hu\/petheogabor\/wp-json\/wp\/v2\/pages\/6\/revisions"}],"predecessor-version":[{"id":98,"href":"https:\/\/scholar.semmelweis.hu\/petheogabor\/wp-json\/wp\/v2\/pages\/6\/revisions\/98"}],"wp:attachment":[{"href":"https:\/\/scholar.semmelweis.hu\/petheogabor\/wp-json\/wp\/v2\/media?parent=6"}],"curies":[{"name":"wp","href":"https:\/\/api.w.org\/{rel}","templated":true}]}}