{"id":11,"date":"2015-03-03T10:07:29","date_gmt":"2015-03-03T10:07:29","guid":{"rendered":"http:\/\/scholar.semmelweis.hu\/petheogabor\/?page_id=11"},"modified":"2015-05-19T10:38:10","modified_gmt":"2015-05-19T10:38:10","slug":"phd-ertekezes","status":"publish","type":"page","link":"https:\/\/scholar.semmelweis.hu\/petheogabor\/phd-ertekezes\/","title":{"rendered":"Phd \u00e9rtekez\u00e9s"},"content":{"rendered":"<p>ANION \u00c1RAMOK SZEREPE A GLOMUS CAROTICUM\u00a0KEMORECEPTOR SEJT M\u0170K\u00d6D\u00c9S\u00c9BEN<\/p>\n<p>Dr. Pethe\u0151 G\u00e1bor doktori (Ph.D.) \u00e9rtekez\u00e9se<br \/>\nT\u00e9mavezet\u0151: Dr. Sp\u00e4t Andr\u00e1s<\/p>\n<p>Semmelweis Egyetem \u00c1ltal\u00e1nos Orvostudom\u00e1nyi Kar \u00c9lettani Int\u00e9zet<br \/>\nBudapest,\u00a02002<\/p>\n<p>Molekul\u00e1ris Orvostudom\u00e1nyok<\/p>\n<p>Semmelweis Egyetem Doktori Iskola<br \/>\nCellul\u00e1ris \u00e9s Molekul\u00e1ris \u00c9lettan Doktori Program<\/p>\n<p>&nbsp;<\/p>\n<p><embed width=\"690\" height=\"800\" src=\"\/petheogabor\/wp-content\/uploads\/sites\/3\/2015\/03\/Petheo_G_PhD_ertekez.pdf\"><\/embed><\/p>\n","protected":false},"excerpt":{"rendered":"<p>ANION \u00c1RAMOK SZEREPE A GLOMUS CAROTICUM\u00a0KEMORECEPTOR SEJT M\u0170K\u00d6D\u00c9S\u00c9BEN Dr. Pethe\u0151 G\u00e1bor doktori (Ph.D.) \u00e9rtekez\u00e9se T\u00e9mavezet\u0151: Dr. Sp\u00e4t Andr\u00e1s Semmelweis Egyetem \u00c1ltal\u00e1nos Orvostudom\u00e1nyi Kar \u00c9lettani Int\u00e9zet Budapest,\u00a02002 Molekul\u00e1ris Orvostudom\u00e1nyok Semmelweis Egyetem Doktori Iskola Cellul\u00e1ris \u00e9s Molekul\u00e1ris &hellip;<\/p>\n","protected":false},"author":3,"featured_media":0,"parent":0,"menu_order":0,"comment_status":"closed","ping_status":"closed","template":"","meta":{"footnotes":""},"class_list":["post-11","page","type-page","status-publish","hentry"],"_links":{"self":[{"href":"https:\/\/scholar.semmelweis.hu\/petheogabor\/wp-json\/wp\/v2\/pages\/11"}],"collection":[{"href":"https:\/\/scholar.semmelweis.hu\/petheogabor\/wp-json\/wp\/v2\/pages"}],"about":[{"href":"https:\/\/scholar.semmelweis.hu\/petheogabor\/wp-json\/wp\/v2\/types\/page"}],"author":[{"embeddable":true,"href":"https:\/\/scholar.semmelweis.hu\/petheogabor\/wp-json\/wp\/v2\/users\/3"}],"replies":[{"embeddable":true,"href":"https:\/\/scholar.semmelweis.hu\/petheogabor\/wp-json\/wp\/v2\/comments?post=11"}],"version-history":[{"count":3,"href":"https:\/\/scholar.semmelweis.hu\/petheogabor\/wp-json\/wp\/v2\/pages\/11\/revisions"}],"predecessor-version":[{"id":18,"href":"https:\/\/scholar.semmelweis.hu\/petheogabor\/wp-json\/wp\/v2\/pages\/11\/revisions\/18"}],"wp:attachment":[{"href":"https:\/\/scholar.semmelweis.hu\/petheogabor\/wp-json\/wp\/v2\/media?parent=11"}],"curies":[{"name":"wp","href":"https:\/\/api.w.org\/{rel}","templated":true}]}}