{"id":3,"date":"2015-10-01T10:12:47","date_gmt":"2015-10-01T08:12:47","guid":{"rendered":"http:\/\/scholar.semmelweis.hu\/papayj\/bemutatkozas\/"},"modified":"2026-01-07T13:39:30","modified_gmt":"2026-01-07T12:39:30","slug":"bemutatkozas","status":"publish","type":"page","link":"https:\/\/scholar.semmelweis.hu\/papayj\/","title":{"rendered":"Bemutatkoz\u00e1s"},"content":{"rendered":"<p style=\"text-align: justify\">A Patol\u00f3giai \u00e9s K\u00eds\u00e9rleti R\u00e1kkutat\u00f3 Int\u00e9zethez negyed\u00e9ves orvostanhallgat\u00f3 koromt\u00f3l f\u0171z szakmai kapcsolat. Ekkor kezdtem tudom\u00e1nyos di\u00e1kk\u00f6ri munk\u00e1t a Dr. Jeney Andr\u00e1s professzor \u00e1ltal vezetett Biok\u00e9miai Laborat\u00f3riumban.<\/p>\n<p style=\"text-align: justify\">Az egyetem ut\u00e1n els\u0151 munkahelyem is a fenti int\u00e9zm\u00e9ny lett \u00e9s maradt a mai napig. Feladatom a rutin patol\u00f3giai diagnosztikai tev\u00e9kenys\u00e9g mellett a gradu\u00e1lis \u00e9s postgradu\u00e1lis oktat\u00e1sban val\u00f3 r\u00e9szv\u00e9tel.<\/p>\n<p style=\"text-align: justify\">Szakvizsga ut\u00e1n n\u00e9h\u00e1ny \u00e9vvel lehet\u0151s\u00e9gem ny\u00edlt \u00f6szt\u00f6nd\u00edjask\u00e9nt Sv\u00e1jcban, a Z\u00fcrichi Egyetem Patol\u00f3giai Int\u00e9zet\u00e9nek Molekul\u00e1ris Patol\u00f3giai Oszt\u00e1ly\u00e1n csaknem h\u00e1rom \u00e9vet elt\u00f6lteni, Dr. J\u00fcrgen Roth vezet\u00e9se alatt, ahol a kissejtes t\u00fcd\u0151carcinoma sejtfelsz\u00edni markereinek jellemz\u00e9s\u00e9ben vettem r\u00e9szt.<\/p>\n<p style=\"text-align: justify\">K\u00e9s\u0151bb citol\u00f3giai szakvizsg\u00e1t tettem, majd bekapcsol\u00f3dtam Int\u00e9zet\u00fcnk aspir\u00e1ci\u00f3s citol\u00f3giai diagnosztikai munk\u00e1j\u00e1ba.<\/p>\n<p style=\"text-align: justify\">\u201eA t\u00fcd\u0151r\u00e1k progresszi\u00f3j\u00e1ban szerepet j\u00e1tsz\u00f3 t\u00e9nyez\u0151k\u201d c\u00edmmel \u00edrt \u00e9rtekez\u00e9semet 2009-ben v\u00e9dtem meg a Semmelweis Egyetem Doktori Iskol\u00e1j\u00e1ban.\u00a0<\/p>\n<p style=\"text-align: justify\">Mind a kutat\u00e1si, mind a diagnosztikai tev\u00e9kenys\u00e9gem els\u0151sorban a t\u00fcd\u0151patol\u00f3gi\u00e1val van kapcsolatban. K\u00e9t pulmonol\u00f3giai int\u00e9zm\u00e9ny biopszi\u00e1s mint\u00e1inak \u00e9rt\u00e9kel\u00e9s\u00e9t t\u00fcd\u0151 munkacsoportunk v\u00e9gzi, melynek vezet\u0151je vagyok.<\/p>\n<p style=\"text-align: justify\">Szakmai tev\u00e9kenys\u00e9gem fontos pontja volt a Mayo Klinik\u00e1n (Jacksonville) 2015. janu\u00e1rj\u00e1ban elt\u00f6lt\u00f6tt egy h\u00f3napos tanulm\u00e1ny\u00fat, ahol a Dr. Kho\u00f3r Andr\u00e1s vezette patol\u00f3giai oszt\u00e1lyon az interst\u00edci\u00e1lis t\u00fcd\u0151betegs\u00e9gek t\u00e9mak\u00f6r\u00e9vel foglalkozhattam.<\/p>\n<p style=\"text-align: justify\">Jelenleg egyetemi docensi munkak\u00f6rben dolgozom.<\/p>\n","protected":false},"excerpt":{"rendered":"<p>A Patol\u00f3giai \u00e9s K\u00eds\u00e9rleti R\u00e1kkutat\u00f3 Int\u00e9zethez negyed\u00e9ves orvostanhallgat\u00f3 koromt\u00f3l f\u0171z szakmai kapcsolat. Ekkor kezdtem tudom\u00e1nyos di\u00e1kk\u00f6ri munk\u00e1t a Dr. Jeney Andr\u00e1s professzor \u00e1ltal vezetett Biok\u00e9miai Laborat\u00f3riumban. Az egyetem ut\u00e1n els\u0151 munkahelyem is a fenti int\u00e9zm\u00e9ny &hellip;<\/p>\n","protected":false},"author":36,"featured_media":0,"parent":0,"menu_order":0,"comment_status":"closed","ping_status":"closed","template":"","meta":{"footnotes":""},"class_list":["post-3","page","type-page","status-publish","hentry"],"_links":{"self":[{"href":"https:\/\/scholar.semmelweis.hu\/papayj\/wp-json\/wp\/v2\/pages\/3"}],"collection":[{"href":"https:\/\/scholar.semmelweis.hu\/papayj\/wp-json\/wp\/v2\/pages"}],"about":[{"href":"https:\/\/scholar.semmelweis.hu\/papayj\/wp-json\/wp\/v2\/types\/page"}],"author":[{"embeddable":true,"href":"https:\/\/scholar.semmelweis.hu\/papayj\/wp-json\/wp\/v2\/users\/36"}],"replies":[{"embeddable":true,"href":"https:\/\/scholar.semmelweis.hu\/papayj\/wp-json\/wp\/v2\/comments?post=3"}],"version-history":[{"count":5,"href":"https:\/\/scholar.semmelweis.hu\/papayj\/wp-json\/wp\/v2\/pages\/3\/revisions"}],"predecessor-version":[{"id":29,"href":"https:\/\/scholar.semmelweis.hu\/papayj\/wp-json\/wp\/v2\/pages\/3\/revisions\/29"}],"wp:attachment":[{"href":"https:\/\/scholar.semmelweis.hu\/papayj\/wp-json\/wp\/v2\/media?parent=3"}],"curies":[{"name":"wp","href":"https:\/\/api.w.org\/{rel}","templated":true}]}}