{"id":2,"date":"2015-10-01T10:12:47","date_gmt":"2015-10-01T08:12:47","guid":{"rendered":"http:\/\/scholar.semmelweis.hu\/papayj\/cv\/"},"modified":"2026-01-08T14:24:03","modified_gmt":"2026-01-08T13:24:03","slug":"cv","status":"publish","type":"page","link":"https:\/\/scholar.semmelweis.hu\/papayj\/cv\/","title":{"rendered":"\u00d6n\u00e9letrajz"},"content":{"rendered":"<p>&nbsp;<\/p>\n<p><strong>Szem\u00e9lyes adatok<\/strong><\/p>\n<p>Dr. P\u00e1pay Judit \u00a0<\/p>\n<p><strong>V\u00e9gzetts\u00e9g<\/strong><\/p>\n<ul>\n<li>1983. &#8211; Semmelweis Egyetem (SOTE), \u00c1OK<\/li>\n<li>1987. &#8211; K\u00f3rbonctan \u00e9s k\u00f3rsz\u00f6vettan szakvizsga<\/li>\n<li>2002. &#8211; Citopatol\u00f3gia szakvizsga<\/li>\n<li>2009. &#8211; PhD fokozat (Semmelweis Egyetem, Doktori Iskola) \u00a0<\/li>\n<\/ul>\n<p><strong>Munkahelyek<\/strong><\/p>\n<ul>\n<li>1983. &#8211; \u00a0Semmelweis Egyetem,\u00a0<a href=\"http:\/\/semmelweis.hu\/patologia1\/\">Patol\u00f3giai \u00e9s K\u00eds\u00e9rleti R\u00e1kkutat\u00f3 Int\u00e9zet<\/a><\/li>\n<li>Jelenlegi beoszt\u00e1s: egyetemi docens\u00a0<\/li>\n<\/ul>\n<p><strong>Kutat\u00e1si ter\u00fclet\/Szakter\u00fclet<\/strong><\/p>\n<ul>\n<li>T\u00fcd\u0151patol\u00f3gia, citopatol\u00f3gia<\/li>\n<li>T\u00fcd\u0151daganatok molekul\u00e1risan c\u00e9lzott ter\u00e1pi\u00e1ja<\/li>\n<li>Az mTOR szign\u00e1ltranszdukci\u00f3s \u00fatvonal szerepe t\u00fcd\u0151daganatok agyi metaszt\u00e1zisainak kialakul\u00e1s\u00e1ban<\/li>\n<li>Aspir\u00e1ci\u00f3s citol\u00f3giai rendel\u00e9s<\/li>\n<\/ul>\n<p><strong>Oktat\u00e1si tev\u00e9kenys\u00e9g<\/strong><\/p>\n<p><em>Gradu\u00e1lis oktat\u00e1s\u00a0<\/em><\/p>\n<ul>\n<li>Tantermi el\u0151ad\u00e1sok patol\u00f3gi\u00e1b\u00f3l (\u00c1OK \u00e9s FOK III. \u00e9vfolyam) magyar \u00e9s angol nyelven<\/li>\n<li>Gyakorlat: magyar \u00e9s angol (\u00c1OK \u00e9s\u00a0EM) \u00a0<\/li>\n<li>Hallgat\u00f3i klinikopatol\u00f3giai kurzus<\/li>\n<\/ul>\n<p><em>Posztgradu\u00e1lis oktat\u00e1s<\/em><\/p>\n<ul>\n<li>T\u00fcd\u0151patol\u00f3gia\u00a0 \u00e9s citol\u00f3gia szakvizsga el\u0151k\u00e9sz\u00edt\u0151 konzult\u00e1ci\u00f3\u00a0<\/li>\n<li>Daganatok patomorfol\u00f3giai diagnosztik\u00e1ja \u2013 T\u00fcd\u0151patol\u00f3gia &#8211; k\u00f6telez\u0151 patol\u00f3giai szakvizsga el\u0151k\u00e9sz\u00edt\u0151 tanfolyam<\/li>\n<li>Pulmonol\u00f3giai szakvizsga el\u0151k\u00e9sz\u00edt\u0151 tanfolyam, t\u00fcd\u0151patol\u00f3gia \u00a0<\/li>\n<li>Citol\u00f3giai szakvizsga el\u0151k\u00e9sz\u00edt\u0151 tanfolyam, t\u00fcd\u0151citol\u00f3gia\u00a0<\/li>\n<li>Rezidensk\u00e9pz\u00e9s<\/li>\n<li>Tutori \u00e9s mentori szakmai fel\u00fcgyelet\u00a0<\/li>\n<\/ul>\n<p><strong>\u00d6szt\u00f6nd\u00edj\/tanulm\u00e1ny\u00fat<\/strong><\/p>\n<ul>\n<li>1992-1994. \u2013 Universit\u00e4tsspital Z\u00fcrich, Institut f\u00fcr Pathologie und Molekularpathologie<\/li>\n<li>01. &#8211; Mayo Clinic Jacksonville, Florida, US &#8211; Visiting pathologist, Pulmonary Pathology<\/li>\n<\/ul>\n<p><strong>D\u00edjak \u00e9s elismer\u00e9sek<\/strong><\/p>\n<ul>\n<li>Rektori dics\u00e9ret (Semmelweis Egyetem)<\/li>\n<li>Kiv\u00e1l\u00f3 dolgoz\u00f3 (Semmelweis Egyetem)<\/li>\n<li>Miniszteri dics\u00e9ret (Eg\u00e9szs\u00e9g\u00fcgyi Miniszt\u00e9rium, 2006.)\u00a0<\/li>\n<\/ul>\n<p><strong>Nyelvismeret<\/strong><\/p>\n<ul>\n<li>K\u00f6z\u00e9pfok\u00fa \u00e1llami orosz nyelvvizsga (Rig\u00f3 utca)<\/li>\n<li>C t\u00edpus\u00fa k\u00f6z\u00e9pfok\u00fa angol nyelvvizsga<\/li>\n<\/ul>\n<p><strong>T\u00e1rsas\u00e1gi tags\u00e1gok<\/strong><\/p>\n<ul>\n<li>Magyar Patol\u00f3gus T\u00e1rsas\u00e1g (1990.)<\/li>\n<li>IAP (2000.)<\/li>\n<li>Magyar T\u00fcd\u0151gy\u00f3gy\u00e1sz T\u00e1rsas\u00e1g (2012.)<\/li>\n<li>Magyar Onkol\u00f3gus T\u00e1rsas\u00e1g (1992.)<\/li>\n<\/ul>\n","protected":false},"excerpt":{"rendered":"<p>&nbsp; Szem\u00e9lyes adatok Dr. P\u00e1pay Judit \u00a0 V\u00e9gzetts\u00e9g 1983. &#8211; Semmelweis Egyetem (SOTE), \u00c1OK 1987. &#8211; K\u00f3rbonctan \u00e9s k\u00f3rsz\u00f6vettan szakvizsga 2002. &#8211; Citopatol\u00f3gia szakvizsga 2009. &#8211; PhD fokozat (Semmelweis Egyetem, Doktori Iskola) \u00a0 Munkahelyek 1983. &hellip;<\/p>\n","protected":false},"author":36,"featured_media":0,"parent":0,"menu_order":0,"comment_status":"closed","ping_status":"closed","template":"","meta":{"footnotes":""},"class_list":["post-2","page","type-page","status-publish","hentry"],"_links":{"self":[{"href":"https:\/\/scholar.semmelweis.hu\/papayj\/wp-json\/wp\/v2\/pages\/2"}],"collection":[{"href":"https:\/\/scholar.semmelweis.hu\/papayj\/wp-json\/wp\/v2\/pages"}],"about":[{"href":"https:\/\/scholar.semmelweis.hu\/papayj\/wp-json\/wp\/v2\/types\/page"}],"author":[{"embeddable":true,"href":"https:\/\/scholar.semmelweis.hu\/papayj\/wp-json\/wp\/v2\/users\/36"}],"replies":[{"embeddable":true,"href":"https:\/\/scholar.semmelweis.hu\/papayj\/wp-json\/wp\/v2\/comments?post=2"}],"version-history":[{"count":7,"href":"https:\/\/scholar.semmelweis.hu\/papayj\/wp-json\/wp\/v2\/pages\/2\/revisions"}],"predecessor-version":[{"id":38,"href":"https:\/\/scholar.semmelweis.hu\/papayj\/wp-json\/wp\/v2\/pages\/2\/revisions\/38"}],"wp:attachment":[{"href":"https:\/\/scholar.semmelweis.hu\/papayj\/wp-json\/wp\/v2\/media?parent=2"}],"curies":[{"name":"wp","href":"https:\/\/api.w.org\/{rel}","templated":true}]}}