{"id":36,"date":"2015-06-17T11:41:51","date_gmt":"2015-06-17T09:41:51","guid":{"rendered":"http:\/\/scholar.semmelweis.hu\/orfilaszlo\/?page_id=36"},"modified":"2025-12-01T16:50:45","modified_gmt":"2025-12-01T15:50:45","slug":"ph-d","status":"publish","type":"page","link":"https:\/\/scholar.semmelweis.hu\/orfilaszlo\/ph-d\/","title":{"rendered":"Ph.D. Supervisor activities"},"content":{"rendered":"<p><strong>Doctorate course <\/strong><\/p>\n<p><a href=\"https:\/\/doktori.hu\/doktori-kepzes\/szemelyek\/5224\/\">He is a supervisor in doctoral courses at Semmelweis University and in Budapest University of Technology and Economics.<\/a><\/p>\n<p>Budapest University of Technology and Economics, George A. Olah Doctoral School of Chemistry and Chemical Technology (Academic staff member)<\/p>\n<p>Budapest University of Technology and Economics, George A. Olah Doctoral School of Chemistry and Chemical Technology Habilitation Comittee and Doctoral Council (external full member)<\/p>\n<p>Semmelweis University, Doctoral School<\/p>\n<p>Number of doctoral students supervised until now: \u00a0\u00a0\u00a0\u00a0\u00a0\u00a0 10<\/p>\n<p>Number of students who fulfilled course requirements: \u00a0\u00a0 8<\/p>\n<p>Students who obtained their degrees: \u00a0\u00a0<\/p>\n<p>\u00a0\u00a0\u00a0\u00a0\u00a0\u00a0\u00a0\u00a0\u00a0\u00a0\u00a0\u00a0\u00a0 Rita Garamv\u00f6lgyi \u00a0\u00a0\u00a0\u00a0\u00a0\u00a0\u00a0\u00a0\u00a0\u00a0\u00a0\u00a0\u00a0\u00a0 PhD \u00a0\u00a0\u00a0\u00a0\u00a0\u00a0\u00a0\u00a0\u00a0\u00a0 2017 \u00a0\u00a0\u00a0\u00a0\u00a0\u00a0\u00a0\u00a0\u00a0 \u00a0DSPS1-SE<\/p>\n<p>\u00a0\u00a0\u00a0\u00a0\u00a0\u00a0\u00a0\u00a0\u00a0\u00a0\u00a0\u00a0\u00a0 Ferenc Baska \u00a0\u00a0\u00a0\u00a0\u00a0\u00a0\u00a0\u00a0\u00a0\u00a0\u00a0\u00a0\u00a0\u00a0\u00a0\u00a0\u00a0\u00a0\u00a0\u00a0 PhD \u00a0\u00a0\u00a0\u00a0\u00a0\u00a0\u00a0\u00a0\u00a0\u00a0 2015 \u00a0\u00a0\u00a0\u00a0\u00a0\u00a0\u00a0\u00a0\u00a0 \u00a0DSPS1-SE<\/p>\n<p>\u00a0\u00a0\u00a0\u00a0\u00a0\u00a0\u00a0\u00a0\u00a0\u00a0\u00a0\u00a0\u00a0 G\u00e1bor N\u00e9meth \u00a0\u00a0\u00a0\u00a0\u00a0\u00a0\u00a0\u00a0\u00a0\u00a0\u00a0\u00a0\u00a0\u00a0\u00a0\u00a0\u00a0\u00a0 PhD \u00a0\u00a0\u00a0\u00a0\u00a0\u00a0\u00a0\u00a0\u00a0\u00a0 2012 \u00a0\u00a0\u00a0\u00a0\u00a0\u00a0\u00a0\u00a0\u00a0 \u00a0<\/p>\n<p>\u00a0\u00a0\u00a0\u00a0\u00a0\u00a0\u00a0\u00a0\u00a0\u00a0\u00a0\u00a0\u00a0 G\u00e1bor P\u00e9ter B\u00e1nhegyi \u00a0\u00a0\u00a0\u00a0\u00a0\u00a0\u00a0\u00a0 PhD \u00a0\u00a0\u00a0\u00a0\u00a0\u00a0\u00a0\u00a0\u00a0\u00a0 2009 \u00a0\u00a0\u00a0\u00a0\u00a0\u00a0\u00a0\u00a0\u00a0 \u00a0DSPS1-SE<\/p>\n<p>\u00a0\u00a0\u00a0\u00a0\u00a0\u00a0\u00a0\u00a0\u00a0\u00a0\u00a0\u00a0\u00a0 Csaba Sz\u00e1ntai-Kis \u00a0\u00a0\u00a0\u00a0\u00a0\u00a0\u00a0\u00a0\u00a0\u00a0\u00a0\u00a0\u00a0 PhD \u00a0\u00a0\u00a0\u00a0\u00a0\u00a0\u00a0\u00a0\u00a0\u00a0 2008 \u00a0\u00a0\u00a0\u00a0\u00a0\u00a0\u00a0\u00a0\u00a0 \u00a0<\/p>\n<p>completed course requirement, without degree or degree granting in process: \u00a0\u00a0\u00a0<\/p>\n<p>\u00a0\u00a0\u00a0\u00a0\u00a0\u00a0\u00a0\u00a0\u00a0\u00a0\u00a0\u00a0\u00a0 Anna Sipos \u00a0\u00a0\u00a0\u00a0\u00a0\u00a0\u00a0\u00a0\u00a0\u00a0\u00a0\u00a0\u00a0\u00a0\u00a0\u00a0\u00a0\u00a0\u00a0\u00a0\u00a0\u00a0\u00a0 (PhD) \u00a0\u00a0\u00a0\u00a0\u00a0\u00a0\u00a0\u00a0 2014\/08 \u00a0\u00a0\u00a0\u00a0\u00a0 \u00a0DSPS1-SE<\/p>\n<p>\u00a0\u00a0\u00a0\u00a0\u00a0\u00a0\u00a0\u00a0\u00a0\u00a0\u00a0\u00a0\u00a0 Zolt\u00e1n Nemes \u00a0\u00a0\u00a0\u00a0\u00a0\u00a0\u00a0\u00a0\u00a0\u00a0\u00a0\u00a0\u00a0\u00a0\u00a0\u00a0\u00a0\u00a0\u00a0 (PhD) \u00a0\u00a0\u00a0\u00a0\u00a0\u00a0\u00a0\u00a0 2015\/08 \u00a0\u00a0\u00a0\u00a0\u00a0 \u00a0DSPS1-SE<\/p>\n<p>\u00a0\u00a0\u00a0\u00a0\u00a0\u00a0\u00a0\u00a0\u00a0\u00a0\u00a0\u00a0\u00a0 Zs\u00f3fia Czudor \u00a0\u00a0\u00a0\u00a0\u00a0\u00a0\u00a0\u00a0\u00a0\u00a0\u00a0\u00a0\u00a0\u00a0\u00a0\u00a0\u00a0\u00a0\u00a0 (PhD) \u00a0\u00a0\u00a0\u00a0\u00a0\u00a0\u00a0\u00a0 2018\/08 \u00a0\u00a0\u00a0\u00a0\u00a0 \u00a0DSPS1-SE<\/p>\n<p>present PhD students: \u00a0\u00a0\u00a0\u00a0\u00a0\u00a0\u00a0\u00a0\u00a0\u00a0\u00a0\u00a0\u00a0\u00a0\u00a0\u00a0\u00a0\u00a0\u00a0\u00a0\u00a0\u00a0<\/p>\n<p>\u00a0\u00a0\u00a0\u00a0\u00a0\u00a0\u00a0\u00a0\u00a0\u00a0\u00a0\u00a0\u00a0 Marcell Krek\u00f3 \u00a0\u00a0\u00a0\u00a0\u00a0\u00a0\u00a0\u00a0\u00a0\u00a0\u00a0\u00a0\u00a0\u00a0\u00a0\u00a0\u00a0\u00a0\u00a0 (PhD) \u00a0\u00a0\u00a0\u00a0\u00a0\u00a0\u00a0\u00a0 (2022\/08) \u00a0\u00a0 \u00a0DSPS1-SE<\/p>\n","protected":false},"excerpt":{"rendered":"<p>Doctorate course <a href=\"https:\/\/doktori.hu\/doktori-kepzes\/szemelyek\/5224\/\">He is a supervisor in doctoral courses at Semmelweis University and in Budapest University of Technology and Economics.<\/a> Budapest University of Technology and Economics, George A. Olah Doctoral School of Chemistry and Chemical Technology (Academic staff member) Budapest University of Technology and Economics, George A. Olah Doctoral School of Chemistry and &hellip;<\/p>\n","protected":false},"author":31,"featured_media":0,"parent":0,"menu_order":0,"comment_status":"open","ping_status":"open","template":"","meta":{"footnotes":""},"class_list":["post-36","page","type-page","status-publish","hentry"],"_links":{"self":[{"href":"https:\/\/scholar.semmelweis.hu\/orfilaszlo\/wp-json\/wp\/v2\/pages\/36"}],"collection":[{"href":"https:\/\/scholar.semmelweis.hu\/orfilaszlo\/wp-json\/wp\/v2\/pages"}],"about":[{"href":"https:\/\/scholar.semmelweis.hu\/orfilaszlo\/wp-json\/wp\/v2\/types\/page"}],"author":[{"embeddable":true,"href":"https:\/\/scholar.semmelweis.hu\/orfilaszlo\/wp-json\/wp\/v2\/users\/31"}],"replies":[{"embeddable":true,"href":"https:\/\/scholar.semmelweis.hu\/orfilaszlo\/wp-json\/wp\/v2\/comments?post=36"}],"version-history":[{"count":4,"href":"https:\/\/scholar.semmelweis.hu\/orfilaszlo\/wp-json\/wp\/v2\/pages\/36\/revisions"}],"predecessor-version":[{"id":74,"href":"https:\/\/scholar.semmelweis.hu\/orfilaszlo\/wp-json\/wp\/v2\/pages\/36\/revisions\/74"}],"wp:attachment":[{"href":"https:\/\/scholar.semmelweis.hu\/orfilaszlo\/wp-json\/wp\/v2\/media?parent=36"}],"curies":[{"name":"wp","href":"https:\/\/api.w.org\/{rel}","templated":true}]}}