{"id":32,"date":"2015-06-17T11:40:44","date_gmt":"2015-06-17T09:40:44","guid":{"rendered":"http:\/\/scholar.semmelweis.hu\/orfilaszlo\/?page_id=32"},"modified":"2025-12-01T18:20:30","modified_gmt":"2025-12-01T17:20:30","slug":"kutatas","status":"publish","type":"page","link":"https:\/\/scholar.semmelweis.hu\/orfilaszlo\/kutatas\/","title":{"rendered":"Research"},"content":{"rendered":"<h2>Summary of Scientific Work, Research Results and Publications<\/h2>\n<p>He started his medicinal chemistry research as a member of the Scientific Student Association under the supervision of Prof. Gyula Schneider in the field of synthesis of novel steroid derivatives at J\u00f3zsef Attila University of Sciences.<\/p>\n<p>Prof. Schneider supervised his diploma work, entitled <em>\u201cInvestigation of Region- and Stereoselective Reactions of Steroids\u201d<\/em>. The highly recognized professors of the department at that time (Prof. Mih\u00e1ly Bart\u00f3k, Prof. G\u00e1bor Bern\u00e1th, Prof. \u00c1rp\u00e1d Moln\u00e1r) and the dedicated PhD students (Prof. Ferenc F\u00fcl\u00f6p (later academic member of HAS), Prof. Gy\u00f6rgy Dombi) strongly motivated him to learn and practice organic chemistry of bioactive compounds and medicinal chemistry.<\/p>\n<p>After his graduation in 1981, Prof. Mikl\u00f3s N\u00e1dasy, his former lecturer in pesticide chemistry, offered him an assistant research fellow position at the Research Institute for Heavy Industrial Chemistry in Veszpr\u00e9m. There, Dr. Andr\u00e1s Vas, former PhD student of Prof. Schneider, was his supervisor in the research of novel heterocyclic pesticides. Due to his university training in medicinal chemistry, he soon realized that he was more interested in drug research than in the preparation of highly toxic materials.<\/p>\n<p>He then found an open position at Semmelweis University of Medicine, Department of Pharmaceutical Chemistry. The head of the department and dean of the faculty, Prof. Gy\u00f6rgy Sz\u00e1sz, accepted his application, and he was able to start his medicinal chemist career in his research group in 1982, supporting the structure\u2013property\u2013activity investigations of the department.<\/p>\n<h2><strong>Original Drug Research<\/strong><\/h2>\n<p>The department worked in industrial cooperation with the CHINOIN pharmaceutical company on novel pyrido-pyrimidines (PPs). After consulting with Prof. Zolt\u00e1n M\u00e9sz\u00e1ros and Prof. Istv\u00e1n Hermecz (heads of research at CHINOIN), he was tasked with preparing analogues of the PPs in order to develop potential cAMP phosphodiesterase IV inhibitors for the therapy of asthma, COPD and allergy.<\/p>\n<p>His supervisor in the laboratory was J\u00f3zsef K\u00f6k\u00f6si, known for performing the simplest synthesis of rutaecarpine. Connecting to this polycondensed ring system synthesis his original task was to develop tricyclic quinazoline analogues of the pyrido-pyrimidine hit molecules, and model substances for the university structure\u2013property\u2013relationship (SPR) studies. He prepared series of simpler \u201cring-opened\u201d model compounds as well for comparison them with the tricycles.<\/p>\n<p>Since the tricyclic compounds were novel and patentable, to protect their IP he prepared his university doctoral (Dr. Mat. Pharm.) thesis from the gas chromatographic investigation and SPR of the ring-opened compounds. He received his doctoral degree, <em>summa cum laude<\/em>, in 1985 for the thesis <em>\u201cSynthesis and Investigation of Theophylline Analogues\u201d<\/em>.<\/p>\n<p>This achievement defined his long-term strategic aim: the design of drug-like, potentially active heterocyclic compounds; the development of novel synthetic methods; and the investigation of structure\u2013property\u2013biological activity relationships.<\/p>\n<h2><strong>Combinatorial Chemistry<\/strong><\/h2>\n<p>The main profile of the Department of Pharmaceutical Chemistry was qualitative and quantitative drug analysis, so the instrumental background for structure identification was poor. The compounds and intermediates synthesized in the lab were monitored only by thin layer chromatography and were validated by NMR occasionally at CHINOIN. As a consequence of multistep \u201cblind syntheses\u201d, incorrect or mixed products were often obtained. Therefore, simple, \u201cguaranteed\u201d reactions with high yields had to be chosen for reliable compound synthesis.<\/p>\n<p>He applied many classical organic analytical reactions previously taught in the students\u2019 laboratory courses. The only in-house instrumental method was UV spectrophotometry, which fortunately proved useful for detecting the ring closure of quinazolines. Investigating the reactivity of quinazolines, he and his colleagues realized that, besides tricyclic molecules, the ring-opened 2-alkyl compounds could behave as active methylene compounds. This recognition opened the way to aldehyde-condensed (styryl), diazo-coupled (hydrazone) and brominated derivatives, which could be further functionalized, for example through nucleophilic substitution reactions.<\/p>\n<p>In the 1980s, big pharmaceutical companies started building their high-throughput screening (HTS) capacities, creating a high demand for screening libraries. While testing and developing expert softwares at Compudrug Ltd., he used graphical databases containing thousands of compound structures. This led to the idea that tens of thousands of novel structures could be generated by software based on programmed reaction schemes, and that molecules with desired properties could be selected by virtual screening. The next question was whether \u201creal\u201d compounds could also be generated in this way. Relying on his accumulated knowledge in quinazoline chemistry, he concluded that the answer was yes.<\/p>\n<p>He tested the idea of parallel synthesis in the laboratory, and it worked. The owner of Compudrug Ltd., Dr. Ferenc Darvas, commissioned the synthesis of hundreds of compounds per month, and this cooperation continued successfully for six years. Based on these experiences, Dr. Darvas founded Comgenex Inc. (later AMRI Hungary), where the first compound libraries\u2014unsurprisingly\u2014consisted largely of (130K) quinazoline derivatives.<\/p>\n<p>After six years of work in \u201ccombinatorial chemistry,\u201d he recognized that finding biologically active hits in randomly synthesized compound libraries would rarely be efficient. Later, big pharmaceutical companies came to the same conclusion, and the high hope combinatorial chemistry bubble gradually declined.<\/p>\n<h2><strong>Rational Drug Design and Kinase Inhibitors<\/strong><\/h2>\n<p>Among the many parallel approaches to drug discovery, he chose a biological target\u2013based strategy. Close analogues of heterocycles he had developed, began to appear in the scientific literature as potential anticancer agents. Around the same time, reports were published that protein kinases could serve as key targets in cancer therapy.<\/p>\n<p>He contacted Dr. Gy\u00f6rgy K\u00e9ri, head of the Peptide Biochemistry Research Group and advisor to SUGEN Inc. (USA). Dr. K\u00e9ri\u2019s group worked on the synthesis of small peptides as potential kinase inhibitors, tested in the United States. Initially, Dr. K\u00e9ri was not enthusiastic about the proposed heterocycles, since his group aimed to develop peptide-based kinase inhibitors\u2014which were ultimately unsuccessful.<\/p>\n<p>He explained that his quinazolines were built from anthranilic acids (\u03b1-amino acids), meaning that the heterocycles could be considered \u201cpeptidomimetics\u201d. Oxindoles (core structure of sunitinib\/Sutent) could have been interpreted similarly. Dr. K\u00e9ri agreed to test 50 compounds. Based on the literature, he had constructed a qualitative structure\u2013activity relationship and selected the test set from his existing compound series. The hit rate was astonishing: 25 compounds showed activity in the kinase assays (around 50% hit rate versus the typical hit rate of &gt;0.01% in random libraries).<\/p>\n<p>These excellent biological results directed his research toward kinase inhibitors with potential applications in the treatment of cancers, bacterial and viral infections, inflammations (e.g. neurogenic inflammation), diabetes and, in general, any proliferative disease.<\/p>\n<p>Due to this success, Gerald McMahon, CEO of SUGEN, visited the group in Hungary in 1994. He disclosed his quinazoline structures and had a long debate with McMahon, who claimed that quinazolines were ATP analogues and therefore could never become drugs (a view echoed later by Prof. Istv\u00e1n Hermecz academic, who called them \u201cthe kiss of death\u201d). They were proven wrong.<\/p>\n<p>The most active compound, coded \u0150L-57, a 4-anilinoquinazoline, showed outstanding activity in EGFR kinase assays. It was later identified independently by others and became a widely used reference compound under the code PD-153035 in EGFR assays worldwide. The compound was published by Fry et al. in <em>Science<\/em> (1994). Follow-up molecules of this quinazoline series including Iressa and Tarceva, which were launched on the pharmaceutical market soon afterwards; today, many other quinazolines are in clinical stages or in development pipelines.<\/p>\n<p>In 1995\u20131996, he worked as a visiting scientist in the bioanalytical research group of Prof. Cynthia Larive at the University of Kansas, where he performed gradient-enhanced high-resolution NMR spectroscopy. The collaboration resulted in three high impact publications, one of which highlighted the applicability of NMR for qualitative and quantitative characterization of compound libraries.<\/p>\n<p>Meanwhile, one of his quinazolines prepared was published in <em>Cancer Research <\/em>(Cancer Research 56 (15), 3540-3545, 1996.) and has since become his most cited paper (more than 450 citations).<\/p>\n<p>During 1998 and 1999 he worked in the combinatorial chemistry laboratory of Dr. Richard Houghten in San Diego, within the framework of a US\u2013Hungarian T\u00c9T cooperation. There, he investigated the simplest solid-phase synthesis approach, the \u201ctea-bag\u201d method, combined with microwave activation (using a household microwave oven). He developed a rapid, high-yield (almost quantitative) synthetic method for preparing quinazoline-4-ones, key intermediates of blockbuster drugs such as Viagra, Tarceva and Iressa and their follow-ups. Using his method, the intermediate of Iressa could have been obtained in almost quantitative yield, while the best published method at that time reported only about 20% yield.<\/p>\n<p>He offered this procedure to several pharmaceutical companies without success, and subsequently published it in <em>Current Medicinal Chemistry<\/em>. Among his synthetic papers, this is his most cited first-authored publication.<\/p>\n<p>His \u201cRational Drug Design and Development Laboratory\u201d research concept (which failed to receive OTKA grant support four times) was later included in the grant application of the Cooperative Research Centre of Semmelweis University. The application was funded, and with combined governmental and industrial support, the Rational Drug Design Laboratory was established on the second floor of the Hospital of Hungarian Railways.<\/p>\n<p>The aim of this laboratory was to train undergraduate and PhD students in modern synthetic, biochemical and biological methods directly through hands-on laboratory work. He directed the medicinal chemistry research of the Centre from 2002 to 2010. The Rational Drug Design Laboratory produced numerous publications and patents, diploma theses and PhD dissertations. The PhD graduates trained there have become outstanding scientists in Hungary and abroad (at Sanofi, Richter Gedeon, Servier, Institut Pasteur, Institute of Cancer Research (UK), Max Planck Institutes, Cold Spring Harbor Laboratory, KU Leuven, Utrecht University, etc.).<\/p>\n<h2><strong>Computational Methods and Expert Systems<\/strong><\/h2>\n<p>His medicinal chemistry work has been connected with computational methods from the very beginning. He started working with personal computers in 1984. In his university doctoral thesis, he performed curve fitting by a hand-hold computer and established acceptable structure\u2013property relationships. From 1986 onwards, particularly with the start of the Compudrug collaboration, he routinely applied computers in both teaching and research.<\/p>\n<p>Starting from basic calculations (molecular weight, pKa, binding constants, curve fitting, equilibria, etc.), even commercially available computers can now be used for molecular modelling as well. Current expert systems can predict physicochemical properties (logP, pKa, metabolic stability, NMR spectra, chemical shifts and coupling constants, stable conformations, etc.) as well as biological activity spectra of virtual compounds that medicinal chemists could only dream of in the 1980s.<\/p>\n<p>Over the past 40 years, he has participated in the development and beta testing of many \u201cknowledge base\u201d expert systems developed by Hungarian and international companies, and he personally knew most of the top developers in this field. These systems included Compudrug\u2019s Pallas (pKalc, ProLogP, Metabolexpert, Eluex), Tripos SYBYL (Prof. Garland Marshall), Dragon (Roberto Todeschini), ACD\/Labs Bundle, PASS (Vladimir Poroikov), among others.<\/p>\n<p>He contributed to the development of a ligand based QSAR system having high predictability of biological and physical-chemical properties based on calculated molecular structural properties. The algorithm of 3DNET (later 3DNET4W) was protected by US and EU patent applications, in cooperation with Istv\u00e1n K\u00f6vesdi, who implemented the artificial neural network and the other mathematics tools into the algorithm. This self-learning algorithm was capable of identifying quantitative structure\u2013activity relationships and showed high predictive power, making it a competitor to virtual screening by computational docking. After computational filtering of compound sets by their software, the successful hit rate increased by an order of magnitude. The software is still in use at universities and in pharmaceutical companies.<\/p>\n<p>Several of his prominent students have incorporated modern computational methods into their work. Notably, Dr. Csaba Sz\u00e1ntai-Kis and Dr. Ferenc Baska included computational approaches in their theses, and his PhD student, Dr. Marcell Krek\u00f3, works on the synthesis of covalently binding kinase inhibitors and has developed a unique computational model for covalent binding, which has already been published.<\/p>\n<h2><strong>Recognition and Citations<\/strong><\/h2>\n<p>His research group, composed of graduate and PhD students, was classified as one of the excellent research groups of Semmelweis University in the booklet <em>\u201cAcademic Excellence in Biomedical Research\u201d<\/em> (2008, ISBN 978-963-9879-09-6).<\/p>\n<p>His detailed scientific publication list provides a more comprehensive view of his drug research work. The main results of his research on kinase inhibitors are summarized in a paper listed first in the Hungarian publication list:<\/p>\n<p>\u0150rfi L. <em>Kin\u00e1zg\u00e1tl\u00f3 kismolekul\u00e1k fejleszt\u00e9se (Bruckner termi el\u0151ad\u00e1s)<\/em>. Magyar K\u00e9mikusok Lapja 71: 7\u20138, pp. 229\u2013235 (2016).<\/p>\n<p>He is proud to be listed in the Excellence Database of the Central Library of Semmelweis University (<a href=\"https:\/\/lib.semmelweis.hu\/app\/excellence?resID=1279\">https:\/\/lib.semmelweis.hu\/app\/excellence?resID=1279<\/a>).<\/p>\n<p>Based on his validated (MTMT) citation data, he was regularly placed on the Top 100 list of most cited scientists of Semmelweis University (e.g. 83rd at the University and 2nd in the Faculty in 2018; 79th at the University and 3rd in the Faculty in 2017; 65\u201366th at the University and 3rd in the Faculty in 2016; and 4th in the Faculty among the ranked 50 scientists in 2015).<\/p>\n<p>&nbsp;<\/p>\n","protected":false},"excerpt":{"rendered":"<p>Summary of Scientific Work, Research Results and Publications He started his medicinal chemistry research as a member of the Scientific Student Association under the supervision of Prof. Gyula Schneider in the field of synthesis of &hellip;<\/p>\n","protected":false},"author":31,"featured_media":0,"parent":0,"menu_order":0,"comment_status":"open","ping_status":"open","template":"","meta":{"footnotes":""},"class_list":["post-32","page","type-page","status-publish","hentry"],"_links":{"self":[{"href":"https:\/\/scholar.semmelweis.hu\/orfilaszlo\/wp-json\/wp\/v2\/pages\/32"}],"collection":[{"href":"https:\/\/scholar.semmelweis.hu\/orfilaszlo\/wp-json\/wp\/v2\/pages"}],"about":[{"href":"https:\/\/scholar.semmelweis.hu\/orfilaszlo\/wp-json\/wp\/v2\/types\/page"}],"author":[{"embeddable":true,"href":"https:\/\/scholar.semmelweis.hu\/orfilaszlo\/wp-json\/wp\/v2\/users\/31"}],"replies":[{"embeddable":true,"href":"https:\/\/scholar.semmelweis.hu\/orfilaszlo\/wp-json\/wp\/v2\/comments?post=32"}],"version-history":[{"count":4,"href":"https:\/\/scholar.semmelweis.hu\/orfilaszlo\/wp-json\/wp\/v2\/pages\/32\/revisions"}],"predecessor-version":[{"id":86,"href":"https:\/\/scholar.semmelweis.hu\/orfilaszlo\/wp-json\/wp\/v2\/pages\/32\/revisions\/86"}],"wp:attachment":[{"href":"https:\/\/scholar.semmelweis.hu\/orfilaszlo\/wp-json\/wp\/v2\/media?parent=32"}],"curies":[{"name":"wp","href":"https:\/\/api.w.org\/{rel}","templated":true}]}}