{"id":30,"date":"2015-06-17T11:40:23","date_gmt":"2015-06-17T09:40:23","guid":{"rendered":"http:\/\/scholar.semmelweis.hu\/orfilaszlo\/?page_id=30"},"modified":"2025-12-01T17:16:24","modified_gmt":"2025-12-01T16:16:24","slug":"szakdolgozat","status":"publish","type":"page","link":"https:\/\/scholar.semmelweis.hu\/orfilaszlo\/szakdolgozat\/","title":{"rendered":"Diploma works supervised"},"content":{"rendered":"<p><strong>(<\/strong>original titles<strong>)<\/strong><\/p>\n<p><strong>1987<\/strong><\/p>\n<ol>\n<li>G\u00f6tzel Andrea<\/li>\n<\/ol>\n<p>Heterokondenz\u00e1lt kinazolinok, mint potenci\u00e1lis farmakonok I.<\/p>\n<p>Imidazo[2,1-b]kinazolinok.<\/p>\n<p>SOTE Gy\u00f3gyszer\u00e9szi K\u00e9miai Int\u00e9zet, 1987.<\/p>\n<p><strong>\u00a0<\/strong><\/p>\n<p><strong>1988<\/strong><\/p>\n<p>2.Hovorka Rita<\/p>\n<p>Heterokondenz\u00e1lt kinazolinok, mint potenci\u00e1lis farmakonok II.<\/p>\n<p>Pirazolo[5,1-b]kinazolinok.<\/p>\n<p>SOTE Gy\u00f3gyszer\u00e9szi K\u00e9miai Int\u00e9zet, 1988.<\/p>\n<p>&nbsp;<\/p>\n<p>3.Moln\u00e1r Judit<\/p>\n<p>Heterokondenz\u00e1lt kinazolinok, mint potenci\u00e1lis farmakonok III.<\/p>\n<p>Tiazolo[2,3-b]kinazolinok.<\/p>\n<p>SOTE Gy\u00f3gyszer\u00e9szi K\u00e9miai Int\u00e9zet, 1988.<\/p>\n<p><strong>1990<\/strong><\/p>\n<ol start=\"4\">\n<li>Hermann M\u00e1rta<\/li>\n<\/ol>\n<p>Heterokondenz\u00e1lt kinazolinok, mint potenci\u00e1lis farmakonok IV.<\/p>\n<p>Triazolo- \u00e9s tetrazolo-kinazolinok<\/p>\n<p>SOTE Gy\u00f3gyszer\u00e9szi K\u00e9miai Int\u00e9zet, 1990.<\/p>\n<p>&nbsp;<\/p>\n<ol start=\"5\">\n<li>Kov\u00e1cs Ter\u00e9zia<\/li>\n<\/ol>\n<p>Heterokondenz\u00e1lt kinazolinok, mint potenci\u00e1lis farmakonok V.<\/p>\n<p>Oxig\u00e9n-, k\u00e9n-, nitrog\u00e9n-heteroatomot tartalmaz\u00f3, \u00f6ttag\u00fa heterociklusokkal kondenz\u00e1lt sz\u00e1rmaz\u00e9kok.<\/p>\n<p>SOTE Gy\u00f3gyszer\u00e9szi K\u00e9miai Int\u00e9zet, 1990.<\/p>\n<p>&nbsp;<\/p>\n<p><strong>1993<\/strong><\/p>\n<ol start=\"6\">\n<li>M\u00e1y Lilian<\/li>\n<\/ol>\n<p>Heterokondenz\u00e1lt kinazolinok, mint potenci\u00e1lis farmakonok VI.<\/p>\n<p>Oxazino- \u00e9s tiazino-kinazolin sz\u00e1rmaz\u00e9kok szint\u00e9zise \u00e9s biol\u00f3giai hat\u00e1suk.<\/p>\n<p>SOTE Gy\u00f3gyszer\u00e9szi K\u00e9miai Int\u00e9zet, 1993.<\/p>\n<p>&nbsp;<\/p>\n<p><strong>1997<\/strong><\/p>\n<ol start=\"7\">\n<li>Viml\u00e1ti G\u00e1bor<\/li>\n<\/ol>\n<p>Potenci\u00e1lis protein tirozin kin\u00e1z g\u00e1tl\u00f3 hat\u00e1s\u00fa kinazolinok \u00e9s kinoxalinok el\u0151\u00e1ll\u00edt\u00e1sa<\/p>\n<p>SOTE Gy\u00f3gyszer\u00e9szi K\u00e9miai Int\u00e9zet, 1997.<\/p>\n<p><strong>1999<\/strong><\/p>\n<ol start=\"8\">\n<li>Gungl J\u00f3zsef<\/li>\n<\/ol>\n<p>Aliciklusos benzilid\u00e9n ketonok mint potenci\u00e1lis PTK-inhibitorok szint\u00e9zise \u00e9s biol\u00f3giai aktivit\u00e1s\u00e1nak vizsg\u00e1lata<\/p>\n<p>SOTE Gy\u00f3gyszer\u00e9szi K\u00e9miai Int\u00e9zet, 1999<\/p>\n<p>&nbsp;<\/p>\n<ol start=\"9\">\n<li>Kov\u00e1cs Zsuzsa<\/li>\n<\/ol>\n<p>Diaz\u00f3nium-vegy\u00fcletek hasznos\u00edt\u00e1sa tumor diagnosztikai \u00e9s ter\u00e1pi\u00e1s c\u00e9lokra<\/p>\n<p>SOTE Gy\u00f3gyszer\u00e9szi K\u00e9miai Int\u00e9zet, 1999<\/p>\n<p>&nbsp;<\/p>\n<p>10.V\u00e1radi J\u00e1nos<\/p>\n<p>Adenin-anal\u00f3g tirozin-kin\u00e1z inhibitorok szint\u00e9zise \u00e9s biol\u00f3giai hat\u00e1sa<\/p>\n<p>SOTE Gy\u00f3gyszer\u00e9szi K\u00e9miai Int\u00e9zet, 1999<\/p>\n<p>&nbsp;<\/p>\n<p><strong>2000<\/strong><\/p>\n<ol start=\"11\">\n<li>Dudus K. Bal\u00e1zs<\/li>\n<\/ol>\n<p>Az angiogenezis g\u00e1tl\u00e1sa. Farmakof\u00f3r modell l\u00e9trehoz\u00e1sa ismert protein tirozin kin\u00e1z g\u00e1tl\u00f3 vegy\u00fcletek szerkezete \u00e9s sz\u00e1m\u00edthat\u00f3 molekul\u00e1ris le\u00edr\u00f3 param\u00e9terei alapj\u00e1n<\/p>\n<p>SOTE Gy\u00f3gyszer\u00e9szi K\u00e9miai Int\u00e9zet, 2000<\/p>\n<p>&nbsp;<\/p>\n<p><strong>2001<\/strong><\/p>\n<ol start=\"12\">\n<li>Sz\u00e1ntai Kis Csaba<\/li>\n<\/ol>\n<p>Grafikus adatb\u00e1zisok alkalmaz\u00e1sa a gy\u00f3gyszerkutat\u00e1sban<\/p>\n<p>SOTE Gy\u00f3gyszer\u00e9szi K\u00e9miai Int\u00e9zet, 2001<\/p>\n<p>&nbsp;<\/p>\n<p><strong>2003<\/strong><\/p>\n<ol start=\"13\">\n<li>Sz\u00e9kely Tam\u00e1s Gy\u00f6rgy<\/li>\n<\/ol>\n<p>A multidrug rezisztencia proteinek revert\u00e1l\u00f3 \u00e1genseinek vizsg\u00e1lata sz\u00e1m\u00edt\u00f3g\u00e9pes modellez\u00e9ssel<\/p>\n<p>SOTE Gy\u00f3gyszer\u00e9szi K\u00e9miai Int\u00e9zet, 2003<\/p>\n<p>&nbsp;<\/p>\n<p>14.Varga M\u00e1rton<\/p>\n<p>Epiderm\u00e1lis n\u00f6veked\u00e9si faktor receptor tirozinkin\u00e1z inhibitorainak QSAR vizsg\u00e1lata<\/p>\n<p>SOTE Gy\u00f3gyszer\u00e9szi K\u00e9miai Int\u00e9zet, 2003<\/p>\n<p>&nbsp;<\/p>\n<ol start=\"15\">\n<li>Varga P\u00e9ter<\/li>\n<\/ol>\n<p>Doppingszerek \u00e9s analitik\u00e1juk<\/p>\n<p>SOTE Gy\u00f3gyszer\u00e9szi K\u00e9miai Int\u00e9zet, 2003<\/p>\n<p><strong>\u00a0<\/strong><\/p>\n<p><strong>2005<\/strong><\/p>\n<p><strong>\u00a0<\/strong><\/p>\n<ol start=\"16\">\n<li>Bencze Gyula<\/li>\n<\/ol>\n<p>Heterociklussal konjug\u00e1lt aminosav-sz\u00e1rmaz\u00e9kok folyad\u00e9kf\u00e1zis\u00fa szint\u00e9zise<\/p>\n<p>SE Gy\u00f3gyszer\u00e9szi K\u00e9miai Int\u00e9zet, 2005<\/p>\n<p>&nbsp;<\/p>\n<ol start=\"17\">\n<li>Cs\u00f6rf\u00f6ly D\u00e1niel<\/li>\n<\/ol>\n<p>Tirozin-kin\u00e1z g\u00e1tl\u00f3k ter\u00e1pi\u00e1s felhaszn\u00e1l\u00e1sa. (V\u00e9rlemezke-eredet\u0171 n\u00f6veked\u00e9si faktor receptor tirozin-kin\u00e1z inhibitorok kvantitat\u00edv szerkezet-hat\u00e1s \u00f6sszef\u00fcgg\u00e9seinek vizsg\u00e1lata)<\/p>\n<p>SE Gy\u00f3gyszer\u00e9szi K\u00e9miai Int\u00e9zet, 2005<\/p>\n<p>&nbsp;<\/p>\n<ol start=\"18\">\n<li>Tarpay \u00c1d\u00e1m<\/li>\n<\/ol>\n<p>Tirozin kin\u00e1z g\u00e1tl\u00f3k vizsg\u00e1lata A431 sejtvonalon.<\/p>\n<p>SE Gy\u00f3gyszer\u00e9szi K\u00e9miai Int\u00e9zet, 2005<\/p>\n<p>&nbsp;<\/p>\n<p><strong>2007<\/strong><\/p>\n<ol start=\"19\">\n<li>Baska Ferenc<\/li>\n<\/ol>\n<p>RAF-kin\u00e1z g\u00e1tl\u00f3 molekul\u00e1k szint\u00e9zise<\/p>\n<p>SE Gy\u00f3gyszer\u00e9szi K\u00e9miai Int\u00e9zet, 2007<\/p>\n<p>&nbsp;<\/p>\n<p><strong>2009<\/strong><\/p>\n<ol start=\"20\">\n<li>J\u00e1mbor Andrea<\/li>\n<\/ol>\n<p>Gy\u00f3gyszervegy\u00fcletek krist\u00e1lym\u00f3dosulatainak vizsg\u00e1lata korszer\u0171 m\u0171szeres m\u00f3dszerekkel<\/p>\n<p>SE Gy\u00f3gyszer\u00e9szi K\u00e9miai Int\u00e9zet, 2009<\/p>\n<p>&nbsp;<\/p>\n<p><strong>2010<\/strong><\/p>\n<ol start=\"21\">\n<li>Sz\u0151cs Levente Szil\u00e1rd<\/li>\n<\/ol>\n<p>\u00daj, potenci\u00e1lis kin\u00e1zg\u00e1tl\u00f3 vegy\u00fcletek szint\u00e9zise<\/p>\n<p>SE Gy\u00f3gyszer\u00e9szi K\u00e9miai Int\u00e9zet, 2010<\/p>\n<p>&nbsp;<\/p>\n<ol start=\"22\">\n<li>Sz\u00e1dv\u00e1ri Enik\u0151 R\u00e9ka<\/li>\n<\/ol>\n<p>Oxindol t\u00edpus\u00fa kin\u00e1zg\u00e1tl\u00f3k izom\u00e9ri\u00e1j\u00e1nak vizsg\u00e1lata<\/p>\n<p>SE Gy\u00f3gyszer\u00e9szi K\u00e9miai Int\u00e9zet, 2010<\/p>\n<p>&nbsp;<\/p>\n<ol start=\"23\">\n<li>Mohammed Musztafa<\/li>\n<\/ol>\n<p>Pirazolo-pirimidon szerkezet\u0171 vegy\u00fcletek szint\u00e9zise<\/p>\n<p>SE Gy\u00f3gyszer\u00e9szi K\u00e9miai Int\u00e9zet, 2010<\/p>\n<p><strong>\u00a0<\/strong><\/p>\n<p><strong>2012<\/strong><\/p>\n<ol start=\"24\">\n<li>Nemes Zolt\u00e1n<\/li>\n<\/ol>\n<p>Szervspecifikus kin\u00e1z inhib\u00edtorok vizsg\u00e1lata<\/p>\n<p>SE Gy\u00f3gyszer\u00e9szi K\u00e9miai Int\u00e9zet, 2012<\/p>\n<p>&nbsp;<\/p>\n<ol start=\"25\">\n<li>Maria Fernanda Lo Monaco<\/li>\n<\/ol>\n<p>Synthesis and biological activity of new analogues of hesperadin as inhibitors of aurora kinase A . (Sintesi e attivit\u00e0 biologica di nuovi analoghi dell&#8217;hesperadin come inibitori di aurora chinasi A).<\/p>\n<p>SE Gy\u00f3gyszer\u00e9szi K\u00e9miai Int\u00e9zet, 2012<\/p>\n<p><strong>2014<\/strong><\/p>\n<ol start=\"26\">\n<li>N\u00e1dudvari Ren\u00e1ta<\/li>\n<\/ol>\n<p>Kin\u00e1zg\u00e1tl\u00f3 molekul\u00e1k szerkezet-hat\u00e1s \u00f6sszef\u00fcgg\u00e9s\u00e9nek vizsg\u00e1lata\u00a0<\/p>\n<p>SE Gy\u00f3gyszer\u00e9szi K\u00e9miai Int\u00e9zet, 2014<\/p>\n<p>&nbsp;<\/p>\n<p><strong>2015<\/strong><\/p>\n<ol start=\"27\">\n<li>Czudor Zs\u00f3fia<\/li>\n<\/ol>\n<p>B-Raf g\u00e1tl\u00f3 pirazolo[1,5-a]pirimidin sz\u00e1rmaz\u00e9kok el\u0151\u00e1ll\u00edt\u00e1sa \u00e9s vizsg\u00e1lata\u00a0<\/p>\n<p>SE Gy\u00f3gyszer\u00e9szi K\u00e9miai Int\u00e9zet, 2015<\/p>\n<p>&nbsp;<\/p>\n<p><strong>2016<\/strong><\/p>\n<ol start=\"28\">\n<li>Szab\u00f3 Mih\u00e1ly<\/li>\n<\/ol>\n<p>Preklinikai vizsg\u00e1latok a gy\u00f3gyszerkutat\u00e1sban. Metil-kinazolin \u00e9s pirimidinil-piridil-triazol sz\u00e1rmaz\u00e9kok el\u0151\u00e1ll\u00edt\u00e1sa \u00e9s vizsg\u00e1lata<\/p>\n<p>SE Gy\u00f3gyszer\u00e9szi K\u00e9miai Int\u00e9zet, 2016<\/p>\n<p>&nbsp;<\/p>\n<p><strong>2017<\/strong><\/p>\n<ol start=\"29\">\n<li>Krek\u00f3 Marcell<\/li>\n<\/ol>\n<p>Kovalens FLT3-g\u00e1tl\u00f3 vegy\u00fcletek el\u0151\u00e1ll\u00edt\u00e1sa \u00e9s farmakol\u00f3giai aktivit\u00e1s\u00e1nak vizsg\u00e1lata<\/p>\n<p>SE Gy\u00f3gyszer\u00e9szi K\u00e9miai Int\u00e9zet, 2017<\/p>\n<p>&nbsp;<\/p>\n<p><strong>2019<\/strong><\/p>\n<ol start=\"30\">\n<li>F\u00e1bi\u00e1n M\u00e1rk<\/li>\n<\/ol>\n<p>\u00daj t\u00edpus\u00fa ciklin-dependens kin\u00e1zg\u00e1tl\u00f3k fejleszt\u00e9se<\/p>\n<p>SE Gy\u00f3gyszer\u00e9szi K\u00e9miai Int\u00e9zet, 2017<\/p>\n","protected":false},"excerpt":{"rendered":"<p>(original titles) 1987 G\u00f6tzel Andrea Heterokondenz\u00e1lt kinazolinok, mint potenci\u00e1lis farmakonok I. Imidazo[2,1-b]kinazolinok. SOTE Gy\u00f3gyszer\u00e9szi K\u00e9miai Int\u00e9zet, 1987. \u00a0 1988 2.Hovorka Rita Heterokondenz\u00e1lt kinazolinok, mint potenci\u00e1lis farmakonok II. Pirazolo[5,1-b]kinazolinok. SOTE Gy\u00f3gyszer\u00e9szi K\u00e9miai Int\u00e9zet, 1988. &nbsp; 3.Moln\u00e1r &hellip;<\/p>\n","protected":false},"author":31,"featured_media":0,"parent":0,"menu_order":0,"comment_status":"open","ping_status":"open","template":"","meta":{"footnotes":""},"class_list":["post-30","page","type-page","status-publish","hentry"],"_links":{"self":[{"href":"https:\/\/scholar.semmelweis.hu\/orfilaszlo\/wp-json\/wp\/v2\/pages\/30"}],"collection":[{"href":"https:\/\/scholar.semmelweis.hu\/orfilaszlo\/wp-json\/wp\/v2\/pages"}],"about":[{"href":"https:\/\/scholar.semmelweis.hu\/orfilaszlo\/wp-json\/wp\/v2\/types\/page"}],"author":[{"embeddable":true,"href":"https:\/\/scholar.semmelweis.hu\/orfilaszlo\/wp-json\/wp\/v2\/users\/31"}],"replies":[{"embeddable":true,"href":"https:\/\/scholar.semmelweis.hu\/orfilaszlo\/wp-json\/wp\/v2\/comments?post=30"}],"version-history":[{"count":4,"href":"https:\/\/scholar.semmelweis.hu\/orfilaszlo\/wp-json\/wp\/v2\/pages\/30\/revisions"}],"predecessor-version":[{"id":79,"href":"https:\/\/scholar.semmelweis.hu\/orfilaszlo\/wp-json\/wp\/v2\/pages\/30\/revisions\/79"}],"wp:attachment":[{"href":"https:\/\/scholar.semmelweis.hu\/orfilaszlo\/wp-json\/wp\/v2\/media?parent=30"}],"curies":[{"name":"wp","href":"https:\/\/api.w.org\/{rel}","templated":true}]}}