{"id":28,"date":"2015-06-17T11:40:10","date_gmt":"2015-06-17T09:40:10","guid":{"rendered":"http:\/\/scholar.semmelweis.hu\/orfilaszlo\/?page_id=28"},"modified":"2025-12-01T17:21:25","modified_gmt":"2025-12-01T16:21:25","slug":"tdk","status":"publish","type":"page","link":"https:\/\/scholar.semmelweis.hu\/orfilaszlo\/tdk\/","title":{"rendered":"Talent management, mentoring"},"content":{"rendered":"<p>His Scientific Student Association (SSA) member students prepared their diploma work from their SSA research work. He was consultant and mentor of 30 students. The topics of the diploma works are in close connection to his research area and mostly containing original experimental results.<\/p>\n<p><strong>Scientific Student Association honours received under his supervision<\/strong><strong>: (19)<\/strong><\/p>\n<p>M\u00e1rk F\u00e1bi\u00e1n \u00a0\u00a0\u00a0\u00a0\u00a0\u00a0\u00a0\u00a0\u00a0\u00a0 5th year student, 2nd prize at XXXIV. National SSA Conference, 2019<\/p>\n<p>M\u00e1rk F\u00e1bi\u00e1n \u00a0\u00a0\u00a0\u00a0\u00a0\u00a0\u00a0\u00a0\u00a0\u00a0 5th year student, 2nd prize at SU SSA Conference\u00a0 2019<\/p>\n<p>M\u00e1rk F\u00e1bi\u00e1n \u00a0\u00a0\u00a0\u00a0\u00a0\u00a0\u00a0\u00a0\u00a0\u00a0 4th year student, 1st prize at SU SSA Conference\u00a0 2018<\/p>\n<p>N\u00e1dudvari Ren\u00e1ta \u00a0\u00a0 4th year student, Special Prize of EGIS, XXXI. National SSA Conference 2014<\/p>\n<p>Ren\u00e1ta N\u00e1dudvari\u00a0\u00a0\u00a0 4th year student, 1st prize at SU SSA Conference\u00a0 2013<\/p>\n<p>Zolt\u00e1n Nemes \u00a0\u00a0\u00a0\u00a0\u00a0\u00a0\u00a0\u00a0 5th year student, 2nd prize at 4th International Scientific Conference of Students and Young Researchers,\u00a0 Moscow, 20 April 2012<\/p>\n<p>Zolt\u00e1n Nemes \u00a0\u00a0\u00a0\u00a0\u00a0\u00a0\u00a0\u00a0 5th year student, 2nd prize, SU SSA Conference, 2012<\/p>\n<p>Zolt\u00e1n Nemes \u00a0\u00a0\u00a0\u00a0\u00a0\u00a0\u00a0\u00a0 4th year student, 3rd prize, SU SSA Conference, 2011<\/p>\n<p>Zolt\u00e1n Nemes \u00a0\u00a0\u00a0\u00a0\u00a0\u00a0\u00a0\u00a0 4th year student, 2nd prize, 3rd International Scientific Conference of Students and Young Researchers,\u00a0 Moscow, 8 April 2011<\/p>\n<p>Enik\u0151 Sz\u00e1dv\u00e1ri \u00a0\u00a0\u00a0\u00a0\u00a0\u00a0 5th year student, 2nd prize, SU SSA Conference 2010<\/p>\n<p>Enik\u0151 Sz\u00e1dv\u00e1ri \u00a0\u00a0\u00a0\u00a0\u00a0\u00a0 4th year student, 2nd prize, SU SSA Conference 2009<\/p>\n<p>Andrea J\u00e1mbor\u00a0\u00a0\u00a0\u00a0\u00a0\u00a0\u00a0 5th year student, 3rd prize at XXXIV. National SSA Conference, P\u00e9cs, 2009<\/p>\n<p>Andrea J\u00e1mbor\u00a0\u00a0\u00a0\u00a0\u00a0\u00a0\u00a0 4th year student, 1st prize, SU SSA Conference 2008<\/p>\n<p>Ferenc Baska\u00a0\u00a0\u00a0\u00a0\u00a0\u00a0\u00a0\u00a0\u00a0 5th year student, 3rd prize, SU SSA Conference 2007<\/p>\n<p>Csaba Sz\u00e1ntai-Kis\u00a0\u00a0 5th year student, Certificate of Merit of Rector, SU SSA Conference 2001<\/p>\n<p>P\u00e1l Brasny\u00f3 \u00a0\u00a0\u00a0\u00a0\u00a0\u00a0\u00a0\u00a0\u00a0\u00a0\u00a0 3rd year student, 2nd prize, SU SSA Conference 1998<\/p>\n<p>J\u00f3zsef Gungl\u00a0\u00a0\u00a0\u00a0\u00a0\u00a0\u00a0\u00a0\u00a0\u00a0 4th year student, Certificate of Merit of Rector, SU SSA Conference 1998<\/p>\n<p>J\u00e1nos V\u00e1radi\u00a0\u00a0\u00a0\u00a0\u00a0\u00a0\u00a0\u00a0\u00a0\u00a0 4th year student, Certificate of Merit of Rector, SU SSA Conference 1998<\/p>\n<p>&nbsp;<\/p>\n<p>SU: Semmelweis University<\/p>\n","protected":false},"excerpt":{"rendered":"<p>His Scientific Student Association (SSA) member students prepared their diploma work from their SSA research work. He was consultant and mentor of 30 students. The topics of the diploma works are in close connection to &hellip;<\/p>\n","protected":false},"author":31,"featured_media":0,"parent":0,"menu_order":0,"comment_status":"open","ping_status":"open","template":"","meta":{"footnotes":""},"class_list":["post-28","page","type-page","status-publish","hentry"],"_links":{"self":[{"href":"https:\/\/scholar.semmelweis.hu\/orfilaszlo\/wp-json\/wp\/v2\/pages\/28"}],"collection":[{"href":"https:\/\/scholar.semmelweis.hu\/orfilaszlo\/wp-json\/wp\/v2\/pages"}],"about":[{"href":"https:\/\/scholar.semmelweis.hu\/orfilaszlo\/wp-json\/wp\/v2\/types\/page"}],"author":[{"embeddable":true,"href":"https:\/\/scholar.semmelweis.hu\/orfilaszlo\/wp-json\/wp\/v2\/users\/31"}],"replies":[{"embeddable":true,"href":"https:\/\/scholar.semmelweis.hu\/orfilaszlo\/wp-json\/wp\/v2\/comments?post=28"}],"version-history":[{"count":6,"href":"https:\/\/scholar.semmelweis.hu\/orfilaszlo\/wp-json\/wp\/v2\/pages\/28\/revisions"}],"predecessor-version":[{"id":84,"href":"https:\/\/scholar.semmelweis.hu\/orfilaszlo\/wp-json\/wp\/v2\/pages\/28\/revisions\/84"}],"wp:attachment":[{"href":"https:\/\/scholar.semmelweis.hu\/orfilaszlo\/wp-json\/wp\/v2\/media?parent=28"}],"curies":[{"name":"wp","href":"https:\/\/api.w.org\/{rel}","templated":true}]}}