{"id":12,"date":"2015-06-17T11:24:20","date_gmt":"2015-06-17T09:24:20","guid":{"rendered":"http:\/\/scholar.semmelweis.hu\/orfilaszlo\/?page_id=12"},"modified":"2025-12-02T10:35:04","modified_gmt":"2025-12-02T09:35:04","slug":"tdk-szakdolgozat","status":"publish","type":"page","link":"https:\/\/scholar.semmelweis.hu\/orfilaszlo\/tdk-szakdolgozat\/","title":{"rendered":"Higher Education Activities"},"content":{"rendered":"<div class=\"flex max-w-full flex-col grow\">\n<div class=\"min-h-8 text-message relative flex w-full flex-col items-end gap-2 text-start break-words whitespace-normal [.text-message+&amp;]:mt-1\" dir=\"auto\" data-message-author-role=\"assistant\" data-message-id=\"049d1f99-3d6a-456c-97b1-e67d81861bae\" data-message-model-slug=\"gpt-5-1-thinking\">\n<div class=\"flex w-full flex-col gap-1 empty:hidden first:pt-[1px]\">\n<div class=\"markdown prose dark:prose-invert w-full break-words light markdown-new-styling\">\n<h2 data-start=\"0\" data-end=\"63\">Education Management and Development, Leadership Experience<\/h2>\n<p data-start=\"65\" data-end=\"141\">He participated in the management of the Faculty of Pharmacy of Semmelweis University as Vice Dean (2012\u20132018):<\/p>\n<ul data-start=\"143\" data-end=\"2361\" data-is-only-node=\"\" data-is-last-node=\"\">\n<li data-start=\"143\" data-end=\"465\">\n<p data-start=\"145\" data-end=\"465\">He took part in organizing the ISO 9001:2015 certification of the education and research activities of the Faculty of Pharmacy. The ISO certification of education was carried out in accordance with ESG (European Standards and Guidelines), and the ISO certification of research followed EC GRP (Good Research Practice).<\/p>\n<\/li>\n<li data-start=\"467\" data-end=\"712\">\n<p data-start=\"469\" data-end=\"712\">He participated in two MAB (Hungarian Accreditation Committee) accreditation procedures of the Faculty. His task was to summarize the Faculty\u2019s quality assurance activities and results, and to review the functioning quality assurance system.<\/p>\n<\/li>\n<li data-start=\"714\" data-end=\"905\">\n<p data-start=\"716\" data-end=\"905\">He developed an evaluation form to collect students\u2019 opinions about the teachers of the Faculty, harmonizing it with the practices of other faculties and the Quality Assurance Department.<\/p>\n<\/li>\n<li data-start=\"907\" data-end=\"1198\">\n<p data-start=\"909\" data-end=\"1198\">He contributed to the work of the University Web Committee and the Ranking Committee. He proposed acquiring the semmelweis.hu domain from its owner and changing the University\u2019s long internet address to semmelweis.hu. He also made suggestions for building uniform departmental web pages.<\/p>\n<\/li>\n<li data-start=\"1200\" data-end=\"1330\">\n<p data-start=\"1202\" data-end=\"1330\">In order to improve the international ranking of the University, he recommended registering Semmelweis University on LinkedIn.<\/p>\n<\/li>\n<li data-start=\"1332\" data-end=\"1453\">\n<p data-start=\"1334\" data-end=\"1453\">As Vice Dean, he coordinated the Faculty\u2019s Open Day recruitment lectures for secondary school students for six years.<\/p>\n<\/li>\n<li data-start=\"1455\" data-end=\"1714\">\n<p data-start=\"1457\" data-end=\"1714\">He participated in meetings with foreign delegations (e.g. South Korean Accreditation Committee, Shanghai Jiao Tong University \u2013 Prof. Lei Fu, Vice Dean; Universit\u00e9 Paris-Saclay \u2013 Prof. Sandrine Lacombe, Director of the Erasmus Mundus SERP Master Course).<\/p>\n<\/li>\n<li data-start=\"1716\" data-end=\"1858\">\n<p data-start=\"1718\" data-end=\"1858\">He contributed to formulating the Faculty\u2019s opinion on the Hungarian Government\u2019s \u201cInvesting in the Future\u201d Innovation Strategy 2020 plan.<\/p>\n<\/li>\n<li data-start=\"1860\" data-end=\"2076\">\n<p data-start=\"1862\" data-end=\"2076\">In 2013, he was appointed by the Dean as Chairman of the Vocational Training Development Committee, where he led the establishment of downloadable online electronic curricula for postgraduate vocational training.<\/p>\n<\/li>\n<li data-start=\"2078\" data-end=\"2361\" data-is-last-node=\"\">\n<p data-start=\"2080\" data-end=\"2361\" data-is-last-node=\"\">He cooperated with the University\u2019s Quality Assurance Department in the development of quality management documentation for the Faculty\u2019s vocational trainings, taking into account control, administration, education, task allocation, competencies, entitlements and responsibilities.<\/p>\n<\/li>\n<\/ul>\n<\/div>\n<\/div>\n<\/div>\n<\/div>\n<h2>Higher education activities<\/h2>\n<p>Subject taught: Pharmaceutical Chemistry, mandatory subject<\/p>\n<p>Language: Hungarian, English<\/p>\n<p>He was a full time lecturer\u00a0 of pharmaceutical chemistry in graduate (3rd and 4th year, from 1982 in Hungarian, and from 1990 in English language) and postgraduate courses, laboratory practice leader. Examiner at all levels (semi final, final, state exams). Member of examination boards of complex PhD exams. Lecturer at postgradual (vocational and PhD) courses. Supervisor of diploma works, mentor and consultant of PhD students.<\/p>\n<p>He delivered lectures for graduate students in the following topics:<\/p>\n<table>\n<tbody>\n<tr>\n<td width=\"343\">\n<p>Titles of lectures in Hungarian classes:<\/p>\n<\/td>\n<td width=\"48\">\n<p>Year:<\/p>\n<\/td>\n<td width=\"84\">\n<p>Hours:<\/p>\n<\/td>\n<\/tr>\n<tr>\n<td width=\"343\">\n<p>Narkotikumok<\/p>\n<\/td>\n<td width=\"48\">\n<p>III.<\/p>\n<\/td>\n<td width=\"84\">\n<p>2<\/p>\n<\/td>\n<\/tr>\n<tr>\n<td width=\"343\">\n<p>Szedato-hipnotikumok \u00e9s anxiolitikumok<\/p>\n<\/td>\n<td width=\"48\">\n<p>III.<\/p>\n<\/td>\n<td width=\"84\">\n<p>2<\/p>\n<\/td>\n<\/tr>\n<tr>\n<td width=\"343\">\n<p>Gyullad\u00e1sra hat\u00f3 szerek, nemszteroid gyullad\u00e1scs\u00f6kkent\u0151k<\/p>\n<\/td>\n<td width=\"48\">\n<p>III<\/p>\n<\/td>\n<td width=\"84\">\n<p>2<\/p>\n<\/td>\n<\/tr>\n<tr>\n<td width=\"343\">\n<p>K\u00f3rokoz\u00f3kra hat\u00f3 szerek: Fert\u0151tlen\u00edt\u0151 szerek<\/p>\n<\/td>\n<td width=\"48\">\n<p>IV<\/p>\n<\/td>\n<td width=\"84\">\n<p>2<\/p>\n<\/td>\n<\/tr>\n<tr>\n<td width=\"343\">\n<p>K\u00f3rokoz\u00f3kra hat\u00f3 szerek: Kemoter\u00e1pi\u00e1s szerek I. (szulfonamidok)<\/p>\n<\/td>\n<td width=\"48\">\n<p>IV<\/p>\n<\/td>\n<td width=\"84\">\n<p>2<\/p>\n<\/td>\n<\/tr>\n<tr>\n<td width=\"343\">\n<p>K\u00f3rokoz\u00f3kra hat\u00f3 szerek: Kemoter\u00e1pi\u00e1s szerek II. (mal\u00e1ria ellenes szerek, fluorokinolonok)<\/p>\n<\/td>\n<td width=\"48\">\n<p>IV<\/p>\n<\/td>\n<td width=\"84\">\n<p>2<\/p>\n<\/td>\n<\/tr>\n<tr>\n<td width=\"343\">\n<p>V\u00edrusellenes szerek<\/p>\n<\/td>\n<td width=\"48\">\n<p>IV<\/p>\n<\/td>\n<td width=\"84\">\n<p>2<\/p>\n<\/td>\n<\/tr>\n<tr>\n<td width=\"343\">\n<p>Daganatellenes szerek<\/p>\n<\/td>\n<td width=\"48\">\n<p>IV<\/p>\n<\/td>\n<td width=\"84\">\n<p>2<\/p>\n<\/td>\n<\/tr>\n<tr>\n<td width=\"343\">\n<p>Sum<\/p>\n<\/td>\n<td width=\"48\">\n<p>&nbsp;<\/p>\n<\/td>\n<td width=\"84\">\n<p>16<\/p>\n<\/td>\n<\/tr>\n<\/tbody>\n<\/table>\n<p>&nbsp;<\/p>\n<table>\n<tbody>\n<tr>\n<td width=\"343\">\n<p>Titles of lectures in Englis classes:<\/p>\n<\/td>\n<td width=\"48\">\n<p>Year:<\/p>\n<\/td>\n<td width=\"84\">\n<p>Hours:<\/p>\n<\/td>\n<\/tr>\n<tr>\n<td width=\"343\">\n<p>Narcotics<\/p>\n<\/td>\n<td width=\"48\">\n<p>III<\/p>\n<\/td>\n<td width=\"84\">\n<p>2<\/p>\n<\/td>\n<\/tr>\n<tr>\n<td width=\"343\">\n<p>Sedato-hypnotics and anxiolytics<\/p>\n<\/td>\n<td width=\"48\">\n<p>III<\/p>\n<\/td>\n<td width=\"84\">\n<p>2<\/p>\n<\/td>\n<\/tr>\n<tr>\n<td width=\"343\">\n<p>Non steroidal antiinflammatory agents<\/p>\n<\/td>\n<td width=\"48\">\n<p>III<\/p>\n<\/td>\n<td width=\"84\">\n<p>2<\/p>\n<\/td>\n<\/tr>\n<tr>\n<td width=\"343\">\n<p>Disinfectants<\/p>\n<\/td>\n<td width=\"48\">\n<p>IV<\/p>\n<\/td>\n<td width=\"84\">\n<p>2<\/p>\n<\/td>\n<\/tr>\n<tr>\n<td width=\"343\">\n<p>Chemotherapeutics: Sulfonamides<\/p>\n<\/td>\n<td width=\"48\">\n<p>IV<\/p>\n<\/td>\n<td width=\"84\">\n<p>2<\/p>\n<\/td>\n<\/tr>\n<tr>\n<td width=\"343\">\n<p>Chemotherapeutics: Antimalarial agents, fluoroquinolones<\/p>\n<\/td>\n<td width=\"48\">\n<p>IV<\/p>\n<\/td>\n<td width=\"84\">\n<p>2<\/p>\n<\/td>\n<\/tr>\n<tr>\n<td width=\"343\">\n<p>Antiviral agents<\/p>\n<\/td>\n<td width=\"48\">\n<p>IV<\/p>\n<\/td>\n<td width=\"84\">\n<p>2<\/p>\n<\/td>\n<\/tr>\n<tr>\n<td width=\"343\">\n<p>Anticancer drugs<\/p>\n<\/td>\n<td width=\"48\">\n<p>IV<\/p>\n<\/td>\n<td width=\"84\">\n<p>2<\/p>\n<\/td>\n<\/tr>\n<tr>\n<td width=\"343\">\n<p>Sum<\/p>\n<\/td>\n<td width=\"48\">\n<p>&nbsp;<\/p>\n<\/td>\n<td width=\"84\">\n<p>16<\/p>\n<\/td>\n<\/tr>\n<\/tbody>\n<\/table>\n<p>&nbsp;<\/p>\n<p>Instead of \u201eNon steroidal antiinflammatory agents\u201d (\u201cGyullad\u00e1sra hat\u00f3 szerek- nemszteroid gyullad\u00e1scs\u00f6kkent\u0151k\u201d)\u00a0 lectures I deliver \u201eAntiepileptics\u201d (\u201eAntiepileptikumok\u201d) lectures since 2013 for the 3rd year students in 2-2 hours.<\/p>\n<p>&nbsp;<\/p>\n<p>&nbsp;<\/p>\n","protected":false},"excerpt":{"rendered":"<p>Education Management and Development, Leadership Experience He participated in the management of the Faculty of Pharmacy of Semmelweis University as Vice Dean (2012\u20132018): He took part in organizing the ISO 9001:2015 certification of the education &hellip;<\/p>\n","protected":false},"author":31,"featured_media":0,"parent":0,"menu_order":0,"comment_status":"open","ping_status":"open","template":"","meta":{"footnotes":""},"class_list":["post-12","page","type-page","status-publish","hentry"],"_links":{"self":[{"href":"https:\/\/scholar.semmelweis.hu\/orfilaszlo\/wp-json\/wp\/v2\/pages\/12"}],"collection":[{"href":"https:\/\/scholar.semmelweis.hu\/orfilaszlo\/wp-json\/wp\/v2\/pages"}],"about":[{"href":"https:\/\/scholar.semmelweis.hu\/orfilaszlo\/wp-json\/wp\/v2\/types\/page"}],"author":[{"embeddable":true,"href":"https:\/\/scholar.semmelweis.hu\/orfilaszlo\/wp-json\/wp\/v2\/users\/31"}],"replies":[{"embeddable":true,"href":"https:\/\/scholar.semmelweis.hu\/orfilaszlo\/wp-json\/wp\/v2\/comments?post=12"}],"version-history":[{"count":6,"href":"https:\/\/scholar.semmelweis.hu\/orfilaszlo\/wp-json\/wp\/v2\/pages\/12\/revisions"}],"predecessor-version":[{"id":90,"href":"https:\/\/scholar.semmelweis.hu\/orfilaszlo\/wp-json\/wp\/v2\/pages\/12\/revisions\/90"}],"wp:attachment":[{"href":"https:\/\/scholar.semmelweis.hu\/orfilaszlo\/wp-json\/wp\/v2\/media?parent=12"}],"curies":[{"name":"wp","href":"https:\/\/api.w.org\/{rel}","templated":true}]}}