{"id":3,"date":"2015-06-12T09:23:13","date_gmt":"2015-06-12T07:23:13","guid":{"rendered":"http:\/\/scholar.semmelweis.hu\/nyiradypeter\/bemutatkozas\/"},"modified":"2025-11-04T10:18:24","modified_gmt":"2025-11-04T09:18:24","slug":"bemutatkozas","status":"publish","type":"page","link":"https:\/\/scholar.semmelweis.hu\/nyiradypeter\/","title":{"rendered":"Bemutatkoz\u00e1s"},"content":{"rendered":"<p class=\"p2\"><strong>Nyir\u00e1dy P\u00e9ter FEBU<br \/>\naz MTA doktora<\/strong><br \/>\nigazgat\u00f3, egyetemi tan\u00e1r<br \/>\nurol\u00f3gus \u00e9s androl\u00f3gus szakorvos<\/p>\n<p>1995 \u00f3ta, a Szent-Gy\u00f6rgyi Albert Orvostudom\u00e1nyi Egyetemen val\u00f3 v\u00e9gz\u00e9semet k\u00f6vet\u0151en, urol\u00f3gusk\u00e9nt dolgozom. Kezdetben Magyarorsz\u00e1g egyetlen kiz\u00e1r\u00f3lagosan gyermekurol\u00f3giai profillal rendelkez\u0151 oszt\u00e1ly\u00e1n, a Heim P\u00e1l Gyermek\u00f3rh\u00e1z Urol\u00f3giai-seb\u00e9szet\u00e9n gy\u00f3gy\u00edtottam. Ezt k\u00f6vette t\u00f6bb k\u00fclf\u00f6ldi tanulm\u00e1nyutam. Ezeken a helyeken f\u0151leg a f\u00e9rfi k\u00fcls\u0151 nemiszervek plasztikai \u00e9s rekonstrukci\u00f3s seb\u00e9szet\u00e9vel \u00e9s a laparoscopos urol\u00f3gi\u00e1val foglalkoztam. Ezt k\u00f6vet\u0151en elnyertem az Eur\u00f3pai Urol\u00f3gus T\u00e1rsas\u00e1g egy\u00e9ves kutat\u00f3 \u00f6szt\u00f6nd\u00edj\u00e1t \u00e9s Londonban az Orsz\u00e1gos Urol\u00f3giai Int\u00e9zetben a vizel\u00e9si panaszok kapcs\u00e1n jelentkez\u0151 h\u00f3lyag simaizom m\u0171k\u00f6d\u00e9si zavar\u00e1nak \u00e9lettan\u00e1val \u00e9s sz\u00f6vettani elt\u00e9r\u00e9s\u00e9vel foglalkoztam. Ezen tev\u00e9kenys\u00e9gem mellett akt\u00edvan r\u00e9szt vettem gyermek urol\u00f3giai \u00e9s feln\u0151tt urol\u00f3giai klinikai ell\u00e1t\u00e1sban is.<br \/>\n2001-t\u0151l kezd\u0151d\u0151en a budapesti Semmelweis Egyetem Urol\u00f3giai Klinik\u00e1j\u00e1n dolgozom.<br \/>\n2003-ban a Semmelweis Egyetem Doktori Iskol\u00e1j\u00e1ban Ph.D. fokozatot szereztem.<br \/>\n2008-ban androl\u00f3gia szakvizsg\u00e1t tettem.<br \/>\n2009-ben habilit\u00e1ltam a Semmelweis Egyetemen.<br \/>\n2011-ben lettem az MTA doktora \u201eUrol\u00f3giai fejl\u0151d\u00e9si rendelleness\u00e9gek kutat\u00e1sa \u00e9s ell\u00e1t\u00e1sa\u201d t\u00e9m\u00e1ban.<br \/>\n2012. j\u00falius\u00e1ban neveztek ki a Semmelweis Egyetem Urol\u00f3giai Klinik\u00e1j\u00e1nak igazgat\u00f3j\u00e1v\u00e1.<\/p>\n<p><a href=\"http:\/\/www.mediaklikk.hu\/2015\/01\/08\/arcvonasok-dr-nyirady-peter-urologus\/\" target=\"_blank\" rel=\"noopener\">Interj\u00fa Nyir\u00e1dy P\u00e9ter professzorral<\/a>, mely a Kossuth R\u00e1di\u00f3ban hangzott el 2015. janu\u00e1r 9-\u00e9n meghallgathat\u00f3 az al\u00e1bbi lej\u00e1tsz\u00f3 seg\u00edts\u00e9g\u00e9vel, vagy a linkre kattintva.<\/p>\n<!--[if lt IE 9]><script>document.createElement('audio');<\/script><![endif]-->\n<audio class=\"wp-audio-shortcode\" id=\"audio-3-1\" preload=\"none\" style=\"width: 100%;\" controls=\"controls\"><source type=\"audio\/mpeg\" src=\"http:\/\/scholar.semmelweis.hu\/nyiradypeter\/wp-content\/uploads\/sites\/32\/2015\/06\/kossuth_radio_arcvonasok_nyirady.mp3?_=1\" \/><a href=\"http:\/\/scholar.semmelweis.hu\/nyiradypeter\/wp-content\/uploads\/sites\/32\/2015\/06\/kossuth_radio_arcvonasok_nyirady.mp3\">http:\/\/scholar.semmelweis.hu\/nyiradypeter\/wp-content\/uploads\/sites\/32\/2015\/06\/kossuth_radio_arcvonasok_nyirady.mp3<\/a><\/audio>\n<p>&nbsp;<\/p>\n<p>&nbsp;<\/p>\n<p>&nbsp;<\/p>\n<p>&nbsp;<\/p>\n<p>&nbsp;<\/p>\n","protected":false},"excerpt":{"rendered":"<p>Nyir\u00e1dy P\u00e9ter FEBU az MTA doktora igazgat\u00f3, egyetemi tan\u00e1r urol\u00f3gus \u00e9s androl\u00f3gus szakorvos 1995 \u00f3ta, a Szent-Gy\u00f6rgyi Albert Orvostudom\u00e1nyi Egyetemen val\u00f3 v\u00e9gz\u00e9semet k\u00f6vet\u0151en, urol\u00f3gusk\u00e9nt dolgozom. Kezdetben Magyarorsz\u00e1g egyetlen kiz\u00e1r\u00f3lagosan gyermekurol\u00f3giai profillal rendelkez\u0151 oszt\u00e1ly\u00e1n, a Heim &hellip;<\/p>\n","protected":false},"author":28,"featured_media":0,"parent":0,"menu_order":0,"comment_status":"closed","ping_status":"closed","template":"","meta":{"footnotes":""},"class_list":["post-3","page","type-page","status-publish","hentry"],"_links":{"self":[{"href":"https:\/\/scholar.semmelweis.hu\/nyiradypeter\/wp-json\/wp\/v2\/pages\/3"}],"collection":[{"href":"https:\/\/scholar.semmelweis.hu\/nyiradypeter\/wp-json\/wp\/v2\/pages"}],"about":[{"href":"https:\/\/scholar.semmelweis.hu\/nyiradypeter\/wp-json\/wp\/v2\/types\/page"}],"author":[{"embeddable":true,"href":"https:\/\/scholar.semmelweis.hu\/nyiradypeter\/wp-json\/wp\/v2\/users\/28"}],"replies":[{"embeddable":true,"href":"https:\/\/scholar.semmelweis.hu\/nyiradypeter\/wp-json\/wp\/v2\/comments?post=3"}],"version-history":[{"count":12,"href":"https:\/\/scholar.semmelweis.hu\/nyiradypeter\/wp-json\/wp\/v2\/pages\/3\/revisions"}],"predecessor-version":[{"id":30,"href":"https:\/\/scholar.semmelweis.hu\/nyiradypeter\/wp-json\/wp\/v2\/pages\/3\/revisions\/30"}],"wp:attachment":[{"href":"https:\/\/scholar.semmelweis.hu\/nyiradypeter\/wp-json\/wp\/v2\/media?parent=3"}],"curies":[{"name":"wp","href":"https:\/\/api.w.org\/{rel}","templated":true}]}}