{"id":2,"date":"2015-06-12T09:23:13","date_gmt":"2015-06-12T07:23:13","guid":{"rendered":"http:\/\/scholar.semmelweis.hu\/nyiradypeter\/cv\/"},"modified":"2015-06-18T09:05:13","modified_gmt":"2015-06-18T07:05:13","slug":"cv","status":"publish","type":"page","link":"https:\/\/scholar.semmelweis.hu\/nyiradypeter\/cv\/","title":{"rendered":"Szakmai \u00f6n\u00e9letrajz"},"content":{"rendered":"<p><strong>Nyir\u00e1dy P\u00e9ter FEBU<br \/>\naz MTA doktora<\/strong><br \/>\nigazgat\u00f3 egyetemi tan\u00e1r<br \/>\nurol\u00f3gus \u00e9s androl\u00f3gus szakorvos<\/p>\n<p><strong>TANULM\u00c1NYOK:<\/strong><br \/>\n1985-1989. B\u00e1nyai J\u00falia Gimn\u00e1zium, Kecskem\u00e9t<br \/>\n1989-1995. Szent-Gy\u00f6rgyi Albert Orvostudom\u00e1nyi Egyetem, Szeged<br \/>\n2001. Urol\u00f3gus szakvizsga<br \/>\n2003. Ph.D. Semmelweis Egyetem \u201cA magzati h\u00fagyutak fejl\u0151d\u00e9s\u00e9nek vizsg\u00e1lata, k\u00fcl\u00f6n\u00f6s tekintettel a h\u00fagyh\u00f3lyag detrusor simaizomzat elektromechanikai k\u00e9pess\u00e9g\u00e9nek v\u00e1ltoz\u00e1s\u00e1ra norm\u00e1l k\u00f6r\u00fclm\u00e9nyek k\u00f6z\u00f6tt \u00e9s h\u00e1ts\u00f3 h\u00fagycs\u0151 billenty\u0171 eset\u00e9n\u201d<br \/>\n2003. EBU Part I. (Eur\u00f3pai Urol\u00f3gus Bizotts\u00e1g szakvizsg\u00e1ja)<br \/>\n2006. EBU Part II. FEBU (Fellow of European Board of Urology)<br \/>\n2008. Androl\u00f3gia szakvizsga<br \/>\n2009. Habilit\u00e1ci\u00f3 a Semmelweis Egyetemen<br \/>\n2011. az MTA doktora \u201eUrol\u00f3giai fejl\u0151d\u00e9si rendelleness\u00e9gek kutat\u00e1sa \u00e9s ell\u00e1t\u00e1sa\u201d<\/p>\n<p><strong>SZAKMAI TAPASZTALATOK: <\/strong><br \/>\nA Szent-Gy\u00f6rgyi Albert Orvostudom\u00e1nyi Egyetem Seb\u00e9szeti Klinik\u00e1j\u00e1n Balt\u00e1s B\u00e9la professzor ir\u00e1ny\u00edt\u00e1s\u00e1val tudom\u00e1nyos di\u00e1kk\u00f6ri tev\u00e9kenys\u00e9get folytattam \u00e9s szakdolgozatomat az epek\u00f6vek laparoszk\u00f3pos kezel\u00e9s\u00e9nek eredm\u00e9nyeib\u0151l \u00edrtam.<br \/>\nSzigorl\u00f3 \u00e9vben a seb\u00e9szet \u00e9s traumatol\u00f3giai gyakorlatot a yorki District Hospital \u00e1ltal\u00e1nos \u00e9s ortop\u00e9diai seb\u00e9szet\u00e9n teljes\u00edtettem. A belgy\u00f3gy\u00e1szat \u00e9s csal\u00e1dorvosi gyakorlatot az ulmi egyetem oktat\u00f3 k\u00f3rh\u00e1z\u00e1ban, Heidenheimben v\u00e9geztem.<br \/>\n1995-ben fejeztem be egyetemi tanulm\u00e1nyaimat \u00e9s munk\u00e1mat a F\u0151v\u00e1rosi \u00d6nkorm\u00e1nyzat Heim P\u00e1l Gyermekk\u00f3rh\u00e1z\u00e1nak Urol\u00f3giai Oszt\u00e1ly\u00e1n kezdtem.<br \/>\nA legrangosabb gyermekurol\u00f3giai kongresszuson, melyet az Eur\u00f3pai Gyermekurol\u00f3gus T\u00e1rsas\u00e1g (ESPU) szervezett 1996 \u00e9s 2001 k\u00f6z\u00f6tt 10 alkalommal vettem r\u00e9szt szerz\u0151k\u00e9nt, vagy t\u00e1rsszerz\u0151k\u00e9nt poszterrel, vagy el\u0151ad\u00e1ssal.<br \/>\n1999-ben az ESPU (European Society for Paediatric Urology) \u00f6szt\u00f6nd\u00edj\u00e1val 6 hetet Manchesterben Mr. David Gough-n\u00e1l t\u00f6lt\u00f6ttem, ahol a k\u00fcls\u0151 nemi szervek seb\u00e9szet\u00e9t, \u00e9s hat h\u00e9ten \u00e1t Leedsben Mr. David Thomas \u00e9s Mr. Azad Najmaldinn\u00e1l, ahol a minim\u00e1lis invaz\u00edv beavatkoz\u00e1sokat tanulm\u00e1nyoztam.<br \/>\n1999-ben egy hetet P\u00e1rizsban Professor Guy Valancian int\u00e9zet\u00e9ben t\u00f6lt\u00f6ttem, ahol a radik\u00e1lis laparoszk\u00f3pos urol\u00f3gi\u00e1val ismerkedtem.<br \/>\n2000-ben Eur\u00f3pai Urol\u00f3gus T\u00e1rsas\u00e1g (EAU) 1 \u00e9ves kutat\u00e1si \u00f6szt\u00f6nd\u00edj\u00e1val egy \u00e9vet t\u00f6lt\u00f6ttem Londonban a UCL (University Collage London) Egyetemen. A Great Ormond Street Hospital Gyermekurol\u00f3giai Oszt\u00e1ly\u00e1n, az egyetem Urol\u00f3gia valamint Nephrol\u00f3gia It\u00e9zet\u00e9ben \u00e9s Sz\u00fcl\u00e9szeti \u00e9s N\u0151gy\u00f3gy\u00e1szati Oszt\u00e1ly\u00e1n dolgoztam. Kutat\u00e1saimat intrauterin seb\u00e9szeti beavatkoz\u00e1s hat\u00e1s\u00e1ra kialakul\u00f3 h\u00fagyrendszeri v\u00e1ltoz\u00e1sok t\u00e1rgyk\u00f6r\u00e9ben Professor Christopher Fry, Professor Charles Rodeck, Professor Adrian Woolf \u00e9s Mr. Peter Cuckow ir\u00e1ny\u00edtotta.<br \/>\n2001. m\u00e1jus\u00e1t\u00f3l a Semmelweis Egyetem Urol\u00f3giai Klinik\u00e1j\u00e1n dolgozom.<br \/>\n2001. december\u00e9ben urol\u00f3gi\u00e1b\u00f3l jeles eredm\u00e9nnyel szakvizsg\u00e1ztam.<br \/>\n2000-\u00f3ta minden \u00e9vben az Eur\u00f3pai Urol\u00f3gus T\u00e1rsas\u00e1g (EAU) kongresszusain el\u0151ad\u00e1ssal, vagy poszterrel veszek r\u00e9szt.<br \/>\n2003-ban sikeresen megv\u00e9dtem Ph.D. \u00e9rtekez\u00e9semet : \u201eExperimental fetal urinary bladder outflow obstruction perturbs electromechanical properties of detrusor smooth muscle\u201d (\u201eK\u00eds\u00e9rletes magzati h\u00fagyh\u00f3lyag elfoly\u00e1si akad\u00e1ly cs\u00f6kkenti a h\u00fagyh\u00f3lyag detrusor izomzat \u00f6sszeh\u00faz\u00f3d\u00e1si k\u00e9pess\u00e9g\u00e9t\u201d) c\u00edmmel.<br \/>\n2005-t\u0151l a Semmelweis Egyetem Urol\u00f3giai Klinik\u00e1ja Laparoszk\u00f3pos Munkacsoportj\u00e1nak vezet\u0151je<br \/>\n2006-ban letettem az Eur\u00f3pai Urol\u00f3gus T\u00e1rsas\u00e1g szakvizsg\u00e1j\u00e1t, \u00edgy a European Board of Urology tagj\u00e1v\u00e1 v\u00e1ltam (FEBU).<br \/>\n2006-ban a Semmelweis Egyetem adjunktus\u00e1v\u00e1 neveztek ki.<br \/>\n2007-ben oszt\u00e1lyvezet\u0151 adjunktusi kinevez\u00e9st nyertem.<br \/>\n2008. \u00e1prilis\u00e1ban androl\u00f3gi\u00e1b\u00f3l kiv\u00e1l\u00f3 eredm\u00e9nnyel szakvizsg\u00e1ztam.<br \/>\n2009-ben habilit\u00e1ltam a Semmelweis Egyetemen.<br \/>\n2009-ben Semmelweis Egyetem docens\u00e9v\u00e9 neveztek ki.<br \/>\n2009. szeptember 1-t\u0151l az Urol\u00f3giai Klinika tudom\u00e1nyos igazgat\u00f3helyettese<br \/>\n2010. szeptember 1-t\u0151l az Urol\u00f3giai Klinika \u00e1ltal\u00e1nos igazgat\u00f3helyettes<br \/>\n2010-t\u0151l Semmelweis Egyetem Urol\u00f3giai Klinik\u00e1ja H\u00fagycs\u0151seb\u00e9szeti Munkacsoportj\u00e1nak vezet\u0151je lettem.<br \/>\n2011-ben kaptam meg az MTA doktora c\u00edmet.<br \/>\n2012. j\u00faliust\u00f3l a Semmelweis Egyetem Urol\u00f3giai Klinik\u00e1j\u00e1nak igazgat\u00f3j\u00e1v\u00e1 neveztek ki.<\/p>\n<p><strong>NEMZETK\u00d6ZI VEZET\u0150S\u00c9GI TAGS\u00c1G:<\/strong><br \/>\nEU-ACME (Academic Continued Medical Education) vezet\u0151s\u00e9gi tagja<br \/>\nEBU (European Board of Urology) akkredit\u00e1lt tagja<\/p>\n<p><strong>HAZAI VEZET\u0150S\u00c9GI TAGS\u00c1G:<\/strong><br \/>\nA Szakmai Koll\u00e9gium Urol\u00f3giai Tagozat\u00e1nak eln\u00f6ke<br \/>\nMagyar Uroonkol\u00f3giai T\u00e1rsas\u00e1g aleln\u00f6ke<br \/>\n2008-2009. A Semmelweis Egyetem Androl\u00f3giai Gr\u00e9mium\u00e1nak eln\u00f6ke, majd tagja<br \/>\nMagyar Szexol\u00f3giai T\u00e1rsas\u00e1g vezet\u0151s\u00e9gi tagja<br \/>\nMagyar Urol\u00f3gusok T\u00e1rsas\u00e1g\u00e1nak vezet\u0151s\u00e9gi tagja<br \/>\nRepresentative of the Urology Section of the UEMS<br \/>\nOrsz\u00e1gos Igazs\u00e1g\u00fcgyi Orvostani Int\u00e9zet szak\u00e9rt\u0151-szaktan\u00e1csad\u00f3ja<br \/>\nSemmelweis Egyetem Gazdas\u00e1gi Bizotts\u00e1g\u00e1nak nem kari tan\u00e1cstagja<br \/>\nSemmelweis Egyetem Bar\u00e1ti K\u00f6r\u00e9nek vezet\u0151s\u00e9gi tagja<\/p>\n<p><strong>T\u00c1RSAS\u00c1GI TAGS\u00c1G:<\/strong><br \/>\nMagyar Urol\u00f3gusok T\u00e1rsas\u00e1ga<br \/>\nMagyar STD T\u00e1rsas\u00e1g<br \/>\nMagyar Szexol\u00f3giai T\u00e1rsas\u00e1g<br \/>\nMagyar Uroonkol\u00f3giai T\u00e1rsas\u00e1g<br \/>\nAz Eur\u00f3pai Urol\u00f3gusok T\u00e1rsas\u00e1ga (EAU)<br \/>\nESSM tagja (European Society of Sexual Medicine)<\/p>\n<p><strong>NYELVISMERET<\/strong><br \/>\nN\u00e9met, \u00e1llami k\u00f6z\u00e9pfok<br \/>\nAngol, angol nyelv\u0171 fels\u0151fok\u00fa nyelvvizsga ( 7.5 \/ 9 pont IELTS, British Council, Budapest 1999)<\/p>\n<p><strong>D\u00cdJAK:<\/strong><br \/>\n1. A kongresszus legjobb posztere<br \/>\nN. Thiruchelvam, P. Nyir\u00e1dy, P.M. Cuckow, C.H. Fry, D.M. Peebles and A.S. Woolf<br \/>\nCell turnover in the developing and obstructed fetal bladder<br \/>\nXIII th Congress of the European Society of Pediatric Urologist (ESPU), April 11-13, 2002, Budapest, Hungary<br \/>\n2. Az \u00e9v legjobb k\u00f6zlem\u00e9nye a Magyar Urol\u00f3gi\u00e1ban<br \/>\nNyir\u00e1dy P.: Intrauterin als\u00f3 h\u00fagy\u00fati obstrukci\u00f3 cs\u00f6kkenti a h\u00f3lyag detrusor simaizom<br \/>\n\u00f6sszeh\u00faz\u00f3d\u00e1si k\u00e9pess\u00e9g\u00e9t b\u00e1r\u00e1nyban<br \/>\nMagy. Urol. 14(1), 21-30, 2002.<br \/>\n3. A kongresszus legjobb posztere<br \/>\nEl\u0151ad\u00f3: Nyir\u00e1dy P.<br \/>\nZ. Kelemen, J. P\u00e1novics, P. Nyir\u00e1dy, I. Romics:<br \/>\nManagement of the late complications of hypospadias repair<br \/>\nXVIIIth EAU Congress Madrid, Spain, 12-15. March 2003. European Urology 2(1): Abstr. 592. 2003.<br \/>\n4. A kongresszus 2. legjobb posztere<br \/>\nSurgical correction of hypospadias cripple<br \/>\nEl\u0151ad\u00f3: Nyir\u00e1dy P.<br \/>\nP. Nyir\u00e1dy, Zs. Kelemen and I. Romics<br \/>\nEAU 3rd Central European Meeting, 2003, Crackow, Poland.<br \/>\n5. A kongresszus 2. legjobb el\u0151ad\u00e1sa<br \/>\nNyirady P., Banfi G., Kelemen Z.: Management of hypospadias<br \/>\nEAU 6th Central European Meeting<br \/>\nPr\u00e1ga, 2006. szeptember 15-16.<br \/>\n6. A kongresszus legjobb posztere \u00e9s a Karl Storz D\u00edj nyertese<br \/>\nNyir\u00e1dy P., Sz\u00e1sz AM., Majoros A., Sz\u00e9kely E., Kulka J., Romics I.<br \/>\nEAU 8th Central European Meeting<br \/>\nVars\u00f3, 2008. okt\u00f3ber 24-25.<br \/>\n7. 3rd Price ont he European Urology Forum 2009\u2019 Challenge the experts<br \/>\n2009. febru\u00e1r 7-11. Davos, Sv\u00e1jc<br \/>\n8. Richter publik\u00e1ci\u00f3s p\u00e1lyad\u00edj<br \/>\n2009. j\u00falius 1.<br \/>\n9. Babics Antal d\u00edj: I. helyezett<br \/>\n2009. november<\/p>\n<p><strong>\u00d6SZT\u00d6ND\u00cdJAK:<\/strong><br \/>\n1999. ESPU (European Society for Paediatric Urologists) 3 h\u00f3napos \u00f6szt\u00f6nd\u00edja<br \/>\n5 h\u00e9t a Department of Paediatric Urology at the Royal Manchester Children\u2019s Hospital Vezet\u0151: Mr. David Gough consultant paediatric urologist,<br \/>\n7 h\u00e9t a Departments of Paediatric and Adult Urology at St. James\u2019s Hospital, Leeds Vezet\u0151: Prof. David F.M. Thomas consultant paediatric urologist<br \/>\n2000-2001. EUSP (European Urological Scholarship Program) Research Fellowship (1 \u00e9v) Department of Paediatric Urology at Great Ormond Street Hospital, London.<br \/>\nVezet\u0151: Mr. Peter M. Cuckow consultant paediatric urologist<br \/>\nInstitute of Urology and Nephrology, University College London, London<br \/>\nVezet\u0151: Professor C. H. Fry Professor of cell biology and academic leader<br \/>\nInstitute of Child Health, UCL, London<br \/>\nVezet\u0151: Professor A. Woolf<br \/>\nDepartment of Obstetrics &amp; Gynaecology of the UCL, London<br \/>\nVezet\u0151: Professor C. H. Rodeck<br \/>\n2004. augusztus<br \/>\nA Salzburg Seminaron vettem r\u00e9szt \u00e9s sikeres z\u00e1r\u00f3vizsg\u00e1t tettem<br \/>\n2005. m\u00e1jus (1 h\u00f3nap)<br \/>\nEAU-AUA Academic Exchange Program egyik eur\u00f3pai urol\u00f3gusak\u00e9nt az Egyes\u00fclt \u00c1llamok 6 vezet\u0151 akad\u00e9miai int\u00e9zet\u00e9t l\u00e1togattam meg az AUA vend\u00e9gek\u00e9nt<br \/>\n2005. november (3 h\u00e9t)<br \/>\nEAU \u201eShort Term Visit\u201d \u00f6szt\u00f6nd\u00edj\u00e1t elnyerve a Marberger professzor \u00e1ltal vezetett, B\u00e9csi Egyetem Urol\u00f3giai Klinik\u00e1j\u00e1n 2 hetes tanulm\u00e1ny\u00faton vettem r\u00e9szt.<br \/>\n2007. november (2 h\u00e9t)<br \/>\nEAU \u201eShort Term Visit\u201d \u00f6szt\u00f6nd\u00edj\u00e1t elnyerve a Royal Hallamshire Hospitalban Christopher Chapple professzorn\u00e1l 2 hetes tanulm\u00e1ny\u00faton vettem r\u00e9szt.<br \/>\n2009. febru\u00e1r<br \/>\nEAU Winter Forum \u201eChallenge the experts\u201d el\u0151ad\u00f3<br \/>\nDavos, Sv\u00e1jc<br \/>\n2012. j\u00fanius<br \/>\nCanadian Urological Association \u2013 European Association of Urology Academic Exchange Program Canadian Tour tagja, h\u00e1rom eur\u00f3pai urol\u00f3gus egyike<br \/>\n(Megl\u00e1togatott klinik\u00e1k: Halifax, Montreal, Toronto, Vancouver, Edmonton, Calgary)<\/p>\n<p><strong>SZERKESZT\u0150 BIZOTTS\u00c1GI TAG:<\/strong><br \/>\nUroonkol\u00f3gia<br \/>\nCsal\u00e1dorvosok Lapja<\/p>\n<p><strong>REVIEWER AZ AL\u00c1BBI FOLY\u00d3IRATOKBAN:<\/strong><br \/>\nJournal of Urology<br \/>\nBJU International<br \/>\nUrology<br \/>\nInternational Urology and Nephrology<br \/>\nIndian Journal of Urology<br \/>\nHistology and Histopathology<br \/>\nInternational Medicine &amp; Applied Science<br \/>\nActa Physiologica Hungarica<br \/>\nUroonkol\u00f3gia<\/p>\n<p>&nbsp;<\/p>\n","protected":false},"excerpt":{"rendered":"<p>Nyir\u00e1dy P\u00e9ter FEBU az MTA doktora igazgat\u00f3 egyetemi tan\u00e1r urol\u00f3gus \u00e9s androl\u00f3gus szakorvos TANULM\u00c1NYOK: 1985-1989. B\u00e1nyai J\u00falia Gimn\u00e1zium, Kecskem\u00e9t 1989-1995. Szent-Gy\u00f6rgyi Albert Orvostudom\u00e1nyi Egyetem, Szeged 2001. Urol\u00f3gus szakvizsga 2003. Ph.D. Semmelweis Egyetem \u201cA magzati h\u00fagyutak &hellip;<\/p>\n","protected":false},"author":1,"featured_media":0,"parent":0,"menu_order":0,"comment_status":"closed","ping_status":"closed","template":"","meta":{"footnotes":""},"class_list":["post-2","page","type-page","status-publish","hentry"],"_links":{"self":[{"href":"https:\/\/scholar.semmelweis.hu\/nyiradypeter\/wp-json\/wp\/v2\/pages\/2"}],"collection":[{"href":"https:\/\/scholar.semmelweis.hu\/nyiradypeter\/wp-json\/wp\/v2\/pages"}],"about":[{"href":"https:\/\/scholar.semmelweis.hu\/nyiradypeter\/wp-json\/wp\/v2\/types\/page"}],"author":[{"embeddable":true,"href":"https:\/\/scholar.semmelweis.hu\/nyiradypeter\/wp-json\/wp\/v2\/users\/1"}],"replies":[{"embeddable":true,"href":"https:\/\/scholar.semmelweis.hu\/nyiradypeter\/wp-json\/wp\/v2\/comments?post=2"}],"version-history":[{"count":4,"href":"https:\/\/scholar.semmelweis.hu\/nyiradypeter\/wp-json\/wp\/v2\/pages\/2\/revisions"}],"predecessor-version":[{"id":24,"href":"https:\/\/scholar.semmelweis.hu\/nyiradypeter\/wp-json\/wp\/v2\/pages\/2\/revisions\/24"}],"wp:attachment":[{"href":"https:\/\/scholar.semmelweis.hu\/nyiradypeter\/wp-json\/wp\/v2\/media?parent=2"}],"curies":[{"name":"wp","href":"https:\/\/api.w.org\/{rel}","templated":true}]}}